{"id":446871,"date":"2024-11-14T09:51:15","date_gmt":"2024-11-14T09:51:16","guid":{"rendered":"https:\/\/www.erresse-shop.it\/?post_type=product&#038;p=446871"},"modified":"2025-03-04T10:41:10","modified_gmt":"2025-03-04T10:41:10","slug":"le-creuset-behalter-und-4-spachtel-craft-azure-copia","status":"publish","type":"product","link":"https:\/\/www.erresse-shop.it\/de\/shop\/kuche\/werkzeuge\/le-creuset-behalter-und-4-spachtel-craft-azure-copia\/","title":{"rendered":"LE CREUSET  Beh\u00e4lter und 4 Spachtel Weihnachten Craft"},"content":{"rendered":"<p>Dieses Set aus verglastem Steinzeug wird in einer pr\u00e4chtigen Geschenkbox pr\u00e4sentiert und erm\u00f6glicht es Ihnen, den Raum zu optimieren, indem Sie Ihre Werkzeuge organisiert und griffbereit aufbewahren. Es verf\u00fcgt \u00fcber vier Silikonutensilien, die jeweils mit einem Weihnachtsmotiv verziert sind, um Ihrer K\u00fcche einen weihnachtlichen Touch zu verleihen.<\/p>\n<ul>\n<li>\n<p class=\"mb-3\">Immer auf dem neuesten Stand: Unser Steinzeug ist kratzfest und leicht zu reinigen.<\/p>\n<\/li>\n<li>\n<p class=\"mb-3\">Perfekte Struktur: Unsere Produkte aus verglastem Steingut bestehen aus hochwertiger Keramik und halten gleichm\u00e4\u00dfige Temperaturen aufrecht und garantieren Widerstandsf\u00e4higkeit und Haltbarkeit im Laufe der Zeit.<\/p>\n<\/li>\n<li>\n<p class=\"mb-3\">Geeignet f\u00fcr Hitze und K\u00e4lte: Unser Steinzeug ist hitzebest\u00e4ndig von -23 \u00b0C bis +260 \u00b0C.<\/p>\n<\/li>\n<li>\n<p class=\"mb-3\">F\u00fcr hohe Temperaturen geeignet: Unsere Silikonutensilien sind hitzebest\u00e4ndig bis 250 \u00b0C.<\/p>\n<\/li>\n<li>\n<p class=\"mb-3\">Beste seiner Klasse: Unsere Produkte werden aus den besten Materialien in Fabriken auf der ganzen Welt hergestellt, um die Qualit\u00e4t zu gew\u00e4hrleisten, die Sie von Le Creuset erwarten.<\/p>\n<\/li>\n<\/ul>\n<p>Material: Verglastes Steinzeug<\/p>\n<div class=\"col-12 d-flex p-0 pt-1-2 border-image-top-2\">\n<div class=\"col-4 p-0 t-style-2 t-lyon\">Hergestellt in: China<\/div>\n<\/div>\n<div class=\"col-12 d-flex p-0 pt-1-2 border-image-top-2\">\n<div>\n<p><strong>W\u00e4rmequelle:<\/strong><\/p>\n<ul>\n<li>Mikrowelle<\/li>\n<li>Ofen im Grillmodus<\/li>\n<li>Ofen<\/li>\n<\/ul>\n<\/div>\n<\/div>\n","protected":false},"excerpt":{"rendered":"<p>Dieses Set aus verglastem Steinzeug wird in einer pr\u00e4chtigen Geschenkbox pr\u00e4sentiert und erm\u00f6glicht es Ihnen, den Raum zu optimieren, indem<\/p>\n","protected":false},"featured_media":446942,"template":"","meta":{"_acf_changed":false,"inline_featured_image":false},"product_cat":[6742,25334],"product_tag":[11905,12201,18367],"acf":[],"yoast_head":"<!-- This site is optimized with the Yoast SEO Premium plugin v18.6 (Yoast SEO v19.13) - https:\/\/yoast.com\/wordpress\/plugins\/seo\/ -->\n<title>LE CREUSET Beh\u00e4lter und 4 Spachtel Weihnachten Craft - Erresse Shop<\/title>\n<meta name=\"description\" content=\"Dieses Set aus verglastem Steinzeug wird in einer pr\u00e4chtigen Geschenkbox pr\u00e4sentiert und erm\u00f6glicht es Ihnen, den Raum zu optimieren, indem Sie Ihre\" \/>\n<meta name=\"robots\" content=\"index, follow, max-snippet:-1, max-image-preview:large, max-video-preview:-1\" \/>\n<link rel=\"canonical\" href=\"https:\/\/www.erresse-shop.it\/de\/shop\/kuche\/werkzeuge\/le-creuset-behalter-und-4-spachtel-craft-azure-copia\/\" \/>\n<meta property=\"og:locale\" content=\"de_DE\" \/>\n<meta property=\"og:type\" content=\"article\" \/>\n<meta property=\"og:title\" content=\"LE CREUSET Beh\u00e4lter und 4 Spachtel Weihnachten Craft\" \/>\n<meta property=\"og:description\" content=\"Dieses Set aus verglastem Steinzeug wird in einer pr\u00e4chtigen Geschenkbox pr\u00e4sentiert und erm\u00f6glicht es Ihnen, den Raum zu optimieren, indem Sie Ihre\" \/>\n<meta property=\"og:url\" content=\"https:\/\/www.erresse-shop.it\/de\/shop\/kuche\/werkzeuge\/le-creuset-behalter-und-4-spachtel-craft-azure-copia\/\" \/>\n<meta property=\"og:site_name\" content=\"Erresse Shop\" \/>\n<meta property=\"article:modified_time\" content=\"2025-03-04T10:41:10+00:00\" \/>\n<meta property=\"og:image\" content=\"https:\/\/www.erresse-shop.it\/wp-content\/uploads\/2024\/11\/LE-CREUSET-Contenitore-e-4-spatole-Natale-Craft.jpg\" \/>\n\t<meta property=\"og:image:width\" content=\"1200\" \/>\n\t<meta property=\"og:image:height\" content=\"1200\" \/>\n\t<meta property=\"og:image:type\" content=\"image\/jpeg\" \/>\n<meta name=\"twitter:card\" content=\"summary_large_image\" \/>\n<script type=\"application\/ld+json\" class=\"yoast-schema-graph\">{\"@context\":\"https:\/\/schema.org\",\"@graph\":[{\"@type\":\"WebPage\",\"@id\":\"https:\/\/www.erresse-shop.it\/de\/shop\/kuche\/werkzeuge\/le-creuset-behalter-und-4-spachtel-craft-azure-copia\/\",\"url\":\"https:\/\/www.erresse-shop.it\/de\/shop\/kuche\/werkzeuge\/le-creuset-behalter-und-4-spachtel-craft-azure-copia\/\",\"name\":\"LE CREUSET Beh\u00e4lter und 4 Spachtel Weihnachten Craft - Erresse Shop\",\"isPartOf\":{\"@id\":\"https:\/\/www.erresse-shop.it\/de\/#website\"},\"datePublished\":\"2024-11-14T09:51:16+00:00\",\"dateModified\":\"2025-03-04T10:41:10+00:00\",\"description\":\"Dieses Set aus verglastem Steinzeug wird in einer pr\u00e4chtigen Geschenkbox pr\u00e4sentiert und erm\u00f6glicht es Ihnen, den Raum zu optimieren, indem Sie Ihre\",\"breadcrumb\":{\"@id\":\"https:\/\/www.erresse-shop.it\/de\/shop\/kuche\/werkzeuge\/le-creuset-behalter-und-4-spachtel-craft-azure-copia\/#breadcrumb\"},\"inLanguage\":\"de-DE\",\"potentialAction\":[{\"@type\":\"ReadAction\",\"target\":[\"https:\/\/www.erresse-shop.it\/de\/shop\/kuche\/werkzeuge\/le-creuset-behalter-und-4-spachtel-craft-azure-copia\/\"]}]},{\"@type\":\"BreadcrumbList\",\"@id\":\"https:\/\/www.erresse-shop.it\/de\/shop\/kuche\/werkzeuge\/le-creuset-behalter-und-4-spachtel-craft-azure-copia\/#breadcrumb\",\"itemListElement\":[{\"@type\":\"ListItem\",\"position\":1,\"name\":\"Home\",\"item\":\"https:\/\/www.erresse-shop.it\/de\/\"},{\"@type\":\"ListItem\",\"position\":2,\"name\":\"Shop\",\"item\":\"https:\/\/www.erresse-shop.it\/de\/shop\/\"},{\"@type\":\"ListItem\",\"position\":3,\"name\":\"LE CREUSET Beh\u00e4lter und 4 Spachtel Weihnachten Craft\"}]},{\"@type\":\"WebSite\",\"@id\":\"https:\/\/www.erresse-shop.it\/de\/#website\",\"url\":\"https:\/\/www.erresse-shop.it\/de\/\",\"name\":\"Erresse Shop\",\"description\":\"Articoli di qualit\u00e0 per la casa\",\"potentialAction\":[{\"@type\":\"SearchAction\",\"target\":{\"@type\":\"EntryPoint\",\"urlTemplate\":\"https:\/\/www.erresse-shop.it\/de\/?s={search_term_string}\"},\"query-input\":\"required name=search_term_string\"}],\"inLanguage\":\"de-DE\"}]}<\/script>\n<!-- \/ Yoast SEO Premium plugin. -->","yoast_head_json":{"title":"LE CREUSET Beh\u00e4lter und 4 Spachtel Weihnachten Craft - Erresse Shop","description":"Dieses Set aus verglastem Steinzeug wird in einer pr\u00e4chtigen Geschenkbox pr\u00e4sentiert und erm\u00f6glicht es Ihnen, den Raum zu optimieren, indem Sie Ihre","robots":{"index":"index","follow":"follow","max-snippet":"max-snippet:-1","max-image-preview":"max-image-preview:large","max-video-preview":"max-video-preview:-1"},"canonical":"https:\/\/www.erresse-shop.it\/de\/shop\/kuche\/werkzeuge\/le-creuset-behalter-und-4-spachtel-craft-azure-copia\/","og_locale":"de_DE","og_type":"article","og_title":"LE CREUSET Beh\u00e4lter und 4 Spachtel Weihnachten Craft","og_description":"Dieses Set aus verglastem Steinzeug wird in einer pr\u00e4chtigen Geschenkbox pr\u00e4sentiert und erm\u00f6glicht es Ihnen, den Raum zu optimieren, indem Sie Ihre","og_url":"https:\/\/www.erresse-shop.it\/de\/shop\/kuche\/werkzeuge\/le-creuset-behalter-und-4-spachtel-craft-azure-copia\/","og_site_name":"Erresse Shop","article_modified_time":"2025-03-04T10:41:10+00:00","og_image":[{"width":1200,"height":1200,"url":"https:\/\/www.erresse-shop.it\/wp-content\/uploads\/2024\/11\/LE-CREUSET-Contenitore-e-4-spatole-Natale-Craft.jpg","type":"image\/jpeg"}],"twitter_card":"summary_large_image","schema":{"@context":"https:\/\/schema.org","@graph":[{"@type":"WebPage","@id":"https:\/\/www.erresse-shop.it\/de\/shop\/kuche\/werkzeuge\/le-creuset-behalter-und-4-spachtel-craft-azure-copia\/","url":"https:\/\/www.erresse-shop.it\/de\/shop\/kuche\/werkzeuge\/le-creuset-behalter-und-4-spachtel-craft-azure-copia\/","name":"LE CREUSET Beh\u00e4lter und 4 Spachtel Weihnachten Craft - Erresse Shop","isPartOf":{"@id":"https:\/\/www.erresse-shop.it\/de\/#website"},"datePublished":"2024-11-14T09:51:16+00:00","dateModified":"2025-03-04T10:41:10+00:00","description":"Dieses Set aus verglastem Steinzeug wird in einer pr\u00e4chtigen Geschenkbox pr\u00e4sentiert und erm\u00f6glicht es Ihnen, den Raum zu optimieren, indem Sie Ihre","breadcrumb":{"@id":"https:\/\/www.erresse-shop.it\/de\/shop\/kuche\/werkzeuge\/le-creuset-behalter-und-4-spachtel-craft-azure-copia\/#breadcrumb"},"inLanguage":"de-DE","potentialAction":[{"@type":"ReadAction","target":["https:\/\/www.erresse-shop.it\/de\/shop\/kuche\/werkzeuge\/le-creuset-behalter-und-4-spachtel-craft-azure-copia\/"]}]},{"@type":"BreadcrumbList","@id":"https:\/\/www.erresse-shop.it\/de\/shop\/kuche\/werkzeuge\/le-creuset-behalter-und-4-spachtel-craft-azure-copia\/#breadcrumb","itemListElement":[{"@type":"ListItem","position":1,"name":"Home","item":"https:\/\/www.erresse-shop.it\/de\/"},{"@type":"ListItem","position":2,"name":"Shop","item":"https:\/\/www.erresse-shop.it\/de\/shop\/"},{"@type":"ListItem","position":3,"name":"LE CREUSET Beh\u00e4lter und 4 Spachtel Weihnachten Craft"}]},{"@type":"WebSite","@id":"https:\/\/www.erresse-shop.it\/de\/#website","url":"https:\/\/www.erresse-shop.it\/de\/","name":"Erresse Shop","description":"Articoli di qualit\u00e0 per la casa","potentialAction":[{"@type":"SearchAction","target":{"@type":"EntryPoint","urlTemplate":"https:\/\/www.erresse-shop.it\/de\/?s={search_term_string}"},"query-input":"required name=search_term_string"}],"inLanguage":"de-DE"}]}},"df_price":69.95,"df_sale_price":69.95,"df_regular_price":110,"df_image_link":"https:\/\/www.erresse-shop.it\/wp-content\/uploads\/2024\/11\/LE-CREUSET-Contenitore-e-4-spatole-Natale-Craft-300x300.jpg","_links":{"self":[{"href":"https:\/\/www.erresse-shop.it\/de\/wp-json\/wp\/v2\/product\/446871"}],"collection":[{"href":"https:\/\/www.erresse-shop.it\/de\/wp-json\/wp\/v2\/product"}],"about":[{"href":"https:\/\/www.erresse-shop.it\/de\/wp-json\/wp\/v2\/types\/product"}],"wp:featuredmedia":[{"embeddable":true,"href":"https:\/\/www.erresse-shop.it\/de\/wp-json\/wp\/v2\/media\/446942"}],"wp:attachment":[{"href":"https:\/\/www.erresse-shop.it\/de\/wp-json\/wp\/v2\/media?parent=446871"}],"wp:term":[{"taxonomy":"product_cat","embeddable":true,"href":"https:\/\/www.erresse-shop.it\/de\/wp-json\/wp\/v2\/product_cat?post=446871"},{"taxonomy":"product_tag","embeddable":true,"href":"https:\/\/www.erresse-shop.it\/de\/wp-json\/wp\/v2\/product_tag?post=446871"}],"curies":[{"name":"wp","href":"https:\/\/api.w.org\/{rel}","templated":true}]}}