{"id":446697,"date":"2024-11-14T08:04:56","date_gmt":"2024-11-14T08:04:57","guid":{"rendered":"https:\/\/www.erresse-shop.it\/?post_type=product&#038;p=446697"},"modified":"2024-11-28T12:17:30","modified_gmt":"2024-11-28T12:17:30","slug":"le-creuset-becher-london-350-ml-weihnachtsbaum-copia","status":"publish","type":"product","link":"https:\/\/www.erresse-shop.it\/de\/shop\/tisch\/teller-geschirr\/le-creuset-becher-london-350-ml-weihnachtsbaum-copia\/","title":{"rendered":"LE CREUSET Flacher Teller Weihnachtsbaum 19 cm Kirsche"},"content":{"rendered":"<p>Bringen Sie Freude auf Ihren Tisch mit diesem Teller aus glasiertem Steinzeug. Dieser Teller hat die Form eines Weihnachtsbaums und verleiht Ihrem Tisch einen Hauch von Freude und sorgt mit Sicherheit f\u00fcr eine weihnachtliche Atmosph\u00e4re. Dieses Gericht eignet sich ideal zum Servieren von Weihnachtsfreuden und ist ein Muss f\u00fcr die Feiertage.<\/p>\n<p style=\"text-align: justify;\"><strong>Produktdetails:<\/strong><\/p>\n<ul>\n<li>\n<p class=\"mb-3\">Immer auf dem neuesten Stand: Unser Steinzeug ist kratzfest und leicht zu reinigen.<\/p>\n<\/li>\n<li>\n<p class=\"mb-3\">Perfekte Struktur: Unsere Produkte aus verglastem Steinzeug bestehen aus hochwertiger Keramik und halten gleichm\u00e4\u00dfige Temperaturen aufrecht und garantieren langfristig Best\u00e4ndigkeit und Haltbarkeit.<\/p>\n<\/li>\n<li>\n<p class=\"mb-3\">Geeignet f\u00fcr Hitze und K\u00e4lte: Unser Steingut ist hitzebest\u00e4ndig von -23\u00b0C bis +260\u00b0C.<\/p>\n<\/li>\n<li>\n<p class=\"mb-3\">Beste seiner Klasse: Unsere Produkte werden aus den besten Materialien in Fabriken auf der ganzen Welt hergestellt, um die Qualit\u00e4t zu gew\u00e4hrleisten, die Sie von Le Creuset erwarten.<\/p>\n<\/li>\n<\/ul>\n<p class=\"mb-3\">Material: Verglastes Steinzeug<\/p>\n<p>In China hergestellt<br \/>\nGarantie: 10 Jahre<\/p>\n<p><strong>W\u00e4rmequelle:<\/strong><\/p>\n<ul>\n<li>Ofen<\/li>\n<li>Ofen im Grillmodus<\/li>\n<li>Mikrowelle<\/li>\n<\/ul>\n<p><strong>Reinigung und Pflege:<\/strong><\/p>\n<ul>\n<li class=\"mb-3\">Warten Sie, bis das Produkt vollst\u00e4ndig abgek\u00fchlt ist, bevor Sie mit der Reinigung beginnen.<\/li>\n<li class=\"mb-3\">Entfernen Sie alle R\u00fcckst\u00e4nde von der Basis und den Kanten des Produkts. Bei hartn\u00e4ckigen Speiseresten f\u00fcllen Sie das Produkt mit warmem Seifenwasser und lassen es 15\u201320 Minuten einweichen, bevor Sie es wie gewohnt waschen.<\/li>\n<li class=\"mb-3\">Von Hand waschen und trocknen. Oder geben Sie Ihr Steinzeugprodukt f\u00fcr einen kompletten Sp\u00fclgang in die Sp\u00fclmaschine.<\/li>\n<\/ul>\n","protected":false},"excerpt":{"rendered":"<p>Bringen Sie Freude auf Ihren Tisch mit diesem Teller aus glasiertem Steinzeug. Dieser Teller hat die Form eines Weihnachtsbaums und<\/p>\n","protected":false},"featured_media":446759,"template":"","meta":{"_acf_changed":false,"inline_featured_image":false},"product_cat":[6793,6787],"product_tag":[21971,12201,11971,12350,11827],"acf":[],"yoast_head":"<!-- This site is optimized with the Yoast SEO Premium plugin v18.6 (Yoast SEO v19.13) - https:\/\/yoast.com\/wordpress\/plugins\/seo\/ -->\n<title>LE CREUSET Flacher Teller Weihnachtsbaum 19 cm Kirsche - Erresse Shop<\/title>\n<meta name=\"description\" content=\"Bringen Sie Freude auf Ihren Tisch mit diesem Teller aus glasiertem Steinzeug. Dieser Teller hat die Form eines Weihnachtsbaums und verleiht Ihrem Tisch\" \/>\n<meta name=\"robots\" content=\"index, follow, max-snippet:-1, max-image-preview:large, max-video-preview:-1\" \/>\n<link rel=\"canonical\" href=\"https:\/\/www.erresse-shop.it\/de\/shop\/tisch\/teller-geschirr\/le-creuset-becher-london-350-ml-weihnachtsbaum-copia\/\" \/>\n<meta property=\"og:locale\" content=\"de_DE\" \/>\n<meta property=\"og:type\" content=\"article\" \/>\n<meta property=\"og:title\" content=\"LE CREUSET Flacher Teller Weihnachtsbaum 19 cm Kirsche\" \/>\n<meta property=\"og:description\" content=\"Bringen Sie Freude auf Ihren Tisch mit diesem Teller aus glasiertem Steinzeug. Dieser Teller hat die Form eines Weihnachtsbaums und verleiht Ihrem Tisch\" \/>\n<meta property=\"og:url\" content=\"https:\/\/www.erresse-shop.it\/de\/shop\/tisch\/teller-geschirr\/le-creuset-becher-london-350-ml-weihnachtsbaum-copia\/\" \/>\n<meta property=\"og:site_name\" content=\"Erresse Shop\" \/>\n<meta property=\"article:modified_time\" content=\"2024-11-28T12:17:30+00:00\" \/>\n<meta property=\"og:image\" content=\"https:\/\/www.erresse-shop.it\/wp-content\/uploads\/2024\/11\/LE-CREUSET-Piatto-piano-Albero-di-Natale-19-cm-Ciliegia.jpg\" \/>\n\t<meta property=\"og:image:width\" content=\"1200\" \/>\n\t<meta property=\"og:image:height\" content=\"1200\" \/>\n\t<meta property=\"og:image:type\" content=\"image\/jpeg\" \/>\n<meta name=\"twitter:card\" content=\"summary_large_image\" \/>\n<script type=\"application\/ld+json\" class=\"yoast-schema-graph\">{\"@context\":\"https:\/\/schema.org\",\"@graph\":[{\"@type\":\"WebPage\",\"@id\":\"https:\/\/www.erresse-shop.it\/de\/shop\/tisch\/teller-geschirr\/le-creuset-becher-london-350-ml-weihnachtsbaum-copia\/\",\"url\":\"https:\/\/www.erresse-shop.it\/de\/shop\/tisch\/teller-geschirr\/le-creuset-becher-london-350-ml-weihnachtsbaum-copia\/\",\"name\":\"LE CREUSET Flacher Teller Weihnachtsbaum 19 cm Kirsche - Erresse Shop\",\"isPartOf\":{\"@id\":\"https:\/\/www.erresse-shop.it\/de\/#website\"},\"datePublished\":\"2024-11-14T08:04:57+00:00\",\"dateModified\":\"2024-11-28T12:17:30+00:00\",\"description\":\"Bringen Sie Freude auf Ihren Tisch mit diesem Teller aus glasiertem Steinzeug. Dieser Teller hat die Form eines Weihnachtsbaums und verleiht Ihrem Tisch\",\"breadcrumb\":{\"@id\":\"https:\/\/www.erresse-shop.it\/de\/shop\/tisch\/teller-geschirr\/le-creuset-becher-london-350-ml-weihnachtsbaum-copia\/#breadcrumb\"},\"inLanguage\":\"de-DE\",\"potentialAction\":[{\"@type\":\"ReadAction\",\"target\":[\"https:\/\/www.erresse-shop.it\/de\/shop\/tisch\/teller-geschirr\/le-creuset-becher-london-350-ml-weihnachtsbaum-copia\/\"]}]},{\"@type\":\"BreadcrumbList\",\"@id\":\"https:\/\/www.erresse-shop.it\/de\/shop\/tisch\/teller-geschirr\/le-creuset-becher-london-350-ml-weihnachtsbaum-copia\/#breadcrumb\",\"itemListElement\":[{\"@type\":\"ListItem\",\"position\":1,\"name\":\"Home\",\"item\":\"https:\/\/www.erresse-shop.it\/de\/\"},{\"@type\":\"ListItem\",\"position\":2,\"name\":\"Shop\",\"item\":\"https:\/\/www.erresse-shop.it\/de\/shop\/\"},{\"@type\":\"ListItem\",\"position\":3,\"name\":\"LE CREUSET Flacher Teller Weihnachtsbaum 19 cm Kirsche\"}]},{\"@type\":\"WebSite\",\"@id\":\"https:\/\/www.erresse-shop.it\/de\/#website\",\"url\":\"https:\/\/www.erresse-shop.it\/de\/\",\"name\":\"Erresse Shop\",\"description\":\"Articoli di qualit\u00e0 per la casa\",\"potentialAction\":[{\"@type\":\"SearchAction\",\"target\":{\"@type\":\"EntryPoint\",\"urlTemplate\":\"https:\/\/www.erresse-shop.it\/de\/?s={search_term_string}\"},\"query-input\":\"required name=search_term_string\"}],\"inLanguage\":\"de-DE\"}]}<\/script>\n<!-- \/ Yoast SEO Premium plugin. -->","yoast_head_json":{"title":"LE CREUSET Flacher Teller Weihnachtsbaum 19 cm Kirsche - Erresse Shop","description":"Bringen Sie Freude auf Ihren Tisch mit diesem Teller aus glasiertem Steinzeug. Dieser Teller hat die Form eines Weihnachtsbaums und verleiht Ihrem Tisch","robots":{"index":"index","follow":"follow","max-snippet":"max-snippet:-1","max-image-preview":"max-image-preview:large","max-video-preview":"max-video-preview:-1"},"canonical":"https:\/\/www.erresse-shop.it\/de\/shop\/tisch\/teller-geschirr\/le-creuset-becher-london-350-ml-weihnachtsbaum-copia\/","og_locale":"de_DE","og_type":"article","og_title":"LE CREUSET Flacher Teller Weihnachtsbaum 19 cm Kirsche","og_description":"Bringen Sie Freude auf Ihren Tisch mit diesem Teller aus glasiertem Steinzeug. Dieser Teller hat die Form eines Weihnachtsbaums und verleiht Ihrem Tisch","og_url":"https:\/\/www.erresse-shop.it\/de\/shop\/tisch\/teller-geschirr\/le-creuset-becher-london-350-ml-weihnachtsbaum-copia\/","og_site_name":"Erresse Shop","article_modified_time":"2024-11-28T12:17:30+00:00","og_image":[{"width":1200,"height":1200,"url":"https:\/\/www.erresse-shop.it\/wp-content\/uploads\/2024\/11\/LE-CREUSET-Piatto-piano-Albero-di-Natale-19-cm-Ciliegia.jpg","type":"image\/jpeg"}],"twitter_card":"summary_large_image","schema":{"@context":"https:\/\/schema.org","@graph":[{"@type":"WebPage","@id":"https:\/\/www.erresse-shop.it\/de\/shop\/tisch\/teller-geschirr\/le-creuset-becher-london-350-ml-weihnachtsbaum-copia\/","url":"https:\/\/www.erresse-shop.it\/de\/shop\/tisch\/teller-geschirr\/le-creuset-becher-london-350-ml-weihnachtsbaum-copia\/","name":"LE CREUSET Flacher Teller Weihnachtsbaum 19 cm Kirsche - Erresse Shop","isPartOf":{"@id":"https:\/\/www.erresse-shop.it\/de\/#website"},"datePublished":"2024-11-14T08:04:57+00:00","dateModified":"2024-11-28T12:17:30+00:00","description":"Bringen Sie Freude auf Ihren Tisch mit diesem Teller aus glasiertem Steinzeug. Dieser Teller hat die Form eines Weihnachtsbaums und verleiht Ihrem Tisch","breadcrumb":{"@id":"https:\/\/www.erresse-shop.it\/de\/shop\/tisch\/teller-geschirr\/le-creuset-becher-london-350-ml-weihnachtsbaum-copia\/#breadcrumb"},"inLanguage":"de-DE","potentialAction":[{"@type":"ReadAction","target":["https:\/\/www.erresse-shop.it\/de\/shop\/tisch\/teller-geschirr\/le-creuset-becher-london-350-ml-weihnachtsbaum-copia\/"]}]},{"@type":"BreadcrumbList","@id":"https:\/\/www.erresse-shop.it\/de\/shop\/tisch\/teller-geschirr\/le-creuset-becher-london-350-ml-weihnachtsbaum-copia\/#breadcrumb","itemListElement":[{"@type":"ListItem","position":1,"name":"Home","item":"https:\/\/www.erresse-shop.it\/de\/"},{"@type":"ListItem","position":2,"name":"Shop","item":"https:\/\/www.erresse-shop.it\/de\/shop\/"},{"@type":"ListItem","position":3,"name":"LE CREUSET Flacher Teller Weihnachtsbaum 19 cm Kirsche"}]},{"@type":"WebSite","@id":"https:\/\/www.erresse-shop.it\/de\/#website","url":"https:\/\/www.erresse-shop.it\/de\/","name":"Erresse Shop","description":"Articoli di qualit\u00e0 per la casa","potentialAction":[{"@type":"SearchAction","target":{"@type":"EntryPoint","urlTemplate":"https:\/\/www.erresse-shop.it\/de\/?s={search_term_string}"},"query-input":"required name=search_term_string"}],"inLanguage":"de-DE"}]}},"df_price":16.2,"df_sale_price":16.2,"df_regular_price":27,"df_image_link":"https:\/\/www.erresse-shop.it\/wp-content\/uploads\/2024\/11\/LE-CREUSET-Piatto-piano-Albero-di-Natale-19-cm-Ciliegia-300x300.jpg","_links":{"self":[{"href":"https:\/\/www.erresse-shop.it\/de\/wp-json\/wp\/v2\/product\/446697"}],"collection":[{"href":"https:\/\/www.erresse-shop.it\/de\/wp-json\/wp\/v2\/product"}],"about":[{"href":"https:\/\/www.erresse-shop.it\/de\/wp-json\/wp\/v2\/types\/product"}],"wp:featuredmedia":[{"embeddable":true,"href":"https:\/\/www.erresse-shop.it\/de\/wp-json\/wp\/v2\/media\/446759"}],"wp:attachment":[{"href":"https:\/\/www.erresse-shop.it\/de\/wp-json\/wp\/v2\/media?parent=446697"}],"wp:term":[{"taxonomy":"product_cat","embeddable":true,"href":"https:\/\/www.erresse-shop.it\/de\/wp-json\/wp\/v2\/product_cat?post=446697"},{"taxonomy":"product_tag","embeddable":true,"href":"https:\/\/www.erresse-shop.it\/de\/wp-json\/wp\/v2\/product_tag?post=446697"}],"curies":[{"name":"wp","href":"https:\/\/api.w.org\/{rel}","templated":true}]}}