{"id":446691,"date":"2024-11-14T08:04:50","date_gmt":"2024-11-14T08:04:51","guid":{"rendered":"https:\/\/www.erresse-shop.it\/?post_type=product&#038;p=446691"},"modified":"2024-11-14T08:24:22","modified_gmt":"2024-11-14T08:24:22","slug":"le-creuset-becher-london-350-ml-weihnachtsbaum-copia-2","status":"publish","type":"product","link":"https:\/\/www.erresse-shop.it\/de\/shop\/tisch\/tassen\/le-creuset-becher-london-350-ml-weihnachtsbaum-copia-2\/","title":{"rendered":"LE CREUSET Becher London 350 ml Schneemann"},"content":{"rendered":"<p>Unsere Schneemann-Tasse aus Steingut ist die perfekte Erg\u00e4nzung zu Ihren Festlichkeiten. Die Tasse mit dem Schneemann-Motiv in Goldfolie ist einzeln verpackt und eignet sich ideal als Weihnachtsgeschenk! Servieren Sie Ihren G\u00e4sten hei\u00dfe Getr\u00e4nke und genie\u00dfen Sie die Feiertage mit dieser lustigen Tasse.<\/p>\n<p style=\"text-align: justify;\"><strong>Produktdetails:<\/strong><\/p>\n<ul>\n<li>\n<p class=\"mb-3\">Immer auf dem neuesten Stand: Unser Steinzeug ist kratzfest und leicht zu reinigen.<\/p>\n<\/li>\n<li>\n<p class=\"mb-3\">Perfekte Struktur: Unsere Produkte aus verglastem Steinzeug bestehen aus hochwertiger Keramik und halten gleichm\u00e4\u00dfige Temperaturen aufrecht und garantieren langfristig Best\u00e4ndigkeit und Haltbarkeit.<\/p>\n<\/li>\n<li>\n<p class=\"mb-3\">Geeignet f\u00fcr Hitze und K\u00e4lte: Unser Steingut ist hitzebest\u00e4ndig von -23\u00b0C bis +260\u00b0C.<\/p>\n<\/li>\n<li>\n<p class=\"mb-3\">Beste seiner Klasse: Unsere Produkte werden aus den besten Materialien in Fabriken auf der ganzen Welt hergestellt, um die Qualit\u00e4t zu gew\u00e4hrleisten, die Sie von Le Creuset erwarten.<\/p>\n<\/li>\n<\/ul>\n<p class=\"mb-3\">Material: Verglastes Steinzeug<\/p>\n<p>Hergestellt in: Thailand<br \/>\nGarantie: 10 Jahre<\/p>\n<p>Fassungsverm\u00f6gen: 0,35 l<\/p>\n<p><strong>W\u00e4rmequelle:<\/strong><\/p>\n<ul>\n<li>Ofen<\/li>\n<li>Ofen im Grillmodus<\/li>\n<\/ul>\n<p><strong>Reinigung und Pflege:<\/strong><\/p>\n<ul>\n<li class=\"mb-3\">Warten Sie, bis das Produkt vollst\u00e4ndig abgek\u00fchlt ist, bevor Sie mit der Reinigung beginnen.<\/li>\n<li class=\"mb-3\">Entfernen Sie alle R\u00fcckst\u00e4nde von der Basis und den Kanten des Produkts. Bei hartn\u00e4ckigen Speiseresten f\u00fcllen Sie das Produkt mit warmem Seifenwasser und lassen es 15\u201320 Minuten einweichen, bevor Sie es wie gewohnt waschen.<\/li>\n<\/ul>\n","protected":false},"excerpt":{"rendered":"<p>Unsere Schneemann-Tasse aus Steingut ist die perfekte Erg\u00e4nzung zu Ihren Festlichkeiten. Die Tasse mit dem Schneemann-Motiv in Goldfolie ist einzeln<\/p>\n","protected":false},"featured_media":446730,"template":"","meta":{"_acf_changed":false,"inline_featured_image":false},"product_cat":[6847,6787],"product_tag":[16573,12201,14277,11640],"acf":[],"yoast_head":"<!-- This site is optimized with the Yoast SEO Premium plugin v18.6 (Yoast SEO v19.13) - https:\/\/yoast.com\/wordpress\/plugins\/seo\/ -->\n<title>LE CREUSET Becher London 350 ml Schneemann - Erresse Shop<\/title>\n<meta name=\"description\" content=\"Unsere Schneemann-Tasse aus Steingut ist die perfekte Erg\u00e4nzung zu Ihren Festlichkeiten. Die Tasse mit dem Schneemann-Motiv in Goldfolie ist einzeln\" \/>\n<meta name=\"robots\" content=\"index, follow, max-snippet:-1, max-image-preview:large, max-video-preview:-1\" \/>\n<link rel=\"canonical\" href=\"https:\/\/www.erresse-shop.it\/de\/shop\/tisch\/tassen\/le-creuset-becher-london-350-ml-weihnachtsbaum-copia-2\/\" \/>\n<meta property=\"og:locale\" content=\"de_DE\" \/>\n<meta property=\"og:type\" content=\"article\" \/>\n<meta property=\"og:title\" content=\"LE CREUSET Becher London 350 ml Schneemann\" \/>\n<meta property=\"og:description\" content=\"Unsere Schneemann-Tasse aus Steingut ist die perfekte Erg\u00e4nzung zu Ihren Festlichkeiten. Die Tasse mit dem Schneemann-Motiv in Goldfolie ist einzeln\" \/>\n<meta property=\"og:url\" content=\"https:\/\/www.erresse-shop.it\/de\/shop\/tisch\/tassen\/le-creuset-becher-london-350-ml-weihnachtsbaum-copia-2\/\" \/>\n<meta property=\"og:site_name\" content=\"Erresse Shop\" \/>\n<meta property=\"article:modified_time\" content=\"2024-11-14T08:24:22+00:00\" \/>\n<meta property=\"og:image\" content=\"https:\/\/www.erresse-shop.it\/wp-content\/uploads\/2024\/11\/LE-CREUSET-Tazza-Mug-London-350-ml-Pupazzo-di-Neve.jpg\" \/>\n\t<meta property=\"og:image:width\" content=\"1200\" \/>\n\t<meta property=\"og:image:height\" content=\"1200\" \/>\n\t<meta property=\"og:image:type\" content=\"image\/jpeg\" \/>\n<meta name=\"twitter:card\" content=\"summary_large_image\" \/>\n<script type=\"application\/ld+json\" class=\"yoast-schema-graph\">{\"@context\":\"https:\/\/schema.org\",\"@graph\":[{\"@type\":\"WebPage\",\"@id\":\"https:\/\/www.erresse-shop.it\/de\/shop\/tisch\/tassen\/le-creuset-becher-london-350-ml-weihnachtsbaum-copia-2\/\",\"url\":\"https:\/\/www.erresse-shop.it\/de\/shop\/tisch\/tassen\/le-creuset-becher-london-350-ml-weihnachtsbaum-copia-2\/\",\"name\":\"LE CREUSET Becher London 350 ml Schneemann - Erresse Shop\",\"isPartOf\":{\"@id\":\"https:\/\/www.erresse-shop.it\/de\/#website\"},\"datePublished\":\"2024-11-14T08:04:51+00:00\",\"dateModified\":\"2024-11-14T08:24:22+00:00\",\"description\":\"Unsere Schneemann-Tasse aus Steingut ist die perfekte Erg\u00e4nzung zu Ihren Festlichkeiten. Die Tasse mit dem Schneemann-Motiv in Goldfolie ist einzeln\",\"breadcrumb\":{\"@id\":\"https:\/\/www.erresse-shop.it\/de\/shop\/tisch\/tassen\/le-creuset-becher-london-350-ml-weihnachtsbaum-copia-2\/#breadcrumb\"},\"inLanguage\":\"de-DE\",\"potentialAction\":[{\"@type\":\"ReadAction\",\"target\":[\"https:\/\/www.erresse-shop.it\/de\/shop\/tisch\/tassen\/le-creuset-becher-london-350-ml-weihnachtsbaum-copia-2\/\"]}]},{\"@type\":\"BreadcrumbList\",\"@id\":\"https:\/\/www.erresse-shop.it\/de\/shop\/tisch\/tassen\/le-creuset-becher-london-350-ml-weihnachtsbaum-copia-2\/#breadcrumb\",\"itemListElement\":[{\"@type\":\"ListItem\",\"position\":1,\"name\":\"Home\",\"item\":\"https:\/\/www.erresse-shop.it\/de\/\"},{\"@type\":\"ListItem\",\"position\":2,\"name\":\"Shop\",\"item\":\"https:\/\/www.erresse-shop.it\/de\/shop\/\"},{\"@type\":\"ListItem\",\"position\":3,\"name\":\"LE CREUSET Becher London 350 ml Schneemann\"}]},{\"@type\":\"WebSite\",\"@id\":\"https:\/\/www.erresse-shop.it\/de\/#website\",\"url\":\"https:\/\/www.erresse-shop.it\/de\/\",\"name\":\"Erresse Shop\",\"description\":\"Articoli di qualit\u00e0 per la casa\",\"potentialAction\":[{\"@type\":\"SearchAction\",\"target\":{\"@type\":\"EntryPoint\",\"urlTemplate\":\"https:\/\/www.erresse-shop.it\/de\/?s={search_term_string}\"},\"query-input\":\"required name=search_term_string\"}],\"inLanguage\":\"de-DE\"}]}<\/script>\n<!-- \/ Yoast SEO Premium plugin. -->","yoast_head_json":{"title":"LE CREUSET Becher London 350 ml Schneemann - Erresse Shop","description":"Unsere Schneemann-Tasse aus Steingut ist die perfekte Erg\u00e4nzung zu Ihren Festlichkeiten. Die Tasse mit dem Schneemann-Motiv in Goldfolie ist einzeln","robots":{"index":"index","follow":"follow","max-snippet":"max-snippet:-1","max-image-preview":"max-image-preview:large","max-video-preview":"max-video-preview:-1"},"canonical":"https:\/\/www.erresse-shop.it\/de\/shop\/tisch\/tassen\/le-creuset-becher-london-350-ml-weihnachtsbaum-copia-2\/","og_locale":"de_DE","og_type":"article","og_title":"LE CREUSET Becher London 350 ml Schneemann","og_description":"Unsere Schneemann-Tasse aus Steingut ist die perfekte Erg\u00e4nzung zu Ihren Festlichkeiten. Die Tasse mit dem Schneemann-Motiv in Goldfolie ist einzeln","og_url":"https:\/\/www.erresse-shop.it\/de\/shop\/tisch\/tassen\/le-creuset-becher-london-350-ml-weihnachtsbaum-copia-2\/","og_site_name":"Erresse Shop","article_modified_time":"2024-11-14T08:24:22+00:00","og_image":[{"width":1200,"height":1200,"url":"https:\/\/www.erresse-shop.it\/wp-content\/uploads\/2024\/11\/LE-CREUSET-Tazza-Mug-London-350-ml-Pupazzo-di-Neve.jpg","type":"image\/jpeg"}],"twitter_card":"summary_large_image","schema":{"@context":"https:\/\/schema.org","@graph":[{"@type":"WebPage","@id":"https:\/\/www.erresse-shop.it\/de\/shop\/tisch\/tassen\/le-creuset-becher-london-350-ml-weihnachtsbaum-copia-2\/","url":"https:\/\/www.erresse-shop.it\/de\/shop\/tisch\/tassen\/le-creuset-becher-london-350-ml-weihnachtsbaum-copia-2\/","name":"LE CREUSET Becher London 350 ml Schneemann - Erresse Shop","isPartOf":{"@id":"https:\/\/www.erresse-shop.it\/de\/#website"},"datePublished":"2024-11-14T08:04:51+00:00","dateModified":"2024-11-14T08:24:22+00:00","description":"Unsere Schneemann-Tasse aus Steingut ist die perfekte Erg\u00e4nzung zu Ihren Festlichkeiten. Die Tasse mit dem Schneemann-Motiv in Goldfolie ist einzeln","breadcrumb":{"@id":"https:\/\/www.erresse-shop.it\/de\/shop\/tisch\/tassen\/le-creuset-becher-london-350-ml-weihnachtsbaum-copia-2\/#breadcrumb"},"inLanguage":"de-DE","potentialAction":[{"@type":"ReadAction","target":["https:\/\/www.erresse-shop.it\/de\/shop\/tisch\/tassen\/le-creuset-becher-london-350-ml-weihnachtsbaum-copia-2\/"]}]},{"@type":"BreadcrumbList","@id":"https:\/\/www.erresse-shop.it\/de\/shop\/tisch\/tassen\/le-creuset-becher-london-350-ml-weihnachtsbaum-copia-2\/#breadcrumb","itemListElement":[{"@type":"ListItem","position":1,"name":"Home","item":"https:\/\/www.erresse-shop.it\/de\/"},{"@type":"ListItem","position":2,"name":"Shop","item":"https:\/\/www.erresse-shop.it\/de\/shop\/"},{"@type":"ListItem","position":3,"name":"LE CREUSET Becher London 350 ml Schneemann"}]},{"@type":"WebSite","@id":"https:\/\/www.erresse-shop.it\/de\/#website","url":"https:\/\/www.erresse-shop.it\/de\/","name":"Erresse Shop","description":"Articoli di qualit\u00e0 per la casa","potentialAction":[{"@type":"SearchAction","target":{"@type":"EntryPoint","urlTemplate":"https:\/\/www.erresse-shop.it\/de\/?s={search_term_string}"},"query-input":"required name=search_term_string"}],"inLanguage":"de-DE"}]}},"df_price":16.2,"df_sale_price":16.2,"df_regular_price":27,"df_image_link":"https:\/\/www.erresse-shop.it\/wp-content\/uploads\/2024\/11\/LE-CREUSET-Tazza-Mug-London-350-ml-Pupazzo-di-Neve-300x300.jpg","_links":{"self":[{"href":"https:\/\/www.erresse-shop.it\/de\/wp-json\/wp\/v2\/product\/446691"}],"collection":[{"href":"https:\/\/www.erresse-shop.it\/de\/wp-json\/wp\/v2\/product"}],"about":[{"href":"https:\/\/www.erresse-shop.it\/de\/wp-json\/wp\/v2\/types\/product"}],"wp:featuredmedia":[{"embeddable":true,"href":"https:\/\/www.erresse-shop.it\/de\/wp-json\/wp\/v2\/media\/446730"}],"wp:attachment":[{"href":"https:\/\/www.erresse-shop.it\/de\/wp-json\/wp\/v2\/media?parent=446691"}],"wp:term":[{"taxonomy":"product_cat","embeddable":true,"href":"https:\/\/www.erresse-shop.it\/de\/wp-json\/wp\/v2\/product_cat?post=446691"},{"taxonomy":"product_tag","embeddable":true,"href":"https:\/\/www.erresse-shop.it\/de\/wp-json\/wp\/v2\/product_tag?post=446691"}],"curies":[{"name":"wp","href":"https:\/\/api.w.org\/{rel}","templated":true}]}}