{"id":446650,"date":"2024-11-14T07:42:12","date_gmt":"2024-11-14T07:42:13","guid":{"rendered":"https:\/\/www.erresse-shop.it\/?post_type=product&#038;p=446650"},"modified":"2024-11-14T07:59:53","modified_gmt":"2024-11-14T07:59:53","slug":"le-creuset-becher-london-350-ml-weihnachtsmann-copia","status":"publish","type":"product","link":"https:\/\/www.erresse-shop.it\/de\/shop\/tisch\/tassen\/le-creuset-becher-london-350-ml-weihnachtsmann-copia\/","title":{"rendered":"LE CREUSET Becher London 350 ml Weihnachtsbaum"},"content":{"rendered":"<p>Mit dieser Sammeltasse aus verglastem Steinzeug kommen Sie in Weihnachtsstimmung. Mit ihrem Weihnachtsbaumdesign mit Goldfolienapplikationen und der Einzelverpackung ist sie das perfekte Geschenk f\u00fcr die Feiertage. Servieren Sie Ihren G\u00e4sten Hei\u00dfgetr\u00e4nke und genie\u00dfen Sie eine Tasse Weihnachtsstimmung.<\/p>\n<p style=\"text-align: justify;\"><strong>Produktdetails:<\/strong><\/p>\n<ul>\n<li>\n<p class=\"mb-3\">Immer auf dem neuesten Stand: Unser Steinzeug ist kratzfest und leicht zu reinigen.<\/p>\n<\/li>\n<li>\n<p class=\"mb-3\">Perfekte Struktur: Unsere Produkte aus verglastem Steinzeug bestehen aus hochwertiger Keramik und halten gleichm\u00e4\u00dfige Temperaturen aufrecht und garantieren langfristig Best\u00e4ndigkeit und Haltbarkeit.<\/p>\n<\/li>\n<li>\n<p class=\"mb-3\">Geeignet f\u00fcr Hitze und K\u00e4lte: Unser Steingut ist hitzebest\u00e4ndig von -23\u00b0C bis +260\u00b0C.<\/p>\n<\/li>\n<li>\n<p class=\"mb-3\">Beste seiner Klasse: Unsere Produkte werden aus den besten Materialien in Fabriken auf der ganzen Welt hergestellt, um die Qualit\u00e4t zu gew\u00e4hrleisten, die Sie von Le Creuset erwarten.<\/p>\n<\/li>\n<\/ul>\n<p class=\"mb-3\">Material: Verglastes Steinzeug<\/p>\n<p>Hergestellt in: Thailand<br \/>\nGarantie: 10 Jahre<\/p>\n<p>Fassungsverm\u00f6gen: 0,35 l<\/p>\n<p><strong>W\u00e4rmequelle:<\/strong><\/p>\n<ul>\n<li>Ofen<\/li>\n<li>Ofen im Grillmodus<\/li>\n<\/ul>\n<p><strong>Reinigung und Pflege:<\/strong><\/p>\n<ul>\n<li class=\"mb-3\">Warten Sie, bis das Produkt vollst\u00e4ndig abgek\u00fchlt ist, bevor Sie mit der Reinigung beginnen.<\/li>\n<li class=\"mb-3\">Entfernen Sie alle R\u00fcckst\u00e4nde von der Basis und den Kanten des Produkts. Bei hartn\u00e4ckigen Speiseresten f\u00fcllen Sie das Produkt mit warmem Seifenwasser und lassen es 15\u201320 Minuten einweichen, bevor Sie es wie gewohnt waschen.<\/li>\n<\/ul>\n","protected":false},"excerpt":{"rendered":"<p>Mit dieser Sammeltasse aus verglastem Steinzeug kommen Sie in Weihnachtsstimmung. Mit ihrem Weihnachtsbaumdesign mit Goldfolienapplikationen und der Einzelverpackung ist sie<\/p>\n","protected":false},"featured_media":446683,"template":"","meta":{"_acf_changed":false,"inline_featured_image":false},"product_cat":[6847,6787],"product_tag":[16573,12201,14277,11640],"acf":[],"yoast_head":"<!-- This site is optimized with the Yoast SEO Premium plugin v18.6 (Yoast SEO v19.13) - https:\/\/yoast.com\/wordpress\/plugins\/seo\/ -->\n<title>LE CREUSET Becher London 350 ml Weihnachtsbaum - Erresse Shop<\/title>\n<meta name=\"description\" content=\"Mit dieser Sammeltasse aus verglastem Steinzeug kommen Sie in Weihnachtsstimmung. Mit ihrem Weihnachtsbaumdesign mit Goldfolienapplikationen und der\" \/>\n<meta name=\"robots\" content=\"index, follow, max-snippet:-1, max-image-preview:large, max-video-preview:-1\" \/>\n<link rel=\"canonical\" href=\"https:\/\/www.erresse-shop.it\/de\/shop\/tisch\/tassen\/le-creuset-becher-london-350-ml-weihnachtsmann-copia\/\" \/>\n<meta property=\"og:locale\" content=\"de_DE\" \/>\n<meta property=\"og:type\" content=\"article\" \/>\n<meta property=\"og:title\" content=\"LE CREUSET Becher London 350 ml Weihnachtsbaum\" \/>\n<meta property=\"og:description\" content=\"Mit dieser Sammeltasse aus verglastem Steinzeug kommen Sie in Weihnachtsstimmung. Mit ihrem Weihnachtsbaumdesign mit Goldfolienapplikationen und der\" \/>\n<meta property=\"og:url\" content=\"https:\/\/www.erresse-shop.it\/de\/shop\/tisch\/tassen\/le-creuset-becher-london-350-ml-weihnachtsmann-copia\/\" \/>\n<meta property=\"og:site_name\" content=\"Erresse Shop\" \/>\n<meta property=\"article:modified_time\" content=\"2024-11-14T07:59:53+00:00\" \/>\n<meta property=\"og:image\" content=\"https:\/\/www.erresse-shop.it\/wp-content\/uploads\/2024\/11\/LE-CREUSET-Tazza-Mug-London-350-ml-Albero-di-Natale.jpg\" \/>\n\t<meta property=\"og:image:width\" content=\"1200\" \/>\n\t<meta property=\"og:image:height\" content=\"1200\" \/>\n\t<meta property=\"og:image:type\" content=\"image\/jpeg\" \/>\n<meta name=\"twitter:card\" content=\"summary_large_image\" \/>\n<script type=\"application\/ld+json\" class=\"yoast-schema-graph\">{\"@context\":\"https:\/\/schema.org\",\"@graph\":[{\"@type\":\"WebPage\",\"@id\":\"https:\/\/www.erresse-shop.it\/de\/shop\/tisch\/tassen\/le-creuset-becher-london-350-ml-weihnachtsmann-copia\/\",\"url\":\"https:\/\/www.erresse-shop.it\/de\/shop\/tisch\/tassen\/le-creuset-becher-london-350-ml-weihnachtsmann-copia\/\",\"name\":\"LE CREUSET Becher London 350 ml Weihnachtsbaum - Erresse Shop\",\"isPartOf\":{\"@id\":\"https:\/\/www.erresse-shop.it\/de\/#website\"},\"datePublished\":\"2024-11-14T07:42:13+00:00\",\"dateModified\":\"2024-11-14T07:59:53+00:00\",\"description\":\"Mit dieser Sammeltasse aus verglastem Steinzeug kommen Sie in Weihnachtsstimmung. Mit ihrem Weihnachtsbaumdesign mit Goldfolienapplikationen und der\",\"breadcrumb\":{\"@id\":\"https:\/\/www.erresse-shop.it\/de\/shop\/tisch\/tassen\/le-creuset-becher-london-350-ml-weihnachtsmann-copia\/#breadcrumb\"},\"inLanguage\":\"de-DE\",\"potentialAction\":[{\"@type\":\"ReadAction\",\"target\":[\"https:\/\/www.erresse-shop.it\/de\/shop\/tisch\/tassen\/le-creuset-becher-london-350-ml-weihnachtsmann-copia\/\"]}]},{\"@type\":\"BreadcrumbList\",\"@id\":\"https:\/\/www.erresse-shop.it\/de\/shop\/tisch\/tassen\/le-creuset-becher-london-350-ml-weihnachtsmann-copia\/#breadcrumb\",\"itemListElement\":[{\"@type\":\"ListItem\",\"position\":1,\"name\":\"Home\",\"item\":\"https:\/\/www.erresse-shop.it\/de\/\"},{\"@type\":\"ListItem\",\"position\":2,\"name\":\"Shop\",\"item\":\"https:\/\/www.erresse-shop.it\/de\/shop\/\"},{\"@type\":\"ListItem\",\"position\":3,\"name\":\"LE CREUSET Becher London 350 ml Weihnachtsbaum\"}]},{\"@type\":\"WebSite\",\"@id\":\"https:\/\/www.erresse-shop.it\/de\/#website\",\"url\":\"https:\/\/www.erresse-shop.it\/de\/\",\"name\":\"Erresse Shop\",\"description\":\"Articoli di qualit\u00e0 per la casa\",\"potentialAction\":[{\"@type\":\"SearchAction\",\"target\":{\"@type\":\"EntryPoint\",\"urlTemplate\":\"https:\/\/www.erresse-shop.it\/de\/?s={search_term_string}\"},\"query-input\":\"required name=search_term_string\"}],\"inLanguage\":\"de-DE\"}]}<\/script>\n<!-- \/ Yoast SEO Premium plugin. -->","yoast_head_json":{"title":"LE CREUSET Becher London 350 ml Weihnachtsbaum - Erresse Shop","description":"Mit dieser Sammeltasse aus verglastem Steinzeug kommen Sie in Weihnachtsstimmung. Mit ihrem Weihnachtsbaumdesign mit Goldfolienapplikationen und der","robots":{"index":"index","follow":"follow","max-snippet":"max-snippet:-1","max-image-preview":"max-image-preview:large","max-video-preview":"max-video-preview:-1"},"canonical":"https:\/\/www.erresse-shop.it\/de\/shop\/tisch\/tassen\/le-creuset-becher-london-350-ml-weihnachtsmann-copia\/","og_locale":"de_DE","og_type":"article","og_title":"LE CREUSET Becher London 350 ml Weihnachtsbaum","og_description":"Mit dieser Sammeltasse aus verglastem Steinzeug kommen Sie in Weihnachtsstimmung. Mit ihrem Weihnachtsbaumdesign mit Goldfolienapplikationen und der","og_url":"https:\/\/www.erresse-shop.it\/de\/shop\/tisch\/tassen\/le-creuset-becher-london-350-ml-weihnachtsmann-copia\/","og_site_name":"Erresse Shop","article_modified_time":"2024-11-14T07:59:53+00:00","og_image":[{"width":1200,"height":1200,"url":"https:\/\/www.erresse-shop.it\/wp-content\/uploads\/2024\/11\/LE-CREUSET-Tazza-Mug-London-350-ml-Albero-di-Natale.jpg","type":"image\/jpeg"}],"twitter_card":"summary_large_image","schema":{"@context":"https:\/\/schema.org","@graph":[{"@type":"WebPage","@id":"https:\/\/www.erresse-shop.it\/de\/shop\/tisch\/tassen\/le-creuset-becher-london-350-ml-weihnachtsmann-copia\/","url":"https:\/\/www.erresse-shop.it\/de\/shop\/tisch\/tassen\/le-creuset-becher-london-350-ml-weihnachtsmann-copia\/","name":"LE CREUSET Becher London 350 ml Weihnachtsbaum - Erresse Shop","isPartOf":{"@id":"https:\/\/www.erresse-shop.it\/de\/#website"},"datePublished":"2024-11-14T07:42:13+00:00","dateModified":"2024-11-14T07:59:53+00:00","description":"Mit dieser Sammeltasse aus verglastem Steinzeug kommen Sie in Weihnachtsstimmung. Mit ihrem Weihnachtsbaumdesign mit Goldfolienapplikationen und der","breadcrumb":{"@id":"https:\/\/www.erresse-shop.it\/de\/shop\/tisch\/tassen\/le-creuset-becher-london-350-ml-weihnachtsmann-copia\/#breadcrumb"},"inLanguage":"de-DE","potentialAction":[{"@type":"ReadAction","target":["https:\/\/www.erresse-shop.it\/de\/shop\/tisch\/tassen\/le-creuset-becher-london-350-ml-weihnachtsmann-copia\/"]}]},{"@type":"BreadcrumbList","@id":"https:\/\/www.erresse-shop.it\/de\/shop\/tisch\/tassen\/le-creuset-becher-london-350-ml-weihnachtsmann-copia\/#breadcrumb","itemListElement":[{"@type":"ListItem","position":1,"name":"Home","item":"https:\/\/www.erresse-shop.it\/de\/"},{"@type":"ListItem","position":2,"name":"Shop","item":"https:\/\/www.erresse-shop.it\/de\/shop\/"},{"@type":"ListItem","position":3,"name":"LE CREUSET Becher London 350 ml Weihnachtsbaum"}]},{"@type":"WebSite","@id":"https:\/\/www.erresse-shop.it\/de\/#website","url":"https:\/\/www.erresse-shop.it\/de\/","name":"Erresse Shop","description":"Articoli di qualit\u00e0 per la casa","potentialAction":[{"@type":"SearchAction","target":{"@type":"EntryPoint","urlTemplate":"https:\/\/www.erresse-shop.it\/de\/?s={search_term_string}"},"query-input":"required name=search_term_string"}],"inLanguage":"de-DE"}]}},"df_price":16.2,"df_sale_price":16.2,"df_regular_price":27,"df_image_link":"https:\/\/www.erresse-shop.it\/wp-content\/uploads\/2024\/11\/LE-CREUSET-Tazza-Mug-London-350-ml-Albero-di-Natale-300x300.jpg","_links":{"self":[{"href":"https:\/\/www.erresse-shop.it\/de\/wp-json\/wp\/v2\/product\/446650"}],"collection":[{"href":"https:\/\/www.erresse-shop.it\/de\/wp-json\/wp\/v2\/product"}],"about":[{"href":"https:\/\/www.erresse-shop.it\/de\/wp-json\/wp\/v2\/types\/product"}],"wp:featuredmedia":[{"embeddable":true,"href":"https:\/\/www.erresse-shop.it\/de\/wp-json\/wp\/v2\/media\/446683"}],"wp:attachment":[{"href":"https:\/\/www.erresse-shop.it\/de\/wp-json\/wp\/v2\/media?parent=446650"}],"wp:term":[{"taxonomy":"product_cat","embeddable":true,"href":"https:\/\/www.erresse-shop.it\/de\/wp-json\/wp\/v2\/product_cat?post=446650"},{"taxonomy":"product_tag","embeddable":true,"href":"https:\/\/www.erresse-shop.it\/de\/wp-json\/wp\/v2\/product_tag?post=446650"}],"curies":[{"name":"wp","href":"https:\/\/api.w.org\/{rel}","templated":true}]}}