{"id":446550,"date":"2024-11-13T14:49:39","date_gmt":"2024-11-13T14:49:39","guid":{"rendered":"https:\/\/www.erresse-shop.it\/?post_type=product&#038;p=446550"},"modified":"2024-11-13T15:08:10","modified_gmt":"2024-11-13T15:08:10","slug":"le-creuset-langstieliger-schmortopf-holly-21-cm-kirsche-copia","status":"publish","type":"product","link":"https:\/\/www.erresse-shop.it\/de\/shop\/toepfe-pfannen\/schalldaempfer-und-kokotten\/le-creuset-langstieliger-schmortopf-holly-21-cm-kirsche-copia\/","title":{"rendered":"LE CREUSET Evolution Knopf Goldstern"},"content":{"rendered":"<p>Verleihen Sie Ihren Kokotten aus verglastem Gusseisen eine schicke Note mit unserem Evolution-Knopf mit goldenem Stern. Das elegante Goldfinish verleiht einen Hauch von Raffinesse und passt perfekt zu allen Cocotte-Farben. Mit seinem einzigartigen Design ist dieser Knauf ein Muss f\u00fcr Partys. Dar\u00fcber hinaus kann es f\u00fcr maximale Vielseitigkeit im Ofen bei bis zu 260 \u00b0C verwendet werden.<\/p>\n<p style=\"text-align: justify;\"><strong>Produktdetails:<\/strong><\/p>\n<ul>\n<li>\n<p class=\"mb-3\">Beste seiner Klasse: Unsere Produkte werden aus den besten Materialien in Fabriken auf der ganzen Welt hergestellt, um die Qualit\u00e4t zu gew\u00e4hrleisten, die Sie von Le Creuset erwarten.<\/p>\n<\/li>\n<\/ul>\n<p>Material: Edelstahl<br \/>\nIn China hergestellt<\/p>\n<p><strong>W\u00e4rmequelle:<\/strong><\/p>\n<ul>\n<li>Ofen<\/li>\n<li>Ofen im Grillmodus<\/li>\n<\/ul>\n","protected":false},"excerpt":{"rendered":"<p>Verleihen Sie Ihren Kokotten aus verglastem Gusseisen eine schicke Note mit unserem Evolution-Knopf mit goldenem Stern. Das elegante Goldfinish verleiht<\/p>\n","protected":false},"featured_media":446577,"template":"","meta":{"_acf_changed":false,"inline_featured_image":false},"product_cat":[6709,14793],"product_tag":[11395,14827,11385,12201],"acf":[],"yoast_head":"<!-- This site is optimized with the Yoast SEO Premium plugin v18.6 (Yoast SEO v19.13) - https:\/\/yoast.com\/wordpress\/plugins\/seo\/ -->\n<title>LE CREUSET Evolution Knopf Goldstern - Erresse Shop<\/title>\n<meta name=\"description\" content=\"Verleihen Sie Ihren Kokotten aus verglastem Gusseisen eine schicke Note mit unserem Evolution-Knopf mit goldenem Stern. Das elegante Goldfinish verleiht\" \/>\n<meta name=\"robots\" content=\"index, follow, max-snippet:-1, max-image-preview:large, max-video-preview:-1\" \/>\n<link rel=\"canonical\" href=\"https:\/\/www.erresse-shop.it\/de\/shop\/toepfe-pfannen\/schalldaempfer-und-kokotten\/le-creuset-langstieliger-schmortopf-holly-21-cm-kirsche-copia\/\" \/>\n<meta property=\"og:locale\" content=\"de_DE\" \/>\n<meta property=\"og:type\" content=\"article\" \/>\n<meta property=\"og:title\" content=\"LE CREUSET Evolution Knopf Goldstern\" \/>\n<meta property=\"og:description\" content=\"Verleihen Sie Ihren Kokotten aus verglastem Gusseisen eine schicke Note mit unserem Evolution-Knopf mit goldenem Stern. Das elegante Goldfinish verleiht\" \/>\n<meta property=\"og:url\" content=\"https:\/\/www.erresse-shop.it\/de\/shop\/toepfe-pfannen\/schalldaempfer-und-kokotten\/le-creuset-langstieliger-schmortopf-holly-21-cm-kirsche-copia\/\" \/>\n<meta property=\"og:site_name\" content=\"Erresse Shop\" \/>\n<meta property=\"article:modified_time\" content=\"2024-11-13T15:08:10+00:00\" \/>\n<meta property=\"og:image\" content=\"https:\/\/www.erresse-shop.it\/wp-content\/uploads\/2024\/11\/LE-CREUSET-Pomolo-Evolution-Stella-Oro.jpg\" \/>\n\t<meta property=\"og:image:width\" content=\"1200\" \/>\n\t<meta property=\"og:image:height\" content=\"1200\" \/>\n\t<meta property=\"og:image:type\" content=\"image\/jpeg\" \/>\n<meta name=\"twitter:card\" content=\"summary_large_image\" \/>\n<script type=\"application\/ld+json\" class=\"yoast-schema-graph\">{\"@context\":\"https:\/\/schema.org\",\"@graph\":[{\"@type\":\"WebPage\",\"@id\":\"https:\/\/www.erresse-shop.it\/de\/shop\/toepfe-pfannen\/schalldaempfer-und-kokotten\/le-creuset-langstieliger-schmortopf-holly-21-cm-kirsche-copia\/\",\"url\":\"https:\/\/www.erresse-shop.it\/de\/shop\/toepfe-pfannen\/schalldaempfer-und-kokotten\/le-creuset-langstieliger-schmortopf-holly-21-cm-kirsche-copia\/\",\"name\":\"LE CREUSET Evolution Knopf Goldstern - Erresse Shop\",\"isPartOf\":{\"@id\":\"https:\/\/www.erresse-shop.it\/de\/#website\"},\"datePublished\":\"2024-11-13T14:49:39+00:00\",\"dateModified\":\"2024-11-13T15:08:10+00:00\",\"description\":\"Verleihen Sie Ihren Kokotten aus verglastem Gusseisen eine schicke Note mit unserem Evolution-Knopf mit goldenem Stern. Das elegante Goldfinish verleiht\",\"breadcrumb\":{\"@id\":\"https:\/\/www.erresse-shop.it\/de\/shop\/toepfe-pfannen\/schalldaempfer-und-kokotten\/le-creuset-langstieliger-schmortopf-holly-21-cm-kirsche-copia\/#breadcrumb\"},\"inLanguage\":\"de-DE\",\"potentialAction\":[{\"@type\":\"ReadAction\",\"target\":[\"https:\/\/www.erresse-shop.it\/de\/shop\/toepfe-pfannen\/schalldaempfer-und-kokotten\/le-creuset-langstieliger-schmortopf-holly-21-cm-kirsche-copia\/\"]}]},{\"@type\":\"BreadcrumbList\",\"@id\":\"https:\/\/www.erresse-shop.it\/de\/shop\/toepfe-pfannen\/schalldaempfer-und-kokotten\/le-creuset-langstieliger-schmortopf-holly-21-cm-kirsche-copia\/#breadcrumb\",\"itemListElement\":[{\"@type\":\"ListItem\",\"position\":1,\"name\":\"Home\",\"item\":\"https:\/\/www.erresse-shop.it\/de\/\"},{\"@type\":\"ListItem\",\"position\":2,\"name\":\"Shop\",\"item\":\"https:\/\/www.erresse-shop.it\/de\/shop\/\"},{\"@type\":\"ListItem\",\"position\":3,\"name\":\"LE CREUSET Evolution Knopf Goldstern\"}]},{\"@type\":\"WebSite\",\"@id\":\"https:\/\/www.erresse-shop.it\/de\/#website\",\"url\":\"https:\/\/www.erresse-shop.it\/de\/\",\"name\":\"Erresse Shop\",\"description\":\"Articoli di qualit\u00e0 per la casa\",\"potentialAction\":[{\"@type\":\"SearchAction\",\"target\":{\"@type\":\"EntryPoint\",\"urlTemplate\":\"https:\/\/www.erresse-shop.it\/de\/?s={search_term_string}\"},\"query-input\":\"required name=search_term_string\"}],\"inLanguage\":\"de-DE\"}]}<\/script>\n<!-- \/ Yoast SEO Premium plugin. -->","yoast_head_json":{"title":"LE CREUSET Evolution Knopf Goldstern - Erresse Shop","description":"Verleihen Sie Ihren Kokotten aus verglastem Gusseisen eine schicke Note mit unserem Evolution-Knopf mit goldenem Stern. Das elegante Goldfinish verleiht","robots":{"index":"index","follow":"follow","max-snippet":"max-snippet:-1","max-image-preview":"max-image-preview:large","max-video-preview":"max-video-preview:-1"},"canonical":"https:\/\/www.erresse-shop.it\/de\/shop\/toepfe-pfannen\/schalldaempfer-und-kokotten\/le-creuset-langstieliger-schmortopf-holly-21-cm-kirsche-copia\/","og_locale":"de_DE","og_type":"article","og_title":"LE CREUSET Evolution Knopf Goldstern","og_description":"Verleihen Sie Ihren Kokotten aus verglastem Gusseisen eine schicke Note mit unserem Evolution-Knopf mit goldenem Stern. Das elegante Goldfinish verleiht","og_url":"https:\/\/www.erresse-shop.it\/de\/shop\/toepfe-pfannen\/schalldaempfer-und-kokotten\/le-creuset-langstieliger-schmortopf-holly-21-cm-kirsche-copia\/","og_site_name":"Erresse Shop","article_modified_time":"2024-11-13T15:08:10+00:00","og_image":[{"width":1200,"height":1200,"url":"https:\/\/www.erresse-shop.it\/wp-content\/uploads\/2024\/11\/LE-CREUSET-Pomolo-Evolution-Stella-Oro.jpg","type":"image\/jpeg"}],"twitter_card":"summary_large_image","schema":{"@context":"https:\/\/schema.org","@graph":[{"@type":"WebPage","@id":"https:\/\/www.erresse-shop.it\/de\/shop\/toepfe-pfannen\/schalldaempfer-und-kokotten\/le-creuset-langstieliger-schmortopf-holly-21-cm-kirsche-copia\/","url":"https:\/\/www.erresse-shop.it\/de\/shop\/toepfe-pfannen\/schalldaempfer-und-kokotten\/le-creuset-langstieliger-schmortopf-holly-21-cm-kirsche-copia\/","name":"LE CREUSET Evolution Knopf Goldstern - Erresse Shop","isPartOf":{"@id":"https:\/\/www.erresse-shop.it\/de\/#website"},"datePublished":"2024-11-13T14:49:39+00:00","dateModified":"2024-11-13T15:08:10+00:00","description":"Verleihen Sie Ihren Kokotten aus verglastem Gusseisen eine schicke Note mit unserem Evolution-Knopf mit goldenem Stern. Das elegante Goldfinish verleiht","breadcrumb":{"@id":"https:\/\/www.erresse-shop.it\/de\/shop\/toepfe-pfannen\/schalldaempfer-und-kokotten\/le-creuset-langstieliger-schmortopf-holly-21-cm-kirsche-copia\/#breadcrumb"},"inLanguage":"de-DE","potentialAction":[{"@type":"ReadAction","target":["https:\/\/www.erresse-shop.it\/de\/shop\/toepfe-pfannen\/schalldaempfer-und-kokotten\/le-creuset-langstieliger-schmortopf-holly-21-cm-kirsche-copia\/"]}]},{"@type":"BreadcrumbList","@id":"https:\/\/www.erresse-shop.it\/de\/shop\/toepfe-pfannen\/schalldaempfer-und-kokotten\/le-creuset-langstieliger-schmortopf-holly-21-cm-kirsche-copia\/#breadcrumb","itemListElement":[{"@type":"ListItem","position":1,"name":"Home","item":"https:\/\/www.erresse-shop.it\/de\/"},{"@type":"ListItem","position":2,"name":"Shop","item":"https:\/\/www.erresse-shop.it\/de\/shop\/"},{"@type":"ListItem","position":3,"name":"LE CREUSET Evolution Knopf Goldstern"}]},{"@type":"WebSite","@id":"https:\/\/www.erresse-shop.it\/de\/#website","url":"https:\/\/www.erresse-shop.it\/de\/","name":"Erresse Shop","description":"Articoli di qualit\u00e0 per la casa","potentialAction":[{"@type":"SearchAction","target":{"@type":"EntryPoint","urlTemplate":"https:\/\/www.erresse-shop.it\/de\/?s={search_term_string}"},"query-input":"required name=search_term_string"}],"inLanguage":"de-DE"}]}},"df_price":11.700000000000001,"df_sale_price":11.700000000000001,"df_regular_price":26,"df_image_link":"https:\/\/www.erresse-shop.it\/wp-content\/uploads\/2024\/11\/LE-CREUSET-Pomolo-Evolution-Stella-Oro-300x300.jpg","_links":{"self":[{"href":"https:\/\/www.erresse-shop.it\/de\/wp-json\/wp\/v2\/product\/446550"}],"collection":[{"href":"https:\/\/www.erresse-shop.it\/de\/wp-json\/wp\/v2\/product"}],"about":[{"href":"https:\/\/www.erresse-shop.it\/de\/wp-json\/wp\/v2\/types\/product"}],"wp:featuredmedia":[{"embeddable":true,"href":"https:\/\/www.erresse-shop.it\/de\/wp-json\/wp\/v2\/media\/446577"}],"wp:attachment":[{"href":"https:\/\/www.erresse-shop.it\/de\/wp-json\/wp\/v2\/media?parent=446550"}],"wp:term":[{"taxonomy":"product_cat","embeddable":true,"href":"https:\/\/www.erresse-shop.it\/de\/wp-json\/wp\/v2\/product_cat?post=446550"},{"taxonomy":"product_tag","embeddable":true,"href":"https:\/\/www.erresse-shop.it\/de\/wp-json\/wp\/v2\/product_tag?post=446550"}],"curies":[{"name":"wp","href":"https:\/\/api.w.org\/{rel}","templated":true}]}}