{"id":446239,"date":"2024-11-13T10:04:01","date_gmt":"2024-11-13T10:04:04","guid":{"rendered":"https:\/\/www.erresse-shop.it\/?post_type=product&#038;p=446239"},"modified":"2026-02-24T13:07:09","modified_gmt":"2026-02-24T13:07:09","slug":"le-creuset-cappuccino-tasse-london-350-ml-weiss","status":"publish","type":"product","link":"https:\/\/www.erresse-shop.it\/de\/shop\/tisch\/tassen\/le-creuset-cappuccino-tasse-london-350-ml-weiss\/","title":{"rendered":"LE CREUSET Cappuccino Tasse London 350 ml Wei\u00df"},"content":{"rendered":"<p>Machen Sie Ihre Weihnachtsgetr\u00e4nke wie Ingwertee oder hei\u00dfe Schokolade mit der limitierten Auflage der Holly Collection London Tasse noch spezieller. Handgefertigt aus verglastem Steinzeug, h\u00e4lt es das Getr\u00e4nk lange hei\u00df.<\/p>\n<p style=\"text-align: justify;\"><strong>Produktdetails:<\/strong><\/p>\n<ul>\n<li>\n<p class=\"mb-3\">Immer auf dem neuesten Stand: Unser Steinzeug ist kratzfest und leicht zu reinigen.<\/p>\n<\/li>\n<li>\n<p class=\"mb-3\">Hervorragende Handwerkskunst: Unsere Produkte aus Steinzeug bestehen aus hochwertigem Steinzeug und halten gleichm\u00e4\u00dfige Temperaturen aufrecht und garantieren Widerstandsf\u00e4higkeit und Haltbarkeit im Laufe der Zeit.<\/p>\n<\/li>\n<li>\n<p class=\"mb-3\">Geeignet f\u00fcr Hitze und K\u00e4lte: Unser Steingut ist hitzebest\u00e4ndig von -23\u00b0C bis +260\u00b0C.<\/p>\n<\/li>\n<li>\n<p class=\"mb-3\">Beste seiner Klasse: Unsere Produkte werden aus den besten Materialien hergestellt, um h\u00f6chste Qualit\u00e4t zu garantieren.<\/p>\n<\/li>\n<\/ul>\n<p>Material: Verglastes Steinzeug<br \/>\nHergestellt in: Thailand<br \/>\nGarantie: 10 Jahre<\/p>\n<p>Fassungsverm\u00f6gen: 0,35 l<\/p>\n<p><strong>W\u00e4rmequelle:<\/strong><\/p>\n<ul>\n<li>Ofen<\/li>\n<li>Ofen im Grillmodus<\/li>\n<li>Mikrowelle<\/li>\n<\/ul>\n<p><strong>Reinigung und Pflege:<\/strong><\/p>\n<ul>\n<li>\n<p class=\"mb-3\">Warten Sie, bis das Produkt vollst\u00e4ndig abgek\u00fchlt ist, bevor Sie mit der Reinigung beginnen.<\/p>\n<p class=\"mb-3\">\n<\/li>\n<li>\n<p class=\"mb-3\">Entfernen Sie alle R\u00fcckst\u00e4nde von der Basis und den Kanten des Produkts. Bei hartn\u00e4ckigen Speiseresten f\u00fcllen Sie das Produkt mit warmem Seifenwasser und lassen es vor dem Waschen 15\u201320 Minuten einweichen.<\/p>\n<p class=\"mb-3\">\n<\/li>\n<li>\n<p class=\"mb-3\">Waschen und trocknen Sie Ihr Steinzeugprodukt von Hand oder geben Sie es f\u00fcr einen vollst\u00e4ndigen Zyklus in die Sp\u00fclmaschine.<\/p>\n<\/li>\n<\/ul>\n","protected":false},"excerpt":{"rendered":"<p>Machen Sie Ihre Weihnachtsgetr\u00e4nke wie Ingwertee oder hei\u00dfe Schokolade mit der limitierten Auflage der Holly Collection London Tasse noch spezieller.<\/p>\n","protected":false},"featured_media":446272,"template":"","meta":{"_acf_changed":false,"inline_featured_image":false},"product_cat":[6847,6787],"product_tag":[16573,12201,14277,11640],"acf":[],"yoast_head":"<!-- This site is optimized with the Yoast SEO Premium plugin v18.6 (Yoast SEO v19.13) - https:\/\/yoast.com\/wordpress\/plugins\/seo\/ -->\n<title>LE CREUSET Cappuccino Tasse London 350 ml Wei\u00df - Erresse Shop<\/title>\n<meta name=\"description\" content=\"Machen Sie Ihre Weihnachtsgetr\u00e4nke wie Ingwertee oder hei\u00dfe Schokolade mit der limitierten Auflage der Holly Collection London Tasse noch spezieller.\" \/>\n<meta name=\"robots\" content=\"index, follow, max-snippet:-1, max-image-preview:large, max-video-preview:-1\" \/>\n<link rel=\"canonical\" href=\"https:\/\/www.erresse-shop.it\/de\/shop\/tisch\/tassen\/le-creuset-cappuccino-tasse-london-350-ml-weiss\/\" \/>\n<meta property=\"og:locale\" content=\"de_DE\" \/>\n<meta property=\"og:type\" content=\"article\" \/>\n<meta property=\"og:title\" content=\"LE CREUSET Cappuccino Tasse London 350 ml Wei\u00df\" \/>\n<meta property=\"og:description\" content=\"Machen Sie Ihre Weihnachtsgetr\u00e4nke wie Ingwertee oder hei\u00dfe Schokolade mit der limitierten Auflage der Holly Collection London Tasse noch spezieller.\" \/>\n<meta property=\"og:url\" content=\"https:\/\/www.erresse-shop.it\/de\/shop\/tisch\/tassen\/le-creuset-cappuccino-tasse-london-350-ml-weiss\/\" \/>\n<meta property=\"og:site_name\" content=\"Erresse Shop\" \/>\n<meta property=\"article:modified_time\" content=\"2026-02-24T13:07:09+00:00\" \/>\n<meta property=\"og:image\" content=\"https:\/\/www.erresse-shop.it\/wp-content\/uploads\/2024\/11\/LE-CREUSET-Tazza-Cappuccino-London-350-ml-Bianco.jpg\" \/>\n\t<meta property=\"og:image:width\" content=\"1200\" \/>\n\t<meta property=\"og:image:height\" content=\"1200\" \/>\n\t<meta property=\"og:image:type\" content=\"image\/jpeg\" \/>\n<meta name=\"twitter:card\" content=\"summary_large_image\" \/>\n<script type=\"application\/ld+json\" class=\"yoast-schema-graph\">{\"@context\":\"https:\/\/schema.org\",\"@graph\":[{\"@type\":\"WebPage\",\"@id\":\"https:\/\/www.erresse-shop.it\/de\/shop\/tisch\/tassen\/le-creuset-cappuccino-tasse-london-350-ml-weiss\/\",\"url\":\"https:\/\/www.erresse-shop.it\/de\/shop\/tisch\/tassen\/le-creuset-cappuccino-tasse-london-350-ml-weiss\/\",\"name\":\"LE CREUSET Cappuccino Tasse London 350 ml Wei\u00df - Erresse Shop\",\"isPartOf\":{\"@id\":\"https:\/\/www.erresse-shop.it\/de\/#website\"},\"datePublished\":\"2024-11-13T10:04:04+00:00\",\"dateModified\":\"2026-02-24T13:07:09+00:00\",\"description\":\"Machen Sie Ihre Weihnachtsgetr\u00e4nke wie Ingwertee oder hei\u00dfe Schokolade mit der limitierten Auflage der Holly Collection London Tasse noch spezieller.\",\"breadcrumb\":{\"@id\":\"https:\/\/www.erresse-shop.it\/de\/shop\/tisch\/tassen\/le-creuset-cappuccino-tasse-london-350-ml-weiss\/#breadcrumb\"},\"inLanguage\":\"de-DE\",\"potentialAction\":[{\"@type\":\"ReadAction\",\"target\":[\"https:\/\/www.erresse-shop.it\/de\/shop\/tisch\/tassen\/le-creuset-cappuccino-tasse-london-350-ml-weiss\/\"]}]},{\"@type\":\"BreadcrumbList\",\"@id\":\"https:\/\/www.erresse-shop.it\/de\/shop\/tisch\/tassen\/le-creuset-cappuccino-tasse-london-350-ml-weiss\/#breadcrumb\",\"itemListElement\":[{\"@type\":\"ListItem\",\"position\":1,\"name\":\"Home\",\"item\":\"https:\/\/www.erresse-shop.it\/de\/\"},{\"@type\":\"ListItem\",\"position\":2,\"name\":\"Shop\",\"item\":\"https:\/\/www.erresse-shop.it\/de\/shop\/\"},{\"@type\":\"ListItem\",\"position\":3,\"name\":\"LE CREUSET Cappuccino Tasse London 350 ml Wei\u00df\"}]},{\"@type\":\"WebSite\",\"@id\":\"https:\/\/www.erresse-shop.it\/de\/#website\",\"url\":\"https:\/\/www.erresse-shop.it\/de\/\",\"name\":\"Erresse Shop\",\"description\":\"Articoli di qualit\u00e0 per la casa\",\"potentialAction\":[{\"@type\":\"SearchAction\",\"target\":{\"@type\":\"EntryPoint\",\"urlTemplate\":\"https:\/\/www.erresse-shop.it\/de\/?s={search_term_string}\"},\"query-input\":\"required name=search_term_string\"}],\"inLanguage\":\"de-DE\"}]}<\/script>\n<!-- \/ Yoast SEO Premium plugin. -->","yoast_head_json":{"title":"LE CREUSET Cappuccino Tasse London 350 ml Wei\u00df - Erresse Shop","description":"Machen Sie Ihre Weihnachtsgetr\u00e4nke wie Ingwertee oder hei\u00dfe Schokolade mit der limitierten Auflage der Holly Collection London Tasse noch spezieller.","robots":{"index":"index","follow":"follow","max-snippet":"max-snippet:-1","max-image-preview":"max-image-preview:large","max-video-preview":"max-video-preview:-1"},"canonical":"https:\/\/www.erresse-shop.it\/de\/shop\/tisch\/tassen\/le-creuset-cappuccino-tasse-london-350-ml-weiss\/","og_locale":"de_DE","og_type":"article","og_title":"LE CREUSET Cappuccino Tasse London 350 ml Wei\u00df","og_description":"Machen Sie Ihre Weihnachtsgetr\u00e4nke wie Ingwertee oder hei\u00dfe Schokolade mit der limitierten Auflage der Holly Collection London Tasse noch spezieller.","og_url":"https:\/\/www.erresse-shop.it\/de\/shop\/tisch\/tassen\/le-creuset-cappuccino-tasse-london-350-ml-weiss\/","og_site_name":"Erresse Shop","article_modified_time":"2026-02-24T13:07:09+00:00","og_image":[{"width":1200,"height":1200,"url":"https:\/\/www.erresse-shop.it\/wp-content\/uploads\/2024\/11\/LE-CREUSET-Tazza-Cappuccino-London-350-ml-Bianco.jpg","type":"image\/jpeg"}],"twitter_card":"summary_large_image","schema":{"@context":"https:\/\/schema.org","@graph":[{"@type":"WebPage","@id":"https:\/\/www.erresse-shop.it\/de\/shop\/tisch\/tassen\/le-creuset-cappuccino-tasse-london-350-ml-weiss\/","url":"https:\/\/www.erresse-shop.it\/de\/shop\/tisch\/tassen\/le-creuset-cappuccino-tasse-london-350-ml-weiss\/","name":"LE CREUSET Cappuccino Tasse London 350 ml Wei\u00df - Erresse Shop","isPartOf":{"@id":"https:\/\/www.erresse-shop.it\/de\/#website"},"datePublished":"2024-11-13T10:04:04+00:00","dateModified":"2026-02-24T13:07:09+00:00","description":"Machen Sie Ihre Weihnachtsgetr\u00e4nke wie Ingwertee oder hei\u00dfe Schokolade mit der limitierten Auflage der Holly Collection London Tasse noch spezieller.","breadcrumb":{"@id":"https:\/\/www.erresse-shop.it\/de\/shop\/tisch\/tassen\/le-creuset-cappuccino-tasse-london-350-ml-weiss\/#breadcrumb"},"inLanguage":"de-DE","potentialAction":[{"@type":"ReadAction","target":["https:\/\/www.erresse-shop.it\/de\/shop\/tisch\/tassen\/le-creuset-cappuccino-tasse-london-350-ml-weiss\/"]}]},{"@type":"BreadcrumbList","@id":"https:\/\/www.erresse-shop.it\/de\/shop\/tisch\/tassen\/le-creuset-cappuccino-tasse-london-350-ml-weiss\/#breadcrumb","itemListElement":[{"@type":"ListItem","position":1,"name":"Home","item":"https:\/\/www.erresse-shop.it\/de\/"},{"@type":"ListItem","position":2,"name":"Shop","item":"https:\/\/www.erresse-shop.it\/de\/shop\/"},{"@type":"ListItem","position":3,"name":"LE CREUSET Cappuccino Tasse London 350 ml Wei\u00df"}]},{"@type":"WebSite","@id":"https:\/\/www.erresse-shop.it\/de\/#website","url":"https:\/\/www.erresse-shop.it\/de\/","name":"Erresse Shop","description":"Articoli di qualit\u00e0 per la casa","potentialAction":[{"@type":"SearchAction","target":{"@type":"EntryPoint","urlTemplate":"https:\/\/www.erresse-shop.it\/de\/?s={search_term_string}"},"query-input":"required name=search_term_string"}],"inLanguage":"de-DE"}]}},"df_price":12,"df_sale_price":12,"df_regular_price":20,"df_image_link":"https:\/\/www.erresse-shop.it\/wp-content\/uploads\/2024\/11\/LE-CREUSET-Tazza-Cappuccino-London-350-ml-Bianco-300x300.jpg","_links":{"self":[{"href":"https:\/\/www.erresse-shop.it\/de\/wp-json\/wp\/v2\/product\/446239"}],"collection":[{"href":"https:\/\/www.erresse-shop.it\/de\/wp-json\/wp\/v2\/product"}],"about":[{"href":"https:\/\/www.erresse-shop.it\/de\/wp-json\/wp\/v2\/types\/product"}],"wp:featuredmedia":[{"embeddable":true,"href":"https:\/\/www.erresse-shop.it\/de\/wp-json\/wp\/v2\/media\/446272"}],"wp:attachment":[{"href":"https:\/\/www.erresse-shop.it\/de\/wp-json\/wp\/v2\/media?parent=446239"}],"wp:term":[{"taxonomy":"product_cat","embeddable":true,"href":"https:\/\/www.erresse-shop.it\/de\/wp-json\/wp\/v2\/product_cat?post=446239"},{"taxonomy":"product_tag","embeddable":true,"href":"https:\/\/www.erresse-shop.it\/de\/wp-json\/wp\/v2\/product_tag?post=446239"}],"curies":[{"name":"wp","href":"https:\/\/api.w.org\/{rel}","templated":true}]}}