{"id":446154,"date":"2024-11-13T07:14:08","date_gmt":"2024-11-13T07:14:08","guid":{"rendered":"https:\/\/www.erresse-shop.it\/?post_type=product&#038;p=446154"},"modified":"2026-02-24T13:10:27","modified_gmt":"2026-02-24T13:10:27","slug":"le-creuset-cappuccino-tasse-london-200-ml-kirsche","status":"publish","type":"product","link":"https:\/\/www.erresse-shop.it\/de\/shop\/tisch\/tassen\/le-creuset-cappuccino-tasse-london-200-ml-kirsche\/","title":{"rendered":"LE CREUSET Cappuccino Tasse London 200 ml Kirsche"},"content":{"rendered":"<p>Genie\u00dfen Sie einen schaumigen Cappuccino vor dem Kamin. Die limitierte Cappuccino-Tasse der Holly Collection liegt angenehm in der Hand und speichert die W\u00e4rme. Sie w\u00e4rmt Ihr Weihnachtsfest auf. Diese Weihnachtstasse wird Ihnen und Ihren G\u00e4sten ein besonderes Gef\u00fchl geben.<\/p>\n<p style=\"text-align: justify;\"><strong>Produktdetails:<\/strong><\/p>\n<ul>\n<li>\n<p class=\"mb-3\">Immer auf dem neuesten Stand: Unser Steinzeug ist kratzfest und leicht zu reinigen.<\/p>\n<\/li>\n<li>\n<p class=\"mb-3\">Hervorragende Handwerkskunst: Unsere Produkte aus Steinzeug bestehen aus hochwertigem Steinzeug und halten gleichm\u00e4\u00dfige Temperaturen aufrecht und garantieren Widerstandsf\u00e4higkeit und Haltbarkeit im Laufe der Zeit.<\/p>\n<\/li>\n<li>\n<p class=\"mb-3\">Geeignet f\u00fcr Hitze und K\u00e4lte: Unser Steingut ist hitzebest\u00e4ndig von -23\u00b0C bis +260\u00b0C.<\/p>\n<\/li>\n<li>\n<p class=\"mb-3\">Beste seiner Klasse: Unsere Produkte werden aus den besten Materialien hergestellt, um h\u00f6chste Qualit\u00e4t zu garantieren.<\/p>\n<\/li>\n<\/ul>\n<p>Material: Verglastes Steinzeug<br \/>\nHergestellt in: Thailand<br \/>\nGarantie: 10 Jahre<\/p>\n<p>Fassungsverm\u00f6gen: 0,25 l<\/p>\n<p><strong>W\u00e4rmequelle:<\/strong><\/p>\n<ul>\n<li>Ofen<\/li>\n<li>Ofen im Grillmodus<\/li>\n<\/ul>\n<p><strong>Reinigung und Pflege:<\/strong><\/p>\n<ul>\n<li>\n<p class=\"mb-3\">Warten Sie, bis das Produkt vollst\u00e4ndig abgek\u00fchlt ist, bevor Sie mit der Reinigung beginnen.<\/p>\n<p class=\"mb-3\">\n<\/li>\n<li>\n<p class=\"mb-3\">Entfernen Sie alle R\u00fcckst\u00e4nde von der Basis und den Kanten des Produkts. Bei hartn\u00e4ckigen Speiseresten f\u00fcllen Sie das Produkt mit warmem Seifenwasser und lassen es vor dem Waschen 15\u201320 Minuten einweichen.<\/p>\n<p class=\"mb-3\">\n<\/li>\n<li>\n<p class=\"mb-3\">Waschen und trocknen Sie Ihr Steinzeugprodukt von Hand oder geben Sie es f\u00fcr einen vollst\u00e4ndigen Zyklus in die Sp\u00fclmaschine.<\/p>\n<\/li>\n<\/ul>\n","protected":false},"excerpt":{"rendered":"<p>Genie\u00dfen Sie einen schaumigen Cappuccino vor dem Kamin. Die limitierte Cappuccino-Tasse der Holly Collection liegt angenehm in der Hand und<\/p>\n","protected":false},"featured_media":446187,"template":"","meta":{"_acf_changed":false,"inline_featured_image":false},"product_cat":[6847,6787],"product_tag":[16573,12201,14277,11640],"acf":[],"yoast_head":"<!-- This site is optimized with the Yoast SEO Premium plugin v18.6 (Yoast SEO v19.13) - https:\/\/yoast.com\/wordpress\/plugins\/seo\/ -->\n<title>LE CREUSET Cappuccino Tasse London 200 ml Kirsche - Erresse Shop<\/title>\n<meta name=\"description\" content=\"Genie\u00dfen Sie einen schaumigen Cappuccino vor dem Kamin. Die limitierte Cappuccino-Tasse der Holly Collection liegt angenehm in der Hand und speichert die\" \/>\n<meta name=\"robots\" content=\"index, follow, max-snippet:-1, max-image-preview:large, max-video-preview:-1\" \/>\n<link rel=\"canonical\" href=\"https:\/\/www.erresse-shop.it\/de\/shop\/tisch\/tassen\/le-creuset-cappuccino-tasse-london-200-ml-kirsche\/\" \/>\n<meta property=\"og:locale\" content=\"de_DE\" \/>\n<meta property=\"og:type\" content=\"article\" \/>\n<meta property=\"og:title\" content=\"LE CREUSET Cappuccino Tasse London 200 ml Kirsche\" \/>\n<meta property=\"og:description\" content=\"Genie\u00dfen Sie einen schaumigen Cappuccino vor dem Kamin. Die limitierte Cappuccino-Tasse der Holly Collection liegt angenehm in der Hand und speichert die\" \/>\n<meta property=\"og:url\" content=\"https:\/\/www.erresse-shop.it\/de\/shop\/tisch\/tassen\/le-creuset-cappuccino-tasse-london-200-ml-kirsche\/\" \/>\n<meta property=\"og:site_name\" content=\"Erresse Shop\" \/>\n<meta property=\"article:modified_time\" content=\"2026-02-24T13:10:27+00:00\" \/>\n<meta property=\"og:image\" content=\"https:\/\/www.erresse-shop.it\/wp-content\/uploads\/2024\/11\/LE-CREUSET-Tazza-Cappuccino-200-ml-Ciliegia.jpg\" \/>\n\t<meta property=\"og:image:width\" content=\"1200\" \/>\n\t<meta property=\"og:image:height\" content=\"1200\" \/>\n\t<meta property=\"og:image:type\" content=\"image\/jpeg\" \/>\n<meta name=\"twitter:card\" content=\"summary_large_image\" \/>\n<script type=\"application\/ld+json\" class=\"yoast-schema-graph\">{\"@context\":\"https:\/\/schema.org\",\"@graph\":[{\"@type\":\"WebPage\",\"@id\":\"https:\/\/www.erresse-shop.it\/de\/shop\/tisch\/tassen\/le-creuset-cappuccino-tasse-london-200-ml-kirsche\/\",\"url\":\"https:\/\/www.erresse-shop.it\/de\/shop\/tisch\/tassen\/le-creuset-cappuccino-tasse-london-200-ml-kirsche\/\",\"name\":\"LE CREUSET Cappuccino Tasse London 200 ml Kirsche - Erresse Shop\",\"isPartOf\":{\"@id\":\"https:\/\/www.erresse-shop.it\/de\/#website\"},\"datePublished\":\"2024-11-13T07:14:08+00:00\",\"dateModified\":\"2026-02-24T13:10:27+00:00\",\"description\":\"Genie\u00dfen Sie einen schaumigen Cappuccino vor dem Kamin. Die limitierte Cappuccino-Tasse der Holly Collection liegt angenehm in der Hand und speichert die\",\"breadcrumb\":{\"@id\":\"https:\/\/www.erresse-shop.it\/de\/shop\/tisch\/tassen\/le-creuset-cappuccino-tasse-london-200-ml-kirsche\/#breadcrumb\"},\"inLanguage\":\"de-DE\",\"potentialAction\":[{\"@type\":\"ReadAction\",\"target\":[\"https:\/\/www.erresse-shop.it\/de\/shop\/tisch\/tassen\/le-creuset-cappuccino-tasse-london-200-ml-kirsche\/\"]}]},{\"@type\":\"BreadcrumbList\",\"@id\":\"https:\/\/www.erresse-shop.it\/de\/shop\/tisch\/tassen\/le-creuset-cappuccino-tasse-london-200-ml-kirsche\/#breadcrumb\",\"itemListElement\":[{\"@type\":\"ListItem\",\"position\":1,\"name\":\"Home\",\"item\":\"https:\/\/www.erresse-shop.it\/de\/\"},{\"@type\":\"ListItem\",\"position\":2,\"name\":\"Shop\",\"item\":\"https:\/\/www.erresse-shop.it\/de\/shop\/\"},{\"@type\":\"ListItem\",\"position\":3,\"name\":\"LE CREUSET Cappuccino Tasse London 200 ml Kirsche\"}]},{\"@type\":\"WebSite\",\"@id\":\"https:\/\/www.erresse-shop.it\/de\/#website\",\"url\":\"https:\/\/www.erresse-shop.it\/de\/\",\"name\":\"Erresse Shop\",\"description\":\"Articoli di qualit\u00e0 per la casa\",\"potentialAction\":[{\"@type\":\"SearchAction\",\"target\":{\"@type\":\"EntryPoint\",\"urlTemplate\":\"https:\/\/www.erresse-shop.it\/de\/?s={search_term_string}\"},\"query-input\":\"required name=search_term_string\"}],\"inLanguage\":\"de-DE\"}]}<\/script>\n<!-- \/ Yoast SEO Premium plugin. -->","yoast_head_json":{"title":"LE CREUSET Cappuccino Tasse London 200 ml Kirsche - Erresse Shop","description":"Genie\u00dfen Sie einen schaumigen Cappuccino vor dem Kamin. Die limitierte Cappuccino-Tasse der Holly Collection liegt angenehm in der Hand und speichert die","robots":{"index":"index","follow":"follow","max-snippet":"max-snippet:-1","max-image-preview":"max-image-preview:large","max-video-preview":"max-video-preview:-1"},"canonical":"https:\/\/www.erresse-shop.it\/de\/shop\/tisch\/tassen\/le-creuset-cappuccino-tasse-london-200-ml-kirsche\/","og_locale":"de_DE","og_type":"article","og_title":"LE CREUSET Cappuccino Tasse London 200 ml Kirsche","og_description":"Genie\u00dfen Sie einen schaumigen Cappuccino vor dem Kamin. Die limitierte Cappuccino-Tasse der Holly Collection liegt angenehm in der Hand und speichert die","og_url":"https:\/\/www.erresse-shop.it\/de\/shop\/tisch\/tassen\/le-creuset-cappuccino-tasse-london-200-ml-kirsche\/","og_site_name":"Erresse Shop","article_modified_time":"2026-02-24T13:10:27+00:00","og_image":[{"width":1200,"height":1200,"url":"https:\/\/www.erresse-shop.it\/wp-content\/uploads\/2024\/11\/LE-CREUSET-Tazza-Cappuccino-200-ml-Ciliegia.jpg","type":"image\/jpeg"}],"twitter_card":"summary_large_image","schema":{"@context":"https:\/\/schema.org","@graph":[{"@type":"WebPage","@id":"https:\/\/www.erresse-shop.it\/de\/shop\/tisch\/tassen\/le-creuset-cappuccino-tasse-london-200-ml-kirsche\/","url":"https:\/\/www.erresse-shop.it\/de\/shop\/tisch\/tassen\/le-creuset-cappuccino-tasse-london-200-ml-kirsche\/","name":"LE CREUSET Cappuccino Tasse London 200 ml Kirsche - Erresse Shop","isPartOf":{"@id":"https:\/\/www.erresse-shop.it\/de\/#website"},"datePublished":"2024-11-13T07:14:08+00:00","dateModified":"2026-02-24T13:10:27+00:00","description":"Genie\u00dfen Sie einen schaumigen Cappuccino vor dem Kamin. Die limitierte Cappuccino-Tasse der Holly Collection liegt angenehm in der Hand und speichert die","breadcrumb":{"@id":"https:\/\/www.erresse-shop.it\/de\/shop\/tisch\/tassen\/le-creuset-cappuccino-tasse-london-200-ml-kirsche\/#breadcrumb"},"inLanguage":"de-DE","potentialAction":[{"@type":"ReadAction","target":["https:\/\/www.erresse-shop.it\/de\/shop\/tisch\/tassen\/le-creuset-cappuccino-tasse-london-200-ml-kirsche\/"]}]},{"@type":"BreadcrumbList","@id":"https:\/\/www.erresse-shop.it\/de\/shop\/tisch\/tassen\/le-creuset-cappuccino-tasse-london-200-ml-kirsche\/#breadcrumb","itemListElement":[{"@type":"ListItem","position":1,"name":"Home","item":"https:\/\/www.erresse-shop.it\/de\/"},{"@type":"ListItem","position":2,"name":"Shop","item":"https:\/\/www.erresse-shop.it\/de\/shop\/"},{"@type":"ListItem","position":3,"name":"LE CREUSET Cappuccino Tasse London 200 ml Kirsche"}]},{"@type":"WebSite","@id":"https:\/\/www.erresse-shop.it\/de\/#website","url":"https:\/\/www.erresse-shop.it\/de\/","name":"Erresse Shop","description":"Articoli di qualit\u00e0 per la casa","potentialAction":[{"@type":"SearchAction","target":{"@type":"EntryPoint","urlTemplate":"https:\/\/www.erresse-shop.it\/de\/?s={search_term_string}"},"query-input":"required name=search_term_string"}],"inLanguage":"de-DE"}]}},"df_price":11.4,"df_sale_price":11.4,"df_regular_price":19,"df_image_link":"https:\/\/www.erresse-shop.it\/wp-content\/uploads\/2024\/11\/LE-CREUSET-Tazza-Cappuccino-200-ml-Ciliegia-300x300.jpg","_links":{"self":[{"href":"https:\/\/www.erresse-shop.it\/de\/wp-json\/wp\/v2\/product\/446154"}],"collection":[{"href":"https:\/\/www.erresse-shop.it\/de\/wp-json\/wp\/v2\/product"}],"about":[{"href":"https:\/\/www.erresse-shop.it\/de\/wp-json\/wp\/v2\/types\/product"}],"wp:featuredmedia":[{"embeddable":true,"href":"https:\/\/www.erresse-shop.it\/de\/wp-json\/wp\/v2\/media\/446187"}],"wp:attachment":[{"href":"https:\/\/www.erresse-shop.it\/de\/wp-json\/wp\/v2\/media?parent=446154"}],"wp:term":[{"taxonomy":"product_cat","embeddable":true,"href":"https:\/\/www.erresse-shop.it\/de\/wp-json\/wp\/v2\/product_cat?post=446154"},{"taxonomy":"product_tag","embeddable":true,"href":"https:\/\/www.erresse-shop.it\/de\/wp-json\/wp\/v2\/product_tag?post=446154"}],"curies":[{"name":"wp","href":"https:\/\/api.w.org\/{rel}","templated":true}]}}