{"id":445678,"date":"2024-11-12T10:31:00","date_gmt":"2024-11-12T10:31:00","guid":{"rendered":"https:\/\/www.erresse-shop.it\/?post_type=product&#038;p=445678"},"modified":"2026-02-24T13:23:53","modified_gmt":"2026-02-24T13:23:53","slug":"g3-ferrari-pizzaofen-pronto-pizza-2-minuti","status":"publish","type":"product","link":"https:\/\/www.erresse-shop.it\/de\/shop\/kleine-elektrogeraete\/oefen\/g3-ferrari-pizzaofen-pronto-pizza-2-minuti\/","title":{"rendered":"G3 FERRARI Pizzaofen Pronto Pizza 2 Minuti"},"content":{"rendered":"<h2><strong>Pizzaofen<\/strong><\/h2>\n<p>Mit dem 2-Minuten-Pizzaofen von Pronto Pizza ist die Perfektion der Pizza zum Greifen nah.<\/p>\n<p>Die\u00a0<strong>Kombination aus hoher Temperatur (bis zu 430\u00a0\u00b0C) und feuerfestem Stein gew\u00e4hrleistet ein schnelles und gleichm\u00e4\u00dfiges Garen<\/strong>, und mit den beiden separat bedienbaren Widerst\u00e4nden haben Sie die volle Kontrolle \u00fcber das Garen der Pizza Erhalten Sie immer einen duftenden Boden und eine gut durchgebackene Pizza: Backen Sie eine perfekte neapolitanische Pizza in nur 2 Minuten!<\/p>\n<p>Die digitale Anzeige bietet gro\u00dfe Vielseitigkeit; Sie ist mit <strong>8 Programmen<\/strong> ausgestattet, um jede Art von Pizza und vieles mehr zuzubereiten: von neapolitanisch bis d\u00fcnn und knusprig, von Pfannenpizza bis Tiefk\u00fchlpizza sowie Steak-, Torten- und DIY-Rezepte. Dar\u00fcber hinaus verf\u00fcgt der Ofen \u00fcber eine\u00a0<strong>Memory-Funktion<\/strong>, die es ihm erm\u00f6glicht, sich Ihre bevorzugten Einstellungen zu merken, ohne sie jedes Mal neu einstellen zu m\u00fcssen, wenn Sie kochen.<\/p>\n<p>Das reichhaltige Zubeh\u00f6rprogramm rundet die hohe Leistung ab. Neben dem\u00a0<strong>herausnehmbaren feuerfesten Stein<\/strong>, dem\u00a0<strong>emaillierten Backblech<\/strong>\u00a0zum Garen von Fleisch, Kuchen und mehr, dem Edelstahl-Grill und Pizzaschneider sowie der gro\u00dfen Edelstahlschale sind im Lieferumfang enthalten. Aluminium zum Backen und das exklusive Rezeptbuch des neapolitanischen Kochs Valerio La Rosa.<\/p>\n<p>Der 2-Minuten-Pizzaofen von Pronto Pizza ist vollst\u00e4ndig elektrisch, sodass Sie zu Hause Pizzen genauso gut zubereiten k\u00f6nnen wie in einer Pizzeria, und ist auch in puncto Sicherheit erstklassig: Er ist mit einem Zwangsl\u00fcftungsk\u00fchlsystem und einer T\u00fcr mit 3-facher Bel\u00fcftung ausgestattet. Dank der ebenen Isolierung sind die W\u00e4nde auch bei maximaler Temperatur immer kalt.<\/p>\n<p><strong>Technische Daten<\/strong><\/p>\n<ul>\n<li>Doppelter Widerstand, oberer 850 W und unterer 850 W<\/li>\n<li>Temperatur 80\u00b0 &#8211; 430\u00b0C, Timer 60 Minuten<\/li>\n<li>Digitalanzeige mit 8 Programmen: DIY, Neapolitanisch, d\u00fcnn, Pfanne, Tarte, Tiefk\u00fchl, Steak, runde Pizza<\/li>\n<li>Speicherfunktion<\/li>\n<li>Widerst\u00e4nde, die separat betrieben werden k\u00f6nnen<\/li>\n<li>Interne Lampe<\/li>\n<li>Kalte W\u00e4nde mit Zwangsbel\u00fcftungsk\u00fchlsystem<\/li>\n<li>T\u00fcr mit dreifachem Borosilikatglas f\u00fcr maximale Isolierung<\/li>\n<li>Zubeh\u00f6r: feuerfester Stein 32&#215;32 cm, emaillierte Pfanne \u00d832,5 cm, Edelstahlgrill, Aluminiumschaufel \u00d832 cm, Pizzaschneider<\/li>\n<li>Stromversorgung: AC 220\u2013240 V ~ 50\u201360 Hz<\/li>\n<li>Leistung: 1700 W<\/li>\n<li>Abmessungen (B x H x T): 46 x 28,5 x 50 cm<\/li>\n<li>Gewicht: 13 kg<\/li>\n<\/ul>\n<p><span style=\"text-decoration: underline;\"><strong>Nicht zum Verkauf au\u00dferhalb Europas<\/strong><\/span><\/p>\n","protected":false},"excerpt":{"rendered":"<p>Pizzaofen Mit dem 2-Minuten-Pizzaofen von Pronto Pizza ist die Perfektion der Pizza zum Greifen nah. Die\u00a0Kombination aus hoher Temperatur (bis<\/p>\n","protected":false},"featured_media":445711,"template":"","meta":{"_acf_changed":false,"inline_featured_image":false},"product_cat":[6703,15659],"product_tag":[23691,11555,22113,23096,23097],"acf":[],"yoast_head":"<!-- This site is optimized with the Yoast SEO Premium plugin v18.6 (Yoast SEO v19.13) - https:\/\/yoast.com\/wordpress\/plugins\/seo\/ -->\n<title>G3 FERRARI Pizzaofen Pronto Pizza 2 Minuti - Erresse Shop<\/title>\n<meta name=\"description\" content=\"Pizzaofen Mit dem 2-Minuten-Pizzaofen von Pronto Pizza ist die Perfektion der Pizza zum Greifen nah. Die\u00a0Kombination aus hoher Temperatur (bis zu 430\u00a0\u00b0C)\" \/>\n<meta name=\"robots\" content=\"index, follow, max-snippet:-1, max-image-preview:large, max-video-preview:-1\" \/>\n<link rel=\"canonical\" href=\"https:\/\/www.erresse-shop.it\/de\/shop\/kleine-elektrogeraete\/oefen\/g3-ferrari-pizzaofen-pronto-pizza-2-minuti\/\" \/>\n<meta property=\"og:locale\" content=\"de_DE\" \/>\n<meta property=\"og:type\" content=\"article\" \/>\n<meta property=\"og:title\" content=\"G3 FERRARI Pizzaofen Pronto Pizza 2 Minuti\" \/>\n<meta property=\"og:description\" content=\"Pizzaofen Mit dem 2-Minuten-Pizzaofen von Pronto Pizza ist die Perfektion der Pizza zum Greifen nah. Die\u00a0Kombination aus hoher Temperatur (bis zu 430\u00a0\u00b0C)\" \/>\n<meta property=\"og:url\" content=\"https:\/\/www.erresse-shop.it\/de\/shop\/kleine-elektrogeraete\/oefen\/g3-ferrari-pizzaofen-pronto-pizza-2-minuti\/\" \/>\n<meta property=\"og:site_name\" content=\"Erresse Shop\" \/>\n<meta property=\"article:modified_time\" content=\"2026-02-24T13:23:53+00:00\" \/>\n<meta property=\"og:image\" content=\"https:\/\/www.erresse-shop.it\/wp-content\/uploads\/2024\/11\/G3-FERRARI-Forno-Pizza-Pronto-Pizza-2-Minuti.jpg\" \/>\n\t<meta property=\"og:image:width\" content=\"1200\" \/>\n\t<meta property=\"og:image:height\" content=\"1200\" \/>\n\t<meta property=\"og:image:type\" content=\"image\/jpeg\" \/>\n<meta name=\"twitter:card\" content=\"summary_large_image\" \/>\n<script type=\"application\/ld+json\" class=\"yoast-schema-graph\">{\"@context\":\"https:\/\/schema.org\",\"@graph\":[{\"@type\":\"WebPage\",\"@id\":\"https:\/\/www.erresse-shop.it\/de\/shop\/kleine-elektrogeraete\/oefen\/g3-ferrari-pizzaofen-pronto-pizza-2-minuti\/\",\"url\":\"https:\/\/www.erresse-shop.it\/de\/shop\/kleine-elektrogeraete\/oefen\/g3-ferrari-pizzaofen-pronto-pizza-2-minuti\/\",\"name\":\"G3 FERRARI Pizzaofen Pronto Pizza 2 Minuti - Erresse Shop\",\"isPartOf\":{\"@id\":\"https:\/\/www.erresse-shop.it\/de\/#website\"},\"datePublished\":\"2024-11-12T10:31:00+00:00\",\"dateModified\":\"2026-02-24T13:23:53+00:00\",\"description\":\"Pizzaofen Mit dem 2-Minuten-Pizzaofen von Pronto Pizza ist die Perfektion der Pizza zum Greifen nah. Die\u00a0Kombination aus hoher Temperatur (bis zu 430\u00a0\u00b0C)\",\"breadcrumb\":{\"@id\":\"https:\/\/www.erresse-shop.it\/de\/shop\/kleine-elektrogeraete\/oefen\/g3-ferrari-pizzaofen-pronto-pizza-2-minuti\/#breadcrumb\"},\"inLanguage\":\"de-DE\",\"potentialAction\":[{\"@type\":\"ReadAction\",\"target\":[\"https:\/\/www.erresse-shop.it\/de\/shop\/kleine-elektrogeraete\/oefen\/g3-ferrari-pizzaofen-pronto-pizza-2-minuti\/\"]}]},{\"@type\":\"BreadcrumbList\",\"@id\":\"https:\/\/www.erresse-shop.it\/de\/shop\/kleine-elektrogeraete\/oefen\/g3-ferrari-pizzaofen-pronto-pizza-2-minuti\/#breadcrumb\",\"itemListElement\":[{\"@type\":\"ListItem\",\"position\":1,\"name\":\"Home\",\"item\":\"https:\/\/www.erresse-shop.it\/de\/\"},{\"@type\":\"ListItem\",\"position\":2,\"name\":\"Shop\",\"item\":\"https:\/\/www.erresse-shop.it\/de\/shop\/\"},{\"@type\":\"ListItem\",\"position\":3,\"name\":\"G3 FERRARI Pizzaofen Pronto Pizza 2 Minuti\"}]},{\"@type\":\"WebSite\",\"@id\":\"https:\/\/www.erresse-shop.it\/de\/#website\",\"url\":\"https:\/\/www.erresse-shop.it\/de\/\",\"name\":\"Erresse Shop\",\"description\":\"Articoli di qualit\u00e0 per la casa\",\"potentialAction\":[{\"@type\":\"SearchAction\",\"target\":{\"@type\":\"EntryPoint\",\"urlTemplate\":\"https:\/\/www.erresse-shop.it\/de\/?s={search_term_string}\"},\"query-input\":\"required name=search_term_string\"}],\"inLanguage\":\"de-DE\"}]}<\/script>\n<!-- \/ Yoast SEO Premium plugin. -->","yoast_head_json":{"title":"G3 FERRARI Pizzaofen Pronto Pizza 2 Minuti - Erresse Shop","description":"Pizzaofen Mit dem 2-Minuten-Pizzaofen von Pronto Pizza ist die Perfektion der Pizza zum Greifen nah. Die\u00a0Kombination aus hoher Temperatur (bis zu 430\u00a0\u00b0C)","robots":{"index":"index","follow":"follow","max-snippet":"max-snippet:-1","max-image-preview":"max-image-preview:large","max-video-preview":"max-video-preview:-1"},"canonical":"https:\/\/www.erresse-shop.it\/de\/shop\/kleine-elektrogeraete\/oefen\/g3-ferrari-pizzaofen-pronto-pizza-2-minuti\/","og_locale":"de_DE","og_type":"article","og_title":"G3 FERRARI Pizzaofen Pronto Pizza 2 Minuti","og_description":"Pizzaofen Mit dem 2-Minuten-Pizzaofen von Pronto Pizza ist die Perfektion der Pizza zum Greifen nah. Die\u00a0Kombination aus hoher Temperatur (bis zu 430\u00a0\u00b0C)","og_url":"https:\/\/www.erresse-shop.it\/de\/shop\/kleine-elektrogeraete\/oefen\/g3-ferrari-pizzaofen-pronto-pizza-2-minuti\/","og_site_name":"Erresse Shop","article_modified_time":"2026-02-24T13:23:53+00:00","og_image":[{"width":1200,"height":1200,"url":"https:\/\/www.erresse-shop.it\/wp-content\/uploads\/2024\/11\/G3-FERRARI-Forno-Pizza-Pronto-Pizza-2-Minuti.jpg","type":"image\/jpeg"}],"twitter_card":"summary_large_image","schema":{"@context":"https:\/\/schema.org","@graph":[{"@type":"WebPage","@id":"https:\/\/www.erresse-shop.it\/de\/shop\/kleine-elektrogeraete\/oefen\/g3-ferrari-pizzaofen-pronto-pizza-2-minuti\/","url":"https:\/\/www.erresse-shop.it\/de\/shop\/kleine-elektrogeraete\/oefen\/g3-ferrari-pizzaofen-pronto-pizza-2-minuti\/","name":"G3 FERRARI Pizzaofen Pronto Pizza 2 Minuti - Erresse Shop","isPartOf":{"@id":"https:\/\/www.erresse-shop.it\/de\/#website"},"datePublished":"2024-11-12T10:31:00+00:00","dateModified":"2026-02-24T13:23:53+00:00","description":"Pizzaofen Mit dem 2-Minuten-Pizzaofen von Pronto Pizza ist die Perfektion der Pizza zum Greifen nah. Die\u00a0Kombination aus hoher Temperatur (bis zu 430\u00a0\u00b0C)","breadcrumb":{"@id":"https:\/\/www.erresse-shop.it\/de\/shop\/kleine-elektrogeraete\/oefen\/g3-ferrari-pizzaofen-pronto-pizza-2-minuti\/#breadcrumb"},"inLanguage":"de-DE","potentialAction":[{"@type":"ReadAction","target":["https:\/\/www.erresse-shop.it\/de\/shop\/kleine-elektrogeraete\/oefen\/g3-ferrari-pizzaofen-pronto-pizza-2-minuti\/"]}]},{"@type":"BreadcrumbList","@id":"https:\/\/www.erresse-shop.it\/de\/shop\/kleine-elektrogeraete\/oefen\/g3-ferrari-pizzaofen-pronto-pizza-2-minuti\/#breadcrumb","itemListElement":[{"@type":"ListItem","position":1,"name":"Home","item":"https:\/\/www.erresse-shop.it\/de\/"},{"@type":"ListItem","position":2,"name":"Shop","item":"https:\/\/www.erresse-shop.it\/de\/shop\/"},{"@type":"ListItem","position":3,"name":"G3 FERRARI Pizzaofen Pronto Pizza 2 Minuti"}]},{"@type":"WebSite","@id":"https:\/\/www.erresse-shop.it\/de\/#website","url":"https:\/\/www.erresse-shop.it\/de\/","name":"Erresse Shop","description":"Articoli di qualit\u00e0 per la casa","potentialAction":[{"@type":"SearchAction","target":{"@type":"EntryPoint","urlTemplate":"https:\/\/www.erresse-shop.it\/de\/?s={search_term_string}"},"query-input":"required name=search_term_string"}],"inLanguage":"de-DE"}]}},"df_price":179.95,"df_sale_price":179.95,"df_regular_price":289,"df_image_link":"https:\/\/www.erresse-shop.it\/wp-content\/uploads\/2024\/11\/G3-FERRARI-Forno-Pizza-Pronto-Pizza-2-Minuti-300x300.jpg","_links":{"self":[{"href":"https:\/\/www.erresse-shop.it\/de\/wp-json\/wp\/v2\/product\/445678"}],"collection":[{"href":"https:\/\/www.erresse-shop.it\/de\/wp-json\/wp\/v2\/product"}],"about":[{"href":"https:\/\/www.erresse-shop.it\/de\/wp-json\/wp\/v2\/types\/product"}],"wp:featuredmedia":[{"embeddable":true,"href":"https:\/\/www.erresse-shop.it\/de\/wp-json\/wp\/v2\/media\/445711"}],"wp:attachment":[{"href":"https:\/\/www.erresse-shop.it\/de\/wp-json\/wp\/v2\/media?parent=445678"}],"wp:term":[{"taxonomy":"product_cat","embeddable":true,"href":"https:\/\/www.erresse-shop.it\/de\/wp-json\/wp\/v2\/product_cat?post=445678"},{"taxonomy":"product_tag","embeddable":true,"href":"https:\/\/www.erresse-shop.it\/de\/wp-json\/wp\/v2\/product_tag?post=445678"}],"curies":[{"name":"wp","href":"https:\/\/api.w.org\/{rel}","templated":true}]}}