{"id":445525,"date":"2024-11-12T07:40:59","date_gmt":"2024-11-12T07:41:00","guid":{"rendered":"https:\/\/www.erresse-shop.it\/?post_type=product&#038;p=445525"},"modified":"2025-02-06T19:22:12","modified_gmt":"2025-02-06T19:22:12","slug":"coravin-timeless-six-burgunderrot-copia","status":"publish","type":"product","link":"https:\/\/www.erresse-shop.it\/de\/shop\/tisch\/weinbar-korkenzieher-dekanter-eiskubel\/beluefter\/coravin-timeless-six-burgunderrot-copia\/","title":{"rendered":"CORAVIN Timeless Six+ Forest Green"},"content":{"rendered":"<p>Schenken Sie Ihre Lieblingsweine ein, ohne den Korken zu entfernen. Der Coravin Timeless Six hebt die Eleganz auf eine neue Stufe, denn Sie k\u00f6nnen aus einer Vielzahl von raffinierten Farben w\u00e4hlen, alle mit gl\u00e4nzenden Oberfl\u00e4chen, metallischen Akzenten und einem Angebot an hochwertigem Zubeh\u00f6r. Einfach einstecken, kippen und so viel Wein einschenken, wie Sie m\u00f6chten, w\u00e4hrend Sie den Rest der Flasche in aller Ruhe f\u00fcr Wochen, Monate oder sogar Jahre aufbewahren. Dieses elegante Weinlagersystem ist perfekt f\u00fcr Kenner, aber auch f\u00fcr alle Weinliebhaber.<\/p>\n<p><strong>Was ist inbegriffen?<\/strong><\/p>\n<ul>\n<li><strong>Coravin Zeitlos Sechs<\/strong><br \/>\nDieses luxuri\u00f6se System mit seinen eleganten, hochgl\u00e4nzenden Farben und Oberfl\u00e4chen erm\u00f6glicht es Ihnen, Wein auszuschenken, ohne den Korken zu entfernen, und den Rest der Flasche f\u00fcr Monate oder sogar Jahre aufzubewahren.<\/li>\n<li><strong>Zeitloser Luftsprudler<\/strong><br \/>\nDer Coravin-Bel\u00fcfter erzeugt w\u00e4hrend des Einschenkens kleine Weinstrahlen, die den Wein schnell bel\u00fcften und das gleiche Ergebnis wie bei einem 60-90-min\u00fctigen Dekantieren erzielen.<\/li>\n<li><strong>Coravin Pure\u2122 Argon-Kapseln<\/strong><br \/>\nCoravin Pure\u2122-Kapseln enthalten reines Argongas und werden so hergestellt und gepr\u00fcft, dass sie ein H\u00f6chstma\u00df an Konservierung gew\u00e4hrleisten, ohne den Geschmack des Weins zu beeintr\u00e4chtigen.<\/li>\n<li><strong>Schraubverschl\u00fcsse<\/strong><br \/>\nDer Coravin-Schraubverschluss kann auf jede Flasche mit Schraubverschluss aufgesetzt und mit allen Coravin-Nadeln verwendet werden. Das selbstdichtende Silikon sch\u00fctzt den Wein bis zu drei Monate lang.<\/li>\n<li><strong>Zeitlose Tragetasche<\/strong><br \/>\nDer Coravin-Koffer verf\u00fcgt \u00fcber zwei Innentaschen zur Aufbewahrung der Coravin Pure\u2122-Kapseln oder des Coravin-Aerators.<\/li>\n<li><strong>Reinigungswerkzeug f\u00fcr Nadeln<\/strong><br \/>\nWenn die Coravin-Nadel verstopft ist, verwenden Sie das Nadelreinigungswerkzeug, um alle Korkr\u00fcckst\u00e4nde zu entfernen.<\/li>\n<li><strong>Flaschendeckel<\/strong><br \/>\nBesch\u00e4digte oder defekte Weinflaschen k\u00f6nnen unter dem Druck zerbrechen. Die Verwendung des Coravin-Flaschendeckels tr\u00e4gt dazu bei, die Verletzungsgefahr durch Glasbruch zu verringern.<\/li>\n<\/ul>\n<p><strong>Eine neue Art, Wein auszuschenken<\/strong><\/p>\n<p><strong>einf\u00fcgen.<\/strong><br \/>\nRichten Sie die SmartClamps\u2122 am Flaschenhals aus und dr\u00fccken Sie mit einer gleichm\u00e4\u00dfigen Bewegung fest auf den Griff.<\/p>\n<p><strong>Kippen und gie\u00dfen<\/strong><br \/>\nKippen Sie die Flasche, bis die T\u00fclle auf dem Glas liegt. Zum Ausgie\u00dfen den Hebel schnell dr\u00fccken und loslassen.<\/p>\n<p><strong>Lebensdauer der Kapsel<\/strong><br \/>\nMit jeder Kapsel k\u00f6nnen Sie bis zu 15 Gl\u00e4ser (150 ml) Wein mit Timeless-Systemen oder 20 Gl\u00e4ser mit Pivot\u2122-Systemen ausschenken.<\/p>\n<p><strong>Durchschnittliche Gie\u00dfgeschwindigkeit<\/strong><br \/>\nIm Durchschnitt dauert das Einschenken von 150 ml Wein mit einer Standardnadel 25 bis 29 Sekunden.<\/p>\n<p><strong>Au\u00dfermittige Nadel<\/strong><br \/>\nDie Nadel im Coravin-System ist absichtlich exzentrisch, so dass die Nadel jedes Mal an einer anderen Stelle in den Korken gestochen wird.<\/p>\n<p><strong>Einzelheiten zum Produkt<\/strong><\/p>\n<ul>\n<li>Griff und Ausguss aus Metall<\/li>\n<li>Der Gummigriff und die Metallt\u00fclle sind einige der eleganten Details, die der Timeless Six ihre hohe Qualit\u00e4t verleihen.<\/li>\n<li>SmartClamps\u2122 f\u00fcr einfache Anwendung<\/li>\n<li>Die SmartClamps\u2122 erm\u00f6glichen ein einfaches Einsetzen des Coravin-Systems mit einer schnellen und entschlossenen Bewegung, so dass es sicher verwendet werden kann.<\/li>\n<li>Coravin Pure\u2122 Argon-Gas-Kapseln<\/li>\n<li>99,99 % reines Argongas versorgt das System und konserviert den Wein.<div class=\"su-youtube su-u-responsive-media-yes\"><iframe loading=\"lazy\" width=\"200\" height=\"200\" src=\"https:\/\/www.youtube.com\/embed\/l8foetvN05I?\" frameborder=\"0\" allowfullscreen allow=\"autoplay; encrypted-media; picture-in-picture\" title=\"\"><\/iframe><\/div><\/li>\n<\/ul>\n","protected":false},"excerpt":{"rendered":"<p>Schenken Sie Ihre Lieblingsweine ein, ohne den Korken zu entfernen. Der Coravin Timeless Six hebt die Eleganz auf eine neue<\/p>\n","protected":false},"featured_media":445539,"template":"","meta":{"_acf_changed":false,"inline_featured_image":false},"product_cat":[6787,6850,25983],"product_tag":[21717,11969,23683],"acf":[],"yoast_head":"<!-- This site is optimized with the Yoast SEO Premium plugin v18.6 (Yoast SEO v19.13) - https:\/\/yoast.com\/wordpress\/plugins\/seo\/ -->\n<title>CORAVIN Timeless Six+ Forest Green - Erresse Shop<\/title>\n<meta name=\"description\" content=\"Schenken Sie Ihre Lieblingsweine ein, ohne den Korken zu entfernen. Der Coravin Timeless Six hebt die Eleganz auf eine neue Stufe, denn Sie k\u00f6nnen aus\" \/>\n<meta name=\"robots\" content=\"index, follow, max-snippet:-1, max-image-preview:large, max-video-preview:-1\" \/>\n<link rel=\"canonical\" href=\"https:\/\/www.erresse-shop.it\/de\/shop\/tisch\/weinbar-korkenzieher-dekanter-eiskubel\/beluefter\/coravin-timeless-six-burgunderrot-copia\/\" \/>\n<meta property=\"og:locale\" content=\"de_DE\" \/>\n<meta property=\"og:type\" content=\"article\" \/>\n<meta property=\"og:title\" content=\"CORAVIN Timeless Six+ Forest Green\" \/>\n<meta property=\"og:description\" content=\"Schenken Sie Ihre Lieblingsweine ein, ohne den Korken zu entfernen. Der Coravin Timeless Six hebt die Eleganz auf eine neue Stufe, denn Sie k\u00f6nnen aus\" \/>\n<meta property=\"og:url\" content=\"https:\/\/www.erresse-shop.it\/de\/shop\/tisch\/weinbar-korkenzieher-dekanter-eiskubel\/beluefter\/coravin-timeless-six-burgunderrot-copia\/\" \/>\n<meta property=\"og:site_name\" content=\"Erresse Shop\" \/>\n<meta property=\"article:modified_time\" content=\"2025-02-06T19:22:12+00:00\" \/>\n<meta property=\"og:image\" content=\"https:\/\/www.erresse-shop.it\/wp-content\/uploads\/2024\/11\/CORAVIN-Timeless-Six-Forest-Green.jpg\" \/>\n\t<meta property=\"og:image:width\" content=\"1200\" \/>\n\t<meta property=\"og:image:height\" content=\"1200\" \/>\n\t<meta property=\"og:image:type\" content=\"image\/jpeg\" \/>\n<meta name=\"twitter:card\" content=\"summary_large_image\" \/>\n<script type=\"application\/ld+json\" class=\"yoast-schema-graph\">{\"@context\":\"https:\/\/schema.org\",\"@graph\":[{\"@type\":\"WebPage\",\"@id\":\"https:\/\/www.erresse-shop.it\/de\/shop\/tisch\/weinbar-korkenzieher-dekanter-eiskubel\/beluefter\/coravin-timeless-six-burgunderrot-copia\/\",\"url\":\"https:\/\/www.erresse-shop.it\/de\/shop\/tisch\/weinbar-korkenzieher-dekanter-eiskubel\/beluefter\/coravin-timeless-six-burgunderrot-copia\/\",\"name\":\"CORAVIN Timeless Six+ Forest Green - Erresse Shop\",\"isPartOf\":{\"@id\":\"https:\/\/www.erresse-shop.it\/de\/#website\"},\"datePublished\":\"2024-11-12T07:41:00+00:00\",\"dateModified\":\"2025-02-06T19:22:12+00:00\",\"description\":\"Schenken Sie Ihre Lieblingsweine ein, ohne den Korken zu entfernen. Der Coravin Timeless Six hebt die Eleganz auf eine neue Stufe, denn Sie k\u00f6nnen aus\",\"breadcrumb\":{\"@id\":\"https:\/\/www.erresse-shop.it\/de\/shop\/tisch\/weinbar-korkenzieher-dekanter-eiskubel\/beluefter\/coravin-timeless-six-burgunderrot-copia\/#breadcrumb\"},\"inLanguage\":\"de-DE\",\"potentialAction\":[{\"@type\":\"ReadAction\",\"target\":[\"https:\/\/www.erresse-shop.it\/de\/shop\/tisch\/weinbar-korkenzieher-dekanter-eiskubel\/beluefter\/coravin-timeless-six-burgunderrot-copia\/\"]}]},{\"@type\":\"BreadcrumbList\",\"@id\":\"https:\/\/www.erresse-shop.it\/de\/shop\/tisch\/weinbar-korkenzieher-dekanter-eiskubel\/beluefter\/coravin-timeless-six-burgunderrot-copia\/#breadcrumb\",\"itemListElement\":[{\"@type\":\"ListItem\",\"position\":1,\"name\":\"Home\",\"item\":\"https:\/\/www.erresse-shop.it\/de\/\"},{\"@type\":\"ListItem\",\"position\":2,\"name\":\"Shop\",\"item\":\"https:\/\/www.erresse-shop.it\/de\/shop\/\"},{\"@type\":\"ListItem\",\"position\":3,\"name\":\"CORAVIN Timeless Six+ Forest Green\"}]},{\"@type\":\"WebSite\",\"@id\":\"https:\/\/www.erresse-shop.it\/de\/#website\",\"url\":\"https:\/\/www.erresse-shop.it\/de\/\",\"name\":\"Erresse Shop\",\"description\":\"Articoli di qualit\u00e0 per la casa\",\"potentialAction\":[{\"@type\":\"SearchAction\",\"target\":{\"@type\":\"EntryPoint\",\"urlTemplate\":\"https:\/\/www.erresse-shop.it\/de\/?s={search_term_string}\"},\"query-input\":\"required name=search_term_string\"}],\"inLanguage\":\"de-DE\"}]}<\/script>\n<!-- \/ Yoast SEO Premium plugin. -->","yoast_head_json":{"title":"CORAVIN Timeless Six+ Forest Green - Erresse Shop","description":"Schenken Sie Ihre Lieblingsweine ein, ohne den Korken zu entfernen. Der Coravin Timeless Six hebt die Eleganz auf eine neue Stufe, denn Sie k\u00f6nnen aus","robots":{"index":"index","follow":"follow","max-snippet":"max-snippet:-1","max-image-preview":"max-image-preview:large","max-video-preview":"max-video-preview:-1"},"canonical":"https:\/\/www.erresse-shop.it\/de\/shop\/tisch\/weinbar-korkenzieher-dekanter-eiskubel\/beluefter\/coravin-timeless-six-burgunderrot-copia\/","og_locale":"de_DE","og_type":"article","og_title":"CORAVIN Timeless Six+ Forest Green","og_description":"Schenken Sie Ihre Lieblingsweine ein, ohne den Korken zu entfernen. Der Coravin Timeless Six hebt die Eleganz auf eine neue Stufe, denn Sie k\u00f6nnen aus","og_url":"https:\/\/www.erresse-shop.it\/de\/shop\/tisch\/weinbar-korkenzieher-dekanter-eiskubel\/beluefter\/coravin-timeless-six-burgunderrot-copia\/","og_site_name":"Erresse Shop","article_modified_time":"2025-02-06T19:22:12+00:00","og_image":[{"width":1200,"height":1200,"url":"https:\/\/www.erresse-shop.it\/wp-content\/uploads\/2024\/11\/CORAVIN-Timeless-Six-Forest-Green.jpg","type":"image\/jpeg"}],"twitter_card":"summary_large_image","schema":{"@context":"https:\/\/schema.org","@graph":[{"@type":"WebPage","@id":"https:\/\/www.erresse-shop.it\/de\/shop\/tisch\/weinbar-korkenzieher-dekanter-eiskubel\/beluefter\/coravin-timeless-six-burgunderrot-copia\/","url":"https:\/\/www.erresse-shop.it\/de\/shop\/tisch\/weinbar-korkenzieher-dekanter-eiskubel\/beluefter\/coravin-timeless-six-burgunderrot-copia\/","name":"CORAVIN Timeless Six+ Forest Green - Erresse Shop","isPartOf":{"@id":"https:\/\/www.erresse-shop.it\/de\/#website"},"datePublished":"2024-11-12T07:41:00+00:00","dateModified":"2025-02-06T19:22:12+00:00","description":"Schenken Sie Ihre Lieblingsweine ein, ohne den Korken zu entfernen. Der Coravin Timeless Six hebt die Eleganz auf eine neue Stufe, denn Sie k\u00f6nnen aus","breadcrumb":{"@id":"https:\/\/www.erresse-shop.it\/de\/shop\/tisch\/weinbar-korkenzieher-dekanter-eiskubel\/beluefter\/coravin-timeless-six-burgunderrot-copia\/#breadcrumb"},"inLanguage":"de-DE","potentialAction":[{"@type":"ReadAction","target":["https:\/\/www.erresse-shop.it\/de\/shop\/tisch\/weinbar-korkenzieher-dekanter-eiskubel\/beluefter\/coravin-timeless-six-burgunderrot-copia\/"]}]},{"@type":"BreadcrumbList","@id":"https:\/\/www.erresse-shop.it\/de\/shop\/tisch\/weinbar-korkenzieher-dekanter-eiskubel\/beluefter\/coravin-timeless-six-burgunderrot-copia\/#breadcrumb","itemListElement":[{"@type":"ListItem","position":1,"name":"Home","item":"https:\/\/www.erresse-shop.it\/de\/"},{"@type":"ListItem","position":2,"name":"Shop","item":"https:\/\/www.erresse-shop.it\/de\/shop\/"},{"@type":"ListItem","position":3,"name":"CORAVIN Timeless Six+ Forest Green"}]},{"@type":"WebSite","@id":"https:\/\/www.erresse-shop.it\/de\/#website","url":"https:\/\/www.erresse-shop.it\/de\/","name":"Erresse Shop","description":"Articoli di qualit\u00e0 per la casa","potentialAction":[{"@type":"SearchAction","target":{"@type":"EntryPoint","urlTemplate":"https:\/\/www.erresse-shop.it\/de\/?s={search_term_string}"},"query-input":"required name=search_term_string"}],"inLanguage":"de-DE"}]}},"df_price":279.92999999999995,"df_sale_price":279.92999999999995,"df_regular_price":399.9,"df_image_link":"https:\/\/www.erresse-shop.it\/wp-content\/uploads\/2024\/11\/CORAVIN-Timeless-Six-Forest-Green-300x300.jpg","_links":{"self":[{"href":"https:\/\/www.erresse-shop.it\/de\/wp-json\/wp\/v2\/product\/445525"}],"collection":[{"href":"https:\/\/www.erresse-shop.it\/de\/wp-json\/wp\/v2\/product"}],"about":[{"href":"https:\/\/www.erresse-shop.it\/de\/wp-json\/wp\/v2\/types\/product"}],"wp:featuredmedia":[{"embeddable":true,"href":"https:\/\/www.erresse-shop.it\/de\/wp-json\/wp\/v2\/media\/445539"}],"wp:attachment":[{"href":"https:\/\/www.erresse-shop.it\/de\/wp-json\/wp\/v2\/media?parent=445525"}],"wp:term":[{"taxonomy":"product_cat","embeddable":true,"href":"https:\/\/www.erresse-shop.it\/de\/wp-json\/wp\/v2\/product_cat?post=445525"},{"taxonomy":"product_tag","embeddable":true,"href":"https:\/\/www.erresse-shop.it\/de\/wp-json\/wp\/v2\/product_tag?post=445525"}],"curies":[{"name":"wp","href":"https:\/\/api.w.org\/{rel}","templated":true}]}}