{"id":445235,"date":"2024-11-08T13:59:40","date_gmt":"2024-11-08T13:59:41","guid":{"rendered":"https:\/\/www.erresse-shop.it\/?post_type=product&#038;p=445235"},"modified":"2024-11-08T14:11:39","modified_gmt":"2024-11-08T14:11:39","slug":"taitu-fil-rouge-nodi-flache-platte-28-cm-4-stucke-copia","status":"publish","type":"product","link":"https:\/\/www.erresse-shop.it\/de\/shop\/tisch\/teller-geschirr\/taitu-fil-rouge-nodi-flache-platte-28-cm-4-stucke-copia\/","title":{"rendered":"TAIT\u00d9 Fil Rouge Bacche Flache Platte 28 cm 4 St\u00fccke"},"content":{"rendered":"<p><strong>Material:<\/strong> Fine Bone China<\/p>\n<p>Rot ist die Farbe der Liebe, der Leidenschaft und der Energie. Die Kollektion BACCHE zelebriert dies mit den Fr\u00fcchten der Hagebutte und des Sorbus, die durch ein subtiles FIL ROUGE verbunden werden.<br \/>\nBACCHE, FOGLIE und NODI sind perfekte Kollektionen f\u00fcr das ganze Jahr; und mit dem roten Faden l\u00e4sst TAIT\u00d9 auch den Zauber der Weihnacht wieder aufleben.<br \/>\nZusammengehalten durch das kreative FIL ROUGE-Makrokonzept, entwickeln die 3 Kollektionen neue M\u00f6glichkeiten f\u00fcr Mix&amp;Match, untereinander und mit vielen anderen TAIT\u00d9-Kollektionen.<\/p>\n<p><strong>WARNUNGEN<\/strong><br \/>\nSp\u00fclmaschinen- und mikrowellengeeignet.<\/p>\n<p><strong>Designer:<\/strong> Silvia Cabassa<\/p>\n","protected":false},"excerpt":{"rendered":"<p>Material: Fine Bone China Rot ist die Farbe der Liebe, der Leidenschaft und der Energie. Die Kollektion BACCHE zelebriert dies<\/p>\n","protected":false},"featured_media":445262,"template":"","meta":{"_acf_changed":false,"inline_featured_image":false},"product_cat":[6793,6787],"product_tag":[25088,24398,21971,11971,14262,14558,25022,12350],"acf":[],"yoast_head":"<!-- This site is optimized with the Yoast SEO Premium plugin v18.6 (Yoast SEO v19.13) - https:\/\/yoast.com\/wordpress\/plugins\/seo\/ -->\n<title>TAIT\u00d9 Fil Rouge Bacche Flache Platte 28 cm 4 St\u00fccke - Erresse Shop<\/title>\n<meta name=\"description\" content=\"Material: Fine Bone China Rot ist die Farbe der Liebe, der Leidenschaft und der Energie. Die Kollektion BACCHE zelebriert dies mit den Fr\u00fcchten der\" \/>\n<meta name=\"robots\" content=\"index, follow, max-snippet:-1, max-image-preview:large, max-video-preview:-1\" \/>\n<link rel=\"canonical\" href=\"https:\/\/www.erresse-shop.it\/de\/shop\/tisch\/teller-geschirr\/taitu-fil-rouge-nodi-flache-platte-28-cm-4-stucke-copia\/\" \/>\n<meta property=\"og:locale\" content=\"de_DE\" \/>\n<meta property=\"og:type\" content=\"article\" \/>\n<meta property=\"og:title\" content=\"TAIT\u00d9 Fil Rouge Bacche Flache Platte 28 cm 4 St\u00fccke\" \/>\n<meta property=\"og:description\" content=\"Material: Fine Bone China Rot ist die Farbe der Liebe, der Leidenschaft und der Energie. Die Kollektion BACCHE zelebriert dies mit den Fr\u00fcchten der\" \/>\n<meta property=\"og:url\" content=\"https:\/\/www.erresse-shop.it\/de\/shop\/tisch\/teller-geschirr\/taitu-fil-rouge-nodi-flache-platte-28-cm-4-stucke-copia\/\" \/>\n<meta property=\"og:site_name\" content=\"Erresse Shop\" \/>\n<meta property=\"article:modified_time\" content=\"2024-11-08T14:11:39+00:00\" \/>\n<meta property=\"og:image\" content=\"https:\/\/www.erresse-shop.it\/wp-content\/uploads\/2024\/11\/TAITU-Fil-Rouge-Bacche-Piatto-Piano-28-cm-4-Pezzi.jpg\" \/>\n\t<meta property=\"og:image:width\" content=\"1200\" \/>\n\t<meta property=\"og:image:height\" content=\"1200\" \/>\n\t<meta property=\"og:image:type\" content=\"image\/jpeg\" \/>\n<meta name=\"twitter:card\" content=\"summary_large_image\" \/>\n<script type=\"application\/ld+json\" class=\"yoast-schema-graph\">{\"@context\":\"https:\/\/schema.org\",\"@graph\":[{\"@type\":\"WebPage\",\"@id\":\"https:\/\/www.erresse-shop.it\/de\/shop\/tisch\/teller-geschirr\/taitu-fil-rouge-nodi-flache-platte-28-cm-4-stucke-copia\/\",\"url\":\"https:\/\/www.erresse-shop.it\/de\/shop\/tisch\/teller-geschirr\/taitu-fil-rouge-nodi-flache-platte-28-cm-4-stucke-copia\/\",\"name\":\"TAIT\u00d9 Fil Rouge Bacche Flache Platte 28 cm 4 St\u00fccke - Erresse Shop\",\"isPartOf\":{\"@id\":\"https:\/\/www.erresse-shop.it\/de\/#website\"},\"datePublished\":\"2024-11-08T13:59:41+00:00\",\"dateModified\":\"2024-11-08T14:11:39+00:00\",\"description\":\"Material: Fine Bone China Rot ist die Farbe der Liebe, der Leidenschaft und der Energie. Die Kollektion BACCHE zelebriert dies mit den Fr\u00fcchten der\",\"breadcrumb\":{\"@id\":\"https:\/\/www.erresse-shop.it\/de\/shop\/tisch\/teller-geschirr\/taitu-fil-rouge-nodi-flache-platte-28-cm-4-stucke-copia\/#breadcrumb\"},\"inLanguage\":\"de-DE\",\"potentialAction\":[{\"@type\":\"ReadAction\",\"target\":[\"https:\/\/www.erresse-shop.it\/de\/shop\/tisch\/teller-geschirr\/taitu-fil-rouge-nodi-flache-platte-28-cm-4-stucke-copia\/\"]}]},{\"@type\":\"BreadcrumbList\",\"@id\":\"https:\/\/www.erresse-shop.it\/de\/shop\/tisch\/teller-geschirr\/taitu-fil-rouge-nodi-flache-platte-28-cm-4-stucke-copia\/#breadcrumb\",\"itemListElement\":[{\"@type\":\"ListItem\",\"position\":1,\"name\":\"Home\",\"item\":\"https:\/\/www.erresse-shop.it\/de\/\"},{\"@type\":\"ListItem\",\"position\":2,\"name\":\"Shop\",\"item\":\"https:\/\/www.erresse-shop.it\/de\/shop\/\"},{\"@type\":\"ListItem\",\"position\":3,\"name\":\"TAIT\u00d9 Fil Rouge Bacche Flache Platte 28 cm 4 St\u00fccke\"}]},{\"@type\":\"WebSite\",\"@id\":\"https:\/\/www.erresse-shop.it\/de\/#website\",\"url\":\"https:\/\/www.erresse-shop.it\/de\/\",\"name\":\"Erresse Shop\",\"description\":\"Articoli di qualit\u00e0 per la casa\",\"potentialAction\":[{\"@type\":\"SearchAction\",\"target\":{\"@type\":\"EntryPoint\",\"urlTemplate\":\"https:\/\/www.erresse-shop.it\/de\/?s={search_term_string}\"},\"query-input\":\"required name=search_term_string\"}],\"inLanguage\":\"de-DE\"}]}<\/script>\n<!-- \/ Yoast SEO Premium plugin. -->","yoast_head_json":{"title":"TAIT\u00d9 Fil Rouge Bacche Flache Platte 28 cm 4 St\u00fccke - Erresse Shop","description":"Material: Fine Bone China Rot ist die Farbe der Liebe, der Leidenschaft und der Energie. Die Kollektion BACCHE zelebriert dies mit den Fr\u00fcchten der","robots":{"index":"index","follow":"follow","max-snippet":"max-snippet:-1","max-image-preview":"max-image-preview:large","max-video-preview":"max-video-preview:-1"},"canonical":"https:\/\/www.erresse-shop.it\/de\/shop\/tisch\/teller-geschirr\/taitu-fil-rouge-nodi-flache-platte-28-cm-4-stucke-copia\/","og_locale":"de_DE","og_type":"article","og_title":"TAIT\u00d9 Fil Rouge Bacche Flache Platte 28 cm 4 St\u00fccke","og_description":"Material: Fine Bone China Rot ist die Farbe der Liebe, der Leidenschaft und der Energie. Die Kollektion BACCHE zelebriert dies mit den Fr\u00fcchten der","og_url":"https:\/\/www.erresse-shop.it\/de\/shop\/tisch\/teller-geschirr\/taitu-fil-rouge-nodi-flache-platte-28-cm-4-stucke-copia\/","og_site_name":"Erresse Shop","article_modified_time":"2024-11-08T14:11:39+00:00","og_image":[{"width":1200,"height":1200,"url":"https:\/\/www.erresse-shop.it\/wp-content\/uploads\/2024\/11\/TAITU-Fil-Rouge-Bacche-Piatto-Piano-28-cm-4-Pezzi.jpg","type":"image\/jpeg"}],"twitter_card":"summary_large_image","schema":{"@context":"https:\/\/schema.org","@graph":[{"@type":"WebPage","@id":"https:\/\/www.erresse-shop.it\/de\/shop\/tisch\/teller-geschirr\/taitu-fil-rouge-nodi-flache-platte-28-cm-4-stucke-copia\/","url":"https:\/\/www.erresse-shop.it\/de\/shop\/tisch\/teller-geschirr\/taitu-fil-rouge-nodi-flache-platte-28-cm-4-stucke-copia\/","name":"TAIT\u00d9 Fil Rouge Bacche Flache Platte 28 cm 4 St\u00fccke - Erresse Shop","isPartOf":{"@id":"https:\/\/www.erresse-shop.it\/de\/#website"},"datePublished":"2024-11-08T13:59:41+00:00","dateModified":"2024-11-08T14:11:39+00:00","description":"Material: Fine Bone China Rot ist die Farbe der Liebe, der Leidenschaft und der Energie. Die Kollektion BACCHE zelebriert dies mit den Fr\u00fcchten der","breadcrumb":{"@id":"https:\/\/www.erresse-shop.it\/de\/shop\/tisch\/teller-geschirr\/taitu-fil-rouge-nodi-flache-platte-28-cm-4-stucke-copia\/#breadcrumb"},"inLanguage":"de-DE","potentialAction":[{"@type":"ReadAction","target":["https:\/\/www.erresse-shop.it\/de\/shop\/tisch\/teller-geschirr\/taitu-fil-rouge-nodi-flache-platte-28-cm-4-stucke-copia\/"]}]},{"@type":"BreadcrumbList","@id":"https:\/\/www.erresse-shop.it\/de\/shop\/tisch\/teller-geschirr\/taitu-fil-rouge-nodi-flache-platte-28-cm-4-stucke-copia\/#breadcrumb","itemListElement":[{"@type":"ListItem","position":1,"name":"Home","item":"https:\/\/www.erresse-shop.it\/de\/"},{"@type":"ListItem","position":2,"name":"Shop","item":"https:\/\/www.erresse-shop.it\/de\/shop\/"},{"@type":"ListItem","position":3,"name":"TAIT\u00d9 Fil Rouge Bacche Flache Platte 28 cm 4 St\u00fccke"}]},{"@type":"WebSite","@id":"https:\/\/www.erresse-shop.it\/de\/#website","url":"https:\/\/www.erresse-shop.it\/de\/","name":"Erresse Shop","description":"Articoli di qualit\u00e0 per la casa","potentialAction":[{"@type":"SearchAction","target":{"@type":"EntryPoint","urlTemplate":"https:\/\/www.erresse-shop.it\/de\/?s={search_term_string}"},"query-input":"required name=search_term_string"}],"inLanguage":"de-DE"}]}},"df_price":110.00000000000001,"df_sale_price":110.00000000000001,"df_regular_price":200,"df_image_link":"https:\/\/www.erresse-shop.it\/wp-content\/uploads\/2024\/11\/TAITU-Fil-Rouge-Bacche-Piatto-Piano-28-cm-4-Pezzi-300x300.jpg","_links":{"self":[{"href":"https:\/\/www.erresse-shop.it\/de\/wp-json\/wp\/v2\/product\/445235"}],"collection":[{"href":"https:\/\/www.erresse-shop.it\/de\/wp-json\/wp\/v2\/product"}],"about":[{"href":"https:\/\/www.erresse-shop.it\/de\/wp-json\/wp\/v2\/types\/product"}],"wp:featuredmedia":[{"embeddable":true,"href":"https:\/\/www.erresse-shop.it\/de\/wp-json\/wp\/v2\/media\/445262"}],"wp:attachment":[{"href":"https:\/\/www.erresse-shop.it\/de\/wp-json\/wp\/v2\/media?parent=445235"}],"wp:term":[{"taxonomy":"product_cat","embeddable":true,"href":"https:\/\/www.erresse-shop.it\/de\/wp-json\/wp\/v2\/product_cat?post=445235"},{"taxonomy":"product_tag","embeddable":true,"href":"https:\/\/www.erresse-shop.it\/de\/wp-json\/wp\/v2\/product_tag?post=445235"}],"curies":[{"name":"wp","href":"https:\/\/api.w.org\/{rel}","templated":true}]}}