{"id":444757,"date":"2024-11-07T14:00:39","date_gmt":"2024-11-07T14:00:40","guid":{"rendered":"https:\/\/www.erresse-shop.it\/?post_type=product&#038;p=444757"},"modified":"2026-02-25T08:23:47","modified_gmt":"2026-02-25T08:23:47","slug":"taitu-noel-oro-obstteller-dessert-23-cm-4-stueck","status":"publish","type":"product","link":"https:\/\/www.erresse-shop.it\/de\/shop\/tisch\/teller-geschirr\/taitu-noel-oro-obstteller-dessert-23-cm-4-stueck\/","title":{"rendered":"TAIT\u00d9 Noel Oro Obstteller Dessert 23 cm 4 St\u00fcck"},"content":{"rendered":"<p><strong>Material<\/strong>: Fine Bone China<\/p>\n<p>TAIT\u00d9 erfindet seinen Noel mit der neuen Kollektion NOEL ORO neu. Neue Elemente aus 24-kar\u00e4tigem Gold sorgen f\u00fcr einen Hauch von Luxus: das neue, k\u00fcnstlerisch inspirierte NOEL-Logo, Schneeflocken und Gl\u00fcckssterne sowie der reine Goldfaden, der am Rand aller Accessoires angebracht ist. F\u00fcr alle, die den m\u00e4rchenhaften Zauber der Weihnacht lieben, wird es mit NOEL ORO ein Weihnachtsfest ganz aus Gold werden.<\/p>\n<p><strong>WARNUNGEN<\/strong><br \/>\nDetails aus 24 Karat Gold. Nicht f\u00fcr die Sp\u00fclmaschine oder die Mikrowelle geeignet.<\/p>\n","protected":false},"excerpt":{"rendered":"<p>Material: Fine Bone China TAIT\u00d9 erfindet seinen Noel mit der neuen Kollektion NOEL ORO neu. Neue Elemente aus 24-kar\u00e4tigem Gold<\/p>\n","protected":false},"featured_media":444778,"template":"","meta":{"_acf_changed":false,"inline_featured_image":false},"product_cat":[6793,6787],"product_tag":[25088,20877,24398,15885,20172,11971,25022],"acf":[],"yoast_head":"<!-- This site is optimized with the Yoast SEO Premium plugin v18.6 (Yoast SEO v19.13) - https:\/\/yoast.com\/wordpress\/plugins\/seo\/ -->\n<title>TAIT\u00d9 Noel Oro Obstteller Dessert 23 cm 4 St\u00fcck - Erresse Shop<\/title>\n<meta name=\"description\" content=\"Material: Fine Bone China TAIT\u00d9 erfindet seinen Noel mit der neuen Kollektion NOEL ORO neu. Neue Elemente aus 24-kar\u00e4tigem Gold sorgen f\u00fcr einen Hauch von\" \/>\n<meta name=\"robots\" content=\"index, follow, max-snippet:-1, max-image-preview:large, max-video-preview:-1\" \/>\n<link rel=\"canonical\" href=\"https:\/\/www.erresse-shop.it\/de\/shop\/tisch\/teller-geschirr\/taitu-noel-oro-obstteller-dessert-23-cm-4-stueck\/\" \/>\n<meta property=\"og:locale\" content=\"de_DE\" \/>\n<meta property=\"og:type\" content=\"article\" \/>\n<meta property=\"og:title\" content=\"TAIT\u00d9 Noel Oro Obstteller Dessert 23 cm 4 St\u00fcck\" \/>\n<meta property=\"og:description\" content=\"Material: Fine Bone China TAIT\u00d9 erfindet seinen Noel mit der neuen Kollektion NOEL ORO neu. Neue Elemente aus 24-kar\u00e4tigem Gold sorgen f\u00fcr einen Hauch von\" \/>\n<meta property=\"og:url\" content=\"https:\/\/www.erresse-shop.it\/de\/shop\/tisch\/teller-geschirr\/taitu-noel-oro-obstteller-dessert-23-cm-4-stueck\/\" \/>\n<meta property=\"og:site_name\" content=\"Erresse Shop\" \/>\n<meta property=\"article:modified_time\" content=\"2026-02-25T08:23:47+00:00\" \/>\n<meta property=\"og:image\" content=\"https:\/\/www.erresse-shop.it\/wp-content\/uploads\/2024\/11\/TAITU-Noel-Oro-Piatti-Frutta-Dessert-23-cm-4-Pezzi.jpg\" \/>\n\t<meta property=\"og:image:width\" content=\"1200\" \/>\n\t<meta property=\"og:image:height\" content=\"1200\" \/>\n\t<meta property=\"og:image:type\" content=\"image\/jpeg\" \/>\n<meta name=\"twitter:card\" content=\"summary_large_image\" \/>\n<script type=\"application\/ld+json\" class=\"yoast-schema-graph\">{\"@context\":\"https:\/\/schema.org\",\"@graph\":[{\"@type\":\"WebPage\",\"@id\":\"https:\/\/www.erresse-shop.it\/de\/shop\/tisch\/teller-geschirr\/taitu-noel-oro-obstteller-dessert-23-cm-4-stueck\/\",\"url\":\"https:\/\/www.erresse-shop.it\/de\/shop\/tisch\/teller-geschirr\/taitu-noel-oro-obstteller-dessert-23-cm-4-stueck\/\",\"name\":\"TAIT\u00d9 Noel Oro Obstteller Dessert 23 cm 4 St\u00fcck - Erresse Shop\",\"isPartOf\":{\"@id\":\"https:\/\/www.erresse-shop.it\/de\/#website\"},\"datePublished\":\"2024-11-07T14:00:40+00:00\",\"dateModified\":\"2026-02-25T08:23:47+00:00\",\"description\":\"Material: Fine Bone China TAIT\u00d9 erfindet seinen Noel mit der neuen Kollektion NOEL ORO neu. Neue Elemente aus 24-kar\u00e4tigem Gold sorgen f\u00fcr einen Hauch von\",\"breadcrumb\":{\"@id\":\"https:\/\/www.erresse-shop.it\/de\/shop\/tisch\/teller-geschirr\/taitu-noel-oro-obstteller-dessert-23-cm-4-stueck\/#breadcrumb\"},\"inLanguage\":\"de-DE\",\"potentialAction\":[{\"@type\":\"ReadAction\",\"target\":[\"https:\/\/www.erresse-shop.it\/de\/shop\/tisch\/teller-geschirr\/taitu-noel-oro-obstteller-dessert-23-cm-4-stueck\/\"]}]},{\"@type\":\"BreadcrumbList\",\"@id\":\"https:\/\/www.erresse-shop.it\/de\/shop\/tisch\/teller-geschirr\/taitu-noel-oro-obstteller-dessert-23-cm-4-stueck\/#breadcrumb\",\"itemListElement\":[{\"@type\":\"ListItem\",\"position\":1,\"name\":\"Home\",\"item\":\"https:\/\/www.erresse-shop.it\/de\/\"},{\"@type\":\"ListItem\",\"position\":2,\"name\":\"Shop\",\"item\":\"https:\/\/www.erresse-shop.it\/de\/shop\/\"},{\"@type\":\"ListItem\",\"position\":3,\"name\":\"TAIT\u00d9 Noel Oro Obstteller Dessert 23 cm 4 St\u00fcck\"}]},{\"@type\":\"WebSite\",\"@id\":\"https:\/\/www.erresse-shop.it\/de\/#website\",\"url\":\"https:\/\/www.erresse-shop.it\/de\/\",\"name\":\"Erresse Shop\",\"description\":\"Articoli di qualit\u00e0 per la casa\",\"potentialAction\":[{\"@type\":\"SearchAction\",\"target\":{\"@type\":\"EntryPoint\",\"urlTemplate\":\"https:\/\/www.erresse-shop.it\/de\/?s={search_term_string}\"},\"query-input\":\"required name=search_term_string\"}],\"inLanguage\":\"de-DE\"}]}<\/script>\n<!-- \/ Yoast SEO Premium plugin. -->","yoast_head_json":{"title":"TAIT\u00d9 Noel Oro Obstteller Dessert 23 cm 4 St\u00fcck - Erresse Shop","description":"Material: Fine Bone China TAIT\u00d9 erfindet seinen Noel mit der neuen Kollektion NOEL ORO neu. Neue Elemente aus 24-kar\u00e4tigem Gold sorgen f\u00fcr einen Hauch von","robots":{"index":"index","follow":"follow","max-snippet":"max-snippet:-1","max-image-preview":"max-image-preview:large","max-video-preview":"max-video-preview:-1"},"canonical":"https:\/\/www.erresse-shop.it\/de\/shop\/tisch\/teller-geschirr\/taitu-noel-oro-obstteller-dessert-23-cm-4-stueck\/","og_locale":"de_DE","og_type":"article","og_title":"TAIT\u00d9 Noel Oro Obstteller Dessert 23 cm 4 St\u00fcck","og_description":"Material: Fine Bone China TAIT\u00d9 erfindet seinen Noel mit der neuen Kollektion NOEL ORO neu. Neue Elemente aus 24-kar\u00e4tigem Gold sorgen f\u00fcr einen Hauch von","og_url":"https:\/\/www.erresse-shop.it\/de\/shop\/tisch\/teller-geschirr\/taitu-noel-oro-obstteller-dessert-23-cm-4-stueck\/","og_site_name":"Erresse Shop","article_modified_time":"2026-02-25T08:23:47+00:00","og_image":[{"width":1200,"height":1200,"url":"https:\/\/www.erresse-shop.it\/wp-content\/uploads\/2024\/11\/TAITU-Noel-Oro-Piatti-Frutta-Dessert-23-cm-4-Pezzi.jpg","type":"image\/jpeg"}],"twitter_card":"summary_large_image","schema":{"@context":"https:\/\/schema.org","@graph":[{"@type":"WebPage","@id":"https:\/\/www.erresse-shop.it\/de\/shop\/tisch\/teller-geschirr\/taitu-noel-oro-obstteller-dessert-23-cm-4-stueck\/","url":"https:\/\/www.erresse-shop.it\/de\/shop\/tisch\/teller-geschirr\/taitu-noel-oro-obstteller-dessert-23-cm-4-stueck\/","name":"TAIT\u00d9 Noel Oro Obstteller Dessert 23 cm 4 St\u00fcck - Erresse Shop","isPartOf":{"@id":"https:\/\/www.erresse-shop.it\/de\/#website"},"datePublished":"2024-11-07T14:00:40+00:00","dateModified":"2026-02-25T08:23:47+00:00","description":"Material: Fine Bone China TAIT\u00d9 erfindet seinen Noel mit der neuen Kollektion NOEL ORO neu. Neue Elemente aus 24-kar\u00e4tigem Gold sorgen f\u00fcr einen Hauch von","breadcrumb":{"@id":"https:\/\/www.erresse-shop.it\/de\/shop\/tisch\/teller-geschirr\/taitu-noel-oro-obstteller-dessert-23-cm-4-stueck\/#breadcrumb"},"inLanguage":"de-DE","potentialAction":[{"@type":"ReadAction","target":["https:\/\/www.erresse-shop.it\/de\/shop\/tisch\/teller-geschirr\/taitu-noel-oro-obstteller-dessert-23-cm-4-stueck\/"]}]},{"@type":"BreadcrumbList","@id":"https:\/\/www.erresse-shop.it\/de\/shop\/tisch\/teller-geschirr\/taitu-noel-oro-obstteller-dessert-23-cm-4-stueck\/#breadcrumb","itemListElement":[{"@type":"ListItem","position":1,"name":"Home","item":"https:\/\/www.erresse-shop.it\/de\/"},{"@type":"ListItem","position":2,"name":"Shop","item":"https:\/\/www.erresse-shop.it\/de\/shop\/"},{"@type":"ListItem","position":3,"name":"TAIT\u00d9 Noel Oro Obstteller Dessert 23 cm 4 St\u00fcck"}]},{"@type":"WebSite","@id":"https:\/\/www.erresse-shop.it\/de\/#website","url":"https:\/\/www.erresse-shop.it\/de\/","name":"Erresse Shop","description":"Articoli di qualit\u00e0 per la casa","potentialAction":[{"@type":"SearchAction","target":{"@type":"EntryPoint","urlTemplate":"https:\/\/www.erresse-shop.it\/de\/?s={search_term_string}"},"query-input":"required name=search_term_string"}],"inLanguage":"de-DE"}]}},"df_price":109.95,"df_sale_price":109.95,"df_regular_price":156,"df_image_link":"https:\/\/www.erresse-shop.it\/wp-content\/uploads\/2024\/11\/TAITU-Noel-Oro-Piatti-Frutta-Dessert-23-cm-4-Pezzi-300x300.jpg","_links":{"self":[{"href":"https:\/\/www.erresse-shop.it\/de\/wp-json\/wp\/v2\/product\/444757"}],"collection":[{"href":"https:\/\/www.erresse-shop.it\/de\/wp-json\/wp\/v2\/product"}],"about":[{"href":"https:\/\/www.erresse-shop.it\/de\/wp-json\/wp\/v2\/types\/product"}],"wp:featuredmedia":[{"embeddable":true,"href":"https:\/\/www.erresse-shop.it\/de\/wp-json\/wp\/v2\/media\/444778"}],"wp:attachment":[{"href":"https:\/\/www.erresse-shop.it\/de\/wp-json\/wp\/v2\/media?parent=444757"}],"wp:term":[{"taxonomy":"product_cat","embeddable":true,"href":"https:\/\/www.erresse-shop.it\/de\/wp-json\/wp\/v2\/product_cat?post=444757"},{"taxonomy":"product_tag","embeddable":true,"href":"https:\/\/www.erresse-shop.it\/de\/wp-json\/wp\/v2\/product_tag?post=444757"}],"curies":[{"name":"wp","href":"https:\/\/api.w.org\/{rel}","templated":true}]}}