{"id":444210,"date":"2024-11-06T08:20:51","date_gmt":"2024-11-06T08:20:51","guid":{"rendered":"https:\/\/www.erresse-shop.it\/?post_type=product&#038;p=444210"},"modified":"2025-01-16T16:00:07","modified_gmt":"2025-01-16T16:00:07","slug":"g3-ferrari-friggisano-duo-8-l-copia","status":"publish","type":"product","link":"https:\/\/www.erresse-shop.it\/de\/shop\/kleine-elektrogeraete\/oefen\/g3-ferrari-friggisano-duo-8-l-copia\/","title":{"rendered":"G3 FERRARI Friggisano BBQ"},"content":{"rendered":"<p><strong>Friggisano BBQ: die Revolution in der K\u00fcche<\/strong><br \/>\nFriggisano BBQ ist das Multifunktionsger\u00e4t, von dem Sie schon immer getr\u00e4umt haben. Dank des doppelten Widerstands, der abgesenkten Garkammer und des reichhaltigen Zubeh\u00f6rangebots wird dieses Ger\u00e4t zu:<\/p>\n<ul>\n<li>Grillen<\/li>\n<li>Luftfritteuse<\/li>\n<li>Ofen<\/li>\n<li>Trockner<\/li>\n<\/ul>\n<p>Mit Friggisano BBQ k\u00f6nnen Sie mit sehr wenig \u00d6l knusprige und leckere frittierte Speisen zubereiten. Die schnelle Luftzirkulationstechnologie in Kombination mit dem Crisper-Regal und Temperaturen von bis zu 230 \u00b0C erm\u00f6glicht es Ihnen, gesunde und k\u00f6stliche Speisen zuzubereiten und dabei die Knusprigkeit traditioneller frittierter Speisen beizubehalten.<\/p>\n<p><strong>Ein Elektroofen mit mehreren Funktionen<\/strong><br \/>\nWenn Sie glauben, dass Friggisano nur zum Braten und Grillen geeignet ist, haben Sie das gro\u00dfe Potenzial dieses multifunktionalen Elektroofens noch nicht entdeckt.<\/p>\n<p>Friggisano BBQ funktioniert wie ein echter Elektroofen, aber mit Rekordleistung: Sie k\u00f6nnen damit Ihre Kuchen backen oder hervorragende Pizzen und Focaccias zubereiten. Ausgestattet mit einem abnehmbaren, antihaftbeschichteten 10-Liter-Beh\u00e4lter, 8 voreingestellten Programmen, Fenster- und Innenbeleuchtung sowie einem gro\u00dfen Digitaldisplay erm\u00f6glicht Ihnen Friggisano BBQ:<\/p>\n<ul>\n<li>Toast<\/li>\n<li>Gratinieren<\/li>\n<li>Im Ofen backen<\/li>\n<li>Braten<\/li>\n<li>Auftauen<\/li>\n<li>Trocken<\/li>\n<li>Hitze<\/li>\n<\/ul>\n<p><strong>XXL-Kapazit\u00e4t f\u00fcr die ganze Familie<br \/>\n<\/strong>Mit Friggisano BBQ ist das Kochen f\u00fcr viele Menschen kein Problem mehr. Dank des Fassungsverm\u00f6gens von 10 Litern und der Crisper-Ablage k\u00f6nnen Sie XXL-Portionen Chips und andere Lebensmittel frittieren und erzielen dabei stets perfekte Ergebnisse.<\/p>\n<p><strong>Technische Daten<\/strong><\/p>\n<ul>\n<li>10 Liter Fassungsverm\u00f6gen (bis zu 2500 g)<\/li>\n<li>Doppelter Widerstand, unterer und oberer<\/li>\n<li>Mit Fenster und Innenbeleuchtung<\/li>\n<li>Antihaftbeschichteter Beh\u00e4lter und Zubeh\u00f6r<\/li>\n<li>Einstellbare Temperatur (50\u00b0 &#8211; 230\u00b0C)<\/li>\n<li>60-Minuten-Timer<\/li>\n<li>Digitalanzeige<\/li>\n<li>8 voreingestellte Programme: Pizza, Fisch, Brot, Schalentiere, H\u00e4hnchenschenkel, Grill,<\/li>\n<li>Chips, Trockner<\/li>\n<li>Trocknerfunktion<\/li>\n<li>Rutschfeste F\u00fc\u00dfe<\/li>\n<li>Im Lieferumfang enthaltenes Zubeh\u00f6r: Crisp-Regal, Grill, rundes Tablett<\/li>\n<li>Stromversorgung: AC 220\u2013240 V ~ 50\u201360 Hz<\/li>\n<li>Leistung: 2000 W<\/li>\n<li>Abmessungen (B x H x T): 37,5 x 26 x 45 cm<\/li>\n<li>Gewicht: 8 kg<\/li>\n<\/ul>\n<p><span style=\"text-decoration: underline;\"><strong>Nicht zum Verkauf au\u00dferhalb Europas<\/strong><\/span><\/p>\n","protected":false},"excerpt":{"rendered":"<p>Friggisano BBQ: die Revolution in der K\u00fcche Friggisano BBQ ist das Multifunktionsger\u00e4t, von dem Sie schon immer getr\u00e4umt haben. Dank<\/p>\n","protected":false},"featured_media":444255,"template":"","meta":{"_acf_changed":false,"inline_featured_image":false},"product_cat":[6703,25388,15659],"product_tag":[13381,23691,11555,13399,12210,22113],"acf":[],"yoast_head":"<!-- This site is optimized with the Yoast SEO Premium plugin v18.6 (Yoast SEO v19.13) - https:\/\/yoast.com\/wordpress\/plugins\/seo\/ -->\n<title>G3 FERRARI Friggisano BBQ<\/title>\n<meta name=\"description\" content=\"Entdecken Sie G3 FERRARI Friggisano BBQ bei ErresseShop. Qualit\u00e4t, Stil und Funktionalit\u00e4t \u2013 jetzt online bestellen!\" \/>\n<meta name=\"robots\" content=\"index, follow, max-snippet:-1, max-image-preview:large, max-video-preview:-1\" \/>\n<link rel=\"canonical\" href=\"https:\/\/www.erresse-shop.it\/de\/shop\/kleine-elektrogeraete\/oefen\/g3-ferrari-friggisano-duo-8-l-copia\/\" \/>\n<meta property=\"og:locale\" content=\"de_DE\" \/>\n<meta property=\"og:type\" content=\"article\" \/>\n<meta property=\"og:title\" content=\"G3 FERRARI Friggisano BBQ\" \/>\n<meta property=\"og:description\" content=\"Entdecken Sie G3 FERRARI Friggisano BBQ bei ErresseShop. Qualit\u00e4t, Stil und Funktionalit\u00e4t \u2013 jetzt online bestellen!\" \/>\n<meta property=\"og:url\" content=\"https:\/\/www.erresse-shop.it\/de\/shop\/kleine-elektrogeraete\/oefen\/g3-ferrari-friggisano-duo-8-l-copia\/\" \/>\n<meta property=\"og:site_name\" content=\"Erresse Shop\" \/>\n<meta property=\"article:modified_time\" content=\"2025-01-16T16:00:07+00:00\" \/>\n<meta property=\"og:image\" content=\"https:\/\/www.erresse-shop.it\/wp-content\/uploads\/2024\/11\/G3-FERRARI-Friggisano-BBQ.jpg\" \/>\n\t<meta property=\"og:image:width\" content=\"1200\" \/>\n\t<meta property=\"og:image:height\" content=\"1200\" \/>\n\t<meta property=\"og:image:type\" content=\"image\/jpeg\" \/>\n<meta name=\"twitter:card\" content=\"summary_large_image\" \/>\n<script type=\"application\/ld+json\" class=\"yoast-schema-graph\">{\"@context\":\"https:\/\/schema.org\",\"@graph\":[{\"@type\":\"WebPage\",\"@id\":\"https:\/\/www.erresse-shop.it\/de\/shop\/kleine-elektrogeraete\/oefen\/g3-ferrari-friggisano-duo-8-l-copia\/\",\"url\":\"https:\/\/www.erresse-shop.it\/de\/shop\/kleine-elektrogeraete\/oefen\/g3-ferrari-friggisano-duo-8-l-copia\/\",\"name\":\"G3 FERRARI Friggisano BBQ\",\"isPartOf\":{\"@id\":\"https:\/\/www.erresse-shop.it\/de\/#website\"},\"datePublished\":\"2024-11-06T08:20:51+00:00\",\"dateModified\":\"2025-01-16T16:00:07+00:00\",\"description\":\"Entdecken Sie G3 FERRARI Friggisano BBQ bei ErresseShop. Qualit\u00e4t, Stil und Funktionalit\u00e4t \u2013 jetzt online bestellen!\",\"breadcrumb\":{\"@id\":\"https:\/\/www.erresse-shop.it\/de\/shop\/kleine-elektrogeraete\/oefen\/g3-ferrari-friggisano-duo-8-l-copia\/#breadcrumb\"},\"inLanguage\":\"de-DE\",\"potentialAction\":[{\"@type\":\"ReadAction\",\"target\":[\"https:\/\/www.erresse-shop.it\/de\/shop\/kleine-elektrogeraete\/oefen\/g3-ferrari-friggisano-duo-8-l-copia\/\"]}]},{\"@type\":\"BreadcrumbList\",\"@id\":\"https:\/\/www.erresse-shop.it\/de\/shop\/kleine-elektrogeraete\/oefen\/g3-ferrari-friggisano-duo-8-l-copia\/#breadcrumb\",\"itemListElement\":[{\"@type\":\"ListItem\",\"position\":1,\"name\":\"Home\",\"item\":\"https:\/\/www.erresse-shop.it\/de\/\"},{\"@type\":\"ListItem\",\"position\":2,\"name\":\"Shop\",\"item\":\"https:\/\/www.erresse-shop.it\/de\/shop\/\"},{\"@type\":\"ListItem\",\"position\":3,\"name\":\"G3 FERRARI Friggisano BBQ\"}]},{\"@type\":\"WebSite\",\"@id\":\"https:\/\/www.erresse-shop.it\/de\/#website\",\"url\":\"https:\/\/www.erresse-shop.it\/de\/\",\"name\":\"Erresse Shop\",\"description\":\"Articoli di qualit\u00e0 per la casa\",\"potentialAction\":[{\"@type\":\"SearchAction\",\"target\":{\"@type\":\"EntryPoint\",\"urlTemplate\":\"https:\/\/www.erresse-shop.it\/de\/?s={search_term_string}\"},\"query-input\":\"required name=search_term_string\"}],\"inLanguage\":\"de-DE\"}]}<\/script>\n<!-- \/ Yoast SEO Premium plugin. -->","yoast_head_json":{"title":"G3 FERRARI Friggisano BBQ","description":"Entdecken Sie G3 FERRARI Friggisano BBQ bei ErresseShop. Qualit\u00e4t, Stil und Funktionalit\u00e4t \u2013 jetzt online bestellen!","robots":{"index":"index","follow":"follow","max-snippet":"max-snippet:-1","max-image-preview":"max-image-preview:large","max-video-preview":"max-video-preview:-1"},"canonical":"https:\/\/www.erresse-shop.it\/de\/shop\/kleine-elektrogeraete\/oefen\/g3-ferrari-friggisano-duo-8-l-copia\/","og_locale":"de_DE","og_type":"article","og_title":"G3 FERRARI Friggisano BBQ","og_description":"Entdecken Sie G3 FERRARI Friggisano BBQ bei ErresseShop. Qualit\u00e4t, Stil und Funktionalit\u00e4t \u2013 jetzt online bestellen!","og_url":"https:\/\/www.erresse-shop.it\/de\/shop\/kleine-elektrogeraete\/oefen\/g3-ferrari-friggisano-duo-8-l-copia\/","og_site_name":"Erresse Shop","article_modified_time":"2025-01-16T16:00:07+00:00","og_image":[{"width":1200,"height":1200,"url":"https:\/\/www.erresse-shop.it\/wp-content\/uploads\/2024\/11\/G3-FERRARI-Friggisano-BBQ.jpg","type":"image\/jpeg"}],"twitter_card":"summary_large_image","schema":{"@context":"https:\/\/schema.org","@graph":[{"@type":"WebPage","@id":"https:\/\/www.erresse-shop.it\/de\/shop\/kleine-elektrogeraete\/oefen\/g3-ferrari-friggisano-duo-8-l-copia\/","url":"https:\/\/www.erresse-shop.it\/de\/shop\/kleine-elektrogeraete\/oefen\/g3-ferrari-friggisano-duo-8-l-copia\/","name":"G3 FERRARI Friggisano BBQ","isPartOf":{"@id":"https:\/\/www.erresse-shop.it\/de\/#website"},"datePublished":"2024-11-06T08:20:51+00:00","dateModified":"2025-01-16T16:00:07+00:00","description":"Entdecken Sie G3 FERRARI Friggisano BBQ bei ErresseShop. Qualit\u00e4t, Stil und Funktionalit\u00e4t \u2013 jetzt online bestellen!","breadcrumb":{"@id":"https:\/\/www.erresse-shop.it\/de\/shop\/kleine-elektrogeraete\/oefen\/g3-ferrari-friggisano-duo-8-l-copia\/#breadcrumb"},"inLanguage":"de-DE","potentialAction":[{"@type":"ReadAction","target":["https:\/\/www.erresse-shop.it\/de\/shop\/kleine-elektrogeraete\/oefen\/g3-ferrari-friggisano-duo-8-l-copia\/"]}]},{"@type":"BreadcrumbList","@id":"https:\/\/www.erresse-shop.it\/de\/shop\/kleine-elektrogeraete\/oefen\/g3-ferrari-friggisano-duo-8-l-copia\/#breadcrumb","itemListElement":[{"@type":"ListItem","position":1,"name":"Home","item":"https:\/\/www.erresse-shop.it\/de\/"},{"@type":"ListItem","position":2,"name":"Shop","item":"https:\/\/www.erresse-shop.it\/de\/shop\/"},{"@type":"ListItem","position":3,"name":"G3 FERRARI Friggisano BBQ"}]},{"@type":"WebSite","@id":"https:\/\/www.erresse-shop.it\/de\/#website","url":"https:\/\/www.erresse-shop.it\/de\/","name":"Erresse Shop","description":"Articoli di qualit\u00e0 per la casa","potentialAction":[{"@type":"SearchAction","target":{"@type":"EntryPoint","urlTemplate":"https:\/\/www.erresse-shop.it\/de\/?s={search_term_string}"},"query-input":"required name=search_term_string"}],"inLanguage":"de-DE"}]}},"df_price":199.9,"df_sale_price":199.9,"df_regular_price":199.9,"df_image_link":"https:\/\/www.erresse-shop.it\/wp-content\/uploads\/2024\/11\/G3-FERRARI-Friggisano-BBQ-300x300.jpg","_links":{"self":[{"href":"https:\/\/www.erresse-shop.it\/de\/wp-json\/wp\/v2\/product\/444210"}],"collection":[{"href":"https:\/\/www.erresse-shop.it\/de\/wp-json\/wp\/v2\/product"}],"about":[{"href":"https:\/\/www.erresse-shop.it\/de\/wp-json\/wp\/v2\/types\/product"}],"wp:featuredmedia":[{"embeddable":true,"href":"https:\/\/www.erresse-shop.it\/de\/wp-json\/wp\/v2\/media\/444255"}],"wp:attachment":[{"href":"https:\/\/www.erresse-shop.it\/de\/wp-json\/wp\/v2\/media?parent=444210"}],"wp:term":[{"taxonomy":"product_cat","embeddable":true,"href":"https:\/\/www.erresse-shop.it\/de\/wp-json\/wp\/v2\/product_cat?post=444210"},{"taxonomy":"product_tag","embeddable":true,"href":"https:\/\/www.erresse-shop.it\/de\/wp-json\/wp\/v2\/product_tag?post=444210"}],"curies":[{"name":"wp","href":"https:\/\/api.w.org\/{rel}","templated":true}]}}