{"id":441740,"date":"2024-10-25T13:58:50","date_gmt":"2024-10-25T13:58:50","guid":{"rendered":"https:\/\/www.erresse-shop.it\/?post_type=product&#038;p=441740"},"modified":"2025-01-17T07:24:35","modified_gmt":"2025-01-17T07:24:35","slug":"guzzini-dolcevita-2er-set-vorspeisenschalen-rot","status":"publish","type":"product","link":"https:\/\/www.erresse-shop.it\/de\/shop\/tisch\/koerbe-und-schalen\/guzzini-dolcevita-2er-set-vorspeisenschalen-rot\/","title":{"rendered":"GUZZINI Dolcevita 2er-Set Vorspeisenschalen Rot"},"content":{"rendered":"<div class=\"Produktattributbeschreibung\">\n<div class=\"value\">\n<div class=\"Produktattributbeschreibung\">\n<div class=\"value\">\n<div class=\"Produktattributbeschreibung\">\n<div class=\"value\">\n<div class=\"Produktattributbeschreibung\">\n<div class=\"value\">\n<div class=\"Produktattributbeschreibung\">\n<div class=\"value\">\n<p>Elegante Vorspeise bestehend aus zwei Beh\u00e4ltern. Das attraktive Design verleiht Ihrem Tisch einen Hauch von Stil, w\u00e4hrend Sie dank der praktischen Verwendung von zwei Beh\u00e4ltern eine noch gr\u00f6\u00dfere Auswahl an Vorspeisen servieren k\u00f6nnen. Die Beh\u00e4lter k\u00f6nnen einzeln oder zusammen verwendet werden und finden bei jedem Anlass Platz.<\/p>\n<ul>\n<li>Ideal zum Aufbewahren von Chips, Pistazien, Erdn\u00fcssen, Oliven oder kleinen Snacks<\/li>\n<li>Teilbare Beh\u00e4lter<\/li>\n<li>Hergestellt aus biobasiertem und 100 % recycelbarem Kunststoff<\/li>\n<\/ul>\n<\/div>\n<\/div>\n<\/div>\n<\/div>\n<\/div>\n<\/div>\n<\/div>\n<\/div>\n<\/div>\n<\/div>\n","protected":false},"excerpt":{"rendered":"<p>Elegante Vorspeise bestehend aus zwei Beh\u00e4ltern. Das attraktive Design verleiht Ihrem Tisch einen Hauch von Stil, w\u00e4hrend Sie dank der<\/p>\n","protected":false},"featured_media":441748,"template":"","meta":{"_acf_changed":false,"inline_featured_image":false},"product_cat":[6787,14243],"product_tag":[11565,21609,25022,21822],"acf":[],"yoast_head":"<!-- This site is optimized with the Yoast SEO Premium plugin v18.6 (Yoast SEO v19.13) - https:\/\/yoast.com\/wordpress\/plugins\/seo\/ -->\n<title>GUZZINI Dolcevita 2er-Set Vorspeisenschalen Rot<\/title>\n<meta name=\"description\" content=\"Entdecken Sie GUZZINI Dolcevita 2er-Set Vorspeisenschalen Rot bei ErresseShop. Qualit\u00e4t, Stil und Funktionalit\u00e4t \u2013 jetzt online bestellen!\" \/>\n<meta name=\"robots\" content=\"index, follow, max-snippet:-1, max-image-preview:large, max-video-preview:-1\" \/>\n<link rel=\"canonical\" href=\"https:\/\/www.erresse-shop.it\/de\/shop\/tisch\/koerbe-und-schalen\/guzzini-dolcevita-2er-set-vorspeisenschalen-rot\/\" \/>\n<meta property=\"og:locale\" content=\"de_DE\" \/>\n<meta property=\"og:type\" content=\"article\" \/>\n<meta property=\"og:title\" content=\"GUZZINI Dolcevita 2er-Set Vorspeisenschalen Rot\" \/>\n<meta property=\"og:description\" content=\"Entdecken Sie GUZZINI Dolcevita 2er-Set Vorspeisenschalen Rot bei ErresseShop. Qualit\u00e4t, Stil und Funktionalit\u00e4t \u2013 jetzt online bestellen!\" \/>\n<meta property=\"og:url\" content=\"https:\/\/www.erresse-shop.it\/de\/shop\/tisch\/koerbe-und-schalen\/guzzini-dolcevita-2er-set-vorspeisenschalen-rot\/\" \/>\n<meta property=\"og:site_name\" content=\"Erresse Shop\" \/>\n<meta property=\"article:modified_time\" content=\"2025-01-17T07:24:35+00:00\" \/>\n<meta property=\"og:image\" content=\"https:\/\/www.erresse-shop.it\/wp-content\/uploads\/2024\/10\/GUZZINI-Dolcevita-Set-2-Antipastiere-Rosso.jpg\" \/>\n\t<meta property=\"og:image:width\" content=\"1200\" \/>\n\t<meta property=\"og:image:height\" content=\"1200\" \/>\n\t<meta property=\"og:image:type\" content=\"image\/jpeg\" \/>\n<meta name=\"twitter:card\" content=\"summary_large_image\" \/>\n<script type=\"application\/ld+json\" class=\"yoast-schema-graph\">{\"@context\":\"https:\/\/schema.org\",\"@graph\":[{\"@type\":\"WebPage\",\"@id\":\"https:\/\/www.erresse-shop.it\/de\/shop\/tisch\/koerbe-und-schalen\/guzzini-dolcevita-2er-set-vorspeisenschalen-rot\/\",\"url\":\"https:\/\/www.erresse-shop.it\/de\/shop\/tisch\/koerbe-und-schalen\/guzzini-dolcevita-2er-set-vorspeisenschalen-rot\/\",\"name\":\"GUZZINI Dolcevita 2er-Set Vorspeisenschalen Rot\",\"isPartOf\":{\"@id\":\"https:\/\/www.erresse-shop.it\/de\/#website\"},\"datePublished\":\"2024-10-25T13:58:50+00:00\",\"dateModified\":\"2025-01-17T07:24:35+00:00\",\"description\":\"Entdecken Sie GUZZINI Dolcevita 2er-Set Vorspeisenschalen Rot bei ErresseShop. Qualit\u00e4t, Stil und Funktionalit\u00e4t \u2013 jetzt online bestellen!\",\"breadcrumb\":{\"@id\":\"https:\/\/www.erresse-shop.it\/de\/shop\/tisch\/koerbe-und-schalen\/guzzini-dolcevita-2er-set-vorspeisenschalen-rot\/#breadcrumb\"},\"inLanguage\":\"de-DE\",\"potentialAction\":[{\"@type\":\"ReadAction\",\"target\":[\"https:\/\/www.erresse-shop.it\/de\/shop\/tisch\/koerbe-und-schalen\/guzzini-dolcevita-2er-set-vorspeisenschalen-rot\/\"]}]},{\"@type\":\"BreadcrumbList\",\"@id\":\"https:\/\/www.erresse-shop.it\/de\/shop\/tisch\/koerbe-und-schalen\/guzzini-dolcevita-2er-set-vorspeisenschalen-rot\/#breadcrumb\",\"itemListElement\":[{\"@type\":\"ListItem\",\"position\":1,\"name\":\"Home\",\"item\":\"https:\/\/www.erresse-shop.it\/de\/\"},{\"@type\":\"ListItem\",\"position\":2,\"name\":\"Shop\",\"item\":\"https:\/\/www.erresse-shop.it\/de\/shop\/\"},{\"@type\":\"ListItem\",\"position\":3,\"name\":\"GUZZINI Dolcevita 2er-Set Vorspeisenschalen Rot\"}]},{\"@type\":\"WebSite\",\"@id\":\"https:\/\/www.erresse-shop.it\/de\/#website\",\"url\":\"https:\/\/www.erresse-shop.it\/de\/\",\"name\":\"Erresse Shop\",\"description\":\"Articoli di qualit\u00e0 per la casa\",\"potentialAction\":[{\"@type\":\"SearchAction\",\"target\":{\"@type\":\"EntryPoint\",\"urlTemplate\":\"https:\/\/www.erresse-shop.it\/de\/?s={search_term_string}\"},\"query-input\":\"required name=search_term_string\"}],\"inLanguage\":\"de-DE\"}]}<\/script>\n<!-- \/ Yoast SEO Premium plugin. -->","yoast_head_json":{"title":"GUZZINI Dolcevita 2er-Set Vorspeisenschalen Rot","description":"Entdecken Sie GUZZINI Dolcevita 2er-Set Vorspeisenschalen Rot bei ErresseShop. Qualit\u00e4t, Stil und Funktionalit\u00e4t \u2013 jetzt online bestellen!","robots":{"index":"index","follow":"follow","max-snippet":"max-snippet:-1","max-image-preview":"max-image-preview:large","max-video-preview":"max-video-preview:-1"},"canonical":"https:\/\/www.erresse-shop.it\/de\/shop\/tisch\/koerbe-und-schalen\/guzzini-dolcevita-2er-set-vorspeisenschalen-rot\/","og_locale":"de_DE","og_type":"article","og_title":"GUZZINI Dolcevita 2er-Set Vorspeisenschalen Rot","og_description":"Entdecken Sie GUZZINI Dolcevita 2er-Set Vorspeisenschalen Rot bei ErresseShop. Qualit\u00e4t, Stil und Funktionalit\u00e4t \u2013 jetzt online bestellen!","og_url":"https:\/\/www.erresse-shop.it\/de\/shop\/tisch\/koerbe-und-schalen\/guzzini-dolcevita-2er-set-vorspeisenschalen-rot\/","og_site_name":"Erresse Shop","article_modified_time":"2025-01-17T07:24:35+00:00","og_image":[{"width":1200,"height":1200,"url":"https:\/\/www.erresse-shop.it\/wp-content\/uploads\/2024\/10\/GUZZINI-Dolcevita-Set-2-Antipastiere-Rosso.jpg","type":"image\/jpeg"}],"twitter_card":"summary_large_image","schema":{"@context":"https:\/\/schema.org","@graph":[{"@type":"WebPage","@id":"https:\/\/www.erresse-shop.it\/de\/shop\/tisch\/koerbe-und-schalen\/guzzini-dolcevita-2er-set-vorspeisenschalen-rot\/","url":"https:\/\/www.erresse-shop.it\/de\/shop\/tisch\/koerbe-und-schalen\/guzzini-dolcevita-2er-set-vorspeisenschalen-rot\/","name":"GUZZINI Dolcevita 2er-Set Vorspeisenschalen Rot","isPartOf":{"@id":"https:\/\/www.erresse-shop.it\/de\/#website"},"datePublished":"2024-10-25T13:58:50+00:00","dateModified":"2025-01-17T07:24:35+00:00","description":"Entdecken Sie GUZZINI Dolcevita 2er-Set Vorspeisenschalen Rot bei ErresseShop. Qualit\u00e4t, Stil und Funktionalit\u00e4t \u2013 jetzt online bestellen!","breadcrumb":{"@id":"https:\/\/www.erresse-shop.it\/de\/shop\/tisch\/koerbe-und-schalen\/guzzini-dolcevita-2er-set-vorspeisenschalen-rot\/#breadcrumb"},"inLanguage":"de-DE","potentialAction":[{"@type":"ReadAction","target":["https:\/\/www.erresse-shop.it\/de\/shop\/tisch\/koerbe-und-schalen\/guzzini-dolcevita-2er-set-vorspeisenschalen-rot\/"]}]},{"@type":"BreadcrumbList","@id":"https:\/\/www.erresse-shop.it\/de\/shop\/tisch\/koerbe-und-schalen\/guzzini-dolcevita-2er-set-vorspeisenschalen-rot\/#breadcrumb","itemListElement":[{"@type":"ListItem","position":1,"name":"Home","item":"https:\/\/www.erresse-shop.it\/de\/"},{"@type":"ListItem","position":2,"name":"Shop","item":"https:\/\/www.erresse-shop.it\/de\/shop\/"},{"@type":"ListItem","position":3,"name":"GUZZINI Dolcevita 2er-Set Vorspeisenschalen Rot"}]},{"@type":"WebSite","@id":"https:\/\/www.erresse-shop.it\/de\/#website","url":"https:\/\/www.erresse-shop.it\/de\/","name":"Erresse Shop","description":"Articoli di qualit\u00e0 per la casa","potentialAction":[{"@type":"SearchAction","target":{"@type":"EntryPoint","urlTemplate":"https:\/\/www.erresse-shop.it\/de\/?s={search_term_string}"},"query-input":"required name=search_term_string"}],"inLanguage":"de-DE"}]}},"df_price":22.95,"df_sale_price":22.95,"df_regular_price":29.9,"df_image_link":"https:\/\/www.erresse-shop.it\/wp-content\/uploads\/2024\/10\/GUZZINI-Dolcevita-Set-2-Antipastiere-Rosso-300x300.jpg","_links":{"self":[{"href":"https:\/\/www.erresse-shop.it\/de\/wp-json\/wp\/v2\/product\/441740"}],"collection":[{"href":"https:\/\/www.erresse-shop.it\/de\/wp-json\/wp\/v2\/product"}],"about":[{"href":"https:\/\/www.erresse-shop.it\/de\/wp-json\/wp\/v2\/types\/product"}],"wp:featuredmedia":[{"embeddable":true,"href":"https:\/\/www.erresse-shop.it\/de\/wp-json\/wp\/v2\/media\/441748"}],"wp:attachment":[{"href":"https:\/\/www.erresse-shop.it\/de\/wp-json\/wp\/v2\/media?parent=441740"}],"wp:term":[{"taxonomy":"product_cat","embeddable":true,"href":"https:\/\/www.erresse-shop.it\/de\/wp-json\/wp\/v2\/product_cat?post=441740"},{"taxonomy":"product_tag","embeddable":true,"href":"https:\/\/www.erresse-shop.it\/de\/wp-json\/wp\/v2\/product_tag?post=441740"}],"curies":[{"name":"wp","href":"https:\/\/api.w.org\/{rel}","templated":true}]}}