{"id":441542,"date":"2024-10-25T07:41:25","date_gmt":"2024-10-25T07:41:25","guid":{"rendered":"https:\/\/www.erresse-shop.it\/?post_type=product&#038;p=441542"},"modified":"2026-02-03T09:28:20","modified_gmt":"2026-02-03T09:28:20","slug":"galbiati-milano-eden-18-teiliges-tischset-2","status":"publish","type":"product","link":"https:\/\/www.erresse-shop.it\/de\/shop\/tisch\/teller-geschirr\/galbiati-milano-eden-18-teiliges-tischset-2\/","title":{"rendered":"GALBIATI MILANO Eden 18-teiliges Tischset"},"content":{"rendered":"<p>Verleihen Sie Ihrem Tisch einen Hauch von Magie und Eleganz mit dem Set \u201eEden\u201c, einer raffinierten Weihnachtskollektion, die Funktionalit\u00e4t und Design vereint. Dieses Set besteht aus 18 aufeinander abgestimmten Teilen und eignet sich perfekt, um w\u00e4hrend Ihrer Weihnachtsessen und Feiern eine festliche und einladende Atmosph\u00e4re zu schaffen.<\/p>\n<p><strong>Hauptmerkmale:<\/strong><\/p>\n<ul>\n<li><strong>Elegantes und festliches Design<\/strong>: Das Set ist mit einem zarten Motiv aus Weihnachtspflanzen verziert, das an die warme und einladende Atmosph\u00e4re von Weihnachten erinnert. Ideal f\u00fcr den Urlaub, aber auch vielseitig einsetzbar f\u00fcr besondere Anl\u00e4sse das ganze Jahr \u00fcber.<\/li>\n<li><strong>Hochwertige Materialien<\/strong>: Jedes Teil besteht aus widerstandsf\u00e4higen und leicht zu reinigenden Materialien, die Haltbarkeit und Praktikabilit\u00e4t im t\u00e4glichen Gebrauch gew\u00e4hrleisten.<\/li>\n<li><strong>Komplette Zusammenstellung<\/strong>: Das Set enth\u00e4lt alles, was Sie f\u00fcr einen kompletten und gut organisierten Tisch ben\u00f6tigen, vom Aperitif bis zum Dessert, mit besonderer Liebe zum Detail.<\/li>\n<\/ul>\n<p><strong>Was das Set beinhaltet:<\/strong><\/p>\n<ul>\n<li>6 Suppenteller<\/li>\n<li>6 Essteller<\/li>\n<li>6 Dessertteller<\/li>\n<\/ul>\n","protected":false},"excerpt":{"rendered":"<p>Verleihen Sie Ihrem Tisch einen Hauch von Magie und Eleganz mit dem Set \u201eEden\u201c, einer raffinierten Weihnachtskollektion, die Funktionalit\u00e4t und<\/p>\n","protected":false},"featured_media":455704,"template":"","meta":{"_acf_changed":false,"inline_featured_image":false},"product_cat":[6793,6787],"product_tag":[14289,16717,21330],"acf":[],"yoast_head":"<!-- This site is optimized with the Yoast SEO Premium plugin v18.6 (Yoast SEO v19.13) - https:\/\/yoast.com\/wordpress\/plugins\/seo\/ -->\n<title>GALBIATI MILANO Eden 18-teiliges Tischset<\/title>\n<meta name=\"description\" content=\"Entdecken Sie GALBIATI MILANO Eden 18-teiliges Tischset bei ErresseShop. Qualit\u00e4t, Stil und Funktionalit\u00e4t \u2013 jetzt online bestellen!\" \/>\n<meta name=\"robots\" content=\"index, follow, max-snippet:-1, max-image-preview:large, max-video-preview:-1\" \/>\n<link rel=\"canonical\" href=\"https:\/\/www.erresse-shop.it\/de\/shop\/tisch\/teller-geschirr\/galbiati-milano-eden-18-teiliges-tischset-2\/\" \/>\n<meta property=\"og:locale\" content=\"de_DE\" \/>\n<meta property=\"og:type\" content=\"article\" \/>\n<meta property=\"og:title\" content=\"GALBIATI MILANO Eden 18-teiliges Tischset\" \/>\n<meta property=\"og:description\" content=\"Entdecken Sie GALBIATI MILANO Eden 18-teiliges Tischset bei ErresseShop. Qualit\u00e4t, Stil und Funktionalit\u00e4t \u2013 jetzt online bestellen!\" \/>\n<meta property=\"og:url\" content=\"https:\/\/www.erresse-shop.it\/de\/shop\/tisch\/teller-geschirr\/galbiati-milano-eden-18-teiliges-tischset-2\/\" \/>\n<meta property=\"og:site_name\" content=\"Erresse Shop\" \/>\n<meta property=\"article:modified_time\" content=\"2026-02-03T09:28:20+00:00\" \/>\n<meta property=\"og:image\" content=\"https:\/\/www.erresse-shop.it\/wp-content\/uploads\/2024\/10\/Galbiati-milano-piatti-eden.jpg\" \/>\n\t<meta property=\"og:image:width\" content=\"1200\" \/>\n\t<meta property=\"og:image:height\" content=\"1200\" \/>\n\t<meta property=\"og:image:type\" content=\"image\/jpeg\" \/>\n<meta name=\"twitter:card\" content=\"summary_large_image\" \/>\n<script type=\"application\/ld+json\" class=\"yoast-schema-graph\">{\"@context\":\"https:\/\/schema.org\",\"@graph\":[{\"@type\":\"WebPage\",\"@id\":\"https:\/\/www.erresse-shop.it\/de\/shop\/tisch\/teller-geschirr\/galbiati-milano-eden-18-teiliges-tischset-2\/\",\"url\":\"https:\/\/www.erresse-shop.it\/de\/shop\/tisch\/teller-geschirr\/galbiati-milano-eden-18-teiliges-tischset-2\/\",\"name\":\"GALBIATI MILANO Eden 18-teiliges Tischset\",\"isPartOf\":{\"@id\":\"https:\/\/www.erresse-shop.it\/de\/#website\"},\"datePublished\":\"2024-10-25T07:41:25+00:00\",\"dateModified\":\"2026-02-03T09:28:20+00:00\",\"description\":\"Entdecken Sie GALBIATI MILANO Eden 18-teiliges Tischset bei ErresseShop. Qualit\u00e4t, Stil und Funktionalit\u00e4t \u2013 jetzt online bestellen!\",\"breadcrumb\":{\"@id\":\"https:\/\/www.erresse-shop.it\/de\/shop\/tisch\/teller-geschirr\/galbiati-milano-eden-18-teiliges-tischset-2\/#breadcrumb\"},\"inLanguage\":\"de-DE\",\"potentialAction\":[{\"@type\":\"ReadAction\",\"target\":[\"https:\/\/www.erresse-shop.it\/de\/shop\/tisch\/teller-geschirr\/galbiati-milano-eden-18-teiliges-tischset-2\/\"]}]},{\"@type\":\"BreadcrumbList\",\"@id\":\"https:\/\/www.erresse-shop.it\/de\/shop\/tisch\/teller-geschirr\/galbiati-milano-eden-18-teiliges-tischset-2\/#breadcrumb\",\"itemListElement\":[{\"@type\":\"ListItem\",\"position\":1,\"name\":\"Home\",\"item\":\"https:\/\/www.erresse-shop.it\/de\/\"},{\"@type\":\"ListItem\",\"position\":2,\"name\":\"Shop\",\"item\":\"https:\/\/www.erresse-shop.it\/de\/shop\/\"},{\"@type\":\"ListItem\",\"position\":3,\"name\":\"GALBIATI MILANO Eden 18-teiliges Tischset\"}]},{\"@type\":\"WebSite\",\"@id\":\"https:\/\/www.erresse-shop.it\/de\/#website\",\"url\":\"https:\/\/www.erresse-shop.it\/de\/\",\"name\":\"Erresse Shop\",\"description\":\"Articoli di qualit\u00e0 per la casa\",\"potentialAction\":[{\"@type\":\"SearchAction\",\"target\":{\"@type\":\"EntryPoint\",\"urlTemplate\":\"https:\/\/www.erresse-shop.it\/de\/?s={search_term_string}\"},\"query-input\":\"required name=search_term_string\"}],\"inLanguage\":\"de-DE\"}]}<\/script>\n<!-- \/ Yoast SEO Premium plugin. -->","yoast_head_json":{"title":"GALBIATI MILANO Eden 18-teiliges Tischset","description":"Entdecken Sie GALBIATI MILANO Eden 18-teiliges Tischset bei ErresseShop. Qualit\u00e4t, Stil und Funktionalit\u00e4t \u2013 jetzt online bestellen!","robots":{"index":"index","follow":"follow","max-snippet":"max-snippet:-1","max-image-preview":"max-image-preview:large","max-video-preview":"max-video-preview:-1"},"canonical":"https:\/\/www.erresse-shop.it\/de\/shop\/tisch\/teller-geschirr\/galbiati-milano-eden-18-teiliges-tischset-2\/","og_locale":"de_DE","og_type":"article","og_title":"GALBIATI MILANO Eden 18-teiliges Tischset","og_description":"Entdecken Sie GALBIATI MILANO Eden 18-teiliges Tischset bei ErresseShop. Qualit\u00e4t, Stil und Funktionalit\u00e4t \u2013 jetzt online bestellen!","og_url":"https:\/\/www.erresse-shop.it\/de\/shop\/tisch\/teller-geschirr\/galbiati-milano-eden-18-teiliges-tischset-2\/","og_site_name":"Erresse Shop","article_modified_time":"2026-02-03T09:28:20+00:00","og_image":[{"width":1200,"height":1200,"url":"https:\/\/www.erresse-shop.it\/wp-content\/uploads\/2024\/10\/Galbiati-milano-piatti-eden.jpg","type":"image\/jpeg"}],"twitter_card":"summary_large_image","schema":{"@context":"https:\/\/schema.org","@graph":[{"@type":"WebPage","@id":"https:\/\/www.erresse-shop.it\/de\/shop\/tisch\/teller-geschirr\/galbiati-milano-eden-18-teiliges-tischset-2\/","url":"https:\/\/www.erresse-shop.it\/de\/shop\/tisch\/teller-geschirr\/galbiati-milano-eden-18-teiliges-tischset-2\/","name":"GALBIATI MILANO Eden 18-teiliges Tischset","isPartOf":{"@id":"https:\/\/www.erresse-shop.it\/de\/#website"},"datePublished":"2024-10-25T07:41:25+00:00","dateModified":"2026-02-03T09:28:20+00:00","description":"Entdecken Sie GALBIATI MILANO Eden 18-teiliges Tischset bei ErresseShop. Qualit\u00e4t, Stil und Funktionalit\u00e4t \u2013 jetzt online bestellen!","breadcrumb":{"@id":"https:\/\/www.erresse-shop.it\/de\/shop\/tisch\/teller-geschirr\/galbiati-milano-eden-18-teiliges-tischset-2\/#breadcrumb"},"inLanguage":"de-DE","potentialAction":[{"@type":"ReadAction","target":["https:\/\/www.erresse-shop.it\/de\/shop\/tisch\/teller-geschirr\/galbiati-milano-eden-18-teiliges-tischset-2\/"]}]},{"@type":"BreadcrumbList","@id":"https:\/\/www.erresse-shop.it\/de\/shop\/tisch\/teller-geschirr\/galbiati-milano-eden-18-teiliges-tischset-2\/#breadcrumb","itemListElement":[{"@type":"ListItem","position":1,"name":"Home","item":"https:\/\/www.erresse-shop.it\/de\/"},{"@type":"ListItem","position":2,"name":"Shop","item":"https:\/\/www.erresse-shop.it\/de\/shop\/"},{"@type":"ListItem","position":3,"name":"GALBIATI MILANO Eden 18-teiliges Tischset"}]},{"@type":"WebSite","@id":"https:\/\/www.erresse-shop.it\/de\/#website","url":"https:\/\/www.erresse-shop.it\/de\/","name":"Erresse Shop","description":"Articoli di qualit\u00e0 per la casa","potentialAction":[{"@type":"SearchAction","target":{"@type":"EntryPoint","urlTemplate":"https:\/\/www.erresse-shop.it\/de\/?s={search_term_string}"},"query-input":"required name=search_term_string"}],"inLanguage":"de-DE"}]}},"df_price":69.95,"df_sale_price":69.95,"df_regular_price":125,"df_image_link":"https:\/\/www.erresse-shop.it\/wp-content\/uploads\/2024\/10\/Galbiati-milano-piatti-eden-300x300.jpg","_links":{"self":[{"href":"https:\/\/www.erresse-shop.it\/de\/wp-json\/wp\/v2\/product\/441542"}],"collection":[{"href":"https:\/\/www.erresse-shop.it\/de\/wp-json\/wp\/v2\/product"}],"about":[{"href":"https:\/\/www.erresse-shop.it\/de\/wp-json\/wp\/v2\/types\/product"}],"wp:featuredmedia":[{"embeddable":true,"href":"https:\/\/www.erresse-shop.it\/de\/wp-json\/wp\/v2\/media\/455704"}],"wp:attachment":[{"href":"https:\/\/www.erresse-shop.it\/de\/wp-json\/wp\/v2\/media?parent=441542"}],"wp:term":[{"taxonomy":"product_cat","embeddable":true,"href":"https:\/\/www.erresse-shop.it\/de\/wp-json\/wp\/v2\/product_cat?post=441542"},{"taxonomy":"product_tag","embeddable":true,"href":"https:\/\/www.erresse-shop.it\/de\/wp-json\/wp\/v2\/product_tag?post=441542"}],"curies":[{"name":"wp","href":"https:\/\/api.w.org\/{rel}","templated":true}]}}