{"id":441255,"date":"2024-10-25T05:59:29","date_gmt":"2024-10-25T05:59:30","guid":{"rendered":"https:\/\/www.erresse-shop.it\/?post_type=product&#038;p=441255"},"modified":"2025-01-16T16:00:24","modified_gmt":"2025-01-16T16:00:24","slug":"galbiati-milano-wool-set-4-sortierte-becher-weihnachten","status":"publish","type":"product","link":"https:\/\/www.erresse-shop.it\/de\/shop\/tisch\/tassen\/galbiati-milano-wool-set-4-sortierte-becher-weihnachten\/","title":{"rendered":"GALBIATI MILANO Wool Set 4 sortierte Becher Weihnachten"},"content":{"rendered":"<p>Machen Sie Ihr Weihnachtsfest noch sch\u00f6ner mit dem Set aus 4 verschiedenen Tassen aus der Wool-Kollektion! Jede Tasse ist ein Kunstwerk, das die Magie der Weihnachtszeit mit einzigartigen und auff\u00e4lligen Designs feiert.<\/p>\n<p><strong>Produktmerkmale:<\/strong><\/p>\n<ul>\n<li><strong>Festliches Design:<\/strong> Jede Tasse zeigt ein anderes weihnachtliches Thema, inspiriert von warmen Winteratmosph\u00e4ren, wie Schneeflocken, Weihnachtsb\u00e4ume und s\u00fc\u00dfe Rentiere.<\/li>\n<li><strong>Hochwertiges Material:<\/strong> Die Becher sind aus strapazierf\u00e4higer Keramik gefertigt und eignen sich perfekt f\u00fcr Kaffee, Tee oder hei\u00dfe Schokolade und k\u00f6nnen sowohl zu Hause als auch w\u00e4hrend der Feiertage verwendet werden.<\/li>\n<li><strong>Ideales Fassungsverm\u00f6gen:<\/strong> Jeder Becher hat ein ideales Fassungsverm\u00f6gen f\u00fcr Ihre Lieblingsgetr\u00e4nke und ist somit ein Muss f\u00fcr Ihr Winterfr\u00fchst\u00fcck und Ihre Snacks.<\/li>\n<\/ul>\n<p>Zaubern Sie Ihren Lieben ein L\u00e4cheln ins Gesicht mit diesen bezaubernden Tassen, die sich perfekt f\u00fcr den Geschenketausch oder als Erg\u00e4nzung Ihrer Weihnachtssammlung eignen. Die Wool-Kollektion ist ideal, um in der Weihnachtszeit gesellige Momente zu schaffen und jeden Schluck zu einem magischen Erlebnis zu machen. Verpassen Sie nicht die Chance, ein St\u00fcck Weihnachtsstimmung mit nach Hause zu nehmen!<\/p>\n","protected":false},"excerpt":{"rendered":"<p>Machen Sie Ihr Weihnachtsfest noch sch\u00f6ner mit dem Set aus 4 verschiedenen Tassen aus der Wool-Kollektion! Jede Tasse ist ein<\/p>\n","protected":false},"featured_media":441264,"template":"","meta":{"_acf_changed":false,"inline_featured_image":false},"product_cat":[6847,6787],"product_tag":[11640,21330],"acf":[],"yoast_head":"<!-- This site is optimized with the Yoast SEO Premium plugin v18.6 (Yoast SEO v19.13) - https:\/\/yoast.com\/wordpress\/plugins\/seo\/ -->\n<title>GALBIATI MILANO Wool Set 4 sortierte Becher Weihnachten<\/title>\n<meta name=\"description\" content=\"Entdecken Sie GALBIATI MILANO Wool Set 4 sortierte Becher Weihnachten bei ErresseShop. Qualit\u00e4t, Stil und Funktionalit\u00e4t \u2013 jetzt online bestellen!\" \/>\n<meta name=\"robots\" content=\"index, follow, max-snippet:-1, max-image-preview:large, max-video-preview:-1\" \/>\n<link rel=\"canonical\" href=\"https:\/\/www.erresse-shop.it\/de\/shop\/tisch\/tassen\/galbiati-milano-wool-set-4-sortierte-becher-weihnachten\/\" \/>\n<meta property=\"og:locale\" content=\"de_DE\" \/>\n<meta property=\"og:type\" content=\"article\" \/>\n<meta property=\"og:title\" content=\"GALBIATI MILANO Wool Set 4 sortierte Becher Weihnachten\" \/>\n<meta property=\"og:description\" content=\"Entdecken Sie GALBIATI MILANO Wool Set 4 sortierte Becher Weihnachten bei ErresseShop. Qualit\u00e4t, Stil und Funktionalit\u00e4t \u2013 jetzt online bestellen!\" \/>\n<meta property=\"og:url\" content=\"https:\/\/www.erresse-shop.it\/de\/shop\/tisch\/tassen\/galbiati-milano-wool-set-4-sortierte-becher-weihnachten\/\" \/>\n<meta property=\"og:site_name\" content=\"Erresse Shop\" \/>\n<meta property=\"article:modified_time\" content=\"2025-01-16T16:00:24+00:00\" \/>\n<meta property=\"og:image\" content=\"https:\/\/www.erresse-shop.it\/wp-content\/uploads\/2024\/10\/GALBIATI-MILANO-Wool-Set-4-Tazze-Assortite-Natale.jpg\" \/>\n\t<meta property=\"og:image:width\" content=\"1200\" \/>\n\t<meta property=\"og:image:height\" content=\"1200\" \/>\n\t<meta property=\"og:image:type\" content=\"image\/jpeg\" \/>\n<meta name=\"twitter:card\" content=\"summary_large_image\" \/>\n<script type=\"application\/ld+json\" class=\"yoast-schema-graph\">{\"@context\":\"https:\/\/schema.org\",\"@graph\":[{\"@type\":\"WebPage\",\"@id\":\"https:\/\/www.erresse-shop.it\/de\/shop\/tisch\/tassen\/galbiati-milano-wool-set-4-sortierte-becher-weihnachten\/\",\"url\":\"https:\/\/www.erresse-shop.it\/de\/shop\/tisch\/tassen\/galbiati-milano-wool-set-4-sortierte-becher-weihnachten\/\",\"name\":\"GALBIATI MILANO Wool Set 4 sortierte Becher Weihnachten\",\"isPartOf\":{\"@id\":\"https:\/\/www.erresse-shop.it\/de\/#website\"},\"datePublished\":\"2024-10-25T05:59:30+00:00\",\"dateModified\":\"2025-01-16T16:00:24+00:00\",\"description\":\"Entdecken Sie GALBIATI MILANO Wool Set 4 sortierte Becher Weihnachten bei ErresseShop. Qualit\u00e4t, Stil und Funktionalit\u00e4t \u2013 jetzt online bestellen!\",\"breadcrumb\":{\"@id\":\"https:\/\/www.erresse-shop.it\/de\/shop\/tisch\/tassen\/galbiati-milano-wool-set-4-sortierte-becher-weihnachten\/#breadcrumb\"},\"inLanguage\":\"de-DE\",\"potentialAction\":[{\"@type\":\"ReadAction\",\"target\":[\"https:\/\/www.erresse-shop.it\/de\/shop\/tisch\/tassen\/galbiati-milano-wool-set-4-sortierte-becher-weihnachten\/\"]}]},{\"@type\":\"BreadcrumbList\",\"@id\":\"https:\/\/www.erresse-shop.it\/de\/shop\/tisch\/tassen\/galbiati-milano-wool-set-4-sortierte-becher-weihnachten\/#breadcrumb\",\"itemListElement\":[{\"@type\":\"ListItem\",\"position\":1,\"name\":\"Home\",\"item\":\"https:\/\/www.erresse-shop.it\/de\/\"},{\"@type\":\"ListItem\",\"position\":2,\"name\":\"Shop\",\"item\":\"https:\/\/www.erresse-shop.it\/de\/shop\/\"},{\"@type\":\"ListItem\",\"position\":3,\"name\":\"GALBIATI MILANO Wool Set 4 sortierte Becher Weihnachten\"}]},{\"@type\":\"WebSite\",\"@id\":\"https:\/\/www.erresse-shop.it\/de\/#website\",\"url\":\"https:\/\/www.erresse-shop.it\/de\/\",\"name\":\"Erresse Shop\",\"description\":\"Articoli di qualit\u00e0 per la casa\",\"potentialAction\":[{\"@type\":\"SearchAction\",\"target\":{\"@type\":\"EntryPoint\",\"urlTemplate\":\"https:\/\/www.erresse-shop.it\/de\/?s={search_term_string}\"},\"query-input\":\"required name=search_term_string\"}],\"inLanguage\":\"de-DE\"}]}<\/script>\n<!-- \/ Yoast SEO Premium plugin. -->","yoast_head_json":{"title":"GALBIATI MILANO Wool Set 4 sortierte Becher Weihnachten","description":"Entdecken Sie GALBIATI MILANO Wool Set 4 sortierte Becher Weihnachten bei ErresseShop. Qualit\u00e4t, Stil und Funktionalit\u00e4t \u2013 jetzt online bestellen!","robots":{"index":"index","follow":"follow","max-snippet":"max-snippet:-1","max-image-preview":"max-image-preview:large","max-video-preview":"max-video-preview:-1"},"canonical":"https:\/\/www.erresse-shop.it\/de\/shop\/tisch\/tassen\/galbiati-milano-wool-set-4-sortierte-becher-weihnachten\/","og_locale":"de_DE","og_type":"article","og_title":"GALBIATI MILANO Wool Set 4 sortierte Becher Weihnachten","og_description":"Entdecken Sie GALBIATI MILANO Wool Set 4 sortierte Becher Weihnachten bei ErresseShop. Qualit\u00e4t, Stil und Funktionalit\u00e4t \u2013 jetzt online bestellen!","og_url":"https:\/\/www.erresse-shop.it\/de\/shop\/tisch\/tassen\/galbiati-milano-wool-set-4-sortierte-becher-weihnachten\/","og_site_name":"Erresse Shop","article_modified_time":"2025-01-16T16:00:24+00:00","og_image":[{"width":1200,"height":1200,"url":"https:\/\/www.erresse-shop.it\/wp-content\/uploads\/2024\/10\/GALBIATI-MILANO-Wool-Set-4-Tazze-Assortite-Natale.jpg","type":"image\/jpeg"}],"twitter_card":"summary_large_image","schema":{"@context":"https:\/\/schema.org","@graph":[{"@type":"WebPage","@id":"https:\/\/www.erresse-shop.it\/de\/shop\/tisch\/tassen\/galbiati-milano-wool-set-4-sortierte-becher-weihnachten\/","url":"https:\/\/www.erresse-shop.it\/de\/shop\/tisch\/tassen\/galbiati-milano-wool-set-4-sortierte-becher-weihnachten\/","name":"GALBIATI MILANO Wool Set 4 sortierte Becher Weihnachten","isPartOf":{"@id":"https:\/\/www.erresse-shop.it\/de\/#website"},"datePublished":"2024-10-25T05:59:30+00:00","dateModified":"2025-01-16T16:00:24+00:00","description":"Entdecken Sie GALBIATI MILANO Wool Set 4 sortierte Becher Weihnachten bei ErresseShop. Qualit\u00e4t, Stil und Funktionalit\u00e4t \u2013 jetzt online bestellen!","breadcrumb":{"@id":"https:\/\/www.erresse-shop.it\/de\/shop\/tisch\/tassen\/galbiati-milano-wool-set-4-sortierte-becher-weihnachten\/#breadcrumb"},"inLanguage":"de-DE","potentialAction":[{"@type":"ReadAction","target":["https:\/\/www.erresse-shop.it\/de\/shop\/tisch\/tassen\/galbiati-milano-wool-set-4-sortierte-becher-weihnachten\/"]}]},{"@type":"BreadcrumbList","@id":"https:\/\/www.erresse-shop.it\/de\/shop\/tisch\/tassen\/galbiati-milano-wool-set-4-sortierte-becher-weihnachten\/#breadcrumb","itemListElement":[{"@type":"ListItem","position":1,"name":"Home","item":"https:\/\/www.erresse-shop.it\/de\/"},{"@type":"ListItem","position":2,"name":"Shop","item":"https:\/\/www.erresse-shop.it\/de\/shop\/"},{"@type":"ListItem","position":3,"name":"GALBIATI MILANO Wool Set 4 sortierte Becher Weihnachten"}]},{"@type":"WebSite","@id":"https:\/\/www.erresse-shop.it\/de\/#website","url":"https:\/\/www.erresse-shop.it\/de\/","name":"Erresse Shop","description":"Articoli di qualit\u00e0 per la casa","potentialAction":[{"@type":"SearchAction","target":{"@type":"EntryPoint","urlTemplate":"https:\/\/www.erresse-shop.it\/de\/?s={search_term_string}"},"query-input":"required name=search_term_string"}],"inLanguage":"de-DE"}]}},"df_price":18.83,"df_sale_price":18.83,"df_regular_price":26.9,"df_image_link":"https:\/\/www.erresse-shop.it\/wp-content\/uploads\/2024\/10\/GALBIATI-MILANO-Wool-Set-4-Tazze-Assortite-Natale-300x300.jpg","_links":{"self":[{"href":"https:\/\/www.erresse-shop.it\/de\/wp-json\/wp\/v2\/product\/441255"}],"collection":[{"href":"https:\/\/www.erresse-shop.it\/de\/wp-json\/wp\/v2\/product"}],"about":[{"href":"https:\/\/www.erresse-shop.it\/de\/wp-json\/wp\/v2\/types\/product"}],"wp:featuredmedia":[{"embeddable":true,"href":"https:\/\/www.erresse-shop.it\/de\/wp-json\/wp\/v2\/media\/441264"}],"wp:attachment":[{"href":"https:\/\/www.erresse-shop.it\/de\/wp-json\/wp\/v2\/media?parent=441255"}],"wp:term":[{"taxonomy":"product_cat","embeddable":true,"href":"https:\/\/www.erresse-shop.it\/de\/wp-json\/wp\/v2\/product_cat?post=441255"},{"taxonomy":"product_tag","embeddable":true,"href":"https:\/\/www.erresse-shop.it\/de\/wp-json\/wp\/v2\/product_tag?post=441255"}],"curies":[{"name":"wp","href":"https:\/\/api.w.org\/{rel}","templated":true}]}}