{"id":440870,"date":"2024-10-24T10:23:13","date_gmt":"2024-10-24T10:23:13","guid":{"rendered":"https:\/\/www.erresse-shop.it\/?post_type=product&#038;p=440870"},"modified":"2024-10-24T10:31:06","modified_gmt":"2024-10-24T10:31:06","slug":"seletti-toiletpaper-muelltonne-snakes-12-l","status":"publish","type":"product","link":"https:\/\/www.erresse-shop.it\/de\/shop\/einrichtung-haus\/muelltonnen\/seletti-toiletpaper-muelltonne-snakes-12-l\/","title":{"rendered":"SELETTI Toiletpaper M\u00fclltonne Snakes 12 L"},"content":{"rendered":"<p>Die Gl\u00fccklichsten unter uns sind in der Lage, die magischen Momente zu erkennen, die sich in unserem Leben ereignen. Sie k\u00f6nnen sich unter bestimmten Umst\u00e4nden ereignen, einfach oder komplex, und geben das Gef\u00fchl, einen Traum zu leben. Diejenigen, die mit Poesie zu tun haben, erfordern keine au\u00dfergew\u00f6hnlichen Bedingungen; es reicht aus, unsere Umgebung zu beobachten, manchmal sogar einige Elemente, und es ist die Beziehung zwischen ihnen, die einen besonderen Moment schafft. Ein kleiner Raum manifestiert sich, in dem die Zeit uns zu Zuschauern macht, die von dieser Poesie gefangen sind&#8230; so entsteht Sch\u00f6nheit.<\/p>\n<p><strong>Materialien und Konstruktion<\/strong>: Metall, Kunststoff<br \/>\n<strong>Ma\u00dfe<\/strong>: 25 x 25 x 39,50 cm<br \/>\n<strong>Designer<\/strong>: Toilettenpapier<\/p>\n","protected":false},"excerpt":{"rendered":"<p>Die Gl\u00fccklichsten unter uns sind in der Lage, die magischen Momente zu erkennen, die sich in unserem Leben ereignen. Sie<\/p>\n","protected":false},"featured_media":440909,"template":"","meta":{"_acf_changed":false,"inline_featured_image":false},"product_cat":[6817,14032],"product_tag":[21228,11915,13106],"acf":[],"yoast_head":"<!-- This site is optimized with the Yoast SEO Premium plugin v18.6 (Yoast SEO v19.13) - https:\/\/yoast.com\/wordpress\/plugins\/seo\/ -->\n<title>SELETTI Toiletpaper M\u00fclltonne Snakes 12 L - Erresse Shop<\/title>\n<meta name=\"description\" content=\"Die Gl\u00fccklichsten unter uns sind in der Lage, die magischen Momente zu erkennen, die sich in unserem Leben ereignen. Sie k\u00f6nnen sich unter bestimmten\" \/>\n<meta name=\"robots\" content=\"index, follow, max-snippet:-1, max-image-preview:large, max-video-preview:-1\" \/>\n<link rel=\"canonical\" href=\"https:\/\/www.erresse-shop.it\/de\/shop\/einrichtung-haus\/muelltonnen\/seletti-toiletpaper-muelltonne-snakes-12-l\/\" \/>\n<meta property=\"og:locale\" content=\"de_DE\" \/>\n<meta property=\"og:type\" content=\"article\" \/>\n<meta property=\"og:title\" content=\"SELETTI Toiletpaper M\u00fclltonne Snakes 12 L\" \/>\n<meta property=\"og:description\" content=\"Die Gl\u00fccklichsten unter uns sind in der Lage, die magischen Momente zu erkennen, die sich in unserem Leben ereignen. Sie k\u00f6nnen sich unter bestimmten\" \/>\n<meta property=\"og:url\" content=\"https:\/\/www.erresse-shop.it\/de\/shop\/einrichtung-haus\/muelltonnen\/seletti-toiletpaper-muelltonne-snakes-12-l\/\" \/>\n<meta property=\"og:site_name\" content=\"Erresse Shop\" \/>\n<meta property=\"article:modified_time\" content=\"2024-10-24T10:31:06+00:00\" \/>\n<meta property=\"og:image\" content=\"https:\/\/www.erresse-shop.it\/wp-content\/uploads\/2024\/10\/SELETTI-Toiletpaper-Pattumiera-Snakes-12-L.jpg\" \/>\n\t<meta property=\"og:image:width\" content=\"1200\" \/>\n\t<meta property=\"og:image:height\" content=\"1200\" \/>\n\t<meta property=\"og:image:type\" content=\"image\/jpeg\" \/>\n<meta name=\"twitter:card\" content=\"summary_large_image\" \/>\n<script type=\"application\/ld+json\" class=\"yoast-schema-graph\">{\"@context\":\"https:\/\/schema.org\",\"@graph\":[{\"@type\":\"WebPage\",\"@id\":\"https:\/\/www.erresse-shop.it\/de\/shop\/einrichtung-haus\/muelltonnen\/seletti-toiletpaper-muelltonne-snakes-12-l\/\",\"url\":\"https:\/\/www.erresse-shop.it\/de\/shop\/einrichtung-haus\/muelltonnen\/seletti-toiletpaper-muelltonne-snakes-12-l\/\",\"name\":\"SELETTI Toiletpaper M\u00fclltonne Snakes 12 L - Erresse Shop\",\"isPartOf\":{\"@id\":\"https:\/\/www.erresse-shop.it\/de\/#website\"},\"datePublished\":\"2024-10-24T10:23:13+00:00\",\"dateModified\":\"2024-10-24T10:31:06+00:00\",\"description\":\"Die Gl\u00fccklichsten unter uns sind in der Lage, die magischen Momente zu erkennen, die sich in unserem Leben ereignen. Sie k\u00f6nnen sich unter bestimmten\",\"breadcrumb\":{\"@id\":\"https:\/\/www.erresse-shop.it\/de\/shop\/einrichtung-haus\/muelltonnen\/seletti-toiletpaper-muelltonne-snakes-12-l\/#breadcrumb\"},\"inLanguage\":\"de-DE\",\"potentialAction\":[{\"@type\":\"ReadAction\",\"target\":[\"https:\/\/www.erresse-shop.it\/de\/shop\/einrichtung-haus\/muelltonnen\/seletti-toiletpaper-muelltonne-snakes-12-l\/\"]}]},{\"@type\":\"BreadcrumbList\",\"@id\":\"https:\/\/www.erresse-shop.it\/de\/shop\/einrichtung-haus\/muelltonnen\/seletti-toiletpaper-muelltonne-snakes-12-l\/#breadcrumb\",\"itemListElement\":[{\"@type\":\"ListItem\",\"position\":1,\"name\":\"Home\",\"item\":\"https:\/\/www.erresse-shop.it\/de\/\"},{\"@type\":\"ListItem\",\"position\":2,\"name\":\"Shop\",\"item\":\"https:\/\/www.erresse-shop.it\/de\/shop\/\"},{\"@type\":\"ListItem\",\"position\":3,\"name\":\"SELETTI Toiletpaper M\u00fclltonne Snakes 12 L\"}]},{\"@type\":\"WebSite\",\"@id\":\"https:\/\/www.erresse-shop.it\/de\/#website\",\"url\":\"https:\/\/www.erresse-shop.it\/de\/\",\"name\":\"Erresse Shop\",\"description\":\"Articoli di qualit\u00e0 per la casa\",\"potentialAction\":[{\"@type\":\"SearchAction\",\"target\":{\"@type\":\"EntryPoint\",\"urlTemplate\":\"https:\/\/www.erresse-shop.it\/de\/?s={search_term_string}\"},\"query-input\":\"required name=search_term_string\"}],\"inLanguage\":\"de-DE\"}]}<\/script>\n<!-- \/ Yoast SEO Premium plugin. -->","yoast_head_json":{"title":"SELETTI Toiletpaper M\u00fclltonne Snakes 12 L - Erresse Shop","description":"Die Gl\u00fccklichsten unter uns sind in der Lage, die magischen Momente zu erkennen, die sich in unserem Leben ereignen. Sie k\u00f6nnen sich unter bestimmten","robots":{"index":"index","follow":"follow","max-snippet":"max-snippet:-1","max-image-preview":"max-image-preview:large","max-video-preview":"max-video-preview:-1"},"canonical":"https:\/\/www.erresse-shop.it\/de\/shop\/einrichtung-haus\/muelltonnen\/seletti-toiletpaper-muelltonne-snakes-12-l\/","og_locale":"de_DE","og_type":"article","og_title":"SELETTI Toiletpaper M\u00fclltonne Snakes 12 L","og_description":"Die Gl\u00fccklichsten unter uns sind in der Lage, die magischen Momente zu erkennen, die sich in unserem Leben ereignen. Sie k\u00f6nnen sich unter bestimmten","og_url":"https:\/\/www.erresse-shop.it\/de\/shop\/einrichtung-haus\/muelltonnen\/seletti-toiletpaper-muelltonne-snakes-12-l\/","og_site_name":"Erresse Shop","article_modified_time":"2024-10-24T10:31:06+00:00","og_image":[{"width":1200,"height":1200,"url":"https:\/\/www.erresse-shop.it\/wp-content\/uploads\/2024\/10\/SELETTI-Toiletpaper-Pattumiera-Snakes-12-L.jpg","type":"image\/jpeg"}],"twitter_card":"summary_large_image","schema":{"@context":"https:\/\/schema.org","@graph":[{"@type":"WebPage","@id":"https:\/\/www.erresse-shop.it\/de\/shop\/einrichtung-haus\/muelltonnen\/seletti-toiletpaper-muelltonne-snakes-12-l\/","url":"https:\/\/www.erresse-shop.it\/de\/shop\/einrichtung-haus\/muelltonnen\/seletti-toiletpaper-muelltonne-snakes-12-l\/","name":"SELETTI Toiletpaper M\u00fclltonne Snakes 12 L - Erresse Shop","isPartOf":{"@id":"https:\/\/www.erresse-shop.it\/de\/#website"},"datePublished":"2024-10-24T10:23:13+00:00","dateModified":"2024-10-24T10:31:06+00:00","description":"Die Gl\u00fccklichsten unter uns sind in der Lage, die magischen Momente zu erkennen, die sich in unserem Leben ereignen. Sie k\u00f6nnen sich unter bestimmten","breadcrumb":{"@id":"https:\/\/www.erresse-shop.it\/de\/shop\/einrichtung-haus\/muelltonnen\/seletti-toiletpaper-muelltonne-snakes-12-l\/#breadcrumb"},"inLanguage":"de-DE","potentialAction":[{"@type":"ReadAction","target":["https:\/\/www.erresse-shop.it\/de\/shop\/einrichtung-haus\/muelltonnen\/seletti-toiletpaper-muelltonne-snakes-12-l\/"]}]},{"@type":"BreadcrumbList","@id":"https:\/\/www.erresse-shop.it\/de\/shop\/einrichtung-haus\/muelltonnen\/seletti-toiletpaper-muelltonne-snakes-12-l\/#breadcrumb","itemListElement":[{"@type":"ListItem","position":1,"name":"Home","item":"https:\/\/www.erresse-shop.it\/de\/"},{"@type":"ListItem","position":2,"name":"Shop","item":"https:\/\/www.erresse-shop.it\/de\/shop\/"},{"@type":"ListItem","position":3,"name":"SELETTI Toiletpaper M\u00fclltonne Snakes 12 L"}]},{"@type":"WebSite","@id":"https:\/\/www.erresse-shop.it\/de\/#website","url":"https:\/\/www.erresse-shop.it\/de\/","name":"Erresse Shop","description":"Articoli di qualit\u00e0 per la casa","potentialAction":[{"@type":"SearchAction","target":{"@type":"EntryPoint","urlTemplate":"https:\/\/www.erresse-shop.it\/de\/?s={search_term_string}"},"query-input":"required name=search_term_string"}],"inLanguage":"de-DE"}]}},"df_price":49.5,"df_sale_price":49.5,"df_regular_price":65,"df_image_link":"https:\/\/www.erresse-shop.it\/wp-content\/uploads\/2024\/10\/SELETTI-Toiletpaper-Pattumiera-Snakes-12-L-300x300.jpg","_links":{"self":[{"href":"https:\/\/www.erresse-shop.it\/de\/wp-json\/wp\/v2\/product\/440870"}],"collection":[{"href":"https:\/\/www.erresse-shop.it\/de\/wp-json\/wp\/v2\/product"}],"about":[{"href":"https:\/\/www.erresse-shop.it\/de\/wp-json\/wp\/v2\/types\/product"}],"wp:featuredmedia":[{"embeddable":true,"href":"https:\/\/www.erresse-shop.it\/de\/wp-json\/wp\/v2\/media\/440909"}],"wp:attachment":[{"href":"https:\/\/www.erresse-shop.it\/de\/wp-json\/wp\/v2\/media?parent=440870"}],"wp:term":[{"taxonomy":"product_cat","embeddable":true,"href":"https:\/\/www.erresse-shop.it\/de\/wp-json\/wp\/v2\/product_cat?post=440870"},{"taxonomy":"product_tag","embeddable":true,"href":"https:\/\/www.erresse-shop.it\/de\/wp-json\/wp\/v2\/product_tag?post=440870"}],"curies":[{"name":"wp","href":"https:\/\/api.w.org\/{rel}","templated":true}]}}