{"id":440695,"date":"2024-10-24T08:02:25","date_gmt":"2024-10-24T08:02:26","guid":{"rendered":"https:\/\/www.erresse-shop.it\/?post_type=product&#038;p=440695"},"modified":"2025-05-21T13:00:03","modified_gmt":"2025-05-21T13:00:03","slug":"coravin-sparkling-black-5-stueck","status":"publish","type":"product","link":"https:\/\/www.erresse-shop.it\/de\/shop\/tisch\/weinbar-korkenzieher-dekanter-eiskubel\/beluefter\/coravin-sparkling-black-5-stueck\/","title":{"rendered":"CORAVIN Sparkling Black 5 St\u00fcck"},"content":{"rendered":"<p>Coravin Sparkling\u2122 bewahrt den Geschmack und die Spritzigkeit Ihrer Lieblingsschaumweine bis zu 4 Wochen lang und sorgt daf\u00fcr, dass Ihr letztes Glas immer genauso gut schmeckt wie Ihr erstes.<\/p>\n<p><strong>Was ist enthalten<\/strong><\/p>\n<div class=\"product__whats_included_item\">\n<ul>\n<li>Funkelndes Ladeger\u00e4t<\/li>\n<li>Coravin Sparkling Cap<\/li>\n<li>Coravin Pure Sparkling CO2-Kapseln<\/li>\n<li>Flaschenh\u00fclle<\/li>\n<\/ul>\n<\/div>\n<h4 class=\"product__how_to_use_content_title\">So verwenden Sie Coravin Sparkling<\/h4>\n<p><strong>Montieren Sie die Coravin Sparkling Cap<\/strong><br \/>\nNachdem Sie die gew\u00fcnschte Menge Sekt eingegossen haben, heben Sie den Verschlusshebel des Deckels in die entriegelte Position. Setzen Sie den Verschluss auf die ge\u00f6ffnete Flasche und dr\u00fccken Sie fest auf den Verschlussgriff, bis er b\u00fcndig abschlie\u00dft.<\/p>\n<p><strong>Bef\u00fcllen Sie die Flasche mit CO2<\/strong><br \/>\n\u00dcberpr\u00fcfen Sie die Druckanzeige, um sicherzustellen, dass sie gr\u00fcn leuchtet. Dies zeigt an, dass Sie einen Coravin Pure\u2122 Sparkling CO2 installiert haben. Richten Sie das Magazin an der Kappe aus und dr\u00fccken Sie fest darauf. Die Druckanzeige leuchtet rot und zeigt damit an, dass die Flasche zum Bef\u00fcllen bereit ist. Wenn die Anzeige gr\u00fcn wird, ist die Flasche vollst\u00e4ndig geladen.<\/p>\n","protected":false},"excerpt":{"rendered":"<p>Coravin Sparkling\u2122 bewahrt den Geschmack und die Spritzigkeit Ihrer Lieblingsschaumweine bis zu 4 Wochen lang und sorgt daf\u00fcr, dass Ihr<\/p>\n","protected":false},"featured_media":500427,"template":"","meta":{"_acf_changed":false,"inline_featured_image":false},"product_cat":[6787,6850,25983],"product_tag":[21718,21717,11969,21412,23683],"acf":[],"yoast_head":"<!-- This site is optimized with the Yoast SEO Premium plugin v18.6 (Yoast SEO v19.13) - https:\/\/yoast.com\/wordpress\/plugins\/seo\/ -->\n<title>CORAVIN Sparkling\u2122 Black 5 St\u00fcck<\/title>\n<meta name=\"description\" content=\"Entdecken Sie CORAVIN Sparkling\u2122 Black 5 St\u00fcck bei ErresseShop. Qualit\u00e4t, Stil und Funktionalit\u00e4t \u2013 jetzt online bestellen!\" \/>\n<meta name=\"robots\" content=\"index, follow, max-snippet:-1, max-image-preview:large, max-video-preview:-1\" \/>\n<link rel=\"canonical\" href=\"https:\/\/www.erresse-shop.it\/de\/shop\/tisch\/weinbar-korkenzieher-dekanter-eiskubel\/beluefter\/coravin-sparkling-black-5-stueck\/\" \/>\n<meta property=\"og:locale\" content=\"de_DE\" \/>\n<meta property=\"og:type\" content=\"article\" \/>\n<meta property=\"og:title\" content=\"CORAVIN Sparkling Black 5 St\u00fcck\" \/>\n<meta property=\"og:description\" content=\"Entdecken Sie CORAVIN Sparkling\u2122 Black 5 St\u00fcck bei ErresseShop. Qualit\u00e4t, Stil und Funktionalit\u00e4t \u2013 jetzt online bestellen!\" \/>\n<meta property=\"og:url\" content=\"https:\/\/www.erresse-shop.it\/de\/shop\/tisch\/weinbar-korkenzieher-dekanter-eiskubel\/beluefter\/coravin-sparkling-black-5-stueck\/\" \/>\n<meta property=\"og:site_name\" content=\"Erresse Shop\" \/>\n<meta property=\"article:modified_time\" content=\"2025-05-21T13:00:03+00:00\" \/>\n<meta property=\"og:image\" content=\"https:\/\/www.erresse-shop.it\/wp-content\/uploads\/2024\/10\/CORAVIN-Sparkling-Nero-5-pezzi.jpg\" \/>\n\t<meta property=\"og:image:width\" content=\"1200\" \/>\n\t<meta property=\"og:image:height\" content=\"1200\" \/>\n\t<meta property=\"og:image:type\" content=\"image\/jpeg\" \/>\n<meta name=\"twitter:card\" content=\"summary_large_image\" \/>\n<script type=\"application\/ld+json\" class=\"yoast-schema-graph\">{\"@context\":\"https:\/\/schema.org\",\"@graph\":[{\"@type\":\"WebPage\",\"@id\":\"https:\/\/www.erresse-shop.it\/de\/shop\/tisch\/weinbar-korkenzieher-dekanter-eiskubel\/beluefter\/coravin-sparkling-black-5-stueck\/\",\"url\":\"https:\/\/www.erresse-shop.it\/de\/shop\/tisch\/weinbar-korkenzieher-dekanter-eiskubel\/beluefter\/coravin-sparkling-black-5-stueck\/\",\"name\":\"CORAVIN Sparkling\u2122 Black 5 St\u00fcck\",\"isPartOf\":{\"@id\":\"https:\/\/www.erresse-shop.it\/de\/#website\"},\"datePublished\":\"2024-10-24T08:02:26+00:00\",\"dateModified\":\"2025-05-21T13:00:03+00:00\",\"description\":\"Entdecken Sie CORAVIN Sparkling\u2122 Black 5 St\u00fcck bei ErresseShop. Qualit\u00e4t, Stil und Funktionalit\u00e4t \u2013 jetzt online bestellen!\",\"breadcrumb\":{\"@id\":\"https:\/\/www.erresse-shop.it\/de\/shop\/tisch\/weinbar-korkenzieher-dekanter-eiskubel\/beluefter\/coravin-sparkling-black-5-stueck\/#breadcrumb\"},\"inLanguage\":\"de-DE\",\"potentialAction\":[{\"@type\":\"ReadAction\",\"target\":[\"https:\/\/www.erresse-shop.it\/de\/shop\/tisch\/weinbar-korkenzieher-dekanter-eiskubel\/beluefter\/coravin-sparkling-black-5-stueck\/\"]}]},{\"@type\":\"BreadcrumbList\",\"@id\":\"https:\/\/www.erresse-shop.it\/de\/shop\/tisch\/weinbar-korkenzieher-dekanter-eiskubel\/beluefter\/coravin-sparkling-black-5-stueck\/#breadcrumb\",\"itemListElement\":[{\"@type\":\"ListItem\",\"position\":1,\"name\":\"Home\",\"item\":\"https:\/\/www.erresse-shop.it\/de\/\"},{\"@type\":\"ListItem\",\"position\":2,\"name\":\"Shop\",\"item\":\"https:\/\/www.erresse-shop.it\/de\/shop\/\"},{\"@type\":\"ListItem\",\"position\":3,\"name\":\"CORAVIN Sparkling Black 5 St\u00fcck\"}]},{\"@type\":\"WebSite\",\"@id\":\"https:\/\/www.erresse-shop.it\/de\/#website\",\"url\":\"https:\/\/www.erresse-shop.it\/de\/\",\"name\":\"Erresse Shop\",\"description\":\"Articoli di qualit\u00e0 per la casa\",\"potentialAction\":[{\"@type\":\"SearchAction\",\"target\":{\"@type\":\"EntryPoint\",\"urlTemplate\":\"https:\/\/www.erresse-shop.it\/de\/?s={search_term_string}\"},\"query-input\":\"required name=search_term_string\"}],\"inLanguage\":\"de-DE\"}]}<\/script>\n<!-- \/ Yoast SEO Premium plugin. -->","yoast_head_json":{"title":"CORAVIN Sparkling\u2122 Black 5 St\u00fcck","description":"Entdecken Sie CORAVIN Sparkling\u2122 Black 5 St\u00fcck bei ErresseShop. Qualit\u00e4t, Stil und Funktionalit\u00e4t \u2013 jetzt online bestellen!","robots":{"index":"index","follow":"follow","max-snippet":"max-snippet:-1","max-image-preview":"max-image-preview:large","max-video-preview":"max-video-preview:-1"},"canonical":"https:\/\/www.erresse-shop.it\/de\/shop\/tisch\/weinbar-korkenzieher-dekanter-eiskubel\/beluefter\/coravin-sparkling-black-5-stueck\/","og_locale":"de_DE","og_type":"article","og_title":"CORAVIN Sparkling Black 5 St\u00fcck","og_description":"Entdecken Sie CORAVIN Sparkling\u2122 Black 5 St\u00fcck bei ErresseShop. Qualit\u00e4t, Stil und Funktionalit\u00e4t \u2013 jetzt online bestellen!","og_url":"https:\/\/www.erresse-shop.it\/de\/shop\/tisch\/weinbar-korkenzieher-dekanter-eiskubel\/beluefter\/coravin-sparkling-black-5-stueck\/","og_site_name":"Erresse Shop","article_modified_time":"2025-05-21T13:00:03+00:00","og_image":[{"width":1200,"height":1200,"url":"https:\/\/www.erresse-shop.it\/wp-content\/uploads\/2024\/10\/CORAVIN-Sparkling-Nero-5-pezzi.jpg","type":"image\/jpeg"}],"twitter_card":"summary_large_image","schema":{"@context":"https:\/\/schema.org","@graph":[{"@type":"WebPage","@id":"https:\/\/www.erresse-shop.it\/de\/shop\/tisch\/weinbar-korkenzieher-dekanter-eiskubel\/beluefter\/coravin-sparkling-black-5-stueck\/","url":"https:\/\/www.erresse-shop.it\/de\/shop\/tisch\/weinbar-korkenzieher-dekanter-eiskubel\/beluefter\/coravin-sparkling-black-5-stueck\/","name":"CORAVIN Sparkling\u2122 Black 5 St\u00fcck","isPartOf":{"@id":"https:\/\/www.erresse-shop.it\/de\/#website"},"datePublished":"2024-10-24T08:02:26+00:00","dateModified":"2025-05-21T13:00:03+00:00","description":"Entdecken Sie CORAVIN Sparkling\u2122 Black 5 St\u00fcck bei ErresseShop. Qualit\u00e4t, Stil und Funktionalit\u00e4t \u2013 jetzt online bestellen!","breadcrumb":{"@id":"https:\/\/www.erresse-shop.it\/de\/shop\/tisch\/weinbar-korkenzieher-dekanter-eiskubel\/beluefter\/coravin-sparkling-black-5-stueck\/#breadcrumb"},"inLanguage":"de-DE","potentialAction":[{"@type":"ReadAction","target":["https:\/\/www.erresse-shop.it\/de\/shop\/tisch\/weinbar-korkenzieher-dekanter-eiskubel\/beluefter\/coravin-sparkling-black-5-stueck\/"]}]},{"@type":"BreadcrumbList","@id":"https:\/\/www.erresse-shop.it\/de\/shop\/tisch\/weinbar-korkenzieher-dekanter-eiskubel\/beluefter\/coravin-sparkling-black-5-stueck\/#breadcrumb","itemListElement":[{"@type":"ListItem","position":1,"name":"Home","item":"https:\/\/www.erresse-shop.it\/de\/"},{"@type":"ListItem","position":2,"name":"Shop","item":"https:\/\/www.erresse-shop.it\/de\/shop\/"},{"@type":"ListItem","position":3,"name":"CORAVIN Sparkling Black 5 St\u00fcck"}]},{"@type":"WebSite","@id":"https:\/\/www.erresse-shop.it\/de\/#website","url":"https:\/\/www.erresse-shop.it\/de\/","name":"Erresse Shop","description":"Articoli di qualit\u00e0 per la casa","potentialAction":[{"@type":"SearchAction","target":{"@type":"EntryPoint","urlTemplate":"https:\/\/www.erresse-shop.it\/de\/?s={search_term_string}"},"query-input":"required name=search_term_string"}],"inLanguage":"de-DE"}]}},"df_price":314.993,"df_sale_price":314.993,"df_regular_price":449.99,"df_image_link":"https:\/\/www.erresse-shop.it\/wp-content\/uploads\/2024\/10\/CORAVIN-Sparkling-Nero-5-pezzi-300x300.jpg","_links":{"self":[{"href":"https:\/\/www.erresse-shop.it\/de\/wp-json\/wp\/v2\/product\/440695"}],"collection":[{"href":"https:\/\/www.erresse-shop.it\/de\/wp-json\/wp\/v2\/product"}],"about":[{"href":"https:\/\/www.erresse-shop.it\/de\/wp-json\/wp\/v2\/types\/product"}],"wp:featuredmedia":[{"embeddable":true,"href":"https:\/\/www.erresse-shop.it\/de\/wp-json\/wp\/v2\/media\/500427"}],"wp:attachment":[{"href":"https:\/\/www.erresse-shop.it\/de\/wp-json\/wp\/v2\/media?parent=440695"}],"wp:term":[{"taxonomy":"product_cat","embeddable":true,"href":"https:\/\/www.erresse-shop.it\/de\/wp-json\/wp\/v2\/product_cat?post=440695"},{"taxonomy":"product_tag","embeddable":true,"href":"https:\/\/www.erresse-shop.it\/de\/wp-json\/wp\/v2\/product_tag?post=440695"}],"curies":[{"name":"wp","href":"https:\/\/api.w.org\/{rel}","templated":true}]}}