{"id":440202,"date":"2024-10-17T12:59:21","date_gmt":"2024-10-17T12:59:22","guid":{"rendered":"https:\/\/www.erresse-shop.it\/?post_type=product&#038;p=440202"},"modified":"2024-10-24T09:46:48","modified_gmt":"2024-10-24T09:46:48","slug":"seletti-led-lampe-dreamlike","status":"publish","type":"product","link":"https:\/\/www.erresse-shop.it\/de\/shop\/einrichtung-haus\/lampen\/seletti-led-lampe-dreamlike\/","title":{"rendered":"SELETTI Led Lampe Dreamlike"},"content":{"rendered":"<p>Wenn ich an ein Haus denke, stelle ich mir sofort T\u00fcren und Fenster vor. Fenster sind die Augen von H\u00e4usern, sie lassen Licht herein, sie erhellen R\u00e4ume, ein Fenster mit Blick auf einen sch\u00f6nen Himmel ist ein positives und poppiges Thema!<br \/>\nDiese Fenster k\u00f6nnen \u00fcberall angebracht werden, wo wir wollen, und wir brauchen nicht einmal einen Bauunternehmer oder eine Genehmigung der Gemeinde!<\/p>\n<p><strong>Entwurf<\/strong>: Marcantonio<br \/>\n<strong>Material<\/strong>: Beton\/Glas<br \/>\n<strong>Abmessungen<\/strong>: 25 x 22 x 38 | 9,84\u201e x 8,66\u201c x 14,96\u201c cm<\/p>\n","protected":false},"excerpt":{"rendered":"<p>Wenn ich an ein Haus denke, stelle ich mir sofort T\u00fcren und Fenster vor. Fenster sind die Augen von H\u00e4usern,<\/p>\n","protected":false},"featured_media":440213,"template":"","meta":{"_acf_changed":false,"inline_featured_image":false},"product_cat":[6817,6862],"product_tag":[11949,12015,11853,25022],"acf":[],"yoast_head":"<!-- This site is optimized with the Yoast SEO Premium plugin v18.6 (Yoast SEO v19.13) - https:\/\/yoast.com\/wordpress\/plugins\/seo\/ -->\n<title>SELETTI Led Lampe Dreamlike - Erresse Shop<\/title>\n<meta name=\"description\" content=\"Wenn ich an ein Haus denke, stelle ich mir sofort T\u00fcren und Fenster vor. Fenster sind die Augen von H\u00e4usern, sie lassen Licht herein, sie erhellen R\u00e4ume,\" \/>\n<meta name=\"robots\" content=\"index, follow, max-snippet:-1, max-image-preview:large, max-video-preview:-1\" \/>\n<link rel=\"canonical\" href=\"https:\/\/www.erresse-shop.it\/de\/shop\/einrichtung-haus\/lampen\/seletti-led-lampe-dreamlike\/\" \/>\n<meta property=\"og:locale\" content=\"de_DE\" \/>\n<meta property=\"og:type\" content=\"article\" \/>\n<meta property=\"og:title\" content=\"SELETTI Led Lampe Dreamlike\" \/>\n<meta property=\"og:description\" content=\"Wenn ich an ein Haus denke, stelle ich mir sofort T\u00fcren und Fenster vor. Fenster sind die Augen von H\u00e4usern, sie lassen Licht herein, sie erhellen R\u00e4ume,\" \/>\n<meta property=\"og:url\" content=\"https:\/\/www.erresse-shop.it\/de\/shop\/einrichtung-haus\/lampen\/seletti-led-lampe-dreamlike\/\" \/>\n<meta property=\"og:site_name\" content=\"Erresse Shop\" \/>\n<meta property=\"article:modified_time\" content=\"2024-10-24T09:46:48+00:00\" \/>\n<meta property=\"og:image\" content=\"https:\/\/www.erresse-shop.it\/wp-content\/uploads\/2024\/10\/SELETTI-Lampada-Led-Dreamlike.jpg\" \/>\n\t<meta property=\"og:image:width\" content=\"1200\" \/>\n\t<meta property=\"og:image:height\" content=\"1200\" \/>\n\t<meta property=\"og:image:type\" content=\"image\/jpeg\" \/>\n<meta name=\"twitter:card\" content=\"summary_large_image\" \/>\n<script type=\"application\/ld+json\" class=\"yoast-schema-graph\">{\"@context\":\"https:\/\/schema.org\",\"@graph\":[{\"@type\":\"WebPage\",\"@id\":\"https:\/\/www.erresse-shop.it\/de\/shop\/einrichtung-haus\/lampen\/seletti-led-lampe-dreamlike\/\",\"url\":\"https:\/\/www.erresse-shop.it\/de\/shop\/einrichtung-haus\/lampen\/seletti-led-lampe-dreamlike\/\",\"name\":\"SELETTI Led Lampe Dreamlike - Erresse Shop\",\"isPartOf\":{\"@id\":\"https:\/\/www.erresse-shop.it\/de\/#website\"},\"datePublished\":\"2024-10-17T12:59:22+00:00\",\"dateModified\":\"2024-10-24T09:46:48+00:00\",\"description\":\"Wenn ich an ein Haus denke, stelle ich mir sofort T\u00fcren und Fenster vor. Fenster sind die Augen von H\u00e4usern, sie lassen Licht herein, sie erhellen R\u00e4ume,\",\"breadcrumb\":{\"@id\":\"https:\/\/www.erresse-shop.it\/de\/shop\/einrichtung-haus\/lampen\/seletti-led-lampe-dreamlike\/#breadcrumb\"},\"inLanguage\":\"de-DE\",\"potentialAction\":[{\"@type\":\"ReadAction\",\"target\":[\"https:\/\/www.erresse-shop.it\/de\/shop\/einrichtung-haus\/lampen\/seletti-led-lampe-dreamlike\/\"]}]},{\"@type\":\"BreadcrumbList\",\"@id\":\"https:\/\/www.erresse-shop.it\/de\/shop\/einrichtung-haus\/lampen\/seletti-led-lampe-dreamlike\/#breadcrumb\",\"itemListElement\":[{\"@type\":\"ListItem\",\"position\":1,\"name\":\"Home\",\"item\":\"https:\/\/www.erresse-shop.it\/de\/\"},{\"@type\":\"ListItem\",\"position\":2,\"name\":\"Shop\",\"item\":\"https:\/\/www.erresse-shop.it\/de\/shop\/\"},{\"@type\":\"ListItem\",\"position\":3,\"name\":\"SELETTI Led Lampe Dreamlike\"}]},{\"@type\":\"WebSite\",\"@id\":\"https:\/\/www.erresse-shop.it\/de\/#website\",\"url\":\"https:\/\/www.erresse-shop.it\/de\/\",\"name\":\"Erresse Shop\",\"description\":\"Articoli di qualit\u00e0 per la casa\",\"potentialAction\":[{\"@type\":\"SearchAction\",\"target\":{\"@type\":\"EntryPoint\",\"urlTemplate\":\"https:\/\/www.erresse-shop.it\/de\/?s={search_term_string}\"},\"query-input\":\"required name=search_term_string\"}],\"inLanguage\":\"de-DE\"}]}<\/script>\n<!-- \/ Yoast SEO Premium plugin. -->","yoast_head_json":{"title":"SELETTI Led Lampe Dreamlike - Erresse Shop","description":"Wenn ich an ein Haus denke, stelle ich mir sofort T\u00fcren und Fenster vor. Fenster sind die Augen von H\u00e4usern, sie lassen Licht herein, sie erhellen R\u00e4ume,","robots":{"index":"index","follow":"follow","max-snippet":"max-snippet:-1","max-image-preview":"max-image-preview:large","max-video-preview":"max-video-preview:-1"},"canonical":"https:\/\/www.erresse-shop.it\/de\/shop\/einrichtung-haus\/lampen\/seletti-led-lampe-dreamlike\/","og_locale":"de_DE","og_type":"article","og_title":"SELETTI Led Lampe Dreamlike","og_description":"Wenn ich an ein Haus denke, stelle ich mir sofort T\u00fcren und Fenster vor. Fenster sind die Augen von H\u00e4usern, sie lassen Licht herein, sie erhellen R\u00e4ume,","og_url":"https:\/\/www.erresse-shop.it\/de\/shop\/einrichtung-haus\/lampen\/seletti-led-lampe-dreamlike\/","og_site_name":"Erresse Shop","article_modified_time":"2024-10-24T09:46:48+00:00","og_image":[{"width":1200,"height":1200,"url":"https:\/\/www.erresse-shop.it\/wp-content\/uploads\/2024\/10\/SELETTI-Lampada-Led-Dreamlike.jpg","type":"image\/jpeg"}],"twitter_card":"summary_large_image","schema":{"@context":"https:\/\/schema.org","@graph":[{"@type":"WebPage","@id":"https:\/\/www.erresse-shop.it\/de\/shop\/einrichtung-haus\/lampen\/seletti-led-lampe-dreamlike\/","url":"https:\/\/www.erresse-shop.it\/de\/shop\/einrichtung-haus\/lampen\/seletti-led-lampe-dreamlike\/","name":"SELETTI Led Lampe Dreamlike - Erresse Shop","isPartOf":{"@id":"https:\/\/www.erresse-shop.it\/de\/#website"},"datePublished":"2024-10-17T12:59:22+00:00","dateModified":"2024-10-24T09:46:48+00:00","description":"Wenn ich an ein Haus denke, stelle ich mir sofort T\u00fcren und Fenster vor. Fenster sind die Augen von H\u00e4usern, sie lassen Licht herein, sie erhellen R\u00e4ume,","breadcrumb":{"@id":"https:\/\/www.erresse-shop.it\/de\/shop\/einrichtung-haus\/lampen\/seletti-led-lampe-dreamlike\/#breadcrumb"},"inLanguage":"de-DE","potentialAction":[{"@type":"ReadAction","target":["https:\/\/www.erresse-shop.it\/de\/shop\/einrichtung-haus\/lampen\/seletti-led-lampe-dreamlike\/"]}]},{"@type":"BreadcrumbList","@id":"https:\/\/www.erresse-shop.it\/de\/shop\/einrichtung-haus\/lampen\/seletti-led-lampe-dreamlike\/#breadcrumb","itemListElement":[{"@type":"ListItem","position":1,"name":"Home","item":"https:\/\/www.erresse-shop.it\/de\/"},{"@type":"ListItem","position":2,"name":"Shop","item":"https:\/\/www.erresse-shop.it\/de\/shop\/"},{"@type":"ListItem","position":3,"name":"SELETTI Led Lampe Dreamlike"}]},{"@type":"WebSite","@id":"https:\/\/www.erresse-shop.it\/de\/#website","url":"https:\/\/www.erresse-shop.it\/de\/","name":"Erresse Shop","description":"Articoli di qualit\u00e0 per la casa","potentialAction":[{"@type":"SearchAction","target":{"@type":"EntryPoint","urlTemplate":"https:\/\/www.erresse-shop.it\/de\/?s={search_term_string}"},"query-input":"required name=search_term_string"}],"inLanguage":"de-DE"}]}},"df_price":67.05,"df_sale_price":67.05,"df_regular_price":149,"df_image_link":"https:\/\/www.erresse-shop.it\/wp-content\/uploads\/2024\/10\/SELETTI-Lampada-Led-Dreamlike-300x300.jpg","_links":{"self":[{"href":"https:\/\/www.erresse-shop.it\/de\/wp-json\/wp\/v2\/product\/440202"}],"collection":[{"href":"https:\/\/www.erresse-shop.it\/de\/wp-json\/wp\/v2\/product"}],"about":[{"href":"https:\/\/www.erresse-shop.it\/de\/wp-json\/wp\/v2\/types\/product"}],"wp:featuredmedia":[{"embeddable":true,"href":"https:\/\/www.erresse-shop.it\/de\/wp-json\/wp\/v2\/media\/440213"}],"wp:attachment":[{"href":"https:\/\/www.erresse-shop.it\/de\/wp-json\/wp\/v2\/media?parent=440202"}],"wp:term":[{"taxonomy":"product_cat","embeddable":true,"href":"https:\/\/www.erresse-shop.it\/de\/wp-json\/wp\/v2\/product_cat?post=440202"},{"taxonomy":"product_tag","embeddable":true,"href":"https:\/\/www.erresse-shop.it\/de\/wp-json\/wp\/v2\/product_tag?post=440202"}],"curies":[{"name":"wp","href":"https:\/\/api.w.org\/{rel}","templated":true}]}}