{"id":439497,"date":"2024-10-14T13:54:36","date_gmt":"2024-10-14T13:54:37","guid":{"rendered":"https:\/\/www.erresse-shop.it\/?post_type=product&#038;p=439497"},"modified":"2025-01-17T06:24:44","modified_gmt":"2025-01-17T06:24:44","slug":"gastrolux-squality-bratpfanne-mit-niedriger-induktion-24-cm-aubergine","status":"publish","type":"product","link":"https:\/\/www.erresse-shop.it\/de\/shop\/toepfe-pfannen\/pfannen\/gastrolux-squality-bratpfanne-mit-niedriger-induktion-24-cm-aubergine\/","title":{"rendered":"GASTROLUX Squality Bratpfanne mit niedriger Induktion 24 cm Aubergine"},"content":{"rendered":"<p>Das antihaftbeschichtete Kochgeschirr, das kochfest ist! Gastrolux ist das erste Kochgeschirr, das dank der Anwendung der Nanotechnologie hergestellt wird, die bereits in der Astrophysik und seit kurzem auch in der Chirurgie eingesetzt wird. Das brandneue System besteht darin, Mikropartikel mit doppelter Schallgeschwindigkeit und bei extrem hohen Temperaturen auf die zu behandelnde Oberfl\u00e4che zu schie\u00dfen. Diese molekulare Technologie ist mit BIOTAN angereichert: eine Antihaft-Oberfl\u00e4chenbehandlung auf der Basis nat\u00fcrlicher Bioorganismen, die eine au\u00dfergew\u00f6hnliche H\u00e4rte und eine hohe Resistenz gegen die Absorption von \u00d6l garantiert und so ein praktisches und gesundes Kochsystem f\u00fcr eine nahrhafte und schmackhafte K\u00fcche schafft. Pfanne mit geringer Antihaftwirkung und nicht verformbarem Thermoboden f\u00fcr eine bessere W\u00e4rmeverteilung und Energieeinsparung. K\u00f6rper aus Aluminiumguss mit verst\u00e4rktem, sto\u00dffestem Rand und komfortablem Zusatzgriff. Die Squality Pfanne mit unserer einzigartigen BIOTAN Plus Antihaftbeschichtung heizt sich sehr schnell auf.<\/p>\n<ul>\n<li>Gastrolux BIOTAN-Antihaftbeschichtungstechnologie<\/li>\n<li>DIN 8 mm starker Antihaft-Boden<\/li>\n<li>Optimale W\u00e4rmeverteilung und -speicherung<\/li>\n<li>Patentierte DIN-konforme Griffbefestigung<\/li>\n<li>Stabiler Sch\u00fcttrand<\/li>\n<li>St\u00fctzender Griff<\/li>\n<li>Ergonomische Griffe und Kn\u00f6pfe Verwendbar in \u00d6fen bis zu 500 \u00b0F<\/li>\n<li>Jedes Produkt hat eine eindeutige Qualit\u00e4tskontrollnummer<\/li>\n<li>PFOA- und PFOS-frei<\/li>\n<li>Leicht zu reinigen<\/li>\n<li>Sp\u00fclmaschinentauglich<\/li>\n<\/ul>\n","protected":false},"excerpt":{"rendered":"<p>Das antihaftbeschichtete Kochgeschirr, das kochfest ist! Gastrolux ist das erste Kochgeschirr, das dank der Anwendung der Nanotechnologie hergestellt wird, die<\/p>\n","protected":false},"featured_media":439504,"template":"","meta":{"_acf_changed":false,"inline_featured_image":false},"product_cat":[6709,14801],"product_tag":[11433,11601,11385,11605,13522,13177],"acf":[],"yoast_head":"<!-- This site is optimized with the Yoast SEO Premium plugin v18.6 (Yoast SEO v19.13) - https:\/\/yoast.com\/wordpress\/plugins\/seo\/ -->\n<title>GASTROLUX Squality Bratpfanne mit niedriger Induktion 24 cm Aubergine<\/title>\n<meta name=\"description\" content=\"Entdecken Sie GASTROLUX Squality Bratpfanne mit niedriger Induktion 24 cm Aubergine bei ErresseShop. Qualit\u00e4t, Stil und Funktionalit\u00e4t \u2013 jetzt online bestellen!\" \/>\n<meta name=\"robots\" content=\"index, follow, max-snippet:-1, max-image-preview:large, max-video-preview:-1\" \/>\n<link rel=\"canonical\" href=\"https:\/\/www.erresse-shop.it\/de\/shop\/toepfe-pfannen\/pfannen\/gastrolux-squality-bratpfanne-mit-niedriger-induktion-24-cm-aubergine\/\" \/>\n<meta property=\"og:locale\" content=\"de_DE\" \/>\n<meta property=\"og:type\" content=\"article\" \/>\n<meta property=\"og:title\" content=\"GASTROLUX Squality Bratpfanne mit niedriger Induktion 24 cm Aubergine\" \/>\n<meta property=\"og:description\" content=\"Entdecken Sie GASTROLUX Squality Bratpfanne mit niedriger Induktion 24 cm Aubergine bei ErresseShop. Qualit\u00e4t, Stil und Funktionalit\u00e4t \u2013 jetzt online bestellen!\" \/>\n<meta property=\"og:url\" content=\"https:\/\/www.erresse-shop.it\/de\/shop\/toepfe-pfannen\/pfannen\/gastrolux-squality-bratpfanne-mit-niedriger-induktion-24-cm-aubergine\/\" \/>\n<meta property=\"og:site_name\" content=\"Erresse Shop\" \/>\n<meta property=\"article:modified_time\" content=\"2025-01-17T06:24:44+00:00\" \/>\n<meta property=\"og:image\" content=\"https:\/\/www.erresse-shop.it\/wp-content\/uploads\/2024\/10\/GASTROLUX-Squality-Padella-Bassa-Induzione-24-cm-Melanzana.jpg\" \/>\n\t<meta property=\"og:image:width\" content=\"1200\" \/>\n\t<meta property=\"og:image:height\" content=\"1200\" \/>\n\t<meta property=\"og:image:type\" content=\"image\/jpeg\" \/>\n<meta name=\"twitter:card\" content=\"summary_large_image\" \/>\n<script type=\"application\/ld+json\" class=\"yoast-schema-graph\">{\"@context\":\"https:\/\/schema.org\",\"@graph\":[{\"@type\":\"WebPage\",\"@id\":\"https:\/\/www.erresse-shop.it\/de\/shop\/toepfe-pfannen\/pfannen\/gastrolux-squality-bratpfanne-mit-niedriger-induktion-24-cm-aubergine\/\",\"url\":\"https:\/\/www.erresse-shop.it\/de\/shop\/toepfe-pfannen\/pfannen\/gastrolux-squality-bratpfanne-mit-niedriger-induktion-24-cm-aubergine\/\",\"name\":\"GASTROLUX Squality Bratpfanne mit niedriger Induktion 24 cm Aubergine\",\"isPartOf\":{\"@id\":\"https:\/\/www.erresse-shop.it\/de\/#website\"},\"datePublished\":\"2024-10-14T13:54:37+00:00\",\"dateModified\":\"2025-01-17T06:24:44+00:00\",\"description\":\"Entdecken Sie GASTROLUX Squality Bratpfanne mit niedriger Induktion 24 cm Aubergine bei ErresseShop. Qualit\u00e4t, Stil und Funktionalit\u00e4t \u2013 jetzt online bestellen!\",\"breadcrumb\":{\"@id\":\"https:\/\/www.erresse-shop.it\/de\/shop\/toepfe-pfannen\/pfannen\/gastrolux-squality-bratpfanne-mit-niedriger-induktion-24-cm-aubergine\/#breadcrumb\"},\"inLanguage\":\"de-DE\",\"potentialAction\":[{\"@type\":\"ReadAction\",\"target\":[\"https:\/\/www.erresse-shop.it\/de\/shop\/toepfe-pfannen\/pfannen\/gastrolux-squality-bratpfanne-mit-niedriger-induktion-24-cm-aubergine\/\"]}]},{\"@type\":\"BreadcrumbList\",\"@id\":\"https:\/\/www.erresse-shop.it\/de\/shop\/toepfe-pfannen\/pfannen\/gastrolux-squality-bratpfanne-mit-niedriger-induktion-24-cm-aubergine\/#breadcrumb\",\"itemListElement\":[{\"@type\":\"ListItem\",\"position\":1,\"name\":\"Home\",\"item\":\"https:\/\/www.erresse-shop.it\/de\/\"},{\"@type\":\"ListItem\",\"position\":2,\"name\":\"Shop\",\"item\":\"https:\/\/www.erresse-shop.it\/de\/shop\/\"},{\"@type\":\"ListItem\",\"position\":3,\"name\":\"GASTROLUX Squality Bratpfanne mit niedriger Induktion 24 cm Aubergine\"}]},{\"@type\":\"WebSite\",\"@id\":\"https:\/\/www.erresse-shop.it\/de\/#website\",\"url\":\"https:\/\/www.erresse-shop.it\/de\/\",\"name\":\"Erresse Shop\",\"description\":\"Articoli di qualit\u00e0 per la casa\",\"potentialAction\":[{\"@type\":\"SearchAction\",\"target\":{\"@type\":\"EntryPoint\",\"urlTemplate\":\"https:\/\/www.erresse-shop.it\/de\/?s={search_term_string}\"},\"query-input\":\"required name=search_term_string\"}],\"inLanguage\":\"de-DE\"}]}<\/script>\n<!-- \/ Yoast SEO Premium plugin. -->","yoast_head_json":{"title":"GASTROLUX Squality Bratpfanne mit niedriger Induktion 24 cm Aubergine","description":"Entdecken Sie GASTROLUX Squality Bratpfanne mit niedriger Induktion 24 cm Aubergine bei ErresseShop. Qualit\u00e4t, Stil und Funktionalit\u00e4t \u2013 jetzt online bestellen!","robots":{"index":"index","follow":"follow","max-snippet":"max-snippet:-1","max-image-preview":"max-image-preview:large","max-video-preview":"max-video-preview:-1"},"canonical":"https:\/\/www.erresse-shop.it\/de\/shop\/toepfe-pfannen\/pfannen\/gastrolux-squality-bratpfanne-mit-niedriger-induktion-24-cm-aubergine\/","og_locale":"de_DE","og_type":"article","og_title":"GASTROLUX Squality Bratpfanne mit niedriger Induktion 24 cm Aubergine","og_description":"Entdecken Sie GASTROLUX Squality Bratpfanne mit niedriger Induktion 24 cm Aubergine bei ErresseShop. Qualit\u00e4t, Stil und Funktionalit\u00e4t \u2013 jetzt online bestellen!","og_url":"https:\/\/www.erresse-shop.it\/de\/shop\/toepfe-pfannen\/pfannen\/gastrolux-squality-bratpfanne-mit-niedriger-induktion-24-cm-aubergine\/","og_site_name":"Erresse Shop","article_modified_time":"2025-01-17T06:24:44+00:00","og_image":[{"width":1200,"height":1200,"url":"https:\/\/www.erresse-shop.it\/wp-content\/uploads\/2024\/10\/GASTROLUX-Squality-Padella-Bassa-Induzione-24-cm-Melanzana.jpg","type":"image\/jpeg"}],"twitter_card":"summary_large_image","schema":{"@context":"https:\/\/schema.org","@graph":[{"@type":"WebPage","@id":"https:\/\/www.erresse-shop.it\/de\/shop\/toepfe-pfannen\/pfannen\/gastrolux-squality-bratpfanne-mit-niedriger-induktion-24-cm-aubergine\/","url":"https:\/\/www.erresse-shop.it\/de\/shop\/toepfe-pfannen\/pfannen\/gastrolux-squality-bratpfanne-mit-niedriger-induktion-24-cm-aubergine\/","name":"GASTROLUX Squality Bratpfanne mit niedriger Induktion 24 cm Aubergine","isPartOf":{"@id":"https:\/\/www.erresse-shop.it\/de\/#website"},"datePublished":"2024-10-14T13:54:37+00:00","dateModified":"2025-01-17T06:24:44+00:00","description":"Entdecken Sie GASTROLUX Squality Bratpfanne mit niedriger Induktion 24 cm Aubergine bei ErresseShop. Qualit\u00e4t, Stil und Funktionalit\u00e4t \u2013 jetzt online bestellen!","breadcrumb":{"@id":"https:\/\/www.erresse-shop.it\/de\/shop\/toepfe-pfannen\/pfannen\/gastrolux-squality-bratpfanne-mit-niedriger-induktion-24-cm-aubergine\/#breadcrumb"},"inLanguage":"de-DE","potentialAction":[{"@type":"ReadAction","target":["https:\/\/www.erresse-shop.it\/de\/shop\/toepfe-pfannen\/pfannen\/gastrolux-squality-bratpfanne-mit-niedriger-induktion-24-cm-aubergine\/"]}]},{"@type":"BreadcrumbList","@id":"https:\/\/www.erresse-shop.it\/de\/shop\/toepfe-pfannen\/pfannen\/gastrolux-squality-bratpfanne-mit-niedriger-induktion-24-cm-aubergine\/#breadcrumb","itemListElement":[{"@type":"ListItem","position":1,"name":"Home","item":"https:\/\/www.erresse-shop.it\/de\/"},{"@type":"ListItem","position":2,"name":"Shop","item":"https:\/\/www.erresse-shop.it\/de\/shop\/"},{"@type":"ListItem","position":3,"name":"GASTROLUX Squality Bratpfanne mit niedriger Induktion 24 cm Aubergine"}]},{"@type":"WebSite","@id":"https:\/\/www.erresse-shop.it\/de\/#website","url":"https:\/\/www.erresse-shop.it\/de\/","name":"Erresse Shop","description":"Articoli di qualit\u00e0 per la casa","potentialAction":[{"@type":"SearchAction","target":{"@type":"EntryPoint","urlTemplate":"https:\/\/www.erresse-shop.it\/de\/?s={search_term_string}"},"query-input":"required name=search_term_string"}],"inLanguage":"de-DE"}]}},"df_price":79,"df_sale_price":79,"df_regular_price":147,"df_image_link":"https:\/\/www.erresse-shop.it\/wp-content\/uploads\/2024\/10\/GASTROLUX-Squality-Padella-Bassa-Induzione-24-cm-Melanzana-300x300.jpg","_links":{"self":[{"href":"https:\/\/www.erresse-shop.it\/de\/wp-json\/wp\/v2\/product\/439497"}],"collection":[{"href":"https:\/\/www.erresse-shop.it\/de\/wp-json\/wp\/v2\/product"}],"about":[{"href":"https:\/\/www.erresse-shop.it\/de\/wp-json\/wp\/v2\/types\/product"}],"wp:featuredmedia":[{"embeddable":true,"href":"https:\/\/www.erresse-shop.it\/de\/wp-json\/wp\/v2\/media\/439504"}],"wp:attachment":[{"href":"https:\/\/www.erresse-shop.it\/de\/wp-json\/wp\/v2\/media?parent=439497"}],"wp:term":[{"taxonomy":"product_cat","embeddable":true,"href":"https:\/\/www.erresse-shop.it\/de\/wp-json\/wp\/v2\/product_cat?post=439497"},{"taxonomy":"product_tag","embeddable":true,"href":"https:\/\/www.erresse-shop.it\/de\/wp-json\/wp\/v2\/product_tag?post=439497"}],"curies":[{"name":"wp","href":"https:\/\/api.w.org\/{rel}","templated":true}]}}