{"id":439234,"date":"2024-10-14T08:36:33","date_gmt":"2024-10-14T08:36:34","guid":{"rendered":"https:\/\/www.erresse-shop.it\/?post_type=product&#038;p=439234"},"modified":"2025-01-17T07:54:45","modified_gmt":"2025-01-17T07:54:45","slug":"jura-kaffeemaschine-c8-piano-black","status":"publish","type":"product","link":"https:\/\/www.erresse-shop.it\/de\/shop\/kleine-elektrogeraete\/kaffeemaschinen-espresso\/automatisch\/jura-kaffeemaschine-c8-piano-black\/","title":{"rendered":"JURA Kaffeemaschine C8 Piano Black"},"content":{"rendered":"<p><strong>Kompaktes Format, unglaublicher Geschmack<\/strong><\/p>\n<p>Der <strong>C8<\/strong> repr\u00e4sentiert das neue Premium-Economy-Segment von JURA. Eine kompakte Maschine mit maximaler Leistung, gestaltet mit Stilelementen aus dem Premiumsegment f\u00fcr ein besonderes Kaffeeerlebnis.<\/p>\n<p>Meistern Sie mit einem minimalistischen Ansatz alle klassischen Spezialit\u00e4ten: Kaffee, Espresso, Cappuccino und Latte. Ausgestattet mit dem Professional Aroma Grinder (P.A.G.)-Mahlwerk garantiert es maximalen Geschmack. Mit dem C8 k\u00f6nnen Sie nicht nur die Kaffee- und Milchmenge, sondern auch die Intensit\u00e4t ganz einfach an Ihren Geschmack anpassen.<\/p>\n<p>Die beeindruckenden konvexen und konkaven Linien des C8 spiegeln optisch seine Premium-Segment-DNA wider. Das Easy Control-Bedienfeld und die unauff\u00e4lligen Tasten sorgen f\u00fcr eine einfache und intuitive Bedienung.<\/p>\n<p>Zusammen mit Wi-Fi Connect und der J.O.E.\u00ae-App kann der C8 per Smartphone oder Tablet bedient werden und verf\u00fcgt \u00fcber zahlreiche Extras, die das Benutzererlebnis auf die n\u00e4chste Stufe heben.<\/p>\n<p><strong>Purer Genuss<\/strong><br \/>\nDer C8 ist kompakt in der Gr\u00f6\u00dfe, serviert aber erstklassigen Kaffee. Dank der vollwertigen Br\u00fcheinheit mit variabler Br\u00fchkammer und Kapazit\u00e4ten von 5 bis 16 g f\u00e4ngt der C8 alle Kaffeearomen in einer einzigen Tasse ein. Das Pulse-Extraktionsverfahren (P.E.P.\u00ae) stellt sicher, dass jeder Espresso perfekt nach den Standards des Barista serviert wird, w\u00e4hrend Sie mit individuellen Einstellungen f\u00fcr Mahlgradkonsistenz sowie Wasser- und Milchmengen Ihre ganz pers\u00f6nliche Note hinzuf\u00fcgen k\u00f6nnen. Mit der Zwei-Tassen-Funktion k\u00f6nnen Sie zwei Tassen Espresso oder Kaffee gleichzeitig zubereiten \u2013 perfekt f\u00fcr gemeinsame Kaffeemomente.<\/p>\n<p><strong>Feiner Milchschaum auf Knopfdruck<\/strong><br \/>\nLuftiger Milchschaum l\u00e4sst den Geschmack eines Latte Macchiato durchscheinen oder rundet einen Cappuccino perfekt ab. Der C8 bereitet diese beiden Klassiker auf Knopfdruck mit frischem Milchschaum zu und bietet kompromisslose Qualit\u00e4t. Durch die Feinschaum-Technologie, die die Milch in zwei getrennten Kammern zweimal aufsch\u00e4umt, entsteht eine leichte Textur und ein Milchschaum der ganz besonderen Art.<\/p>\n<p><strong>Anspruchsvolles und kompaktes Design<\/strong><br \/>\nInspiriert von unserem Premium-Segment besticht der C8 durch ein raffiniertes und zeitloses Wellendesign: Geschwungene Strukturen pr\u00e4gen den Wassertank und heben den verchromten Tassengrill hervor. Der Schwung der Wellen setzt sich in der konvex-konkaven Front fort, die die Designsprache des C8 in einer kompakten Einheit fasst. Mit klarem Design und unkonventioneller Einfachheit erreicht der C8 beeindruckende Leistung in einem kompakten Formfaktor.<\/p>\n<p><strong>Technische Daten<\/strong><\/p>\n<p><strong>Doppelauslauf in H\u00f6he und Breite verstellbar:<\/strong> 75 &#8211; 115 mm \/ &#8211;<br \/>\n<strong>Wassertankinhalt:<\/strong> 1,6 l<br \/>\n<strong>Kapazit\u00e4t des Kaffeebohnenbeh\u00e4lters:<\/strong> 200 g<br \/>\n<strong>Kaffeesatzbeh\u00e4lter:<\/strong> (ca. Portionen) 16<br \/>\n<strong>Kabell\u00e4nge:<\/strong> 1,1 m<br \/>\n<strong>Spannung \/ Leistung:<\/strong> 230 V ~ \/ 1450 W<br \/>\n<strong>Standby-Leistung:<\/strong> \u2264 0,5 W<br \/>\n<strong>Gewicht:<\/strong> 10,3 kg<br \/>\n<strong>Abmessungen (B \u00d7 H \u00d7 T):<\/strong> 26\u2009\u00d7\u200932,5\u2009\u00d7\u200943,7 cm<\/p>\n<p>Produktionsland. Hergestellt in Portugal<br \/>\nModelljahr 2024<\/p>\n","protected":false},"excerpt":{"rendered":"<p>Kompaktes Format, unglaublicher Geschmack Der C8 repr\u00e4sentiert das neue Premium-Economy-Segment von JURA. Eine kompakte Maschine mit maximaler Leistung, gestaltet mit<\/p>\n","protected":false},"featured_media":439247,"template":"","meta":{"_acf_changed":false,"inline_featured_image":false},"product_cat":[6733,6703,25361],"product_tag":[23569,23564,20766,13966],"acf":[],"yoast_head":"<!-- This site is optimized with the Yoast SEO Premium plugin v18.6 (Yoast SEO v19.13) - https:\/\/yoast.com\/wordpress\/plugins\/seo\/ -->\n<title>JURA Kaffeemaschine C8 Piano Black<\/title>\n<meta name=\"description\" content=\"Entdecken Sie JURA Kaffeemaschine C8 Piano Black bei ErresseShop. Qualit\u00e4t, Stil und Funktionalit\u00e4t \u2013 jetzt online bestellen!\" \/>\n<meta name=\"robots\" content=\"index, follow, max-snippet:-1, max-image-preview:large, max-video-preview:-1\" \/>\n<link rel=\"canonical\" href=\"https:\/\/www.erresse-shop.it\/de\/shop\/kleine-elektrogeraete\/kaffeemaschinen-espresso\/automatisch\/jura-kaffeemaschine-c8-piano-black\/\" \/>\n<meta property=\"og:locale\" content=\"de_DE\" \/>\n<meta property=\"og:type\" content=\"article\" \/>\n<meta property=\"og:title\" content=\"JURA Kaffeemaschine C8 Piano Black\" \/>\n<meta property=\"og:description\" content=\"Entdecken Sie JURA Kaffeemaschine C8 Piano Black bei ErresseShop. Qualit\u00e4t, Stil und Funktionalit\u00e4t \u2013 jetzt online bestellen!\" \/>\n<meta property=\"og:url\" content=\"https:\/\/www.erresse-shop.it\/de\/shop\/kleine-elektrogeraete\/kaffeemaschinen-espresso\/automatisch\/jura-kaffeemaschine-c8-piano-black\/\" \/>\n<meta property=\"og:site_name\" content=\"Erresse Shop\" \/>\n<meta property=\"article:modified_time\" content=\"2025-01-17T07:54:45+00:00\" \/>\n<meta property=\"og:image\" content=\"https:\/\/www.erresse-shop.it\/wp-content\/uploads\/2024\/10\/JURA-Macchina-Da-Caffe-C8-Piano-Nero.jpg\" \/>\n\t<meta property=\"og:image:width\" content=\"1200\" \/>\n\t<meta property=\"og:image:height\" content=\"1200\" \/>\n\t<meta property=\"og:image:type\" content=\"image\/jpeg\" \/>\n<meta name=\"twitter:card\" content=\"summary_large_image\" \/>\n<script type=\"application\/ld+json\" class=\"yoast-schema-graph\">{\"@context\":\"https:\/\/schema.org\",\"@graph\":[{\"@type\":\"WebPage\",\"@id\":\"https:\/\/www.erresse-shop.it\/de\/shop\/kleine-elektrogeraete\/kaffeemaschinen-espresso\/automatisch\/jura-kaffeemaschine-c8-piano-black\/\",\"url\":\"https:\/\/www.erresse-shop.it\/de\/shop\/kleine-elektrogeraete\/kaffeemaschinen-espresso\/automatisch\/jura-kaffeemaschine-c8-piano-black\/\",\"name\":\"JURA Kaffeemaschine C8 Piano Black\",\"isPartOf\":{\"@id\":\"https:\/\/www.erresse-shop.it\/de\/#website\"},\"datePublished\":\"2024-10-14T08:36:34+00:00\",\"dateModified\":\"2025-01-17T07:54:45+00:00\",\"description\":\"Entdecken Sie JURA Kaffeemaschine C8 Piano Black bei ErresseShop. Qualit\u00e4t, Stil und Funktionalit\u00e4t \u2013 jetzt online bestellen!\",\"breadcrumb\":{\"@id\":\"https:\/\/www.erresse-shop.it\/de\/shop\/kleine-elektrogeraete\/kaffeemaschinen-espresso\/automatisch\/jura-kaffeemaschine-c8-piano-black\/#breadcrumb\"},\"inLanguage\":\"de-DE\",\"potentialAction\":[{\"@type\":\"ReadAction\",\"target\":[\"https:\/\/www.erresse-shop.it\/de\/shop\/kleine-elektrogeraete\/kaffeemaschinen-espresso\/automatisch\/jura-kaffeemaschine-c8-piano-black\/\"]}]},{\"@type\":\"BreadcrumbList\",\"@id\":\"https:\/\/www.erresse-shop.it\/de\/shop\/kleine-elektrogeraete\/kaffeemaschinen-espresso\/automatisch\/jura-kaffeemaschine-c8-piano-black\/#breadcrumb\",\"itemListElement\":[{\"@type\":\"ListItem\",\"position\":1,\"name\":\"Home\",\"item\":\"https:\/\/www.erresse-shop.it\/de\/\"},{\"@type\":\"ListItem\",\"position\":2,\"name\":\"Shop\",\"item\":\"https:\/\/www.erresse-shop.it\/de\/shop\/\"},{\"@type\":\"ListItem\",\"position\":3,\"name\":\"JURA Kaffeemaschine C8 Piano Black\"}]},{\"@type\":\"WebSite\",\"@id\":\"https:\/\/www.erresse-shop.it\/de\/#website\",\"url\":\"https:\/\/www.erresse-shop.it\/de\/\",\"name\":\"Erresse Shop\",\"description\":\"Articoli di qualit\u00e0 per la casa\",\"potentialAction\":[{\"@type\":\"SearchAction\",\"target\":{\"@type\":\"EntryPoint\",\"urlTemplate\":\"https:\/\/www.erresse-shop.it\/de\/?s={search_term_string}\"},\"query-input\":\"required name=search_term_string\"}],\"inLanguage\":\"de-DE\"}]}<\/script>\n<!-- \/ Yoast SEO Premium plugin. -->","yoast_head_json":{"title":"JURA Kaffeemaschine C8 Piano Black","description":"Entdecken Sie JURA Kaffeemaschine C8 Piano Black bei ErresseShop. Qualit\u00e4t, Stil und Funktionalit\u00e4t \u2013 jetzt online bestellen!","robots":{"index":"index","follow":"follow","max-snippet":"max-snippet:-1","max-image-preview":"max-image-preview:large","max-video-preview":"max-video-preview:-1"},"canonical":"https:\/\/www.erresse-shop.it\/de\/shop\/kleine-elektrogeraete\/kaffeemaschinen-espresso\/automatisch\/jura-kaffeemaschine-c8-piano-black\/","og_locale":"de_DE","og_type":"article","og_title":"JURA Kaffeemaschine C8 Piano Black","og_description":"Entdecken Sie JURA Kaffeemaschine C8 Piano Black bei ErresseShop. Qualit\u00e4t, Stil und Funktionalit\u00e4t \u2013 jetzt online bestellen!","og_url":"https:\/\/www.erresse-shop.it\/de\/shop\/kleine-elektrogeraete\/kaffeemaschinen-espresso\/automatisch\/jura-kaffeemaschine-c8-piano-black\/","og_site_name":"Erresse Shop","article_modified_time":"2025-01-17T07:54:45+00:00","og_image":[{"width":1200,"height":1200,"url":"https:\/\/www.erresse-shop.it\/wp-content\/uploads\/2024\/10\/JURA-Macchina-Da-Caffe-C8-Piano-Nero.jpg","type":"image\/jpeg"}],"twitter_card":"summary_large_image","schema":{"@context":"https:\/\/schema.org","@graph":[{"@type":"WebPage","@id":"https:\/\/www.erresse-shop.it\/de\/shop\/kleine-elektrogeraete\/kaffeemaschinen-espresso\/automatisch\/jura-kaffeemaschine-c8-piano-black\/","url":"https:\/\/www.erresse-shop.it\/de\/shop\/kleine-elektrogeraete\/kaffeemaschinen-espresso\/automatisch\/jura-kaffeemaschine-c8-piano-black\/","name":"JURA Kaffeemaschine C8 Piano Black","isPartOf":{"@id":"https:\/\/www.erresse-shop.it\/de\/#website"},"datePublished":"2024-10-14T08:36:34+00:00","dateModified":"2025-01-17T07:54:45+00:00","description":"Entdecken Sie JURA Kaffeemaschine C8 Piano Black bei ErresseShop. Qualit\u00e4t, Stil und Funktionalit\u00e4t \u2013 jetzt online bestellen!","breadcrumb":{"@id":"https:\/\/www.erresse-shop.it\/de\/shop\/kleine-elektrogeraete\/kaffeemaschinen-espresso\/automatisch\/jura-kaffeemaschine-c8-piano-black\/#breadcrumb"},"inLanguage":"de-DE","potentialAction":[{"@type":"ReadAction","target":["https:\/\/www.erresse-shop.it\/de\/shop\/kleine-elektrogeraete\/kaffeemaschinen-espresso\/automatisch\/jura-kaffeemaschine-c8-piano-black\/"]}]},{"@type":"BreadcrumbList","@id":"https:\/\/www.erresse-shop.it\/de\/shop\/kleine-elektrogeraete\/kaffeemaschinen-espresso\/automatisch\/jura-kaffeemaschine-c8-piano-black\/#breadcrumb","itemListElement":[{"@type":"ListItem","position":1,"name":"Home","item":"https:\/\/www.erresse-shop.it\/de\/"},{"@type":"ListItem","position":2,"name":"Shop","item":"https:\/\/www.erresse-shop.it\/de\/shop\/"},{"@type":"ListItem","position":3,"name":"JURA Kaffeemaschine C8 Piano Black"}]},{"@type":"WebSite","@id":"https:\/\/www.erresse-shop.it\/de\/#website","url":"https:\/\/www.erresse-shop.it\/de\/","name":"Erresse Shop","description":"Articoli di qualit\u00e0 per la casa","potentialAction":[{"@type":"SearchAction","target":{"@type":"EntryPoint","urlTemplate":"https:\/\/www.erresse-shop.it\/de\/?s={search_term_string}"},"query-input":"required name=search_term_string"}],"inLanguage":"de-DE"}]}},"df_price":899.991,"df_sale_price":899.991,"df_regular_price":999.99,"df_image_link":"https:\/\/www.erresse-shop.it\/wp-content\/uploads\/2024\/10\/JURA-Macchina-Da-Caffe-C8-Piano-Nero-300x300.jpg","_links":{"self":[{"href":"https:\/\/www.erresse-shop.it\/de\/wp-json\/wp\/v2\/product\/439234"}],"collection":[{"href":"https:\/\/www.erresse-shop.it\/de\/wp-json\/wp\/v2\/product"}],"about":[{"href":"https:\/\/www.erresse-shop.it\/de\/wp-json\/wp\/v2\/types\/product"}],"wp:featuredmedia":[{"embeddable":true,"href":"https:\/\/www.erresse-shop.it\/de\/wp-json\/wp\/v2\/media\/439247"}],"wp:attachment":[{"href":"https:\/\/www.erresse-shop.it\/de\/wp-json\/wp\/v2\/media?parent=439234"}],"wp:term":[{"taxonomy":"product_cat","embeddable":true,"href":"https:\/\/www.erresse-shop.it\/de\/wp-json\/wp\/v2\/product_cat?post=439234"},{"taxonomy":"product_tag","embeddable":true,"href":"https:\/\/www.erresse-shop.it\/de\/wp-json\/wp\/v2\/product_tag?post=439234"}],"curies":[{"name":"wp","href":"https:\/\/api.w.org\/{rel}","templated":true}]}}