{"id":439135,"date":"2024-10-14T07:00:07","date_gmt":"2024-10-14T07:00:08","guid":{"rendered":"https:\/\/www.erresse-shop.it\/?post_type=product&#038;p=439135"},"modified":"2025-01-17T17:50:45","modified_gmt":"2025-01-17T17:50:45","slug":"staub-cocotte-kuerbis-zimt-15-cm","status":"publish","type":"product","link":"https:\/\/www.erresse-shop.it\/de\/shop\/toepfe-pfannen\/schalldaempfer-und-kokotten\/staub-cocotte-kuerbis-zimt-15-cm\/","title":{"rendered":"STAUB Cocotte K\u00fcrbis-Zimt 15 cm"},"content":{"rendered":"<p>Die Eleganz und Funktionalit\u00e4t von Staub-Keramik begleitet Sie vom K\u00fchlschrank \u00fcber den Backofen bis hin zum Tisch. Die Oberfl\u00e4che aus verglastem Porzellan verbindet sich mit dem Gusseisen von Staub zu einer perfekten Mischung bei Tisch. Die Keramik ist backofen- und grillfest bis zu einer Temperatur von 300\u00b0C, mikrowellengeeignet und sp\u00fclmaschinenfest. \u00c4u\u00dferst widerstandsf\u00e4hig gegen Kratzer, St\u00f6\u00dfe und Temperaturschocks.<\/p>\n<ul>\n<li>Kunstvolles K\u00fcrbisdesign &#8211; von der Natur inspiriert<\/li>\n<li>Traditionelle Handwerkskunst kombiniert mit h\u00f6chster Qualit\u00e4t, handgefertigt<\/li>\n<li>Elegantes und innovatives Service<\/li>\n<li>Hergestellt aus Steinzeug &#8211; ideal f\u00fcr authentisches Kochen und schmackhafte Ergebnisse<\/li>\n<li>Kann im Backofen und in der Mikrowelle verwendet werden<\/li>\n<\/ul>\n<p>Marke: Staub<br \/>\nMaterial: Keramik<br \/>\nFarbe: Orange &#8211; Zimt<br \/>\nAbmessungen: 18,20 x 14,60 x 11,50<br \/>\nGewicht: 0,90 kg<\/p>\n","protected":false},"excerpt":{"rendered":"<p>Die Eleganz und Funktionalit\u00e4t von Staub-Keramik begleitet Sie vom K\u00fchlschrank \u00fcber den Backofen bis hin zum Tisch. Die Oberfl\u00e4che aus<\/p>\n","protected":false},"featured_media":439144,"template":"","meta":{"_acf_changed":false,"inline_featured_image":false},"product_cat":[6709,14793],"product_tag":[25088,11381,20718,11385,12315],"acf":[],"yoast_head":"<!-- This site is optimized with the Yoast SEO Premium plugin v18.6 (Yoast SEO v19.13) - https:\/\/yoast.com\/wordpress\/plugins\/seo\/ -->\n<title>STAUB Cocotte K\u00fcrbis-Zimt 15 cm<\/title>\n<meta name=\"description\" content=\"Entdecken Sie STAUB Cocotte K\u00fcrbis-Zimt 15 cm bei ErresseShop. Qualit\u00e4t, Stil und Funktionalit\u00e4t \u2013 jetzt online bestellen!\" \/>\n<meta name=\"robots\" content=\"index, follow, max-snippet:-1, max-image-preview:large, max-video-preview:-1\" \/>\n<link rel=\"canonical\" href=\"https:\/\/www.erresse-shop.it\/de\/shop\/toepfe-pfannen\/schalldaempfer-und-kokotten\/staub-cocotte-kuerbis-zimt-15-cm\/\" \/>\n<meta property=\"og:locale\" content=\"de_DE\" \/>\n<meta property=\"og:type\" content=\"article\" \/>\n<meta property=\"og:title\" content=\"STAUB Cocotte K\u00fcrbis-Zimt 15 cm\" \/>\n<meta property=\"og:description\" content=\"Entdecken Sie STAUB Cocotte K\u00fcrbis-Zimt 15 cm bei ErresseShop. Qualit\u00e4t, Stil und Funktionalit\u00e4t \u2013 jetzt online bestellen!\" \/>\n<meta property=\"og:url\" content=\"https:\/\/www.erresse-shop.it\/de\/shop\/toepfe-pfannen\/schalldaempfer-und-kokotten\/staub-cocotte-kuerbis-zimt-15-cm\/\" \/>\n<meta property=\"og:site_name\" content=\"Erresse Shop\" \/>\n<meta property=\"article:modified_time\" content=\"2025-01-17T17:50:45+00:00\" \/>\n<meta property=\"og:image\" content=\"https:\/\/www.erresse-shop.it\/wp-content\/uploads\/2024\/10\/STAUB-Cocotte-Zucca-Cannella-15-cm.jpg\" \/>\n\t<meta property=\"og:image:width\" content=\"1200\" \/>\n\t<meta property=\"og:image:height\" content=\"1200\" \/>\n\t<meta property=\"og:image:type\" content=\"image\/jpeg\" \/>\n<meta name=\"twitter:card\" content=\"summary_large_image\" \/>\n<script type=\"application\/ld+json\" class=\"yoast-schema-graph\">{\"@context\":\"https:\/\/schema.org\",\"@graph\":[{\"@type\":\"WebPage\",\"@id\":\"https:\/\/www.erresse-shop.it\/de\/shop\/toepfe-pfannen\/schalldaempfer-und-kokotten\/staub-cocotte-kuerbis-zimt-15-cm\/\",\"url\":\"https:\/\/www.erresse-shop.it\/de\/shop\/toepfe-pfannen\/schalldaempfer-und-kokotten\/staub-cocotte-kuerbis-zimt-15-cm\/\",\"name\":\"STAUB Cocotte K\u00fcrbis-Zimt 15 cm\",\"isPartOf\":{\"@id\":\"https:\/\/www.erresse-shop.it\/de\/#website\"},\"datePublished\":\"2024-10-14T07:00:08+00:00\",\"dateModified\":\"2025-01-17T17:50:45+00:00\",\"description\":\"Entdecken Sie STAUB Cocotte K\u00fcrbis-Zimt 15 cm bei ErresseShop. Qualit\u00e4t, Stil und Funktionalit\u00e4t \u2013 jetzt online bestellen!\",\"breadcrumb\":{\"@id\":\"https:\/\/www.erresse-shop.it\/de\/shop\/toepfe-pfannen\/schalldaempfer-und-kokotten\/staub-cocotte-kuerbis-zimt-15-cm\/#breadcrumb\"},\"inLanguage\":\"de-DE\",\"potentialAction\":[{\"@type\":\"ReadAction\",\"target\":[\"https:\/\/www.erresse-shop.it\/de\/shop\/toepfe-pfannen\/schalldaempfer-und-kokotten\/staub-cocotte-kuerbis-zimt-15-cm\/\"]}]},{\"@type\":\"BreadcrumbList\",\"@id\":\"https:\/\/www.erresse-shop.it\/de\/shop\/toepfe-pfannen\/schalldaempfer-und-kokotten\/staub-cocotte-kuerbis-zimt-15-cm\/#breadcrumb\",\"itemListElement\":[{\"@type\":\"ListItem\",\"position\":1,\"name\":\"Home\",\"item\":\"https:\/\/www.erresse-shop.it\/de\/\"},{\"@type\":\"ListItem\",\"position\":2,\"name\":\"Shop\",\"item\":\"https:\/\/www.erresse-shop.it\/de\/shop\/\"},{\"@type\":\"ListItem\",\"position\":3,\"name\":\"STAUB Cocotte K\u00fcrbis-Zimt 15 cm\"}]},{\"@type\":\"WebSite\",\"@id\":\"https:\/\/www.erresse-shop.it\/de\/#website\",\"url\":\"https:\/\/www.erresse-shop.it\/de\/\",\"name\":\"Erresse Shop\",\"description\":\"Articoli di qualit\u00e0 per la casa\",\"potentialAction\":[{\"@type\":\"SearchAction\",\"target\":{\"@type\":\"EntryPoint\",\"urlTemplate\":\"https:\/\/www.erresse-shop.it\/de\/?s={search_term_string}\"},\"query-input\":\"required name=search_term_string\"}],\"inLanguage\":\"de-DE\"}]}<\/script>\n<!-- \/ Yoast SEO Premium plugin. -->","yoast_head_json":{"title":"STAUB Cocotte K\u00fcrbis-Zimt 15 cm","description":"Entdecken Sie STAUB Cocotte K\u00fcrbis-Zimt 15 cm bei ErresseShop. Qualit\u00e4t, Stil und Funktionalit\u00e4t \u2013 jetzt online bestellen!","robots":{"index":"index","follow":"follow","max-snippet":"max-snippet:-1","max-image-preview":"max-image-preview:large","max-video-preview":"max-video-preview:-1"},"canonical":"https:\/\/www.erresse-shop.it\/de\/shop\/toepfe-pfannen\/schalldaempfer-und-kokotten\/staub-cocotte-kuerbis-zimt-15-cm\/","og_locale":"de_DE","og_type":"article","og_title":"STAUB Cocotte K\u00fcrbis-Zimt 15 cm","og_description":"Entdecken Sie STAUB Cocotte K\u00fcrbis-Zimt 15 cm bei ErresseShop. Qualit\u00e4t, Stil und Funktionalit\u00e4t \u2013 jetzt online bestellen!","og_url":"https:\/\/www.erresse-shop.it\/de\/shop\/toepfe-pfannen\/schalldaempfer-und-kokotten\/staub-cocotte-kuerbis-zimt-15-cm\/","og_site_name":"Erresse Shop","article_modified_time":"2025-01-17T17:50:45+00:00","og_image":[{"width":1200,"height":1200,"url":"https:\/\/www.erresse-shop.it\/wp-content\/uploads\/2024\/10\/STAUB-Cocotte-Zucca-Cannella-15-cm.jpg","type":"image\/jpeg"}],"twitter_card":"summary_large_image","schema":{"@context":"https:\/\/schema.org","@graph":[{"@type":"WebPage","@id":"https:\/\/www.erresse-shop.it\/de\/shop\/toepfe-pfannen\/schalldaempfer-und-kokotten\/staub-cocotte-kuerbis-zimt-15-cm\/","url":"https:\/\/www.erresse-shop.it\/de\/shop\/toepfe-pfannen\/schalldaempfer-und-kokotten\/staub-cocotte-kuerbis-zimt-15-cm\/","name":"STAUB Cocotte K\u00fcrbis-Zimt 15 cm","isPartOf":{"@id":"https:\/\/www.erresse-shop.it\/de\/#website"},"datePublished":"2024-10-14T07:00:08+00:00","dateModified":"2025-01-17T17:50:45+00:00","description":"Entdecken Sie STAUB Cocotte K\u00fcrbis-Zimt 15 cm bei ErresseShop. Qualit\u00e4t, Stil und Funktionalit\u00e4t \u2013 jetzt online bestellen!","breadcrumb":{"@id":"https:\/\/www.erresse-shop.it\/de\/shop\/toepfe-pfannen\/schalldaempfer-und-kokotten\/staub-cocotte-kuerbis-zimt-15-cm\/#breadcrumb"},"inLanguage":"de-DE","potentialAction":[{"@type":"ReadAction","target":["https:\/\/www.erresse-shop.it\/de\/shop\/toepfe-pfannen\/schalldaempfer-und-kokotten\/staub-cocotte-kuerbis-zimt-15-cm\/"]}]},{"@type":"BreadcrumbList","@id":"https:\/\/www.erresse-shop.it\/de\/shop\/toepfe-pfannen\/schalldaempfer-und-kokotten\/staub-cocotte-kuerbis-zimt-15-cm\/#breadcrumb","itemListElement":[{"@type":"ListItem","position":1,"name":"Home","item":"https:\/\/www.erresse-shop.it\/de\/"},{"@type":"ListItem","position":2,"name":"Shop","item":"https:\/\/www.erresse-shop.it\/de\/shop\/"},{"@type":"ListItem","position":3,"name":"STAUB Cocotte K\u00fcrbis-Zimt 15 cm"}]},{"@type":"WebSite","@id":"https:\/\/www.erresse-shop.it\/de\/#website","url":"https:\/\/www.erresse-shop.it\/de\/","name":"Erresse Shop","description":"Articoli di qualit\u00e0 per la casa","potentialAction":[{"@type":"SearchAction","target":{"@type":"EntryPoint","urlTemplate":"https:\/\/www.erresse-shop.it\/de\/?s={search_term_string}"},"query-input":"required name=search_term_string"}],"inLanguage":"de-DE"}]}},"df_price":14.975,"df_sale_price":14.975,"df_regular_price":29.95,"df_image_link":"https:\/\/www.erresse-shop.it\/wp-content\/uploads\/2024\/10\/STAUB-Cocotte-Zucca-Cannella-15-cm-300x300.jpg","_links":{"self":[{"href":"https:\/\/www.erresse-shop.it\/de\/wp-json\/wp\/v2\/product\/439135"}],"collection":[{"href":"https:\/\/www.erresse-shop.it\/de\/wp-json\/wp\/v2\/product"}],"about":[{"href":"https:\/\/www.erresse-shop.it\/de\/wp-json\/wp\/v2\/types\/product"}],"wp:featuredmedia":[{"embeddable":true,"href":"https:\/\/www.erresse-shop.it\/de\/wp-json\/wp\/v2\/media\/439144"}],"wp:attachment":[{"href":"https:\/\/www.erresse-shop.it\/de\/wp-json\/wp\/v2\/media?parent=439135"}],"wp:term":[{"taxonomy":"product_cat","embeddable":true,"href":"https:\/\/www.erresse-shop.it\/de\/wp-json\/wp\/v2\/product_cat?post=439135"},{"taxonomy":"product_tag","embeddable":true,"href":"https:\/\/www.erresse-shop.it\/de\/wp-json\/wp\/v2\/product_tag?post=439135"}],"curies":[{"name":"wp","href":"https:\/\/api.w.org\/{rel}","templated":true}]}}