{"id":438901,"date":"2024-10-11T12:30:21","date_gmt":"2024-10-11T12:30:22","guid":{"rendered":"https:\/\/www.erresse-shop.it\/?post_type=product&#038;p=438901"},"modified":"2025-01-17T17:50:43","modified_gmt":"2025-01-17T17:50:43","slug":"staub-cocotte-gelbe-paprika-11-cm","status":"publish","type":"product","link":"https:\/\/www.erresse-shop.it\/de\/shop\/toepfe-pfannen\/schalldaempfer-und-kokotten\/staub-cocotte-gelbe-paprika-11-cm\/","title":{"rendered":"STAUB Cocotte Gelbe Paprika 11 cm"},"content":{"rendered":"<p>Diese Keramikschale ist ideal f\u00fcr Liebhaber der vegetarischen K\u00fcche, die auch die Liebe zum Detail sch\u00e4tzen. Das naturalistische Design in Form einer Paprika und die intensive gelbe Farbe machen es zu einem echten Hingucker sowohl in der K\u00fcche als auch auf dem Tisch. Mit der STAUB Cocotte k\u00f6nnen Sie portionsweise kochen und den Duft der Natur auf Ihren Tisch bringen. Mit dieser gelben STAUB-Kokotte in Pfefferform k\u00f6nnen Sie die intensiven Farben der Natur zu jeder Jahreszeit direkt in Ihrer K\u00fcche bewundern. Die Keramikpfanne besticht durch ihre nat\u00fcrliche Form: ein Design wie frisch aus dem Garten gepfl\u00fcckt! Es kann sowohl in der Mikrowelle als auch im Backofen verwendet werden. Sobald Sie mit dem Kochen fertig sind, kann diese Keramiksch\u00fcssel bedenkenlos in der Sp\u00fclmaschine gereinigt werden. Die Sch\u00fcssel hat einen Durchmesser von 12 cm und ein Fassungsverm\u00f6gen von 0,5 l. Dank seiner geringen Abmessungen eignet sich dieses kleine Kunstwerk auch als Serviersch\u00fcssel, beispielsweise zum Servieren einer k\u00f6stlichen Suppe oder einer gebratenen oder ged\u00fcnsteten Beilage zu Fleisch und Fisch. In dieser von der Natur inspirierten Sch\u00fcssel aus der Garden-Linie von STAUB bereiten Sie im Handumdrehen kleine, k\u00f6stliche Gem\u00fcsegerichte und Gratins zu.<\/p>\n<p>K\u00fcnstlerisches Pfeffer-Design \u2013 inspiriert von der Natur<br \/>\nTraditionelle Handwerkskunst kombiniert mit h\u00f6chster Qualit\u00e4t, handgefertigt<br \/>\nEleganter und einzigartiger Service<br \/>\nAus Steinzeug: Ideal f\u00fcr authentisches Kochen und leckere Ergebnisse<br \/>\nEs kann im Backofen und in der Mikrowelle verwendet werden<br \/>\nMarke: Staub<br \/>\nMaterial: Keramik<br \/>\nFarbe: Gelb<br \/>\nAbmessungen: 12 x 15,10 x 13,30<br \/>\nGewicht: 0,68 kg<\/p>\n","protected":false},"excerpt":{"rendered":"<p>Diese Keramikschale ist ideal f\u00fcr Liebhaber der vegetarischen K\u00fcche, die auch die Liebe zum Detail sch\u00e4tzen. Das naturalistische Design in<\/p>\n","protected":false},"featured_media":438911,"template":"","meta":{"_acf_changed":false,"inline_featured_image":false},"product_cat":[6709,14793],"product_tag":[25088,11381,20718,11385,12315],"acf":[],"yoast_head":"<!-- This site is optimized with the Yoast SEO Premium plugin v18.6 (Yoast SEO v19.13) - https:\/\/yoast.com\/wordpress\/plugins\/seo\/ -->\n<title>STAUB Cocotte Gelbe Paprika 11 cm<\/title>\n<meta name=\"description\" content=\"Entdecken Sie STAUB Cocotte Gelbe Paprika 11 cm bei ErresseShop. Qualit\u00e4t, Stil und Funktionalit\u00e4t \u2013 jetzt online bestellen!\" \/>\n<meta name=\"robots\" content=\"index, follow, max-snippet:-1, max-image-preview:large, max-video-preview:-1\" \/>\n<link rel=\"canonical\" href=\"https:\/\/www.erresse-shop.it\/de\/shop\/toepfe-pfannen\/schalldaempfer-und-kokotten\/staub-cocotte-gelbe-paprika-11-cm\/\" \/>\n<meta property=\"og:locale\" content=\"de_DE\" \/>\n<meta property=\"og:type\" content=\"article\" \/>\n<meta property=\"og:title\" content=\"STAUB Cocotte Gelbe Paprika 11 cm\" \/>\n<meta property=\"og:description\" content=\"Entdecken Sie STAUB Cocotte Gelbe Paprika 11 cm bei ErresseShop. Qualit\u00e4t, Stil und Funktionalit\u00e4t \u2013 jetzt online bestellen!\" \/>\n<meta property=\"og:url\" content=\"https:\/\/www.erresse-shop.it\/de\/shop\/toepfe-pfannen\/schalldaempfer-und-kokotten\/staub-cocotte-gelbe-paprika-11-cm\/\" \/>\n<meta property=\"og:site_name\" content=\"Erresse Shop\" \/>\n<meta property=\"article:modified_time\" content=\"2025-01-17T17:50:43+00:00\" \/>\n<meta property=\"og:image\" content=\"https:\/\/www.erresse-shop.it\/wp-content\/uploads\/2024\/10\/STAUB-Cocotte-Peperone-Giallo-11-cm.jpg\" \/>\n\t<meta property=\"og:image:width\" content=\"1200\" \/>\n\t<meta property=\"og:image:height\" content=\"1200\" \/>\n\t<meta property=\"og:image:type\" content=\"image\/jpeg\" \/>\n<meta name=\"twitter:card\" content=\"summary_large_image\" \/>\n<script type=\"application\/ld+json\" class=\"yoast-schema-graph\">{\"@context\":\"https:\/\/schema.org\",\"@graph\":[{\"@type\":\"WebPage\",\"@id\":\"https:\/\/www.erresse-shop.it\/de\/shop\/toepfe-pfannen\/schalldaempfer-und-kokotten\/staub-cocotte-gelbe-paprika-11-cm\/\",\"url\":\"https:\/\/www.erresse-shop.it\/de\/shop\/toepfe-pfannen\/schalldaempfer-und-kokotten\/staub-cocotte-gelbe-paprika-11-cm\/\",\"name\":\"STAUB Cocotte Gelbe Paprika 11 cm\",\"isPartOf\":{\"@id\":\"https:\/\/www.erresse-shop.it\/de\/#website\"},\"datePublished\":\"2024-10-11T12:30:22+00:00\",\"dateModified\":\"2025-01-17T17:50:43+00:00\",\"description\":\"Entdecken Sie STAUB Cocotte Gelbe Paprika 11 cm bei ErresseShop. Qualit\u00e4t, Stil und Funktionalit\u00e4t \u2013 jetzt online bestellen!\",\"breadcrumb\":{\"@id\":\"https:\/\/www.erresse-shop.it\/de\/shop\/toepfe-pfannen\/schalldaempfer-und-kokotten\/staub-cocotte-gelbe-paprika-11-cm\/#breadcrumb\"},\"inLanguage\":\"de-DE\",\"potentialAction\":[{\"@type\":\"ReadAction\",\"target\":[\"https:\/\/www.erresse-shop.it\/de\/shop\/toepfe-pfannen\/schalldaempfer-und-kokotten\/staub-cocotte-gelbe-paprika-11-cm\/\"]}]},{\"@type\":\"BreadcrumbList\",\"@id\":\"https:\/\/www.erresse-shop.it\/de\/shop\/toepfe-pfannen\/schalldaempfer-und-kokotten\/staub-cocotte-gelbe-paprika-11-cm\/#breadcrumb\",\"itemListElement\":[{\"@type\":\"ListItem\",\"position\":1,\"name\":\"Home\",\"item\":\"https:\/\/www.erresse-shop.it\/de\/\"},{\"@type\":\"ListItem\",\"position\":2,\"name\":\"Shop\",\"item\":\"https:\/\/www.erresse-shop.it\/de\/shop\/\"},{\"@type\":\"ListItem\",\"position\":3,\"name\":\"STAUB Cocotte Gelbe Paprika 11 cm\"}]},{\"@type\":\"WebSite\",\"@id\":\"https:\/\/www.erresse-shop.it\/de\/#website\",\"url\":\"https:\/\/www.erresse-shop.it\/de\/\",\"name\":\"Erresse Shop\",\"description\":\"Articoli di qualit\u00e0 per la casa\",\"potentialAction\":[{\"@type\":\"SearchAction\",\"target\":{\"@type\":\"EntryPoint\",\"urlTemplate\":\"https:\/\/www.erresse-shop.it\/de\/?s={search_term_string}\"},\"query-input\":\"required name=search_term_string\"}],\"inLanguage\":\"de-DE\"}]}<\/script>\n<!-- \/ Yoast SEO Premium plugin. -->","yoast_head_json":{"title":"STAUB Cocotte Gelbe Paprika 11 cm","description":"Entdecken Sie STAUB Cocotte Gelbe Paprika 11 cm bei ErresseShop. Qualit\u00e4t, Stil und Funktionalit\u00e4t \u2013 jetzt online bestellen!","robots":{"index":"index","follow":"follow","max-snippet":"max-snippet:-1","max-image-preview":"max-image-preview:large","max-video-preview":"max-video-preview:-1"},"canonical":"https:\/\/www.erresse-shop.it\/de\/shop\/toepfe-pfannen\/schalldaempfer-und-kokotten\/staub-cocotte-gelbe-paprika-11-cm\/","og_locale":"de_DE","og_type":"article","og_title":"STAUB Cocotte Gelbe Paprika 11 cm","og_description":"Entdecken Sie STAUB Cocotte Gelbe Paprika 11 cm bei ErresseShop. Qualit\u00e4t, Stil und Funktionalit\u00e4t \u2013 jetzt online bestellen!","og_url":"https:\/\/www.erresse-shop.it\/de\/shop\/toepfe-pfannen\/schalldaempfer-und-kokotten\/staub-cocotte-gelbe-paprika-11-cm\/","og_site_name":"Erresse Shop","article_modified_time":"2025-01-17T17:50:43+00:00","og_image":[{"width":1200,"height":1200,"url":"https:\/\/www.erresse-shop.it\/wp-content\/uploads\/2024\/10\/STAUB-Cocotte-Peperone-Giallo-11-cm.jpg","type":"image\/jpeg"}],"twitter_card":"summary_large_image","schema":{"@context":"https:\/\/schema.org","@graph":[{"@type":"WebPage","@id":"https:\/\/www.erresse-shop.it\/de\/shop\/toepfe-pfannen\/schalldaempfer-und-kokotten\/staub-cocotte-gelbe-paprika-11-cm\/","url":"https:\/\/www.erresse-shop.it\/de\/shop\/toepfe-pfannen\/schalldaempfer-und-kokotten\/staub-cocotte-gelbe-paprika-11-cm\/","name":"STAUB Cocotte Gelbe Paprika 11 cm","isPartOf":{"@id":"https:\/\/www.erresse-shop.it\/de\/#website"},"datePublished":"2024-10-11T12:30:22+00:00","dateModified":"2025-01-17T17:50:43+00:00","description":"Entdecken Sie STAUB Cocotte Gelbe Paprika 11 cm bei ErresseShop. Qualit\u00e4t, Stil und Funktionalit\u00e4t \u2013 jetzt online bestellen!","breadcrumb":{"@id":"https:\/\/www.erresse-shop.it\/de\/shop\/toepfe-pfannen\/schalldaempfer-und-kokotten\/staub-cocotte-gelbe-paprika-11-cm\/#breadcrumb"},"inLanguage":"de-DE","potentialAction":[{"@type":"ReadAction","target":["https:\/\/www.erresse-shop.it\/de\/shop\/toepfe-pfannen\/schalldaempfer-und-kokotten\/staub-cocotte-gelbe-paprika-11-cm\/"]}]},{"@type":"BreadcrumbList","@id":"https:\/\/www.erresse-shop.it\/de\/shop\/toepfe-pfannen\/schalldaempfer-und-kokotten\/staub-cocotte-gelbe-paprika-11-cm\/#breadcrumb","itemListElement":[{"@type":"ListItem","position":1,"name":"Home","item":"https:\/\/www.erresse-shop.it\/de\/"},{"@type":"ListItem","position":2,"name":"Shop","item":"https:\/\/www.erresse-shop.it\/de\/shop\/"},{"@type":"ListItem","position":3,"name":"STAUB Cocotte Gelbe Paprika 11 cm"}]},{"@type":"WebSite","@id":"https:\/\/www.erresse-shop.it\/de\/#website","url":"https:\/\/www.erresse-shop.it\/de\/","name":"Erresse Shop","description":"Articoli di qualit\u00e0 per la casa","potentialAction":[{"@type":"SearchAction","target":{"@type":"EntryPoint","urlTemplate":"https:\/\/www.erresse-shop.it\/de\/?s={search_term_string}"},"query-input":"required name=search_term_string"}],"inLanguage":"de-DE"}]}},"df_price":12.475,"df_sale_price":12.475,"df_regular_price":24.95,"df_image_link":"https:\/\/www.erresse-shop.it\/wp-content\/uploads\/2024\/10\/STAUB-Cocotte-Peperone-Giallo-11-cm-300x300.jpg","_links":{"self":[{"href":"https:\/\/www.erresse-shop.it\/de\/wp-json\/wp\/v2\/product\/438901"}],"collection":[{"href":"https:\/\/www.erresse-shop.it\/de\/wp-json\/wp\/v2\/product"}],"about":[{"href":"https:\/\/www.erresse-shop.it\/de\/wp-json\/wp\/v2\/types\/product"}],"wp:featuredmedia":[{"embeddable":true,"href":"https:\/\/www.erresse-shop.it\/de\/wp-json\/wp\/v2\/media\/438911"}],"wp:attachment":[{"href":"https:\/\/www.erresse-shop.it\/de\/wp-json\/wp\/v2\/media?parent=438901"}],"wp:term":[{"taxonomy":"product_cat","embeddable":true,"href":"https:\/\/www.erresse-shop.it\/de\/wp-json\/wp\/v2\/product_cat?post=438901"},{"taxonomy":"product_tag","embeddable":true,"href":"https:\/\/www.erresse-shop.it\/de\/wp-json\/wp\/v2\/product_tag?post=438901"}],"curies":[{"name":"wp","href":"https:\/\/api.w.org\/{rel}","templated":true}]}}