{"id":438882,"date":"2024-10-11T10:40:47","date_gmt":"2024-10-11T10:40:49","guid":{"rendered":"https:\/\/www.erresse-shop.it\/?post_type=product&#038;p=438882"},"modified":"2024-10-16T06:29:57","modified_gmt":"2024-10-16T06:29:57","slug":"portmeirion-christmas-tree-set-6-suppenteller","status":"publish","type":"product","link":"https:\/\/www.erresse-shop.it\/de\/shop\/tisch\/teller-geschirr\/portmeirion-christmas-tree-set-6-suppenteller\/","title":{"rendered":"PORTMEIRION Christmas Tree Set 6 Suppenteller"},"content":{"rendered":"<p>Wie k\u00f6nnte man das Weihnachtsessen besser beginnen als mit einer Suppe, die mit diesem Set aus vier Suppentellern stilecht serviert wird. Ein wahrer Winterw\u00e4rmer, der die ganze Familie von Kopf bis Fu\u00df zum Strahlen bringen wird. Als Teil der Weihnachtsbaum-Kollektion von Spode zeigt jedes St\u00fcck das klassische Design eines mit Schmuckst\u00fccken geschm\u00fcckten und von Geschenken umgebenen Baumes, das erstmals 1938 gezeichnet wurde. Dieses fr\u00f6hliche Design ist so unvergesslich wie Ihr ber\u00fchmtes Suppenrezept.<\/p>\n<p><strong>Material<\/strong>: Steingut<\/p>\n","protected":false},"excerpt":{"rendered":"<p>Wie k\u00f6nnte man das Weihnachtsessen besser beginnen als mit einer Suppe, die mit diesem Set aus vier Suppentellern stilecht serviert<\/p>\n","protected":false},"featured_media":451616,"template":"","meta":{"_acf_changed":false,"inline_featured_image":false},"product_cat":[6793,6787],"product_tag":[19359,23911,24604,25022,14289,11827],"acf":[],"yoast_head":"<!-- This site is optimized with the Yoast SEO Premium plugin v18.6 (Yoast SEO v19.13) - https:\/\/yoast.com\/wordpress\/plugins\/seo\/ -->\n<title>PORTMEIRION Christmas Tree Set 6 Suppenteller - Erresse Shop<\/title>\n<meta name=\"description\" content=\"Wie k\u00f6nnte man das Weihnachtsessen besser beginnen als mit einer Suppe, die mit diesem Set aus vier Suppentellern stilecht serviert wird. Ein wahrer\" \/>\n<meta name=\"robots\" content=\"index, follow, max-snippet:-1, max-image-preview:large, max-video-preview:-1\" \/>\n<link rel=\"canonical\" href=\"https:\/\/www.erresse-shop.it\/de\/shop\/tisch\/teller-geschirr\/portmeirion-christmas-tree-set-6-suppenteller\/\" \/>\n<meta property=\"og:locale\" content=\"de_DE\" \/>\n<meta property=\"og:type\" content=\"article\" \/>\n<meta property=\"og:title\" content=\"PORTMEIRION Christmas Tree Set 6 Suppenteller\" \/>\n<meta property=\"og:description\" content=\"Wie k\u00f6nnte man das Weihnachtsessen besser beginnen als mit einer Suppe, die mit diesem Set aus vier Suppentellern stilecht serviert wird. Ein wahrer\" \/>\n<meta property=\"og:url\" content=\"https:\/\/www.erresse-shop.it\/de\/shop\/tisch\/teller-geschirr\/portmeirion-christmas-tree-set-6-suppenteller\/\" \/>\n<meta property=\"og:site_name\" content=\"Erresse Shop\" \/>\n<meta property=\"article:modified_time\" content=\"2024-10-16T06:29:57+00:00\" \/>\n<meta property=\"og:image\" content=\"https:\/\/www.erresse-shop.it\/wp-content\/uploads\/2024\/10\/PORTMEIRION-Christmas-Tree-Set-4-Piatti-Fondi.jpg\" \/>\n\t<meta property=\"og:image:width\" content=\"1200\" \/>\n\t<meta property=\"og:image:height\" content=\"1200\" \/>\n\t<meta property=\"og:image:type\" content=\"image\/jpeg\" \/>\n<meta name=\"twitter:card\" content=\"summary_large_image\" \/>\n<script type=\"application\/ld+json\" class=\"yoast-schema-graph\">{\"@context\":\"https:\/\/schema.org\",\"@graph\":[{\"@type\":\"WebPage\",\"@id\":\"https:\/\/www.erresse-shop.it\/de\/shop\/tisch\/teller-geschirr\/portmeirion-christmas-tree-set-6-suppenteller\/\",\"url\":\"https:\/\/www.erresse-shop.it\/de\/shop\/tisch\/teller-geschirr\/portmeirion-christmas-tree-set-6-suppenteller\/\",\"name\":\"PORTMEIRION Christmas Tree Set 6 Suppenteller - Erresse Shop\",\"isPartOf\":{\"@id\":\"https:\/\/www.erresse-shop.it\/de\/#website\"},\"datePublished\":\"2024-10-11T10:40:49+00:00\",\"dateModified\":\"2024-10-16T06:29:57+00:00\",\"description\":\"Wie k\u00f6nnte man das Weihnachtsessen besser beginnen als mit einer Suppe, die mit diesem Set aus vier Suppentellern stilecht serviert wird. Ein wahrer\",\"breadcrumb\":{\"@id\":\"https:\/\/www.erresse-shop.it\/de\/shop\/tisch\/teller-geschirr\/portmeirion-christmas-tree-set-6-suppenteller\/#breadcrumb\"},\"inLanguage\":\"de-DE\",\"potentialAction\":[{\"@type\":\"ReadAction\",\"target\":[\"https:\/\/www.erresse-shop.it\/de\/shop\/tisch\/teller-geschirr\/portmeirion-christmas-tree-set-6-suppenteller\/\"]}]},{\"@type\":\"BreadcrumbList\",\"@id\":\"https:\/\/www.erresse-shop.it\/de\/shop\/tisch\/teller-geschirr\/portmeirion-christmas-tree-set-6-suppenteller\/#breadcrumb\",\"itemListElement\":[{\"@type\":\"ListItem\",\"position\":1,\"name\":\"Home\",\"item\":\"https:\/\/www.erresse-shop.it\/de\/\"},{\"@type\":\"ListItem\",\"position\":2,\"name\":\"Shop\",\"item\":\"https:\/\/www.erresse-shop.it\/de\/shop\/\"},{\"@type\":\"ListItem\",\"position\":3,\"name\":\"PORTMEIRION Christmas Tree Set 6 Suppenteller\"}]},{\"@type\":\"WebSite\",\"@id\":\"https:\/\/www.erresse-shop.it\/de\/#website\",\"url\":\"https:\/\/www.erresse-shop.it\/de\/\",\"name\":\"Erresse Shop\",\"description\":\"Articoli di qualit\u00e0 per la casa\",\"potentialAction\":[{\"@type\":\"SearchAction\",\"target\":{\"@type\":\"EntryPoint\",\"urlTemplate\":\"https:\/\/www.erresse-shop.it\/de\/?s={search_term_string}\"},\"query-input\":\"required name=search_term_string\"}],\"inLanguage\":\"de-DE\"}]}<\/script>\n<!-- \/ Yoast SEO Premium plugin. -->","yoast_head_json":{"title":"PORTMEIRION Christmas Tree Set 6 Suppenteller - Erresse Shop","description":"Wie k\u00f6nnte man das Weihnachtsessen besser beginnen als mit einer Suppe, die mit diesem Set aus vier Suppentellern stilecht serviert wird. Ein wahrer","robots":{"index":"index","follow":"follow","max-snippet":"max-snippet:-1","max-image-preview":"max-image-preview:large","max-video-preview":"max-video-preview:-1"},"canonical":"https:\/\/www.erresse-shop.it\/de\/shop\/tisch\/teller-geschirr\/portmeirion-christmas-tree-set-6-suppenteller\/","og_locale":"de_DE","og_type":"article","og_title":"PORTMEIRION Christmas Tree Set 6 Suppenteller","og_description":"Wie k\u00f6nnte man das Weihnachtsessen besser beginnen als mit einer Suppe, die mit diesem Set aus vier Suppentellern stilecht serviert wird. Ein wahrer","og_url":"https:\/\/www.erresse-shop.it\/de\/shop\/tisch\/teller-geschirr\/portmeirion-christmas-tree-set-6-suppenteller\/","og_site_name":"Erresse Shop","article_modified_time":"2024-10-16T06:29:57+00:00","og_image":[{"width":1200,"height":1200,"url":"https:\/\/www.erresse-shop.it\/wp-content\/uploads\/2024\/10\/PORTMEIRION-Christmas-Tree-Set-4-Piatti-Fondi.jpg","type":"image\/jpeg"}],"twitter_card":"summary_large_image","schema":{"@context":"https:\/\/schema.org","@graph":[{"@type":"WebPage","@id":"https:\/\/www.erresse-shop.it\/de\/shop\/tisch\/teller-geschirr\/portmeirion-christmas-tree-set-6-suppenteller\/","url":"https:\/\/www.erresse-shop.it\/de\/shop\/tisch\/teller-geschirr\/portmeirion-christmas-tree-set-6-suppenteller\/","name":"PORTMEIRION Christmas Tree Set 6 Suppenteller - Erresse Shop","isPartOf":{"@id":"https:\/\/www.erresse-shop.it\/de\/#website"},"datePublished":"2024-10-11T10:40:49+00:00","dateModified":"2024-10-16T06:29:57+00:00","description":"Wie k\u00f6nnte man das Weihnachtsessen besser beginnen als mit einer Suppe, die mit diesem Set aus vier Suppentellern stilecht serviert wird. Ein wahrer","breadcrumb":{"@id":"https:\/\/www.erresse-shop.it\/de\/shop\/tisch\/teller-geschirr\/portmeirion-christmas-tree-set-6-suppenteller\/#breadcrumb"},"inLanguage":"de-DE","potentialAction":[{"@type":"ReadAction","target":["https:\/\/www.erresse-shop.it\/de\/shop\/tisch\/teller-geschirr\/portmeirion-christmas-tree-set-6-suppenteller\/"]}]},{"@type":"BreadcrumbList","@id":"https:\/\/www.erresse-shop.it\/de\/shop\/tisch\/teller-geschirr\/portmeirion-christmas-tree-set-6-suppenteller\/#breadcrumb","itemListElement":[{"@type":"ListItem","position":1,"name":"Home","item":"https:\/\/www.erresse-shop.it\/de\/"},{"@type":"ListItem","position":2,"name":"Shop","item":"https:\/\/www.erresse-shop.it\/de\/shop\/"},{"@type":"ListItem","position":3,"name":"PORTMEIRION Christmas Tree Set 6 Suppenteller"}]},{"@type":"WebSite","@id":"https:\/\/www.erresse-shop.it\/de\/#website","url":"https:\/\/www.erresse-shop.it\/de\/","name":"Erresse Shop","description":"Articoli di qualit\u00e0 per la casa","potentialAction":[{"@type":"SearchAction","target":{"@type":"EntryPoint","urlTemplate":"https:\/\/www.erresse-shop.it\/de\/?s={search_term_string}"},"query-input":"required name=search_term_string"}],"inLanguage":"de-DE"}]}},"df_price":105.69,"df_sale_price":105.69,"df_regular_price":162.6,"df_image_link":"https:\/\/www.erresse-shop.it\/wp-content\/uploads\/2024\/10\/PORTMEIRION-Christmas-Tree-Set-4-Piatti-Fondi-1-300x300.jpg","_links":{"self":[{"href":"https:\/\/www.erresse-shop.it\/de\/wp-json\/wp\/v2\/product\/438882"}],"collection":[{"href":"https:\/\/www.erresse-shop.it\/de\/wp-json\/wp\/v2\/product"}],"about":[{"href":"https:\/\/www.erresse-shop.it\/de\/wp-json\/wp\/v2\/types\/product"}],"wp:featuredmedia":[{"embeddable":true,"href":"https:\/\/www.erresse-shop.it\/de\/wp-json\/wp\/v2\/media\/451616"}],"wp:attachment":[{"href":"https:\/\/www.erresse-shop.it\/de\/wp-json\/wp\/v2\/media?parent=438882"}],"wp:term":[{"taxonomy":"product_cat","embeddable":true,"href":"https:\/\/www.erresse-shop.it\/de\/wp-json\/wp\/v2\/product_cat?post=438882"},{"taxonomy":"product_tag","embeddable":true,"href":"https:\/\/www.erresse-shop.it\/de\/wp-json\/wp\/v2\/product_tag?post=438882"}],"curies":[{"name":"wp","href":"https:\/\/api.w.org\/{rel}","templated":true}]}}