{"id":438871,"date":"2024-10-11T10:21:13","date_gmt":"2024-10-11T10:21:13","guid":{"rendered":"https:\/\/www.erresse-shop.it\/?post_type=product&#038;p=438871"},"modified":"2024-10-16T06:31:05","modified_gmt":"2024-10-16T06:31:05","slug":"portmeirion-pomona-satz-mit-6-nudelschalen","status":"publish","type":"product","link":"https:\/\/www.erresse-shop.it\/de\/shop\/tisch\/koerbe-und-schalen\/portmeirion-pomona-satz-mit-6-nudelschalen\/","title":{"rendered":"PORTMEIRION Pomona Satz mit 6 Nudelschalen"},"content":{"rendered":"<p>Dieses Set von sechs Nudelschalen aus der Pomona-Kollektion zeigt eine sch\u00f6ne Serie von Obstmotiven, die jeweils aus handkolorierten B\u00fcchern aus den 1930er Jahren stammen. Die Schalen sind perfekt f\u00fcr eine satte Portion Pasta proportioniert und eignen sich auch f\u00fcr Eint\u00f6pfe, Currys, Suppen, Salate und mehr. Die klassisch gestalteten Sch\u00fcsseln mit ihrem frischen, sortierten Look sind sp\u00fclmaschinen-, gefrierschrank-, ofen- und mikrowellenfest und halten den Strapazen des Kochens m\u00fchelos stand.<\/p>\n<p><strong>Material<\/strong>: Terrakotta<\/p>\n","protected":false},"excerpt":{"rendered":"<p>Dieses Set von sechs Nudelschalen aus der Pomona-Kollektion zeigt eine sch\u00f6ne Serie von Obstmotiven, die jeweils aus handkolorierten B\u00fcchern aus<\/p>\n","protected":false},"featured_media":438879,"template":"","meta":{"_acf_changed":false,"inline_featured_image":false},"product_cat":[6787,14243],"product_tag":[19359,23911,24604,11563,25022,21822],"acf":[],"yoast_head":"<!-- This site is optimized with the Yoast SEO Premium plugin v18.6 (Yoast SEO v19.13) - https:\/\/yoast.com\/wordpress\/plugins\/seo\/ -->\n<title>PORTMEIRION Pomona Satz mit 6 Nudelschalen - Erresse Shop<\/title>\n<meta name=\"description\" content=\"Dieses Set von sechs Nudelschalen aus der Pomona-Kollektion zeigt eine sch\u00f6ne Serie von Obstmotiven, die jeweils aus handkolorierten B\u00fcchern aus den\" \/>\n<meta name=\"robots\" content=\"index, follow, max-snippet:-1, max-image-preview:large, max-video-preview:-1\" \/>\n<link rel=\"canonical\" href=\"https:\/\/www.erresse-shop.it\/de\/shop\/tisch\/koerbe-und-schalen\/portmeirion-pomona-satz-mit-6-nudelschalen\/\" \/>\n<meta property=\"og:locale\" content=\"de_DE\" \/>\n<meta property=\"og:type\" content=\"article\" \/>\n<meta property=\"og:title\" content=\"PORTMEIRION Pomona Satz mit 6 Nudelschalen\" \/>\n<meta property=\"og:description\" content=\"Dieses Set von sechs Nudelschalen aus der Pomona-Kollektion zeigt eine sch\u00f6ne Serie von Obstmotiven, die jeweils aus handkolorierten B\u00fcchern aus den\" \/>\n<meta property=\"og:url\" content=\"https:\/\/www.erresse-shop.it\/de\/shop\/tisch\/koerbe-und-schalen\/portmeirion-pomona-satz-mit-6-nudelschalen\/\" \/>\n<meta property=\"og:site_name\" content=\"Erresse Shop\" \/>\n<meta property=\"article:modified_time\" content=\"2024-10-16T06:31:05+00:00\" \/>\n<meta property=\"og:image\" content=\"https:\/\/www.erresse-shop.it\/wp-content\/uploads\/2024\/10\/PORTMEIRION-Pomona-Set-6-Ciotole-Pasta.jpg\" \/>\n\t<meta property=\"og:image:width\" content=\"1200\" \/>\n\t<meta property=\"og:image:height\" content=\"1200\" \/>\n\t<meta property=\"og:image:type\" content=\"image\/jpeg\" \/>\n<meta name=\"twitter:card\" content=\"summary_large_image\" \/>\n<script type=\"application\/ld+json\" class=\"yoast-schema-graph\">{\"@context\":\"https:\/\/schema.org\",\"@graph\":[{\"@type\":\"WebPage\",\"@id\":\"https:\/\/www.erresse-shop.it\/de\/shop\/tisch\/koerbe-und-schalen\/portmeirion-pomona-satz-mit-6-nudelschalen\/\",\"url\":\"https:\/\/www.erresse-shop.it\/de\/shop\/tisch\/koerbe-und-schalen\/portmeirion-pomona-satz-mit-6-nudelschalen\/\",\"name\":\"PORTMEIRION Pomona Satz mit 6 Nudelschalen - Erresse Shop\",\"isPartOf\":{\"@id\":\"https:\/\/www.erresse-shop.it\/de\/#website\"},\"datePublished\":\"2024-10-11T10:21:13+00:00\",\"dateModified\":\"2024-10-16T06:31:05+00:00\",\"description\":\"Dieses Set von sechs Nudelschalen aus der Pomona-Kollektion zeigt eine sch\u00f6ne Serie von Obstmotiven, die jeweils aus handkolorierten B\u00fcchern aus den\",\"breadcrumb\":{\"@id\":\"https:\/\/www.erresse-shop.it\/de\/shop\/tisch\/koerbe-und-schalen\/portmeirion-pomona-satz-mit-6-nudelschalen\/#breadcrumb\"},\"inLanguage\":\"de-DE\",\"potentialAction\":[{\"@type\":\"ReadAction\",\"target\":[\"https:\/\/www.erresse-shop.it\/de\/shop\/tisch\/koerbe-und-schalen\/portmeirion-pomona-satz-mit-6-nudelschalen\/\"]}]},{\"@type\":\"BreadcrumbList\",\"@id\":\"https:\/\/www.erresse-shop.it\/de\/shop\/tisch\/koerbe-und-schalen\/portmeirion-pomona-satz-mit-6-nudelschalen\/#breadcrumb\",\"itemListElement\":[{\"@type\":\"ListItem\",\"position\":1,\"name\":\"Home\",\"item\":\"https:\/\/www.erresse-shop.it\/de\/\"},{\"@type\":\"ListItem\",\"position\":2,\"name\":\"Shop\",\"item\":\"https:\/\/www.erresse-shop.it\/de\/shop\/\"},{\"@type\":\"ListItem\",\"position\":3,\"name\":\"PORTMEIRION Pomona Satz mit 6 Nudelschalen\"}]},{\"@type\":\"WebSite\",\"@id\":\"https:\/\/www.erresse-shop.it\/de\/#website\",\"url\":\"https:\/\/www.erresse-shop.it\/de\/\",\"name\":\"Erresse Shop\",\"description\":\"Articoli di qualit\u00e0 per la casa\",\"potentialAction\":[{\"@type\":\"SearchAction\",\"target\":{\"@type\":\"EntryPoint\",\"urlTemplate\":\"https:\/\/www.erresse-shop.it\/de\/?s={search_term_string}\"},\"query-input\":\"required name=search_term_string\"}],\"inLanguage\":\"de-DE\"}]}<\/script>\n<!-- \/ Yoast SEO Premium plugin. -->","yoast_head_json":{"title":"PORTMEIRION Pomona Satz mit 6 Nudelschalen - Erresse Shop","description":"Dieses Set von sechs Nudelschalen aus der Pomona-Kollektion zeigt eine sch\u00f6ne Serie von Obstmotiven, die jeweils aus handkolorierten B\u00fcchern aus den","robots":{"index":"index","follow":"follow","max-snippet":"max-snippet:-1","max-image-preview":"max-image-preview:large","max-video-preview":"max-video-preview:-1"},"canonical":"https:\/\/www.erresse-shop.it\/de\/shop\/tisch\/koerbe-und-schalen\/portmeirion-pomona-satz-mit-6-nudelschalen\/","og_locale":"de_DE","og_type":"article","og_title":"PORTMEIRION Pomona Satz mit 6 Nudelschalen","og_description":"Dieses Set von sechs Nudelschalen aus der Pomona-Kollektion zeigt eine sch\u00f6ne Serie von Obstmotiven, die jeweils aus handkolorierten B\u00fcchern aus den","og_url":"https:\/\/www.erresse-shop.it\/de\/shop\/tisch\/koerbe-und-schalen\/portmeirion-pomona-satz-mit-6-nudelschalen\/","og_site_name":"Erresse Shop","article_modified_time":"2024-10-16T06:31:05+00:00","og_image":[{"width":1200,"height":1200,"url":"https:\/\/www.erresse-shop.it\/wp-content\/uploads\/2024\/10\/PORTMEIRION-Pomona-Set-6-Ciotole-Pasta.jpg","type":"image\/jpeg"}],"twitter_card":"summary_large_image","schema":{"@context":"https:\/\/schema.org","@graph":[{"@type":"WebPage","@id":"https:\/\/www.erresse-shop.it\/de\/shop\/tisch\/koerbe-und-schalen\/portmeirion-pomona-satz-mit-6-nudelschalen\/","url":"https:\/\/www.erresse-shop.it\/de\/shop\/tisch\/koerbe-und-schalen\/portmeirion-pomona-satz-mit-6-nudelschalen\/","name":"PORTMEIRION Pomona Satz mit 6 Nudelschalen - Erresse Shop","isPartOf":{"@id":"https:\/\/www.erresse-shop.it\/de\/#website"},"datePublished":"2024-10-11T10:21:13+00:00","dateModified":"2024-10-16T06:31:05+00:00","description":"Dieses Set von sechs Nudelschalen aus der Pomona-Kollektion zeigt eine sch\u00f6ne Serie von Obstmotiven, die jeweils aus handkolorierten B\u00fcchern aus den","breadcrumb":{"@id":"https:\/\/www.erresse-shop.it\/de\/shop\/tisch\/koerbe-und-schalen\/portmeirion-pomona-satz-mit-6-nudelschalen\/#breadcrumb"},"inLanguage":"de-DE","potentialAction":[{"@type":"ReadAction","target":["https:\/\/www.erresse-shop.it\/de\/shop\/tisch\/koerbe-und-schalen\/portmeirion-pomona-satz-mit-6-nudelschalen\/"]}]},{"@type":"BreadcrumbList","@id":"https:\/\/www.erresse-shop.it\/de\/shop\/tisch\/koerbe-und-schalen\/portmeirion-pomona-satz-mit-6-nudelschalen\/#breadcrumb","itemListElement":[{"@type":"ListItem","position":1,"name":"Home","item":"https:\/\/www.erresse-shop.it\/de\/"},{"@type":"ListItem","position":2,"name":"Shop","item":"https:\/\/www.erresse-shop.it\/de\/shop\/"},{"@type":"ListItem","position":3,"name":"PORTMEIRION Pomona Satz mit 6 Nudelschalen"}]},{"@type":"WebSite","@id":"https:\/\/www.erresse-shop.it\/de\/#website","url":"https:\/\/www.erresse-shop.it\/de\/","name":"Erresse Shop","description":"Articoli di qualit\u00e0 per la casa","potentialAction":[{"@type":"SearchAction","target":{"@type":"EntryPoint","urlTemplate":"https:\/\/www.erresse-shop.it\/de\/?s={search_term_string}"},"query-input":"required name=search_term_string"}],"inLanguage":"de-DE"}]}},"df_price":113.29500000000002,"df_sale_price":113.29500000000002,"df_regular_price":174.3,"df_image_link":"https:\/\/www.erresse-shop.it\/wp-content\/uploads\/2024\/10\/PORTMEIRION-Pomona-Set-6-Ciotole-Pasta-300x300.jpg","_links":{"self":[{"href":"https:\/\/www.erresse-shop.it\/de\/wp-json\/wp\/v2\/product\/438871"}],"collection":[{"href":"https:\/\/www.erresse-shop.it\/de\/wp-json\/wp\/v2\/product"}],"about":[{"href":"https:\/\/www.erresse-shop.it\/de\/wp-json\/wp\/v2\/types\/product"}],"wp:featuredmedia":[{"embeddable":true,"href":"https:\/\/www.erresse-shop.it\/de\/wp-json\/wp\/v2\/media\/438879"}],"wp:attachment":[{"href":"https:\/\/www.erresse-shop.it\/de\/wp-json\/wp\/v2\/media?parent=438871"}],"wp:term":[{"taxonomy":"product_cat","embeddable":true,"href":"https:\/\/www.erresse-shop.it\/de\/wp-json\/wp\/v2\/product_cat?post=438871"},{"taxonomy":"product_tag","embeddable":true,"href":"https:\/\/www.erresse-shop.it\/de\/wp-json\/wp\/v2\/product_tag?post=438871"}],"curies":[{"name":"wp","href":"https:\/\/api.w.org\/{rel}","templated":true}]}}