{"id":438836,"date":"2024-10-11T09:49:50","date_gmt":"2024-10-11T09:49:51","guid":{"rendered":"https:\/\/www.erresse-shop.it\/?post_type=product&#038;p=438836"},"modified":"2024-10-16T06:32:40","modified_gmt":"2024-10-16T06:32:40","slug":"portmeirion-the-holly-and-the-ivy-satz-mit-6-obstteller","status":"publish","type":"product","link":"https:\/\/www.erresse-shop.it\/de\/shop\/tisch\/teller-geschirr\/portmeirion-the-holly-and-the-ivy-satz-mit-6-obstteller\/","title":{"rendered":"PORTMEIRION The Holly and The Ivy Satz mit 6 Obstteller"},"content":{"rendered":"<p>Setzen Sie mit diesem Set aus sechs 20 cm gro\u00dfen The Holly and the Ivy-Tellern einen wunderbar festlichen Akzent f\u00fcr Weihnachtsessen. Ideal f\u00fcr kleine Portionen und Mittagessen oder als gro\u00dfz\u00fcgige Servierplatten, zeigt jeder Teller eine klassische illustrierte Komposition von \u201eThe Holly and the Ivy\u201c mit sattgr\u00fcnem Laub und roten Beeren zusammen mit dem Text des gleichnamigen Liedes. Kombinieren Sie sie mit anderen Artikeln aus der Kollektion oder verwenden Sie diese Weihnachtsteller als Teil eines ganz in Wei\u00df gehaltenen Tisches f\u00fcr eine wunderbare weihnachtliche Note.<\/p>\n<p><strong>Material<\/strong>: Terrakotta<\/p>\n","protected":false},"excerpt":{"rendered":"<p>Setzen Sie mit diesem Set aus sechs 20 cm gro\u00dfen The Holly and the Ivy-Tellern einen wunderbar festlichen Akzent f\u00fcr<\/p>\n","protected":false},"featured_media":438844,"template":"","meta":{"_acf_changed":false,"inline_featured_image":false},"product_cat":[6793,6787],"product_tag":[19359,23911,24604,20172,25022,11827,21822],"acf":[],"yoast_head":"<!-- This site is optimized with the Yoast SEO Premium plugin v18.6 (Yoast SEO v19.13) - https:\/\/yoast.com\/wordpress\/plugins\/seo\/ -->\n<title>PORTMEIRION The Holly and The Ivy Satz mit 6 Obstteller - Erresse Shop<\/title>\n<meta name=\"description\" content=\"Setzen Sie mit diesem Set aus sechs 20 cm gro\u00dfen The Holly and the Ivy-Tellern einen wunderbar festlichen Akzent f\u00fcr Weihnachtsessen. Ideal f\u00fcr kleine\" \/>\n<meta name=\"robots\" content=\"index, follow, max-snippet:-1, max-image-preview:large, max-video-preview:-1\" \/>\n<link rel=\"canonical\" href=\"https:\/\/www.erresse-shop.it\/de\/shop\/tisch\/teller-geschirr\/portmeirion-the-holly-and-the-ivy-satz-mit-6-obstteller\/\" \/>\n<meta property=\"og:locale\" content=\"de_DE\" \/>\n<meta property=\"og:type\" content=\"article\" \/>\n<meta property=\"og:title\" content=\"PORTMEIRION The Holly and The Ivy Satz mit 6 Obstteller\" \/>\n<meta property=\"og:description\" content=\"Setzen Sie mit diesem Set aus sechs 20 cm gro\u00dfen The Holly and the Ivy-Tellern einen wunderbar festlichen Akzent f\u00fcr Weihnachtsessen. Ideal f\u00fcr kleine\" \/>\n<meta property=\"og:url\" content=\"https:\/\/www.erresse-shop.it\/de\/shop\/tisch\/teller-geschirr\/portmeirion-the-holly-and-the-ivy-satz-mit-6-obstteller\/\" \/>\n<meta property=\"og:site_name\" content=\"Erresse Shop\" \/>\n<meta property=\"article:modified_time\" content=\"2024-10-16T06:32:40+00:00\" \/>\n<meta property=\"og:image\" content=\"https:\/\/www.erresse-shop.it\/wp-content\/uploads\/2024\/10\/PORTMEIRION-The-Holly-and-The-Ivy-Set-6-Piatti-Frutta-1.jpg\" \/>\n\t<meta property=\"og:image:width\" content=\"1200\" \/>\n\t<meta property=\"og:image:height\" content=\"1200\" \/>\n\t<meta property=\"og:image:type\" content=\"image\/jpeg\" \/>\n<meta name=\"twitter:card\" content=\"summary_large_image\" \/>\n<script type=\"application\/ld+json\" class=\"yoast-schema-graph\">{\"@context\":\"https:\/\/schema.org\",\"@graph\":[{\"@type\":\"WebPage\",\"@id\":\"https:\/\/www.erresse-shop.it\/de\/shop\/tisch\/teller-geschirr\/portmeirion-the-holly-and-the-ivy-satz-mit-6-obstteller\/\",\"url\":\"https:\/\/www.erresse-shop.it\/de\/shop\/tisch\/teller-geschirr\/portmeirion-the-holly-and-the-ivy-satz-mit-6-obstteller\/\",\"name\":\"PORTMEIRION The Holly and The Ivy Satz mit 6 Obstteller - Erresse Shop\",\"isPartOf\":{\"@id\":\"https:\/\/www.erresse-shop.it\/de\/#website\"},\"datePublished\":\"2024-10-11T09:49:51+00:00\",\"dateModified\":\"2024-10-16T06:32:40+00:00\",\"description\":\"Setzen Sie mit diesem Set aus sechs 20 cm gro\u00dfen The Holly and the Ivy-Tellern einen wunderbar festlichen Akzent f\u00fcr Weihnachtsessen. Ideal f\u00fcr kleine\",\"breadcrumb\":{\"@id\":\"https:\/\/www.erresse-shop.it\/de\/shop\/tisch\/teller-geschirr\/portmeirion-the-holly-and-the-ivy-satz-mit-6-obstteller\/#breadcrumb\"},\"inLanguage\":\"de-DE\",\"potentialAction\":[{\"@type\":\"ReadAction\",\"target\":[\"https:\/\/www.erresse-shop.it\/de\/shop\/tisch\/teller-geschirr\/portmeirion-the-holly-and-the-ivy-satz-mit-6-obstteller\/\"]}]},{\"@type\":\"BreadcrumbList\",\"@id\":\"https:\/\/www.erresse-shop.it\/de\/shop\/tisch\/teller-geschirr\/portmeirion-the-holly-and-the-ivy-satz-mit-6-obstteller\/#breadcrumb\",\"itemListElement\":[{\"@type\":\"ListItem\",\"position\":1,\"name\":\"Home\",\"item\":\"https:\/\/www.erresse-shop.it\/de\/\"},{\"@type\":\"ListItem\",\"position\":2,\"name\":\"Shop\",\"item\":\"https:\/\/www.erresse-shop.it\/de\/shop\/\"},{\"@type\":\"ListItem\",\"position\":3,\"name\":\"PORTMEIRION The Holly and The Ivy Satz mit 6 Obstteller\"}]},{\"@type\":\"WebSite\",\"@id\":\"https:\/\/www.erresse-shop.it\/de\/#website\",\"url\":\"https:\/\/www.erresse-shop.it\/de\/\",\"name\":\"Erresse Shop\",\"description\":\"Articoli di qualit\u00e0 per la casa\",\"potentialAction\":[{\"@type\":\"SearchAction\",\"target\":{\"@type\":\"EntryPoint\",\"urlTemplate\":\"https:\/\/www.erresse-shop.it\/de\/?s={search_term_string}\"},\"query-input\":\"required name=search_term_string\"}],\"inLanguage\":\"de-DE\"}]}<\/script>\n<!-- \/ Yoast SEO Premium plugin. -->","yoast_head_json":{"title":"PORTMEIRION The Holly and The Ivy Satz mit 6 Obstteller - Erresse Shop","description":"Setzen Sie mit diesem Set aus sechs 20 cm gro\u00dfen The Holly and the Ivy-Tellern einen wunderbar festlichen Akzent f\u00fcr Weihnachtsessen. Ideal f\u00fcr kleine","robots":{"index":"index","follow":"follow","max-snippet":"max-snippet:-1","max-image-preview":"max-image-preview:large","max-video-preview":"max-video-preview:-1"},"canonical":"https:\/\/www.erresse-shop.it\/de\/shop\/tisch\/teller-geschirr\/portmeirion-the-holly-and-the-ivy-satz-mit-6-obstteller\/","og_locale":"de_DE","og_type":"article","og_title":"PORTMEIRION The Holly and The Ivy Satz mit 6 Obstteller","og_description":"Setzen Sie mit diesem Set aus sechs 20 cm gro\u00dfen The Holly and the Ivy-Tellern einen wunderbar festlichen Akzent f\u00fcr Weihnachtsessen. Ideal f\u00fcr kleine","og_url":"https:\/\/www.erresse-shop.it\/de\/shop\/tisch\/teller-geschirr\/portmeirion-the-holly-and-the-ivy-satz-mit-6-obstteller\/","og_site_name":"Erresse Shop","article_modified_time":"2024-10-16T06:32:40+00:00","og_image":[{"width":1200,"height":1200,"url":"https:\/\/www.erresse-shop.it\/wp-content\/uploads\/2024\/10\/PORTMEIRION-The-Holly-and-The-Ivy-Set-6-Piatti-Frutta-1.jpg","type":"image\/jpeg"}],"twitter_card":"summary_large_image","schema":{"@context":"https:\/\/schema.org","@graph":[{"@type":"WebPage","@id":"https:\/\/www.erresse-shop.it\/de\/shop\/tisch\/teller-geschirr\/portmeirion-the-holly-and-the-ivy-satz-mit-6-obstteller\/","url":"https:\/\/www.erresse-shop.it\/de\/shop\/tisch\/teller-geschirr\/portmeirion-the-holly-and-the-ivy-satz-mit-6-obstteller\/","name":"PORTMEIRION The Holly and The Ivy Satz mit 6 Obstteller - Erresse Shop","isPartOf":{"@id":"https:\/\/www.erresse-shop.it\/de\/#website"},"datePublished":"2024-10-11T09:49:51+00:00","dateModified":"2024-10-16T06:32:40+00:00","description":"Setzen Sie mit diesem Set aus sechs 20 cm gro\u00dfen The Holly and the Ivy-Tellern einen wunderbar festlichen Akzent f\u00fcr Weihnachtsessen. Ideal f\u00fcr kleine","breadcrumb":{"@id":"https:\/\/www.erresse-shop.it\/de\/shop\/tisch\/teller-geschirr\/portmeirion-the-holly-and-the-ivy-satz-mit-6-obstteller\/#breadcrumb"},"inLanguage":"de-DE","potentialAction":[{"@type":"ReadAction","target":["https:\/\/www.erresse-shop.it\/de\/shop\/tisch\/teller-geschirr\/portmeirion-the-holly-and-the-ivy-satz-mit-6-obstteller\/"]}]},{"@type":"BreadcrumbList","@id":"https:\/\/www.erresse-shop.it\/de\/shop\/tisch\/teller-geschirr\/portmeirion-the-holly-and-the-ivy-satz-mit-6-obstteller\/#breadcrumb","itemListElement":[{"@type":"ListItem","position":1,"name":"Home","item":"https:\/\/www.erresse-shop.it\/de\/"},{"@type":"ListItem","position":2,"name":"Shop","item":"https:\/\/www.erresse-shop.it\/de\/shop\/"},{"@type":"ListItem","position":3,"name":"PORTMEIRION The Holly and The Ivy Satz mit 6 Obstteller"}]},{"@type":"WebSite","@id":"https:\/\/www.erresse-shop.it\/de\/#website","url":"https:\/\/www.erresse-shop.it\/de\/","name":"Erresse Shop","description":"Articoli di qualit\u00e0 per la casa","potentialAction":[{"@type":"SearchAction","target":{"@type":"EntryPoint","urlTemplate":"https:\/\/www.erresse-shop.it\/de\/?s={search_term_string}"},"query-input":"required name=search_term_string"}],"inLanguage":"de-DE"}]}},"df_price":109.95,"df_sale_price":109.95,"df_regular_price":174.95,"df_image_link":"https:\/\/www.erresse-shop.it\/wp-content\/uploads\/2024\/10\/PORTMEIRION-The-Holly-and-The-Ivy-Set-6-Piatti-Frutta-1-300x300.jpg","_links":{"self":[{"href":"https:\/\/www.erresse-shop.it\/de\/wp-json\/wp\/v2\/product\/438836"}],"collection":[{"href":"https:\/\/www.erresse-shop.it\/de\/wp-json\/wp\/v2\/product"}],"about":[{"href":"https:\/\/www.erresse-shop.it\/de\/wp-json\/wp\/v2\/types\/product"}],"wp:featuredmedia":[{"embeddable":true,"href":"https:\/\/www.erresse-shop.it\/de\/wp-json\/wp\/v2\/media\/438844"}],"wp:attachment":[{"href":"https:\/\/www.erresse-shop.it\/de\/wp-json\/wp\/v2\/media?parent=438836"}],"wp:term":[{"taxonomy":"product_cat","embeddable":true,"href":"https:\/\/www.erresse-shop.it\/de\/wp-json\/wp\/v2\/product_cat?post=438836"},{"taxonomy":"product_tag","embeddable":true,"href":"https:\/\/www.erresse-shop.it\/de\/wp-json\/wp\/v2\/product_tag?post=438836"}],"curies":[{"name":"wp","href":"https:\/\/api.w.org\/{rel}","templated":true}]}}