{"id":438403,"date":"2024-10-09T09:16:58","date_gmt":"2024-10-09T09:16:58","guid":{"rendered":"https:\/\/www.erresse-shop.it\/?post_type=product&#038;p=438403"},"modified":"2025-01-16T15:59:53","modified_gmt":"2025-01-16T15:59:53","slug":"foppapedretti-buegelbrett-assai-4-0-weiss","status":"publish","type":"product","link":"https:\/\/www.erresse-shop.it\/de\/shop\/einrichtung-haus\/buegelbretter\/foppapedretti-buegelbrett-assai-4-0-weiss\/","title":{"rendered":"FOPPAPEDRETTI B\u00fcgelbrett Assai 4.0 Wei\u00df"},"content":{"rendered":"<p>Das neue Holzb\u00fcgelbrett Assai 4.0 von Foppapedretti ist nach 40 Jahren Erfolg eine Neuinterpretation unseres Bestsellers Assai mit modernem Design und innovativer Holzverarbeitung.<\/p>\n<p>Assai 4.0 verf\u00fcgt \u00fcber eine FSC-zertifizierte Massivholzstruktur mit abgerundeten Formen und einem neuen Eisenregal mit Holzrahmen und Silikonkautschukmatte. Erh\u00e4ltlich in 4 Farbvarianten, inklusive neuer dunkelgrauer Achsabdeckung.<\/p>\n<p>Assai 4.0 ist solide, aber dank der praktischen Anti-Kratz-R\u00e4der gleichzeitig leicht und einfach zu bewegen. Im geschlossenen Zustand steht es alleine, nimmt nur sehr wenig Platz ein und kann \u00fcberall aufgestellt werden. Es ist sehr praktisch und funktionell und passt sich jedem Bedarf an: Das B\u00fcgelbrett mit atmungsaktiven L\u00f6chern, die Kondensation verhindern, ist in drei H\u00f6hen verstellbar, um maximalen Komfort zu gew\u00e4hrleisten. Es verf\u00fcgt \u00fcber eine praktische untere Ablage f\u00fcr W\u00e4sche.<\/p>\n<p><strong>Ma\u00dfe ge\u00f6ffnet:<\/strong>H 85\/88\/91 P 50 L 123 cm<br \/>\n<strong>Abmessungen geschlossen:<\/strong> H 115 T 50 L 14 cm<\/p>\n<p><strong>Gewicht: <\/strong>10\u00a0kg<\/p>\n","protected":false},"excerpt":{"rendered":"<p>Das neue Holzb\u00fcgelbrett Assai 4.0 von Foppapedretti ist nach 40 Jahren Erfolg eine Neuinterpretation unseres Bestsellers Assai mit modernem Design<\/p>\n","protected":false},"featured_media":438412,"template":"","meta":{"_acf_changed":false,"inline_featured_image":false},"product_cat":[6817,18096],"product_tag":[14058,21822,18476],"acf":[],"yoast_head":"<!-- This site is optimized with the Yoast SEO Premium plugin v18.6 (Yoast SEO v19.13) - https:\/\/yoast.com\/wordpress\/plugins\/seo\/ -->\n<title>FOPPAPEDRETTI B\u00fcgelbrett Assai 4.0 Wei\u00df<\/title>\n<meta name=\"description\" content=\"Entdecken Sie FOPPAPEDRETTI B\u00fcgelbrett Assai 4.0 Wei\u00df bei ErresseShop. Qualit\u00e4t, Stil und Funktionalit\u00e4t \u2013 jetzt online bestellen!\" \/>\n<meta name=\"robots\" content=\"index, follow, max-snippet:-1, max-image-preview:large, max-video-preview:-1\" \/>\n<link rel=\"canonical\" href=\"https:\/\/www.erresse-shop.it\/de\/shop\/einrichtung-haus\/buegelbretter\/foppapedretti-buegelbrett-assai-4-0-weiss\/\" \/>\n<meta property=\"og:locale\" content=\"de_DE\" \/>\n<meta property=\"og:type\" content=\"article\" \/>\n<meta property=\"og:title\" content=\"FOPPAPEDRETTI B\u00fcgelbrett Assai 4.0 Wei\u00df\" \/>\n<meta property=\"og:description\" content=\"Entdecken Sie FOPPAPEDRETTI B\u00fcgelbrett Assai 4.0 Wei\u00df bei ErresseShop. Qualit\u00e4t, Stil und Funktionalit\u00e4t \u2013 jetzt online bestellen!\" \/>\n<meta property=\"og:url\" content=\"https:\/\/www.erresse-shop.it\/de\/shop\/einrichtung-haus\/buegelbretter\/foppapedretti-buegelbrett-assai-4-0-weiss\/\" \/>\n<meta property=\"og:site_name\" content=\"Erresse Shop\" \/>\n<meta property=\"article:modified_time\" content=\"2025-01-16T15:59:53+00:00\" \/>\n<meta property=\"og:image\" content=\"https:\/\/www.erresse-shop.it\/wp-content\/uploads\/2024\/10\/FOPPAPEDRETTI-Asse-da-Stiro-Assai-4.0-Bianco.jpg\" \/>\n\t<meta property=\"og:image:width\" content=\"1200\" \/>\n\t<meta property=\"og:image:height\" content=\"1200\" \/>\n\t<meta property=\"og:image:type\" content=\"image\/jpeg\" \/>\n<meta name=\"twitter:card\" content=\"summary_large_image\" \/>\n<script type=\"application\/ld+json\" class=\"yoast-schema-graph\">{\"@context\":\"https:\/\/schema.org\",\"@graph\":[{\"@type\":\"WebPage\",\"@id\":\"https:\/\/www.erresse-shop.it\/de\/shop\/einrichtung-haus\/buegelbretter\/foppapedretti-buegelbrett-assai-4-0-weiss\/\",\"url\":\"https:\/\/www.erresse-shop.it\/de\/shop\/einrichtung-haus\/buegelbretter\/foppapedretti-buegelbrett-assai-4-0-weiss\/\",\"name\":\"FOPPAPEDRETTI B\u00fcgelbrett Assai 4.0 Wei\u00df\",\"isPartOf\":{\"@id\":\"https:\/\/www.erresse-shop.it\/de\/#website\"},\"datePublished\":\"2024-10-09T09:16:58+00:00\",\"dateModified\":\"2025-01-16T15:59:53+00:00\",\"description\":\"Entdecken Sie FOPPAPEDRETTI B\u00fcgelbrett Assai 4.0 Wei\u00df bei ErresseShop. Qualit\u00e4t, Stil und Funktionalit\u00e4t \u2013 jetzt online bestellen!\",\"breadcrumb\":{\"@id\":\"https:\/\/www.erresse-shop.it\/de\/shop\/einrichtung-haus\/buegelbretter\/foppapedretti-buegelbrett-assai-4-0-weiss\/#breadcrumb\"},\"inLanguage\":\"de-DE\",\"potentialAction\":[{\"@type\":\"ReadAction\",\"target\":[\"https:\/\/www.erresse-shop.it\/de\/shop\/einrichtung-haus\/buegelbretter\/foppapedretti-buegelbrett-assai-4-0-weiss\/\"]}]},{\"@type\":\"BreadcrumbList\",\"@id\":\"https:\/\/www.erresse-shop.it\/de\/shop\/einrichtung-haus\/buegelbretter\/foppapedretti-buegelbrett-assai-4-0-weiss\/#breadcrumb\",\"itemListElement\":[{\"@type\":\"ListItem\",\"position\":1,\"name\":\"Home\",\"item\":\"https:\/\/www.erresse-shop.it\/de\/\"},{\"@type\":\"ListItem\",\"position\":2,\"name\":\"Shop\",\"item\":\"https:\/\/www.erresse-shop.it\/de\/shop\/\"},{\"@type\":\"ListItem\",\"position\":3,\"name\":\"FOPPAPEDRETTI B\u00fcgelbrett Assai 4.0 Wei\u00df\"}]},{\"@type\":\"WebSite\",\"@id\":\"https:\/\/www.erresse-shop.it\/de\/#website\",\"url\":\"https:\/\/www.erresse-shop.it\/de\/\",\"name\":\"Erresse Shop\",\"description\":\"Articoli di qualit\u00e0 per la casa\",\"potentialAction\":[{\"@type\":\"SearchAction\",\"target\":{\"@type\":\"EntryPoint\",\"urlTemplate\":\"https:\/\/www.erresse-shop.it\/de\/?s={search_term_string}\"},\"query-input\":\"required name=search_term_string\"}],\"inLanguage\":\"de-DE\"}]}<\/script>\n<!-- \/ Yoast SEO Premium plugin. -->","yoast_head_json":{"title":"FOPPAPEDRETTI B\u00fcgelbrett Assai 4.0 Wei\u00df","description":"Entdecken Sie FOPPAPEDRETTI B\u00fcgelbrett Assai 4.0 Wei\u00df bei ErresseShop. Qualit\u00e4t, Stil und Funktionalit\u00e4t \u2013 jetzt online bestellen!","robots":{"index":"index","follow":"follow","max-snippet":"max-snippet:-1","max-image-preview":"max-image-preview:large","max-video-preview":"max-video-preview:-1"},"canonical":"https:\/\/www.erresse-shop.it\/de\/shop\/einrichtung-haus\/buegelbretter\/foppapedretti-buegelbrett-assai-4-0-weiss\/","og_locale":"de_DE","og_type":"article","og_title":"FOPPAPEDRETTI B\u00fcgelbrett Assai 4.0 Wei\u00df","og_description":"Entdecken Sie FOPPAPEDRETTI B\u00fcgelbrett Assai 4.0 Wei\u00df bei ErresseShop. Qualit\u00e4t, Stil und Funktionalit\u00e4t \u2013 jetzt online bestellen!","og_url":"https:\/\/www.erresse-shop.it\/de\/shop\/einrichtung-haus\/buegelbretter\/foppapedretti-buegelbrett-assai-4-0-weiss\/","og_site_name":"Erresse Shop","article_modified_time":"2025-01-16T15:59:53+00:00","og_image":[{"width":1200,"height":1200,"url":"https:\/\/www.erresse-shop.it\/wp-content\/uploads\/2024\/10\/FOPPAPEDRETTI-Asse-da-Stiro-Assai-4.0-Bianco.jpg","type":"image\/jpeg"}],"twitter_card":"summary_large_image","schema":{"@context":"https:\/\/schema.org","@graph":[{"@type":"WebPage","@id":"https:\/\/www.erresse-shop.it\/de\/shop\/einrichtung-haus\/buegelbretter\/foppapedretti-buegelbrett-assai-4-0-weiss\/","url":"https:\/\/www.erresse-shop.it\/de\/shop\/einrichtung-haus\/buegelbretter\/foppapedretti-buegelbrett-assai-4-0-weiss\/","name":"FOPPAPEDRETTI B\u00fcgelbrett Assai 4.0 Wei\u00df","isPartOf":{"@id":"https:\/\/www.erresse-shop.it\/de\/#website"},"datePublished":"2024-10-09T09:16:58+00:00","dateModified":"2025-01-16T15:59:53+00:00","description":"Entdecken Sie FOPPAPEDRETTI B\u00fcgelbrett Assai 4.0 Wei\u00df bei ErresseShop. Qualit\u00e4t, Stil und Funktionalit\u00e4t \u2013 jetzt online bestellen!","breadcrumb":{"@id":"https:\/\/www.erresse-shop.it\/de\/shop\/einrichtung-haus\/buegelbretter\/foppapedretti-buegelbrett-assai-4-0-weiss\/#breadcrumb"},"inLanguage":"de-DE","potentialAction":[{"@type":"ReadAction","target":["https:\/\/www.erresse-shop.it\/de\/shop\/einrichtung-haus\/buegelbretter\/foppapedretti-buegelbrett-assai-4-0-weiss\/"]}]},{"@type":"BreadcrumbList","@id":"https:\/\/www.erresse-shop.it\/de\/shop\/einrichtung-haus\/buegelbretter\/foppapedretti-buegelbrett-assai-4-0-weiss\/#breadcrumb","itemListElement":[{"@type":"ListItem","position":1,"name":"Home","item":"https:\/\/www.erresse-shop.it\/de\/"},{"@type":"ListItem","position":2,"name":"Shop","item":"https:\/\/www.erresse-shop.it\/de\/shop\/"},{"@type":"ListItem","position":3,"name":"FOPPAPEDRETTI B\u00fcgelbrett Assai 4.0 Wei\u00df"}]},{"@type":"WebSite","@id":"https:\/\/www.erresse-shop.it\/de\/#website","url":"https:\/\/www.erresse-shop.it\/de\/","name":"Erresse Shop","description":"Articoli di qualit\u00e0 per la casa","potentialAction":[{"@type":"SearchAction","target":{"@type":"EntryPoint","urlTemplate":"https:\/\/www.erresse-shop.it\/de\/?s={search_term_string}"},"query-input":"required name=search_term_string"}],"inLanguage":"de-DE"}]}},"df_price":224,"df_sale_price":224,"df_regular_price":224,"df_image_link":"https:\/\/www.erresse-shop.it\/wp-content\/uploads\/2024\/10\/FOPPAPEDRETTI-Asse-da-Stiro-Assai-4.0-Bianco-300x300.jpg","_links":{"self":[{"href":"https:\/\/www.erresse-shop.it\/de\/wp-json\/wp\/v2\/product\/438403"}],"collection":[{"href":"https:\/\/www.erresse-shop.it\/de\/wp-json\/wp\/v2\/product"}],"about":[{"href":"https:\/\/www.erresse-shop.it\/de\/wp-json\/wp\/v2\/types\/product"}],"wp:featuredmedia":[{"embeddable":true,"href":"https:\/\/www.erresse-shop.it\/de\/wp-json\/wp\/v2\/media\/438412"}],"wp:attachment":[{"href":"https:\/\/www.erresse-shop.it\/de\/wp-json\/wp\/v2\/media?parent=438403"}],"wp:term":[{"taxonomy":"product_cat","embeddable":true,"href":"https:\/\/www.erresse-shop.it\/de\/wp-json\/wp\/v2\/product_cat?post=438403"},{"taxonomy":"product_tag","embeddable":true,"href":"https:\/\/www.erresse-shop.it\/de\/wp-json\/wp\/v2\/product_tag?post=438403"}],"curies":[{"name":"wp","href":"https:\/\/api.w.org\/{rel}","templated":true}]}}