{"id":438317,"date":"2024-10-09T07:56:36","date_gmt":"2024-10-09T07:56:37","guid":{"rendered":"https:\/\/www.erresse-shop.it\/?post_type=product&#038;p=438317"},"modified":"2025-08-03T18:40:09","modified_gmt":"2025-08-03T18:40:09","slug":"foppapedretti-waschestander-gulliver-4-0-naturlich-copia","status":"publish","type":"product","link":"https:\/\/www.erresse-shop.it\/de\/shop\/einrichtung-haus\/waeschestaender\/foppapedretti-waschestander-gulliver-4-0-naturlich-copia\/","title":{"rendered":"FOPPAPEDRETTI W\u00e4schest\u00e4nder SuoerGulliver 4.0 Holz"},"content":{"rendered":"<p>Der neue faltbare W\u00e4schest\u00e4nder SuperGulliver 4.0 aus Holz von Foppapedretti, ideal f\u00fcr gro\u00dfe W\u00e4schemengen, ist eine Neuinterpretation unseres Bestsellers mit modernem Design und innovativer Holzverarbeitung.<\/p>\n<p>SuperGulliver 4.0 verf\u00fcgt \u00fcber eine FSC-zertifizierte Massivholzstruktur, die sich durch abgerundete Formen auszeichnet: Sie bietet 35 Meter n\u00fctzliche W\u00e4scheleine und verf\u00fcgt \u00fcber eine bequeme Schulterstange, die einfach verschwindet, wenn sie nicht ben\u00f6tigt wird.<\/p>\n<p>Dank der Massivholzstruktur ist es sehr stabil, aber dank der 4 Schwenkr\u00e4der, davon 2 mit Bremsen, auch sehr leicht zu bewegen.<\/p>\n<p>SuperGulliver 4.0 l\u00e4sst sich je nach Bedarf \u00f6ffnen: Die seitlichen und vorderen Arme mit lackierten Aluminiumstangen sind unabh\u00e4ngig voneinander. Und im geschlossenen Zustand steht es alleine da und nimmt nur 14 Zentimeter ein. Es kann \u00fcberall positioniert werden.<\/p>\n<p><strong>Ma\u00dfe offen:<\/strong>H 189 P 122 L 174 cm<br \/>\n<strong>Abmessungen geschlossen:<\/strong> H 103 T 61 L 14 cm<\/p>\n<p><strong>Gewicht:<\/strong>9 kg<\/p>\n","protected":false},"excerpt":{"rendered":"<p><br data-mce-bogus=\"1\"><\/p>\n","protected":false},"featured_media":438326,"template":"","meta":{"_acf_changed":false,"inline_featured_image":false},"product_cat":[6817,18519],"product_tag":[21822,18475,18476],"acf":[],"yoast_head":"<!-- This site is optimized with the Yoast SEO Premium plugin v18.6 (Yoast SEO v19.13) - https:\/\/yoast.com\/wordpress\/plugins\/seo\/ -->\n<title>FOPPAPEDRETTI W\u00e4schest\u00e4nder SuoerGulliver 4.0 Holz<\/title>\n<meta name=\"description\" content=\"Entdecken Sie FOPPAPEDRETTI W\u00e4schest\u00e4nder SuoerGulliver 4.0 Holz bei ErresseShop. Qualit\u00e4t, Stil und Funktionalit\u00e4t \u2013 jetzt online bestellen!\" \/>\n<meta name=\"robots\" content=\"index, follow, max-snippet:-1, max-image-preview:large, max-video-preview:-1\" \/>\n<link rel=\"canonical\" href=\"https:\/\/www.erresse-shop.it\/de\/shop\/einrichtung-haus\/waeschestaender\/foppapedretti-waschestander-gulliver-4-0-naturlich-copia\/\" \/>\n<meta property=\"og:locale\" content=\"de_DE\" \/>\n<meta property=\"og:type\" content=\"article\" \/>\n<meta property=\"og:title\" content=\"FOPPAPEDRETTI W\u00e4schest\u00e4nder SuoerGulliver 4.0 Holz\" \/>\n<meta property=\"og:description\" content=\"Entdecken Sie FOPPAPEDRETTI W\u00e4schest\u00e4nder SuoerGulliver 4.0 Holz bei ErresseShop. Qualit\u00e4t, Stil und Funktionalit\u00e4t \u2013 jetzt online bestellen!\" \/>\n<meta property=\"og:url\" content=\"https:\/\/www.erresse-shop.it\/de\/shop\/einrichtung-haus\/waeschestaender\/foppapedretti-waschestander-gulliver-4-0-naturlich-copia\/\" \/>\n<meta property=\"og:site_name\" content=\"Erresse Shop\" \/>\n<meta property=\"article:modified_time\" content=\"2025-08-03T18:40:09+00:00\" \/>\n<meta property=\"og:image\" content=\"https:\/\/www.erresse-shop.it\/wp-content\/uploads\/2024\/10\/FOPPAPEDRETTI-Stendibiancheria-SuperGulliver-4.0-Legno.jpg\" \/>\n\t<meta property=\"og:image:width\" content=\"1200\" \/>\n\t<meta property=\"og:image:height\" content=\"1200\" \/>\n\t<meta property=\"og:image:type\" content=\"image\/jpeg\" \/>\n<meta name=\"twitter:card\" content=\"summary_large_image\" \/>\n<script type=\"application\/ld+json\" class=\"yoast-schema-graph\">{\"@context\":\"https:\/\/schema.org\",\"@graph\":[{\"@type\":\"WebPage\",\"@id\":\"https:\/\/www.erresse-shop.it\/de\/shop\/einrichtung-haus\/waeschestaender\/foppapedretti-waschestander-gulliver-4-0-naturlich-copia\/\",\"url\":\"https:\/\/www.erresse-shop.it\/de\/shop\/einrichtung-haus\/waeschestaender\/foppapedretti-waschestander-gulliver-4-0-naturlich-copia\/\",\"name\":\"FOPPAPEDRETTI W\u00e4schest\u00e4nder SuoerGulliver 4.0 Holz\",\"isPartOf\":{\"@id\":\"https:\/\/www.erresse-shop.it\/de\/#website\"},\"datePublished\":\"2024-10-09T07:56:37+00:00\",\"dateModified\":\"2025-08-03T18:40:09+00:00\",\"description\":\"Entdecken Sie FOPPAPEDRETTI W\u00e4schest\u00e4nder SuoerGulliver 4.0 Holz bei ErresseShop. Qualit\u00e4t, Stil und Funktionalit\u00e4t \u2013 jetzt online bestellen!\",\"breadcrumb\":{\"@id\":\"https:\/\/www.erresse-shop.it\/de\/shop\/einrichtung-haus\/waeschestaender\/foppapedretti-waschestander-gulliver-4-0-naturlich-copia\/#breadcrumb\"},\"inLanguage\":\"de-DE\",\"potentialAction\":[{\"@type\":\"ReadAction\",\"target\":[\"https:\/\/www.erresse-shop.it\/de\/shop\/einrichtung-haus\/waeschestaender\/foppapedretti-waschestander-gulliver-4-0-naturlich-copia\/\"]}]},{\"@type\":\"BreadcrumbList\",\"@id\":\"https:\/\/www.erresse-shop.it\/de\/shop\/einrichtung-haus\/waeschestaender\/foppapedretti-waschestander-gulliver-4-0-naturlich-copia\/#breadcrumb\",\"itemListElement\":[{\"@type\":\"ListItem\",\"position\":1,\"name\":\"Home\",\"item\":\"https:\/\/www.erresse-shop.it\/de\/\"},{\"@type\":\"ListItem\",\"position\":2,\"name\":\"Shop\",\"item\":\"https:\/\/www.erresse-shop.it\/de\/shop\/\"},{\"@type\":\"ListItem\",\"position\":3,\"name\":\"FOPPAPEDRETTI W\u00e4schest\u00e4nder SuoerGulliver 4.0 Holz\"}]},{\"@type\":\"WebSite\",\"@id\":\"https:\/\/www.erresse-shop.it\/de\/#website\",\"url\":\"https:\/\/www.erresse-shop.it\/de\/\",\"name\":\"Erresse Shop\",\"description\":\"Articoli di qualit\u00e0 per la casa\",\"potentialAction\":[{\"@type\":\"SearchAction\",\"target\":{\"@type\":\"EntryPoint\",\"urlTemplate\":\"https:\/\/www.erresse-shop.it\/de\/?s={search_term_string}\"},\"query-input\":\"required name=search_term_string\"}],\"inLanguage\":\"de-DE\"}]}<\/script>\n<!-- \/ Yoast SEO Premium plugin. -->","yoast_head_json":{"title":"FOPPAPEDRETTI W\u00e4schest\u00e4nder SuoerGulliver 4.0 Holz","description":"Entdecken Sie FOPPAPEDRETTI W\u00e4schest\u00e4nder SuoerGulliver 4.0 Holz bei ErresseShop. Qualit\u00e4t, Stil und Funktionalit\u00e4t \u2013 jetzt online bestellen!","robots":{"index":"index","follow":"follow","max-snippet":"max-snippet:-1","max-image-preview":"max-image-preview:large","max-video-preview":"max-video-preview:-1"},"canonical":"https:\/\/www.erresse-shop.it\/de\/shop\/einrichtung-haus\/waeschestaender\/foppapedretti-waschestander-gulliver-4-0-naturlich-copia\/","og_locale":"de_DE","og_type":"article","og_title":"FOPPAPEDRETTI W\u00e4schest\u00e4nder SuoerGulliver 4.0 Holz","og_description":"Entdecken Sie FOPPAPEDRETTI W\u00e4schest\u00e4nder SuoerGulliver 4.0 Holz bei ErresseShop. Qualit\u00e4t, Stil und Funktionalit\u00e4t \u2013 jetzt online bestellen!","og_url":"https:\/\/www.erresse-shop.it\/de\/shop\/einrichtung-haus\/waeschestaender\/foppapedretti-waschestander-gulliver-4-0-naturlich-copia\/","og_site_name":"Erresse Shop","article_modified_time":"2025-08-03T18:40:09+00:00","og_image":[{"width":1200,"height":1200,"url":"https:\/\/www.erresse-shop.it\/wp-content\/uploads\/2024\/10\/FOPPAPEDRETTI-Stendibiancheria-SuperGulliver-4.0-Legno.jpg","type":"image\/jpeg"}],"twitter_card":"summary_large_image","schema":{"@context":"https:\/\/schema.org","@graph":[{"@type":"WebPage","@id":"https:\/\/www.erresse-shop.it\/de\/shop\/einrichtung-haus\/waeschestaender\/foppapedretti-waschestander-gulliver-4-0-naturlich-copia\/","url":"https:\/\/www.erresse-shop.it\/de\/shop\/einrichtung-haus\/waeschestaender\/foppapedretti-waschestander-gulliver-4-0-naturlich-copia\/","name":"FOPPAPEDRETTI W\u00e4schest\u00e4nder SuoerGulliver 4.0 Holz","isPartOf":{"@id":"https:\/\/www.erresse-shop.it\/de\/#website"},"datePublished":"2024-10-09T07:56:37+00:00","dateModified":"2025-08-03T18:40:09+00:00","description":"Entdecken Sie FOPPAPEDRETTI W\u00e4schest\u00e4nder SuoerGulliver 4.0 Holz bei ErresseShop. Qualit\u00e4t, Stil und Funktionalit\u00e4t \u2013 jetzt online bestellen!","breadcrumb":{"@id":"https:\/\/www.erresse-shop.it\/de\/shop\/einrichtung-haus\/waeschestaender\/foppapedretti-waschestander-gulliver-4-0-naturlich-copia\/#breadcrumb"},"inLanguage":"de-DE","potentialAction":[{"@type":"ReadAction","target":["https:\/\/www.erresse-shop.it\/de\/shop\/einrichtung-haus\/waeschestaender\/foppapedretti-waschestander-gulliver-4-0-naturlich-copia\/"]}]},{"@type":"BreadcrumbList","@id":"https:\/\/www.erresse-shop.it\/de\/shop\/einrichtung-haus\/waeschestaender\/foppapedretti-waschestander-gulliver-4-0-naturlich-copia\/#breadcrumb","itemListElement":[{"@type":"ListItem","position":1,"name":"Home","item":"https:\/\/www.erresse-shop.it\/de\/"},{"@type":"ListItem","position":2,"name":"Shop","item":"https:\/\/www.erresse-shop.it\/de\/shop\/"},{"@type":"ListItem","position":3,"name":"FOPPAPEDRETTI W\u00e4schest\u00e4nder SuoerGulliver 4.0 Holz"}]},{"@type":"WebSite","@id":"https:\/\/www.erresse-shop.it\/de\/#website","url":"https:\/\/www.erresse-shop.it\/de\/","name":"Erresse Shop","description":"Articoli di qualit\u00e0 per la casa","potentialAction":[{"@type":"SearchAction","target":{"@type":"EntryPoint","urlTemplate":"https:\/\/www.erresse-shop.it\/de\/?s={search_term_string}"},"query-input":"required name=search_term_string"}],"inLanguage":"de-DE"}]}},"df_price":279,"df_sale_price":279,"df_regular_price":279,"df_image_link":"https:\/\/www.erresse-shop.it\/wp-content\/uploads\/2024\/10\/FOPPAPEDRETTI-Stendibiancheria-SuperGulliver-4.0-Legno-300x300.jpg","_links":{"self":[{"href":"https:\/\/www.erresse-shop.it\/de\/wp-json\/wp\/v2\/product\/438317"}],"collection":[{"href":"https:\/\/www.erresse-shop.it\/de\/wp-json\/wp\/v2\/product"}],"about":[{"href":"https:\/\/www.erresse-shop.it\/de\/wp-json\/wp\/v2\/types\/product"}],"wp:featuredmedia":[{"embeddable":true,"href":"https:\/\/www.erresse-shop.it\/de\/wp-json\/wp\/v2\/media\/438326"}],"wp:attachment":[{"href":"https:\/\/www.erresse-shop.it\/de\/wp-json\/wp\/v2\/media?parent=438317"}],"wp:term":[{"taxonomy":"product_cat","embeddable":true,"href":"https:\/\/www.erresse-shop.it\/de\/wp-json\/wp\/v2\/product_cat?post=438317"},{"taxonomy":"product_tag","embeddable":true,"href":"https:\/\/www.erresse-shop.it\/de\/wp-json\/wp\/v2\/product_tag?post=438317"}],"curies":[{"name":"wp","href":"https:\/\/api.w.org\/{rel}","templated":true}]}}