{"id":436610,"date":"2024-10-07T07:55:26","date_gmt":"2024-10-07T07:55:26","guid":{"rendered":"https:\/\/www.erresse-shop.it\/?post_type=product&#038;p=436610"},"modified":"2025-01-16T09:00:27","modified_gmt":"2025-01-16T09:00:27","slug":"bordallo-pinheiro-satz-von-4-hollyhock-maria-flor-dessertteller-15-cm-copia","status":"publish","type":"product","link":"https:\/\/www.erresse-shop.it\/de\/shop\/tisch\/teller-geschirr\/bordallo-pinheiro-satz-von-4-hollyhock-maria-flor-dessertteller-15-cm-copia\/","title":{"rendered":"BORDALLO PINHEIRO 4er Set Dessertteller G\u00e4nsebl\u00fcmchen Maria Flor 23 cm"},"content":{"rendered":"<p>Mit der Maria Flor-Kollektion werden Blumen auf Ihren Tisch eingeladen. Dahlien, Rosen und G\u00e4nsebl\u00fcmchen \u2013 die St\u00fccke sind sorgf\u00e4ltig verarbeitet, um jedes Detail wiederzugeben, genau wie echte Blumenarrangements. Bordallo Pinheiro schafft es, Farbe, Natur und Raffinesse mit Terrakottast\u00fccken zu verbinden, die im Alltag n\u00fctzlich, aber auch wahre Kunstwerke sind. Diese moderne, vom Fr\u00fchling und der Landschaft inspirierte Kollektion umfasst Teller, Salatsch\u00fcsseln, aber auch gro\u00dfe Teller und Sch\u00fcsseln.<\/p>\n<p><strong>Abmessungen<\/strong>: 23 cm x 22,8 cm x 2 cm<br \/>\n<strong>Material<\/strong>: Terrakotta<\/p>\n","protected":false},"excerpt":{"rendered":"<p>Mit der Maria Flor-Kollektion werden Blumen auf Ihren Tisch eingeladen. Dahlien, Rosen und G\u00e4nsebl\u00fcmchen \u2013 die St\u00fccke sind sorgf\u00e4ltig verarbeitet,<\/p>\n","protected":false},"featured_media":436648,"template":"","meta":{"_acf_changed":false,"inline_featured_image":false},"product_cat":[6793,6787],"product_tag":[25038,23911,14286,20877],"acf":[],"yoast_head":"<!-- This site is optimized with the Yoast SEO Premium plugin v18.6 (Yoast SEO v19.13) - https:\/\/yoast.com\/wordpress\/plugins\/seo\/ -->\n<title>BORDALLO PINHEIRO 4er Set Dessertteller G\u00e4nsebl\u00fcmchen Maria Flor 23 cm<\/title>\n<meta name=\"description\" content=\"Entdecken Sie BORDALLO PINHEIRO 4er Set Dessertteller G\u00e4nsebl\u00fcmchen Maria Flor 23 cm bei ErresseShop. Qualit\u00e4t, Stil und Funktionalit\u00e4t \u2013 jetzt online bestellen!\" \/>\n<meta name=\"robots\" content=\"index, follow, max-snippet:-1, max-image-preview:large, max-video-preview:-1\" \/>\n<link rel=\"canonical\" href=\"https:\/\/www.erresse-shop.it\/de\/shop\/tisch\/teller-geschirr\/bordallo-pinheiro-satz-von-4-hollyhock-maria-flor-dessertteller-15-cm-copia\/\" \/>\n<meta property=\"og:locale\" content=\"de_DE\" \/>\n<meta property=\"og:type\" content=\"article\" \/>\n<meta property=\"og:title\" content=\"BORDALLO PINHEIRO 4er Set Dessertteller G\u00e4nsebl\u00fcmchen Maria Flor 23 cm\" \/>\n<meta property=\"og:description\" content=\"Entdecken Sie BORDALLO PINHEIRO 4er Set Dessertteller G\u00e4nsebl\u00fcmchen Maria Flor 23 cm bei ErresseShop. Qualit\u00e4t, Stil und Funktionalit\u00e4t \u2013 jetzt online bestellen!\" \/>\n<meta property=\"og:url\" content=\"https:\/\/www.erresse-shop.it\/de\/shop\/tisch\/teller-geschirr\/bordallo-pinheiro-satz-von-4-hollyhock-maria-flor-dessertteller-15-cm-copia\/\" \/>\n<meta property=\"og:site_name\" content=\"Erresse Shop\" \/>\n<meta property=\"article:modified_time\" content=\"2025-01-16T09:00:27+00:00\" \/>\n<meta property=\"og:image\" content=\"https:\/\/www.erresse-shop.it\/wp-content\/uploads\/2024\/10\/BORDALLO-PINHEIRO-Set-4-Patti-Dessert-Daisy-Maria-Flor-23-cm.jpg\" \/>\n\t<meta property=\"og:image:width\" content=\"1200\" \/>\n\t<meta property=\"og:image:height\" content=\"1200\" \/>\n\t<meta property=\"og:image:type\" content=\"image\/jpeg\" \/>\n<meta name=\"twitter:card\" content=\"summary_large_image\" \/>\n<script type=\"application\/ld+json\" class=\"yoast-schema-graph\">{\"@context\":\"https:\/\/schema.org\",\"@graph\":[{\"@type\":\"WebPage\",\"@id\":\"https:\/\/www.erresse-shop.it\/de\/shop\/tisch\/teller-geschirr\/bordallo-pinheiro-satz-von-4-hollyhock-maria-flor-dessertteller-15-cm-copia\/\",\"url\":\"https:\/\/www.erresse-shop.it\/de\/shop\/tisch\/teller-geschirr\/bordallo-pinheiro-satz-von-4-hollyhock-maria-flor-dessertteller-15-cm-copia\/\",\"name\":\"BORDALLO PINHEIRO 4er Set Dessertteller G\u00e4nsebl\u00fcmchen Maria Flor 23 cm\",\"isPartOf\":{\"@id\":\"https:\/\/www.erresse-shop.it\/de\/#website\"},\"datePublished\":\"2024-10-07T07:55:26+00:00\",\"dateModified\":\"2025-01-16T09:00:27+00:00\",\"description\":\"Entdecken Sie BORDALLO PINHEIRO 4er Set Dessertteller G\u00e4nsebl\u00fcmchen Maria Flor 23 cm bei ErresseShop. Qualit\u00e4t, Stil und Funktionalit\u00e4t \u2013 jetzt online bestellen!\",\"breadcrumb\":{\"@id\":\"https:\/\/www.erresse-shop.it\/de\/shop\/tisch\/teller-geschirr\/bordallo-pinheiro-satz-von-4-hollyhock-maria-flor-dessertteller-15-cm-copia\/#breadcrumb\"},\"inLanguage\":\"de-DE\",\"potentialAction\":[{\"@type\":\"ReadAction\",\"target\":[\"https:\/\/www.erresse-shop.it\/de\/shop\/tisch\/teller-geschirr\/bordallo-pinheiro-satz-von-4-hollyhock-maria-flor-dessertteller-15-cm-copia\/\"]}]},{\"@type\":\"BreadcrumbList\",\"@id\":\"https:\/\/www.erresse-shop.it\/de\/shop\/tisch\/teller-geschirr\/bordallo-pinheiro-satz-von-4-hollyhock-maria-flor-dessertteller-15-cm-copia\/#breadcrumb\",\"itemListElement\":[{\"@type\":\"ListItem\",\"position\":1,\"name\":\"Home\",\"item\":\"https:\/\/www.erresse-shop.it\/de\/\"},{\"@type\":\"ListItem\",\"position\":2,\"name\":\"Shop\",\"item\":\"https:\/\/www.erresse-shop.it\/de\/shop\/\"},{\"@type\":\"ListItem\",\"position\":3,\"name\":\"BORDALLO PINHEIRO 4er Set Dessertteller G\u00e4nsebl\u00fcmchen Maria Flor 23 cm\"}]},{\"@type\":\"WebSite\",\"@id\":\"https:\/\/www.erresse-shop.it\/de\/#website\",\"url\":\"https:\/\/www.erresse-shop.it\/de\/\",\"name\":\"Erresse Shop\",\"description\":\"Articoli di qualit\u00e0 per la casa\",\"potentialAction\":[{\"@type\":\"SearchAction\",\"target\":{\"@type\":\"EntryPoint\",\"urlTemplate\":\"https:\/\/www.erresse-shop.it\/de\/?s={search_term_string}\"},\"query-input\":\"required name=search_term_string\"}],\"inLanguage\":\"de-DE\"}]}<\/script>\n<!-- \/ Yoast SEO Premium plugin. -->","yoast_head_json":{"title":"BORDALLO PINHEIRO 4er Set Dessertteller G\u00e4nsebl\u00fcmchen Maria Flor 23 cm","description":"Entdecken Sie BORDALLO PINHEIRO 4er Set Dessertteller G\u00e4nsebl\u00fcmchen Maria Flor 23 cm bei ErresseShop. Qualit\u00e4t, Stil und Funktionalit\u00e4t \u2013 jetzt online bestellen!","robots":{"index":"index","follow":"follow","max-snippet":"max-snippet:-1","max-image-preview":"max-image-preview:large","max-video-preview":"max-video-preview:-1"},"canonical":"https:\/\/www.erresse-shop.it\/de\/shop\/tisch\/teller-geschirr\/bordallo-pinheiro-satz-von-4-hollyhock-maria-flor-dessertteller-15-cm-copia\/","og_locale":"de_DE","og_type":"article","og_title":"BORDALLO PINHEIRO 4er Set Dessertteller G\u00e4nsebl\u00fcmchen Maria Flor 23 cm","og_description":"Entdecken Sie BORDALLO PINHEIRO 4er Set Dessertteller G\u00e4nsebl\u00fcmchen Maria Flor 23 cm bei ErresseShop. Qualit\u00e4t, Stil und Funktionalit\u00e4t \u2013 jetzt online bestellen!","og_url":"https:\/\/www.erresse-shop.it\/de\/shop\/tisch\/teller-geschirr\/bordallo-pinheiro-satz-von-4-hollyhock-maria-flor-dessertteller-15-cm-copia\/","og_site_name":"Erresse Shop","article_modified_time":"2025-01-16T09:00:27+00:00","og_image":[{"width":1200,"height":1200,"url":"https:\/\/www.erresse-shop.it\/wp-content\/uploads\/2024\/10\/BORDALLO-PINHEIRO-Set-4-Patti-Dessert-Daisy-Maria-Flor-23-cm.jpg","type":"image\/jpeg"}],"twitter_card":"summary_large_image","schema":{"@context":"https:\/\/schema.org","@graph":[{"@type":"WebPage","@id":"https:\/\/www.erresse-shop.it\/de\/shop\/tisch\/teller-geschirr\/bordallo-pinheiro-satz-von-4-hollyhock-maria-flor-dessertteller-15-cm-copia\/","url":"https:\/\/www.erresse-shop.it\/de\/shop\/tisch\/teller-geschirr\/bordallo-pinheiro-satz-von-4-hollyhock-maria-flor-dessertteller-15-cm-copia\/","name":"BORDALLO PINHEIRO 4er Set Dessertteller G\u00e4nsebl\u00fcmchen Maria Flor 23 cm","isPartOf":{"@id":"https:\/\/www.erresse-shop.it\/de\/#website"},"datePublished":"2024-10-07T07:55:26+00:00","dateModified":"2025-01-16T09:00:27+00:00","description":"Entdecken Sie BORDALLO PINHEIRO 4er Set Dessertteller G\u00e4nsebl\u00fcmchen Maria Flor 23 cm bei ErresseShop. Qualit\u00e4t, Stil und Funktionalit\u00e4t \u2013 jetzt online bestellen!","breadcrumb":{"@id":"https:\/\/www.erresse-shop.it\/de\/shop\/tisch\/teller-geschirr\/bordallo-pinheiro-satz-von-4-hollyhock-maria-flor-dessertteller-15-cm-copia\/#breadcrumb"},"inLanguage":"de-DE","potentialAction":[{"@type":"ReadAction","target":["https:\/\/www.erresse-shop.it\/de\/shop\/tisch\/teller-geschirr\/bordallo-pinheiro-satz-von-4-hollyhock-maria-flor-dessertteller-15-cm-copia\/"]}]},{"@type":"BreadcrumbList","@id":"https:\/\/www.erresse-shop.it\/de\/shop\/tisch\/teller-geschirr\/bordallo-pinheiro-satz-von-4-hollyhock-maria-flor-dessertteller-15-cm-copia\/#breadcrumb","itemListElement":[{"@type":"ListItem","position":1,"name":"Home","item":"https:\/\/www.erresse-shop.it\/de\/"},{"@type":"ListItem","position":2,"name":"Shop","item":"https:\/\/www.erresse-shop.it\/de\/shop\/"},{"@type":"ListItem","position":3,"name":"BORDALLO PINHEIRO 4er Set Dessertteller G\u00e4nsebl\u00fcmchen Maria Flor 23 cm"}]},{"@type":"WebSite","@id":"https:\/\/www.erresse-shop.it\/de\/#website","url":"https:\/\/www.erresse-shop.it\/de\/","name":"Erresse Shop","description":"Articoli di qualit\u00e0 per la casa","potentialAction":[{"@type":"SearchAction","target":{"@type":"EntryPoint","urlTemplate":"https:\/\/www.erresse-shop.it\/de\/?s={search_term_string}"},"query-input":"required name=search_term_string"}],"inLanguage":"de-DE"}]}},"df_price":37.800000000000004,"df_sale_price":37.800000000000004,"df_regular_price":84,"df_image_link":"https:\/\/www.erresse-shop.it\/wp-content\/uploads\/2024\/10\/BORDALLO-PINHEIRO-Set-4-Patti-Dessert-Daisy-Maria-Flor-23-cm-300x300.jpg","_links":{"self":[{"href":"https:\/\/www.erresse-shop.it\/de\/wp-json\/wp\/v2\/product\/436610"}],"collection":[{"href":"https:\/\/www.erresse-shop.it\/de\/wp-json\/wp\/v2\/product"}],"about":[{"href":"https:\/\/www.erresse-shop.it\/de\/wp-json\/wp\/v2\/types\/product"}],"wp:featuredmedia":[{"embeddable":true,"href":"https:\/\/www.erresse-shop.it\/de\/wp-json\/wp\/v2\/media\/436648"}],"wp:attachment":[{"href":"https:\/\/www.erresse-shop.it\/de\/wp-json\/wp\/v2\/media?parent=436610"}],"wp:term":[{"taxonomy":"product_cat","embeddable":true,"href":"https:\/\/www.erresse-shop.it\/de\/wp-json\/wp\/v2\/product_cat?post=436610"},{"taxonomy":"product_tag","embeddable":true,"href":"https:\/\/www.erresse-shop.it\/de\/wp-json\/wp\/v2\/product_tag?post=436610"}],"curies":[{"name":"wp","href":"https:\/\/api.w.org\/{rel}","templated":true}]}}