{"id":436367,"date":"2024-10-04T13:55:06","date_gmt":"2024-10-04T13:55:07","guid":{"rendered":"https:\/\/www.erresse-shop.it\/?post_type=product&#038;p=436367"},"modified":"2025-01-22T06:33:43","modified_gmt":"2025-01-22T06:33:43","slug":"villeroy-boch-4er-set-kaffeemilchbecher-toys-delight","status":"publish","type":"product","link":"https:\/\/www.erresse-shop.it\/de\/shop\/tisch\/tassen\/villeroy-boch-4er-set-kaffeemilchbecher-toys-delight\/","title":{"rendered":"VILLEROY &#038; BOCH 4er Set Kaffeemilchbecher Toy&#8217;s Delight"},"content":{"rendered":"<p class=\"p1\"><strong>Tasse f\u00fcr einen amerikanischen Kaffee am Morgen<\/strong><br \/>\nMit der Toy&#8217;s Delight-Kollektion holen Sie sich eine nostalgische Weihnachtsstimmung in Ihr Zuhause. Das Porzellan ist mit niedlichen roten, gr\u00fcnen und wei\u00dfen Motiven verziert und weckt Kindheitserinnerungen. Zum Kombinieren, Sammeln und Verschenken. Mit dieser h\u00fcbschen Tasse k\u00f6nnen Sie an kalten Wintertagen cremige Lattes genie\u00dfen. Decken Sie den Tisch f\u00fcr die Feiertage.<\/p>\n<p><strong>Material:<\/strong> Premium-Porzellan<br \/>\n<strong>Volumen:<\/strong> ca. 260 ml<br \/>\n<strong>Sp\u00fclmaschinenfest:<\/strong> ja<br \/>\n<strong>Mikrowellengeeignet:<\/strong> ja<\/p>\n","protected":false},"excerpt":{"rendered":"<p>Tasse f\u00fcr einen amerikanischen Kaffee am Morgen Mit der Toy&#8217;s Delight-Kollektion holen Sie sich eine nostalgische Weihnachtsstimmung in Ihr Zuhause.<\/p>\n","protected":false},"featured_media":436378,"template":"","meta":{"_acf_changed":false,"inline_featured_image":false},"product_cat":[6847,6787],"product_tag":[25027,23564,21937,24398,14561,16474,21938,25022,15854,11640,11642,21330],"acf":[],"yoast_head":"<!-- This site is optimized with the Yoast SEO Premium plugin v18.6 (Yoast SEO v19.13) - https:\/\/yoast.com\/wordpress\/plugins\/seo\/ -->\n<title>VILLEROY &amp; BOCH 4er Set Kaffeemilchbecher Toy&#039;s Delight<\/title>\n<meta name=\"description\" content=\"Entdecken Sie VILLEROY &amp; BOCH 4er Set Kaffeemilchbecher Toy&#039;s Delight bei ErresseShop. Qualit\u00e4t, Stil und Funktionalit\u00e4t \u2013 jetzt online bestellen!\" \/>\n<meta name=\"robots\" content=\"index, follow, max-snippet:-1, max-image-preview:large, max-video-preview:-1\" \/>\n<link rel=\"canonical\" href=\"https:\/\/www.erresse-shop.it\/de\/shop\/tisch\/tassen\/villeroy-boch-4er-set-kaffeemilchbecher-toys-delight\/\" \/>\n<meta property=\"og:locale\" content=\"de_DE\" \/>\n<meta property=\"og:type\" content=\"article\" \/>\n<meta property=\"og:title\" content=\"VILLEROY &amp; BOCH 4er Set Kaffeemilchbecher Toy&#039;s Delight\" \/>\n<meta property=\"og:description\" content=\"Entdecken Sie VILLEROY &amp; BOCH 4er Set Kaffeemilchbecher Toy&#039;s Delight bei ErresseShop. Qualit\u00e4t, Stil und Funktionalit\u00e4t \u2013 jetzt online bestellen!\" \/>\n<meta property=\"og:url\" content=\"https:\/\/www.erresse-shop.it\/de\/shop\/tisch\/tassen\/villeroy-boch-4er-set-kaffeemilchbecher-toys-delight\/\" \/>\n<meta property=\"og:site_name\" content=\"Erresse Shop\" \/>\n<meta property=\"article:modified_time\" content=\"2025-01-22T06:33:43+00:00\" \/>\n<meta property=\"og:image\" content=\"https:\/\/www.erresse-shop.it\/wp-content\/uploads\/2024\/10\/VILLEROY-BOCH-Set-6-Tazze-Caffelatte-Toys-Delight.jpg\" \/>\n\t<meta property=\"og:image:width\" content=\"1200\" \/>\n\t<meta property=\"og:image:height\" content=\"1200\" \/>\n\t<meta property=\"og:image:type\" content=\"image\/jpeg\" \/>\n<meta name=\"twitter:card\" content=\"summary_large_image\" \/>\n<script type=\"application\/ld+json\" class=\"yoast-schema-graph\">{\"@context\":\"https:\/\/schema.org\",\"@graph\":[{\"@type\":\"WebPage\",\"@id\":\"https:\/\/www.erresse-shop.it\/de\/shop\/tisch\/tassen\/villeroy-boch-4er-set-kaffeemilchbecher-toys-delight\/\",\"url\":\"https:\/\/www.erresse-shop.it\/de\/shop\/tisch\/tassen\/villeroy-boch-4er-set-kaffeemilchbecher-toys-delight\/\",\"name\":\"VILLEROY & BOCH 4er Set Kaffeemilchbecher Toy's Delight\",\"isPartOf\":{\"@id\":\"https:\/\/www.erresse-shop.it\/de\/#website\"},\"datePublished\":\"2024-10-04T13:55:07+00:00\",\"dateModified\":\"2025-01-22T06:33:43+00:00\",\"description\":\"Entdecken Sie VILLEROY & BOCH 4er Set Kaffeemilchbecher Toy's Delight bei ErresseShop. Qualit\u00e4t, Stil und Funktionalit\u00e4t \u2013 jetzt online bestellen!\",\"breadcrumb\":{\"@id\":\"https:\/\/www.erresse-shop.it\/de\/shop\/tisch\/tassen\/villeroy-boch-4er-set-kaffeemilchbecher-toys-delight\/#breadcrumb\"},\"inLanguage\":\"de-DE\",\"potentialAction\":[{\"@type\":\"ReadAction\",\"target\":[\"https:\/\/www.erresse-shop.it\/de\/shop\/tisch\/tassen\/villeroy-boch-4er-set-kaffeemilchbecher-toys-delight\/\"]}]},{\"@type\":\"BreadcrumbList\",\"@id\":\"https:\/\/www.erresse-shop.it\/de\/shop\/tisch\/tassen\/villeroy-boch-4er-set-kaffeemilchbecher-toys-delight\/#breadcrumb\",\"itemListElement\":[{\"@type\":\"ListItem\",\"position\":1,\"name\":\"Home\",\"item\":\"https:\/\/www.erresse-shop.it\/de\/\"},{\"@type\":\"ListItem\",\"position\":2,\"name\":\"Shop\",\"item\":\"https:\/\/www.erresse-shop.it\/de\/shop\/\"},{\"@type\":\"ListItem\",\"position\":3,\"name\":\"VILLEROY &#038; BOCH 4er Set Kaffeemilchbecher Toy&#8217;s Delight\"}]},{\"@type\":\"WebSite\",\"@id\":\"https:\/\/www.erresse-shop.it\/de\/#website\",\"url\":\"https:\/\/www.erresse-shop.it\/de\/\",\"name\":\"Erresse Shop\",\"description\":\"Articoli di qualit\u00e0 per la casa\",\"potentialAction\":[{\"@type\":\"SearchAction\",\"target\":{\"@type\":\"EntryPoint\",\"urlTemplate\":\"https:\/\/www.erresse-shop.it\/de\/?s={search_term_string}\"},\"query-input\":\"required name=search_term_string\"}],\"inLanguage\":\"de-DE\"}]}<\/script>\n<!-- \/ Yoast SEO Premium plugin. -->","yoast_head_json":{"title":"VILLEROY & BOCH 4er Set Kaffeemilchbecher Toy's Delight","description":"Entdecken Sie VILLEROY & BOCH 4er Set Kaffeemilchbecher Toy's Delight bei ErresseShop. Qualit\u00e4t, Stil und Funktionalit\u00e4t \u2013 jetzt online bestellen!","robots":{"index":"index","follow":"follow","max-snippet":"max-snippet:-1","max-image-preview":"max-image-preview:large","max-video-preview":"max-video-preview:-1"},"canonical":"https:\/\/www.erresse-shop.it\/de\/shop\/tisch\/tassen\/villeroy-boch-4er-set-kaffeemilchbecher-toys-delight\/","og_locale":"de_DE","og_type":"article","og_title":"VILLEROY & BOCH 4er Set Kaffeemilchbecher Toy's Delight","og_description":"Entdecken Sie VILLEROY & BOCH 4er Set Kaffeemilchbecher Toy's Delight bei ErresseShop. Qualit\u00e4t, Stil und Funktionalit\u00e4t \u2013 jetzt online bestellen!","og_url":"https:\/\/www.erresse-shop.it\/de\/shop\/tisch\/tassen\/villeroy-boch-4er-set-kaffeemilchbecher-toys-delight\/","og_site_name":"Erresse Shop","article_modified_time":"2025-01-22T06:33:43+00:00","og_image":[{"width":1200,"height":1200,"url":"https:\/\/www.erresse-shop.it\/wp-content\/uploads\/2024\/10\/VILLEROY-BOCH-Set-6-Tazze-Caffelatte-Toys-Delight.jpg","type":"image\/jpeg"}],"twitter_card":"summary_large_image","schema":{"@context":"https:\/\/schema.org","@graph":[{"@type":"WebPage","@id":"https:\/\/www.erresse-shop.it\/de\/shop\/tisch\/tassen\/villeroy-boch-4er-set-kaffeemilchbecher-toys-delight\/","url":"https:\/\/www.erresse-shop.it\/de\/shop\/tisch\/tassen\/villeroy-boch-4er-set-kaffeemilchbecher-toys-delight\/","name":"VILLEROY & BOCH 4er Set Kaffeemilchbecher Toy's Delight","isPartOf":{"@id":"https:\/\/www.erresse-shop.it\/de\/#website"},"datePublished":"2024-10-04T13:55:07+00:00","dateModified":"2025-01-22T06:33:43+00:00","description":"Entdecken Sie VILLEROY & BOCH 4er Set Kaffeemilchbecher Toy's Delight bei ErresseShop. Qualit\u00e4t, Stil und Funktionalit\u00e4t \u2013 jetzt online bestellen!","breadcrumb":{"@id":"https:\/\/www.erresse-shop.it\/de\/shop\/tisch\/tassen\/villeroy-boch-4er-set-kaffeemilchbecher-toys-delight\/#breadcrumb"},"inLanguage":"de-DE","potentialAction":[{"@type":"ReadAction","target":["https:\/\/www.erresse-shop.it\/de\/shop\/tisch\/tassen\/villeroy-boch-4er-set-kaffeemilchbecher-toys-delight\/"]}]},{"@type":"BreadcrumbList","@id":"https:\/\/www.erresse-shop.it\/de\/shop\/tisch\/tassen\/villeroy-boch-4er-set-kaffeemilchbecher-toys-delight\/#breadcrumb","itemListElement":[{"@type":"ListItem","position":1,"name":"Home","item":"https:\/\/www.erresse-shop.it\/de\/"},{"@type":"ListItem","position":2,"name":"Shop","item":"https:\/\/www.erresse-shop.it\/de\/shop\/"},{"@type":"ListItem","position":3,"name":"VILLEROY &#038; BOCH 4er Set Kaffeemilchbecher Toy&#8217;s Delight"}]},{"@type":"WebSite","@id":"https:\/\/www.erresse-shop.it\/de\/#website","url":"https:\/\/www.erresse-shop.it\/de\/","name":"Erresse Shop","description":"Articoli di qualit\u00e0 per la casa","potentialAction":[{"@type":"SearchAction","target":{"@type":"EntryPoint","urlTemplate":"https:\/\/www.erresse-shop.it\/de\/?s={search_term_string}"},"query-input":"required name=search_term_string"}],"inLanguage":"de-DE"}]}},"df_price":37.8,"df_sale_price":37.8,"df_regular_price":75.6,"df_image_link":"https:\/\/www.erresse-shop.it\/wp-content\/uploads\/2024\/10\/VILLEROY-BOCH-Set-6-Tazze-Caffelatte-Toys-Delight-300x300.jpg","_links":{"self":[{"href":"https:\/\/www.erresse-shop.it\/de\/wp-json\/wp\/v2\/product\/436367"}],"collection":[{"href":"https:\/\/www.erresse-shop.it\/de\/wp-json\/wp\/v2\/product"}],"about":[{"href":"https:\/\/www.erresse-shop.it\/de\/wp-json\/wp\/v2\/types\/product"}],"wp:featuredmedia":[{"embeddable":true,"href":"https:\/\/www.erresse-shop.it\/de\/wp-json\/wp\/v2\/media\/436378"}],"wp:attachment":[{"href":"https:\/\/www.erresse-shop.it\/de\/wp-json\/wp\/v2\/media?parent=436367"}],"wp:term":[{"taxonomy":"product_cat","embeddable":true,"href":"https:\/\/www.erresse-shop.it\/de\/wp-json\/wp\/v2\/product_cat?post=436367"},{"taxonomy":"product_tag","embeddable":true,"href":"https:\/\/www.erresse-shop.it\/de\/wp-json\/wp\/v2\/product_tag?post=436367"}],"curies":[{"name":"wp","href":"https:\/\/api.w.org\/{rel}","templated":true}]}}