{"id":436227,"date":"2024-10-04T12:08:35","date_gmt":"2024-10-04T12:08:36","guid":{"rendered":"https:\/\/www.erresse-shop.it\/?post_type=product&#038;p=436227"},"modified":"2025-04-23T16:08:22","modified_gmt":"2025-04-23T16:08:22","slug":"emile-henry-baguette-foermchen-grand-cru","status":"publish","type":"product","link":"https:\/\/www.erresse-shop.it\/de\/shop\/toepfe-pfannen\/brotbackofen\/emile-henry-baguette-foermchen-grand-cru\/","title":{"rendered":"EMILE HENRY Baguette-F\u00f6rmchen Grand Cru"},"content":{"rendered":"<p>\u201eUnm\u00f6glich\u201c ist kein franz\u00f6sisches Wort, deshalb haben wir uns eine Baguetteform ausgedacht, damit Sie Ihre eigene herstellen k\u00f6nnen!<br \/>\nSie werden den Duft von warmem Brot riechen, das das Haus sanft weckt, und die Canap\u00e9s mit der d\u00fcnnen, knusprigen Kruste und den weichen Krumen, die in den Morgenkaffee und die Milch getaucht sind!<br \/>\nUnsere f\u00fcr Ihren Ofen geeignete Baguetteform aus Keramik erm\u00f6glicht Ihnen das Backen von Baguettes in der K\u00fcche, genau wie in einer echten B\u00e4ckerei. Dank seiner feuerfesten Keramik garantiert er ein perfektes und gleichm\u00e4\u00dfiges Garen und verleiht dem Teig seine unverwechselbare Silhouette.<br \/>\nAber wenn die Form einzigartig ist, k\u00f6nnen Ihre Baguettes ihren Geschmack unendlich variieren: Mehlmischungen mit und ohne Gluten, Baguettes mit Kernen, Briochebrot mit kandierten Fr\u00fcchten oder Schokoladenst\u00fcckchen &#8230; Die einzige Grenze ist die Lust auf V\u00f6llerei!<br \/>\nJede Charge wird Ihnen die Befriedigung verschaffen, den Teig Ihrer Baguettes zu kneten, sie aufgehen zu sehen, sie w\u00e4hrend des Backens zu riechen und sie zu knabbern, sobald sie hei\u00df und knusprig aus dem Ofen kommen &#8230; Mit einem Wort: von Erwecken Sie Kunst zum Leben, indem Sie franz\u00f6sisches Brot in Ihr Zuhause bringen.<br \/>\nUnser Tipp: Wenn Sie gut gebackene Baguettes m\u00f6gen, denken Sie daran, einige Minuten vor Ende des Garvorgangs den Deckel der Baguetteform abzunehmen. Die integrierten Griffe erm\u00f6glichen Ihnen eine einfache Handhabung.<\/p>\n<p><strong>L\u00e4nge\/Durchmesser:<\/strong> 39,5 cm<br \/>\n<strong>Breite:<\/strong> 23 cm<br \/>\n<strong>H\u00f6he:<\/strong> 10 cm<br \/>\n<strong>Innenl\u00e4nge \/ Durchmesser:<\/strong> 36,5 cm<br \/>\n<strong>Innenh\u00f6he:<\/strong> 2,5 cm<br \/>\n<strong>Nutzinhalt:<\/strong> 0,5 L<br \/>\n<strong>Gewicht &#8211; KG:<\/strong> 3,36 KG<br \/>\n<strong>Maximale Temperatur:<\/strong> 270 \u00b0C<br \/>\n<strong>Mindesttemperatur:<\/strong> -20 \u00b0C<\/p>\n","protected":false},"excerpt":{"rendered":"<p>\u201eUnm\u00f6glich\u201c ist kein franz\u00f6sisches Wort, deshalb haben wir uns eine Baguetteform ausgedacht, damit Sie Ihre eigene herstellen k\u00f6nnen! Sie werden<\/p>\n","protected":false},"featured_media":436271,"template":"","meta":{"_acf_changed":false,"inline_featured_image":false},"product_cat":[6709,26048],"product_tag":[25088,23911,18092,11471,25022],"acf":[],"yoast_head":"<!-- This site is optimized with the Yoast SEO Premium plugin v18.6 (Yoast SEO v19.13) - https:\/\/yoast.com\/wordpress\/plugins\/seo\/ -->\n<title>EMILE HENRY Baguette-F\u00f6rmchen Grand Cru<\/title>\n<meta name=\"description\" content=\"Entdecken Sie EMILE HENRY Baguette-F\u00f6rmchen Grand Cru bei ErresseShop. Qualit\u00e4t, Stil und Funktionalit\u00e4t \u2013 jetzt online bestellen!\" \/>\n<meta name=\"robots\" content=\"index, follow, max-snippet:-1, max-image-preview:large, max-video-preview:-1\" \/>\n<link rel=\"canonical\" href=\"https:\/\/www.erresse-shop.it\/de\/shop\/toepfe-pfannen\/brotbackofen\/emile-henry-baguette-foermchen-grand-cru\/\" \/>\n<meta property=\"og:locale\" content=\"de_DE\" \/>\n<meta property=\"og:type\" content=\"article\" \/>\n<meta property=\"og:title\" content=\"EMILE HENRY Baguette-F\u00f6rmchen Grand Cru\" \/>\n<meta property=\"og:description\" content=\"Entdecken Sie EMILE HENRY Baguette-F\u00f6rmchen Grand Cru bei ErresseShop. Qualit\u00e4t, Stil und Funktionalit\u00e4t \u2013 jetzt online bestellen!\" \/>\n<meta property=\"og:url\" content=\"https:\/\/www.erresse-shop.it\/de\/shop\/toepfe-pfannen\/brotbackofen\/emile-henry-baguette-foermchen-grand-cru\/\" \/>\n<meta property=\"og:site_name\" content=\"Erresse Shop\" \/>\n<meta property=\"article:modified_time\" content=\"2025-04-23T16:08:22+00:00\" \/>\n<meta property=\"og:image\" content=\"https:\/\/www.erresse-shop.it\/wp-content\/uploads\/2024\/10\/EMILE-HENRY-Stampo-Per-Baguette-Grand-Cru.jpg\" \/>\n\t<meta property=\"og:image:width\" content=\"1200\" \/>\n\t<meta property=\"og:image:height\" content=\"1200\" \/>\n\t<meta property=\"og:image:type\" content=\"image\/jpeg\" \/>\n<meta name=\"twitter:card\" content=\"summary_large_image\" \/>\n<script type=\"application\/ld+json\" class=\"yoast-schema-graph\">{\"@context\":\"https:\/\/schema.org\",\"@graph\":[{\"@type\":\"WebPage\",\"@id\":\"https:\/\/www.erresse-shop.it\/de\/shop\/toepfe-pfannen\/brotbackofen\/emile-henry-baguette-foermchen-grand-cru\/\",\"url\":\"https:\/\/www.erresse-shop.it\/de\/shop\/toepfe-pfannen\/brotbackofen\/emile-henry-baguette-foermchen-grand-cru\/\",\"name\":\"EMILE HENRY Baguette-F\u00f6rmchen Grand Cru\",\"isPartOf\":{\"@id\":\"https:\/\/www.erresse-shop.it\/de\/#website\"},\"datePublished\":\"2024-10-04T12:08:36+00:00\",\"dateModified\":\"2025-04-23T16:08:22+00:00\",\"description\":\"Entdecken Sie EMILE HENRY Baguette-F\u00f6rmchen Grand Cru bei ErresseShop. Qualit\u00e4t, Stil und Funktionalit\u00e4t \u2013 jetzt online bestellen!\",\"breadcrumb\":{\"@id\":\"https:\/\/www.erresse-shop.it\/de\/shop\/toepfe-pfannen\/brotbackofen\/emile-henry-baguette-foermchen-grand-cru\/#breadcrumb\"},\"inLanguage\":\"de-DE\",\"potentialAction\":[{\"@type\":\"ReadAction\",\"target\":[\"https:\/\/www.erresse-shop.it\/de\/shop\/toepfe-pfannen\/brotbackofen\/emile-henry-baguette-foermchen-grand-cru\/\"]}]},{\"@type\":\"BreadcrumbList\",\"@id\":\"https:\/\/www.erresse-shop.it\/de\/shop\/toepfe-pfannen\/brotbackofen\/emile-henry-baguette-foermchen-grand-cru\/#breadcrumb\",\"itemListElement\":[{\"@type\":\"ListItem\",\"position\":1,\"name\":\"Home\",\"item\":\"https:\/\/www.erresse-shop.it\/de\/\"},{\"@type\":\"ListItem\",\"position\":2,\"name\":\"Shop\",\"item\":\"https:\/\/www.erresse-shop.it\/de\/shop\/\"},{\"@type\":\"ListItem\",\"position\":3,\"name\":\"EMILE HENRY Baguette-F\u00f6rmchen Grand Cru\"}]},{\"@type\":\"WebSite\",\"@id\":\"https:\/\/www.erresse-shop.it\/de\/#website\",\"url\":\"https:\/\/www.erresse-shop.it\/de\/\",\"name\":\"Erresse Shop\",\"description\":\"Articoli di qualit\u00e0 per la casa\",\"potentialAction\":[{\"@type\":\"SearchAction\",\"target\":{\"@type\":\"EntryPoint\",\"urlTemplate\":\"https:\/\/www.erresse-shop.it\/de\/?s={search_term_string}\"},\"query-input\":\"required name=search_term_string\"}],\"inLanguage\":\"de-DE\"}]}<\/script>\n<!-- \/ Yoast SEO Premium plugin. -->","yoast_head_json":{"title":"EMILE HENRY Baguette-F\u00f6rmchen Grand Cru","description":"Entdecken Sie EMILE HENRY Baguette-F\u00f6rmchen Grand Cru bei ErresseShop. Qualit\u00e4t, Stil und Funktionalit\u00e4t \u2013 jetzt online bestellen!","robots":{"index":"index","follow":"follow","max-snippet":"max-snippet:-1","max-image-preview":"max-image-preview:large","max-video-preview":"max-video-preview:-1"},"canonical":"https:\/\/www.erresse-shop.it\/de\/shop\/toepfe-pfannen\/brotbackofen\/emile-henry-baguette-foermchen-grand-cru\/","og_locale":"de_DE","og_type":"article","og_title":"EMILE HENRY Baguette-F\u00f6rmchen Grand Cru","og_description":"Entdecken Sie EMILE HENRY Baguette-F\u00f6rmchen Grand Cru bei ErresseShop. Qualit\u00e4t, Stil und Funktionalit\u00e4t \u2013 jetzt online bestellen!","og_url":"https:\/\/www.erresse-shop.it\/de\/shop\/toepfe-pfannen\/brotbackofen\/emile-henry-baguette-foermchen-grand-cru\/","og_site_name":"Erresse Shop","article_modified_time":"2025-04-23T16:08:22+00:00","og_image":[{"width":1200,"height":1200,"url":"https:\/\/www.erresse-shop.it\/wp-content\/uploads\/2024\/10\/EMILE-HENRY-Stampo-Per-Baguette-Grand-Cru.jpg","type":"image\/jpeg"}],"twitter_card":"summary_large_image","schema":{"@context":"https:\/\/schema.org","@graph":[{"@type":"WebPage","@id":"https:\/\/www.erresse-shop.it\/de\/shop\/toepfe-pfannen\/brotbackofen\/emile-henry-baguette-foermchen-grand-cru\/","url":"https:\/\/www.erresse-shop.it\/de\/shop\/toepfe-pfannen\/brotbackofen\/emile-henry-baguette-foermchen-grand-cru\/","name":"EMILE HENRY Baguette-F\u00f6rmchen Grand Cru","isPartOf":{"@id":"https:\/\/www.erresse-shop.it\/de\/#website"},"datePublished":"2024-10-04T12:08:36+00:00","dateModified":"2025-04-23T16:08:22+00:00","description":"Entdecken Sie EMILE HENRY Baguette-F\u00f6rmchen Grand Cru bei ErresseShop. Qualit\u00e4t, Stil und Funktionalit\u00e4t \u2013 jetzt online bestellen!","breadcrumb":{"@id":"https:\/\/www.erresse-shop.it\/de\/shop\/toepfe-pfannen\/brotbackofen\/emile-henry-baguette-foermchen-grand-cru\/#breadcrumb"},"inLanguage":"de-DE","potentialAction":[{"@type":"ReadAction","target":["https:\/\/www.erresse-shop.it\/de\/shop\/toepfe-pfannen\/brotbackofen\/emile-henry-baguette-foermchen-grand-cru\/"]}]},{"@type":"BreadcrumbList","@id":"https:\/\/www.erresse-shop.it\/de\/shop\/toepfe-pfannen\/brotbackofen\/emile-henry-baguette-foermchen-grand-cru\/#breadcrumb","itemListElement":[{"@type":"ListItem","position":1,"name":"Home","item":"https:\/\/www.erresse-shop.it\/de\/"},{"@type":"ListItem","position":2,"name":"Shop","item":"https:\/\/www.erresse-shop.it\/de\/shop\/"},{"@type":"ListItem","position":3,"name":"EMILE HENRY Baguette-F\u00f6rmchen Grand Cru"}]},{"@type":"WebSite","@id":"https:\/\/www.erresse-shop.it\/de\/#website","url":"https:\/\/www.erresse-shop.it\/de\/","name":"Erresse Shop","description":"Articoli di qualit\u00e0 per la casa","potentialAction":[{"@type":"SearchAction","target":{"@type":"EntryPoint","urlTemplate":"https:\/\/www.erresse-shop.it\/de\/?s={search_term_string}"},"query-input":"required name=search_term_string"}],"inLanguage":"de-DE"}]}},"df_price":105.22200000000001,"df_sale_price":105.22200000000001,"df_regular_price":134.9,"df_image_link":"https:\/\/www.erresse-shop.it\/wp-content\/uploads\/2024\/10\/EMILE-HENRY-Stampo-Per-Baguette-Grand-Cru-300x300.jpg","_links":{"self":[{"href":"https:\/\/www.erresse-shop.it\/de\/wp-json\/wp\/v2\/product\/436227"}],"collection":[{"href":"https:\/\/www.erresse-shop.it\/de\/wp-json\/wp\/v2\/product"}],"about":[{"href":"https:\/\/www.erresse-shop.it\/de\/wp-json\/wp\/v2\/types\/product"}],"wp:featuredmedia":[{"embeddable":true,"href":"https:\/\/www.erresse-shop.it\/de\/wp-json\/wp\/v2\/media\/436271"}],"wp:attachment":[{"href":"https:\/\/www.erresse-shop.it\/de\/wp-json\/wp\/v2\/media?parent=436227"}],"wp:term":[{"taxonomy":"product_cat","embeddable":true,"href":"https:\/\/www.erresse-shop.it\/de\/wp-json\/wp\/v2\/product_cat?post=436227"},{"taxonomy":"product_tag","embeddable":true,"href":"https:\/\/www.erresse-shop.it\/de\/wp-json\/wp\/v2\/product_tag?post=436227"}],"curies":[{"name":"wp","href":"https:\/\/api.w.org\/{rel}","templated":true}]}}