{"id":436160,"date":"2024-10-04T09:52:07","date_gmt":"2024-10-04T09:52:08","guid":{"rendered":"https:\/\/www.erresse-shop.it\/?post_type=product&#038;p=436160"},"modified":"2025-01-22T06:33:41","modified_gmt":"2025-01-22T06:33:41","slug":"villeroy-boch-satz-mit-6-esstellern-toys-delight-specials-23-cm-weiss","status":"publish","type":"product","link":"https:\/\/www.erresse-shop.it\/de\/shop\/tisch\/teller-geschirr\/villeroy-boch-satz-mit-6-esstellern-toys-delight-specials-23-cm-weiss\/","title":{"rendered":"LES JARDINS DE LA COMTESSE 4er Set Capri Dessertteller 23 cm"},"content":{"rendered":"<div>Suchen Sie sch\u00f6ne Teller zur Pr\u00e4sentation von Vorspeisen und Desserts? Entscheiden Sie sich f\u00fcr die warme Melaminkollektion \u201eCapri\u201c.<\/div>\n<div>Inspiriert von der Sch\u00f6nheit eines Gartens an der Mittelmeerk\u00fcste, werden diese kleinen, farbenfrohen Teller Ihren Tisch erhellen und ein wenig Sonnenschein auf Ihre Mahlzeiten bringen.<\/div>\n<div>Dieser 23 cm gro\u00dfe runde Teller ist so sch\u00f6n wie ein Keramikgeschirr und besteht aus reinem Melamin und ist daher sehr sto\u00dffest. Diese kleinen Teller sind ideal zum Mitnehmen beim Picknick.<\/div>\n<div>Die MelARTmine-Kollektion bietet Ihnen ein komplettes Sortiment an Geschirr mit originellem und farbenfrohem Design und modernen Formen zur Versch\u00f6nerung Ihrer Tische.<\/div>\n<div><\/div>\n<div>Sie k\u00f6nnen den Teller von Hand oder in der Sp\u00fclmaschine waschen.<\/div>\n<div>Um es m\u00f6glichst lange haltbar zu machen, ist es besser, keine Messer mit scharfen Z\u00e4hnen zu verwenden, um ein Verkratzen des Materials zu vermeiden.<\/div>\n<div>Garantiert BPA-freies Gl\u00e4tteisen<\/div>\n<div><\/div>\n<div>Material: 100 % Melamin<\/div>\n","protected":false},"excerpt":{"rendered":"<p>Suchen Sie sch\u00f6ne Teller zur Pr\u00e4sentation von Vorspeisen und Desserts? Entscheiden Sie sich f\u00fcr die warme Melaminkollektion \u201eCapri\u201c. Inspiriert von<\/p>\n","protected":false},"featured_media":450142,"template":"","meta":{"_acf_changed":false,"inline_featured_image":false},"product_cat":[6793,6787],"product_tag":[14286,20877,14552,11971,21970,11827,16717],"acf":[],"yoast_head":"<!-- This site is optimized with the Yoast SEO Premium plugin v18.6 (Yoast SEO v19.13) - https:\/\/yoast.com\/wordpress\/plugins\/seo\/ -->\n<title>VILLEROY &amp; BOCH Satz mit 6 Esstellern Toy&#039;s Delight Specials 23 cm Wei\u00df<\/title>\n<meta name=\"description\" content=\"Entdecken Sie VILLEROY &amp; BOCH Satz mit 6 Esstellern Toy&#039;s Delight Specials 23 cm Wei\u00df bei ErresseShop. Qualit\u00e4t, Stil und Funktionalit\u00e4t \u2013 jetzt online bestellen!\" \/>\n<meta name=\"robots\" content=\"index, follow, max-snippet:-1, max-image-preview:large, max-video-preview:-1\" \/>\n<link rel=\"canonical\" href=\"https:\/\/www.erresse-shop.it\/de\/shop\/tisch\/teller-geschirr\/villeroy-boch-satz-mit-6-esstellern-toys-delight-specials-23-cm-weiss\/\" \/>\n<meta property=\"og:locale\" content=\"de_DE\" \/>\n<meta property=\"og:type\" content=\"article\" \/>\n<meta property=\"og:title\" content=\"LES JARDINS DE LA COMTESSE 4er Set Capri Dessertteller 23 cm\" \/>\n<meta property=\"og:description\" content=\"Entdecken Sie VILLEROY &amp; BOCH Satz mit 6 Esstellern Toy&#039;s Delight Specials 23 cm Wei\u00df bei ErresseShop. Qualit\u00e4t, Stil und Funktionalit\u00e4t \u2013 jetzt online bestellen!\" \/>\n<meta property=\"og:url\" content=\"https:\/\/www.erresse-shop.it\/de\/shop\/tisch\/teller-geschirr\/villeroy-boch-satz-mit-6-esstellern-toys-delight-specials-23-cm-weiss\/\" \/>\n<meta property=\"og:site_name\" content=\"Erresse Shop\" \/>\n<meta property=\"article:modified_time\" content=\"2025-01-22T06:33:41+00:00\" \/>\n<meta property=\"og:image\" content=\"https:\/\/www.erresse-shop.it\/wp-content\/uploads\/2024\/10\/LES-JARDINS-DE-LA-COMTESSE-Set-4-Piatti-Dessert-Capri-23-cm.jpg\" \/>\n\t<meta property=\"og:image:width\" content=\"1200\" \/>\n\t<meta property=\"og:image:height\" content=\"1200\" \/>\n\t<meta property=\"og:image:type\" content=\"image\/jpeg\" \/>\n<meta name=\"twitter:card\" content=\"summary_large_image\" \/>\n<script type=\"application\/ld+json\" class=\"yoast-schema-graph\">{\"@context\":\"https:\/\/schema.org\",\"@graph\":[{\"@type\":\"WebPage\",\"@id\":\"https:\/\/www.erresse-shop.it\/de\/shop\/tisch\/teller-geschirr\/villeroy-boch-satz-mit-6-esstellern-toys-delight-specials-23-cm-weiss\/\",\"url\":\"https:\/\/www.erresse-shop.it\/de\/shop\/tisch\/teller-geschirr\/villeroy-boch-satz-mit-6-esstellern-toys-delight-specials-23-cm-weiss\/\",\"name\":\"VILLEROY & BOCH Satz mit 6 Esstellern Toy's Delight Specials 23 cm Wei\u00df\",\"isPartOf\":{\"@id\":\"https:\/\/www.erresse-shop.it\/de\/#website\"},\"datePublished\":\"2024-10-04T09:52:08+00:00\",\"dateModified\":\"2025-01-22T06:33:41+00:00\",\"description\":\"Entdecken Sie VILLEROY & BOCH Satz mit 6 Esstellern Toy's Delight Specials 23 cm Wei\u00df bei ErresseShop. Qualit\u00e4t, Stil und Funktionalit\u00e4t \u2013 jetzt online bestellen!\",\"breadcrumb\":{\"@id\":\"https:\/\/www.erresse-shop.it\/de\/shop\/tisch\/teller-geschirr\/villeroy-boch-satz-mit-6-esstellern-toys-delight-specials-23-cm-weiss\/#breadcrumb\"},\"inLanguage\":\"de-DE\",\"potentialAction\":[{\"@type\":\"ReadAction\",\"target\":[\"https:\/\/www.erresse-shop.it\/de\/shop\/tisch\/teller-geschirr\/villeroy-boch-satz-mit-6-esstellern-toys-delight-specials-23-cm-weiss\/\"]}]},{\"@type\":\"BreadcrumbList\",\"@id\":\"https:\/\/www.erresse-shop.it\/de\/shop\/tisch\/teller-geschirr\/villeroy-boch-satz-mit-6-esstellern-toys-delight-specials-23-cm-weiss\/#breadcrumb\",\"itemListElement\":[{\"@type\":\"ListItem\",\"position\":1,\"name\":\"Home\",\"item\":\"https:\/\/www.erresse-shop.it\/de\/\"},{\"@type\":\"ListItem\",\"position\":2,\"name\":\"Shop\",\"item\":\"https:\/\/www.erresse-shop.it\/de\/shop\/\"},{\"@type\":\"ListItem\",\"position\":3,\"name\":\"LES JARDINS DE LA COMTESSE 4er Set Capri Dessertteller 23 cm\"}]},{\"@type\":\"WebSite\",\"@id\":\"https:\/\/www.erresse-shop.it\/de\/#website\",\"url\":\"https:\/\/www.erresse-shop.it\/de\/\",\"name\":\"Erresse Shop\",\"description\":\"Articoli di qualit\u00e0 per la casa\",\"potentialAction\":[{\"@type\":\"SearchAction\",\"target\":{\"@type\":\"EntryPoint\",\"urlTemplate\":\"https:\/\/www.erresse-shop.it\/de\/?s={search_term_string}\"},\"query-input\":\"required name=search_term_string\"}],\"inLanguage\":\"de-DE\"}]}<\/script>\n<!-- \/ Yoast SEO Premium plugin. -->","yoast_head_json":{"title":"VILLEROY & BOCH Satz mit 6 Esstellern Toy's Delight Specials 23 cm Wei\u00df","description":"Entdecken Sie VILLEROY & BOCH Satz mit 6 Esstellern Toy's Delight Specials 23 cm Wei\u00df bei ErresseShop. Qualit\u00e4t, Stil und Funktionalit\u00e4t \u2013 jetzt online bestellen!","robots":{"index":"index","follow":"follow","max-snippet":"max-snippet:-1","max-image-preview":"max-image-preview:large","max-video-preview":"max-video-preview:-1"},"canonical":"https:\/\/www.erresse-shop.it\/de\/shop\/tisch\/teller-geschirr\/villeroy-boch-satz-mit-6-esstellern-toys-delight-specials-23-cm-weiss\/","og_locale":"de_DE","og_type":"article","og_title":"LES JARDINS DE LA COMTESSE 4er Set Capri Dessertteller 23 cm","og_description":"Entdecken Sie VILLEROY & BOCH Satz mit 6 Esstellern Toy's Delight Specials 23 cm Wei\u00df bei ErresseShop. Qualit\u00e4t, Stil und Funktionalit\u00e4t \u2013 jetzt online bestellen!","og_url":"https:\/\/www.erresse-shop.it\/de\/shop\/tisch\/teller-geschirr\/villeroy-boch-satz-mit-6-esstellern-toys-delight-specials-23-cm-weiss\/","og_site_name":"Erresse Shop","article_modified_time":"2025-01-22T06:33:41+00:00","og_image":[{"width":1200,"height":1200,"url":"https:\/\/www.erresse-shop.it\/wp-content\/uploads\/2024\/10\/LES-JARDINS-DE-LA-COMTESSE-Set-4-Piatti-Dessert-Capri-23-cm.jpg","type":"image\/jpeg"}],"twitter_card":"summary_large_image","schema":{"@context":"https:\/\/schema.org","@graph":[{"@type":"WebPage","@id":"https:\/\/www.erresse-shop.it\/de\/shop\/tisch\/teller-geschirr\/villeroy-boch-satz-mit-6-esstellern-toys-delight-specials-23-cm-weiss\/","url":"https:\/\/www.erresse-shop.it\/de\/shop\/tisch\/teller-geschirr\/villeroy-boch-satz-mit-6-esstellern-toys-delight-specials-23-cm-weiss\/","name":"VILLEROY & BOCH Satz mit 6 Esstellern Toy's Delight Specials 23 cm Wei\u00df","isPartOf":{"@id":"https:\/\/www.erresse-shop.it\/de\/#website"},"datePublished":"2024-10-04T09:52:08+00:00","dateModified":"2025-01-22T06:33:41+00:00","description":"Entdecken Sie VILLEROY & BOCH Satz mit 6 Esstellern Toy's Delight Specials 23 cm Wei\u00df bei ErresseShop. Qualit\u00e4t, Stil und Funktionalit\u00e4t \u2013 jetzt online bestellen!","breadcrumb":{"@id":"https:\/\/www.erresse-shop.it\/de\/shop\/tisch\/teller-geschirr\/villeroy-boch-satz-mit-6-esstellern-toys-delight-specials-23-cm-weiss\/#breadcrumb"},"inLanguage":"de-DE","potentialAction":[{"@type":"ReadAction","target":["https:\/\/www.erresse-shop.it\/de\/shop\/tisch\/teller-geschirr\/villeroy-boch-satz-mit-6-esstellern-toys-delight-specials-23-cm-weiss\/"]}]},{"@type":"BreadcrumbList","@id":"https:\/\/www.erresse-shop.it\/de\/shop\/tisch\/teller-geschirr\/villeroy-boch-satz-mit-6-esstellern-toys-delight-specials-23-cm-weiss\/#breadcrumb","itemListElement":[{"@type":"ListItem","position":1,"name":"Home","item":"https:\/\/www.erresse-shop.it\/de\/"},{"@type":"ListItem","position":2,"name":"Shop","item":"https:\/\/www.erresse-shop.it\/de\/shop\/"},{"@type":"ListItem","position":3,"name":"LES JARDINS DE LA COMTESSE 4er Set Capri Dessertteller 23 cm"}]},{"@type":"WebSite","@id":"https:\/\/www.erresse-shop.it\/de\/#website","url":"https:\/\/www.erresse-shop.it\/de\/","name":"Erresse Shop","description":"Articoli di qualit\u00e0 per la casa","potentialAction":[{"@type":"SearchAction","target":{"@type":"EntryPoint","urlTemplate":"https:\/\/www.erresse-shop.it\/de\/?s={search_term_string}"},"query-input":"required name=search_term_string"}],"inLanguage":"de-DE"}]}},"df_price":32.95,"df_sale_price":32.95,"df_regular_price":42.72,"df_image_link":"https:\/\/www.erresse-shop.it\/wp-content\/uploads\/2024\/10\/LES-JARDINS-DE-LA-COMTESSE-Set-4-Piatti-Dessert-Capri-23-cm-300x300.jpg","_links":{"self":[{"href":"https:\/\/www.erresse-shop.it\/de\/wp-json\/wp\/v2\/product\/436160"}],"collection":[{"href":"https:\/\/www.erresse-shop.it\/de\/wp-json\/wp\/v2\/product"}],"about":[{"href":"https:\/\/www.erresse-shop.it\/de\/wp-json\/wp\/v2\/types\/product"}],"wp:featuredmedia":[{"embeddable":true,"href":"https:\/\/www.erresse-shop.it\/de\/wp-json\/wp\/v2\/media\/450142"}],"wp:attachment":[{"href":"https:\/\/www.erresse-shop.it\/de\/wp-json\/wp\/v2\/media?parent=436160"}],"wp:term":[{"taxonomy":"product_cat","embeddable":true,"href":"https:\/\/www.erresse-shop.it\/de\/wp-json\/wp\/v2\/product_cat?post=436160"},{"taxonomy":"product_tag","embeddable":true,"href":"https:\/\/www.erresse-shop.it\/de\/wp-json\/wp\/v2\/product_tag?post=436160"}],"curies":[{"name":"wp","href":"https:\/\/api.w.org\/{rel}","templated":true}]}}