{"id":436059,"date":"2024-10-04T08:19:35","date_gmt":"2024-10-04T08:19:36","guid":{"rendered":"https:\/\/www.erresse-shop.it\/?post_type=product&#038;p=436059"},"modified":"2025-01-17T07:54:28","modified_gmt":"2025-01-17T07:54:28","slug":"joseph-joseph-easystore-luxe-zahnbuerstenhalter-aus-edelstahl-large","status":"publish","type":"product","link":"https:\/\/www.erresse-shop.it\/de\/shop\/einrichtung-haus\/badezimmer\/joseph-joseph-easystore-luxe-zahnbuerstenhalter-aus-edelstahl-large\/","title":{"rendered":"JOSEPH JOSEPH EasyStore Luxe Zahnb\u00fcrstenhalter aus Edelstahl Large"},"content":{"rendered":"<p>Dieser gro\u00dfe Zahnb\u00fcrstenhalter aus poliertem Edelstahl bietet eine organisierte Aufbewahrung f\u00fcr Zahnb\u00fcrsten und Zahnpastatuben. Zur einfachen Reinigung l\u00e4sst es sich zerlegen.<\/p>\n<ul>\n<li>Poliertes Edelstahlfinish<\/li>\n<li>Geeignet f\u00fcr elektrische Zahnb\u00fcrsten und Zahnpastatuben<\/li>\n<li>Trennwand f\u00fcr organisierte Aufbewahrung<\/li>\n<li>Perfekt f\u00fcr die Aufbewahrung neben der Sp\u00fcle<\/li>\n<li>Zum einfachen Reinigen zerlegbar<\/li>\n<\/ul>\n<p><strong>Pflege und Verwendung:<\/strong><\/p>\n<ul>\n<li>Mit einem feuchten Tuch reinigen und mit einem weichen, trockenen Tuch trocknen.<\/li>\n<li>Verwenden Sie keine Scheuerlappen oder starke chemische Reinigungsmittel.<\/li>\n<\/ul>\n<p><strong>Abmessungen:<\/strong><\/p>\n<p>H11,7 x B17,5 x T9,4 cm (H4\u00bd x B7 x T3\u00be Zoll)<\/p>\n<p>&nbsp;<\/p>\n","protected":false},"excerpt":{"rendered":"<p>Dieser gro\u00dfe Zahnb\u00fcrstenhalter aus poliertem Edelstahl bietet eine organisierte Aufbewahrung f\u00fcr Zahnb\u00fcrsten und Zahnpastatuben. Zur einfachen Reinigung l\u00e4sst es sich<\/p>\n","protected":false},"featured_media":436069,"template":"","meta":{"_acf_changed":false,"inline_featured_image":false},"product_cat":[6817,19010],"product_tag":[25027,21369],"acf":[],"yoast_head":"<!-- This site is optimized with the Yoast SEO Premium plugin v18.6 (Yoast SEO v19.13) - https:\/\/yoast.com\/wordpress\/plugins\/seo\/ -->\n<title>JOSEPH JOSEPH EasyStore Luxe Zahnb\u00fcrstenhalter aus Edelstahl Large<\/title>\n<meta name=\"description\" content=\"Entdecken Sie JOSEPH JOSEPH EasyStore Luxe Zahnb\u00fcrstenhalter aus Edelstahl Large bei ErresseShop. Qualit\u00e4t, Stil und Funktionalit\u00e4t \u2013 jetzt online bestellen!\" \/>\n<meta name=\"robots\" content=\"index, follow, max-snippet:-1, max-image-preview:large, max-video-preview:-1\" \/>\n<link rel=\"canonical\" href=\"https:\/\/www.erresse-shop.it\/de\/shop\/einrichtung-haus\/badezimmer\/joseph-joseph-easystore-luxe-zahnbuerstenhalter-aus-edelstahl-large\/\" \/>\n<meta property=\"og:locale\" content=\"de_DE\" \/>\n<meta property=\"og:type\" content=\"article\" \/>\n<meta property=\"og:title\" content=\"JOSEPH JOSEPH EasyStore Luxe Zahnb\u00fcrstenhalter aus Edelstahl Large\" \/>\n<meta property=\"og:description\" content=\"Entdecken Sie JOSEPH JOSEPH EasyStore Luxe Zahnb\u00fcrstenhalter aus Edelstahl Large bei ErresseShop. Qualit\u00e4t, Stil und Funktionalit\u00e4t \u2013 jetzt online bestellen!\" \/>\n<meta property=\"og:url\" content=\"https:\/\/www.erresse-shop.it\/de\/shop\/einrichtung-haus\/badezimmer\/joseph-joseph-easystore-luxe-zahnbuerstenhalter-aus-edelstahl-large\/\" \/>\n<meta property=\"og:site_name\" content=\"Erresse Shop\" \/>\n<meta property=\"article:modified_time\" content=\"2025-01-17T07:54:28+00:00\" \/>\n<meta property=\"og:image\" content=\"https:\/\/www.erresse-shop.it\/wp-content\/uploads\/2024\/10\/JOSEPH-JOSEPH-EasyStore-Luxe-Portaspazzolini-in-acciaio-inox-Grande.jpg\" \/>\n\t<meta property=\"og:image:width\" content=\"1200\" \/>\n\t<meta property=\"og:image:height\" content=\"1200\" \/>\n\t<meta property=\"og:image:type\" content=\"image\/jpeg\" \/>\n<meta name=\"twitter:card\" content=\"summary_large_image\" \/>\n<script type=\"application\/ld+json\" class=\"yoast-schema-graph\">{\"@context\":\"https:\/\/schema.org\",\"@graph\":[{\"@type\":\"WebPage\",\"@id\":\"https:\/\/www.erresse-shop.it\/de\/shop\/einrichtung-haus\/badezimmer\/joseph-joseph-easystore-luxe-zahnbuerstenhalter-aus-edelstahl-large\/\",\"url\":\"https:\/\/www.erresse-shop.it\/de\/shop\/einrichtung-haus\/badezimmer\/joseph-joseph-easystore-luxe-zahnbuerstenhalter-aus-edelstahl-large\/\",\"name\":\"JOSEPH JOSEPH EasyStore Luxe Zahnb\u00fcrstenhalter aus Edelstahl Large\",\"isPartOf\":{\"@id\":\"https:\/\/www.erresse-shop.it\/de\/#website\"},\"datePublished\":\"2024-10-04T08:19:36+00:00\",\"dateModified\":\"2025-01-17T07:54:28+00:00\",\"description\":\"Entdecken Sie JOSEPH JOSEPH EasyStore Luxe Zahnb\u00fcrstenhalter aus Edelstahl Large bei ErresseShop. Qualit\u00e4t, Stil und Funktionalit\u00e4t \u2013 jetzt online bestellen!\",\"breadcrumb\":{\"@id\":\"https:\/\/www.erresse-shop.it\/de\/shop\/einrichtung-haus\/badezimmer\/joseph-joseph-easystore-luxe-zahnbuerstenhalter-aus-edelstahl-large\/#breadcrumb\"},\"inLanguage\":\"de-DE\",\"potentialAction\":[{\"@type\":\"ReadAction\",\"target\":[\"https:\/\/www.erresse-shop.it\/de\/shop\/einrichtung-haus\/badezimmer\/joseph-joseph-easystore-luxe-zahnbuerstenhalter-aus-edelstahl-large\/\"]}]},{\"@type\":\"BreadcrumbList\",\"@id\":\"https:\/\/www.erresse-shop.it\/de\/shop\/einrichtung-haus\/badezimmer\/joseph-joseph-easystore-luxe-zahnbuerstenhalter-aus-edelstahl-large\/#breadcrumb\",\"itemListElement\":[{\"@type\":\"ListItem\",\"position\":1,\"name\":\"Home\",\"item\":\"https:\/\/www.erresse-shop.it\/de\/\"},{\"@type\":\"ListItem\",\"position\":2,\"name\":\"Shop\",\"item\":\"https:\/\/www.erresse-shop.it\/de\/shop\/\"},{\"@type\":\"ListItem\",\"position\":3,\"name\":\"JOSEPH JOSEPH EasyStore Luxe Zahnb\u00fcrstenhalter aus Edelstahl Large\"}]},{\"@type\":\"WebSite\",\"@id\":\"https:\/\/www.erresse-shop.it\/de\/#website\",\"url\":\"https:\/\/www.erresse-shop.it\/de\/\",\"name\":\"Erresse Shop\",\"description\":\"Articoli di qualit\u00e0 per la casa\",\"potentialAction\":[{\"@type\":\"SearchAction\",\"target\":{\"@type\":\"EntryPoint\",\"urlTemplate\":\"https:\/\/www.erresse-shop.it\/de\/?s={search_term_string}\"},\"query-input\":\"required name=search_term_string\"}],\"inLanguage\":\"de-DE\"}]}<\/script>\n<!-- \/ Yoast SEO Premium plugin. -->","yoast_head_json":{"title":"JOSEPH JOSEPH EasyStore Luxe Zahnb\u00fcrstenhalter aus Edelstahl Large","description":"Entdecken Sie JOSEPH JOSEPH EasyStore Luxe Zahnb\u00fcrstenhalter aus Edelstahl Large bei ErresseShop. Qualit\u00e4t, Stil und Funktionalit\u00e4t \u2013 jetzt online bestellen!","robots":{"index":"index","follow":"follow","max-snippet":"max-snippet:-1","max-image-preview":"max-image-preview:large","max-video-preview":"max-video-preview:-1"},"canonical":"https:\/\/www.erresse-shop.it\/de\/shop\/einrichtung-haus\/badezimmer\/joseph-joseph-easystore-luxe-zahnbuerstenhalter-aus-edelstahl-large\/","og_locale":"de_DE","og_type":"article","og_title":"JOSEPH JOSEPH EasyStore Luxe Zahnb\u00fcrstenhalter aus Edelstahl Large","og_description":"Entdecken Sie JOSEPH JOSEPH EasyStore Luxe Zahnb\u00fcrstenhalter aus Edelstahl Large bei ErresseShop. Qualit\u00e4t, Stil und Funktionalit\u00e4t \u2013 jetzt online bestellen!","og_url":"https:\/\/www.erresse-shop.it\/de\/shop\/einrichtung-haus\/badezimmer\/joseph-joseph-easystore-luxe-zahnbuerstenhalter-aus-edelstahl-large\/","og_site_name":"Erresse Shop","article_modified_time":"2025-01-17T07:54:28+00:00","og_image":[{"width":1200,"height":1200,"url":"https:\/\/www.erresse-shop.it\/wp-content\/uploads\/2024\/10\/JOSEPH-JOSEPH-EasyStore-Luxe-Portaspazzolini-in-acciaio-inox-Grande.jpg","type":"image\/jpeg"}],"twitter_card":"summary_large_image","schema":{"@context":"https:\/\/schema.org","@graph":[{"@type":"WebPage","@id":"https:\/\/www.erresse-shop.it\/de\/shop\/einrichtung-haus\/badezimmer\/joseph-joseph-easystore-luxe-zahnbuerstenhalter-aus-edelstahl-large\/","url":"https:\/\/www.erresse-shop.it\/de\/shop\/einrichtung-haus\/badezimmer\/joseph-joseph-easystore-luxe-zahnbuerstenhalter-aus-edelstahl-large\/","name":"JOSEPH JOSEPH EasyStore Luxe Zahnb\u00fcrstenhalter aus Edelstahl Large","isPartOf":{"@id":"https:\/\/www.erresse-shop.it\/de\/#website"},"datePublished":"2024-10-04T08:19:36+00:00","dateModified":"2025-01-17T07:54:28+00:00","description":"Entdecken Sie JOSEPH JOSEPH EasyStore Luxe Zahnb\u00fcrstenhalter aus Edelstahl Large bei ErresseShop. Qualit\u00e4t, Stil und Funktionalit\u00e4t \u2013 jetzt online bestellen!","breadcrumb":{"@id":"https:\/\/www.erresse-shop.it\/de\/shop\/einrichtung-haus\/badezimmer\/joseph-joseph-easystore-luxe-zahnbuerstenhalter-aus-edelstahl-large\/#breadcrumb"},"inLanguage":"de-DE","potentialAction":[{"@type":"ReadAction","target":["https:\/\/www.erresse-shop.it\/de\/shop\/einrichtung-haus\/badezimmer\/joseph-joseph-easystore-luxe-zahnbuerstenhalter-aus-edelstahl-large\/"]}]},{"@type":"BreadcrumbList","@id":"https:\/\/www.erresse-shop.it\/de\/shop\/einrichtung-haus\/badezimmer\/joseph-joseph-easystore-luxe-zahnbuerstenhalter-aus-edelstahl-large\/#breadcrumb","itemListElement":[{"@type":"ListItem","position":1,"name":"Home","item":"https:\/\/www.erresse-shop.it\/de\/"},{"@type":"ListItem","position":2,"name":"Shop","item":"https:\/\/www.erresse-shop.it\/de\/shop\/"},{"@type":"ListItem","position":3,"name":"JOSEPH JOSEPH EasyStore Luxe Zahnb\u00fcrstenhalter aus Edelstahl Large"}]},{"@type":"WebSite","@id":"https:\/\/www.erresse-shop.it\/de\/#website","url":"https:\/\/www.erresse-shop.it\/de\/","name":"Erresse Shop","description":"Articoli di qualit\u00e0 per la casa","potentialAction":[{"@type":"SearchAction","target":{"@type":"EntryPoint","urlTemplate":"https:\/\/www.erresse-shop.it\/de\/?s={search_term_string}"},"query-input":"required name=search_term_string"}],"inLanguage":"de-DE"}]}},"df_price":28.95,"df_sale_price":28.95,"df_regular_price":34.99,"df_image_link":"https:\/\/www.erresse-shop.it\/wp-content\/uploads\/2024\/10\/JOSEPH-JOSEPH-EasyStore-Luxe-Portaspazzolini-in-acciaio-inox-Grande-300x300.jpg","_links":{"self":[{"href":"https:\/\/www.erresse-shop.it\/de\/wp-json\/wp\/v2\/product\/436059"}],"collection":[{"href":"https:\/\/www.erresse-shop.it\/de\/wp-json\/wp\/v2\/product"}],"about":[{"href":"https:\/\/www.erresse-shop.it\/de\/wp-json\/wp\/v2\/types\/product"}],"wp:featuredmedia":[{"embeddable":true,"href":"https:\/\/www.erresse-shop.it\/de\/wp-json\/wp\/v2\/media\/436069"}],"wp:attachment":[{"href":"https:\/\/www.erresse-shop.it\/de\/wp-json\/wp\/v2\/media?parent=436059"}],"wp:term":[{"taxonomy":"product_cat","embeddable":true,"href":"https:\/\/www.erresse-shop.it\/de\/wp-json\/wp\/v2\/product_cat?post=436059"},{"taxonomy":"product_tag","embeddable":true,"href":"https:\/\/www.erresse-shop.it\/de\/wp-json\/wp\/v2\/product_tag?post=436059"}],"curies":[{"name":"wp","href":"https:\/\/api.w.org\/{rel}","templated":true}]}}