{"id":436010,"date":"2024-10-04T07:37:13","date_gmt":"2024-10-04T07:37:14","guid":{"rendered":"https:\/\/www.erresse-shop.it\/?post_type=product&#038;p=436010"},"modified":"2025-01-17T07:54:27","modified_gmt":"2025-01-17T07:54:27","slug":"joseph-joseph-flex-360-luxe-toilettenbuerste-rostfreier-stahl","status":"publish","type":"product","link":"https:\/\/www.erresse-shop.it\/de\/shop\/einrichtung-haus\/badezimmer\/joseph-joseph-flex-360-luxe-toilettenbuerste-rostfreier-stahl\/","title":{"rendered":"JOSEPH JOSEPH Flex 360 Luxe Toilettenb\u00fcrste Rostfreier Stahl"},"content":{"rendered":"<p>Die Sauberkeit der Toilette wurde gerade verbessert. Der dreifach wirkende B\u00fcrstenkopf der Flex\u2122 360 Luxe arbeitet in drei Richtungen gleichzeitig und sorgt so f\u00fcr eine einfachere und hygienischere Toilettenreinigung. Dar\u00fcber hinaus passt der elegante Edelstahlhalter perfekt in jedes Badezimmer.<\/p>\n<ul>\n<li>Der Dreifach-Aktionskopf reinigt gleichzeitig in drei Richtungen<\/li>\n<li>Tropffrei \u2013 schnelles Entleeren reduziert das Tropfen zwischen Reinigung und Abkippen<\/li>\n<li>Verstopfungshemmend \u2013 der weite Abstand der Borsten sorgt f\u00fcr ein einfaches Aussp\u00fclen von Schmutz<\/li>\n<li>Austauschbarer Kopf<\/li>\n<li>Tablett aus poliertem Edelstahl<\/li>\n<\/ul>\n<p><strong>Pflege und Verwendung:<\/strong><\/p>\n<ul>\n<li>B\u00fcrste: Mit Bleichmittel oder warmem Seifenwasser reinigen.<\/li>\n<li>Edelstahl: Mit einem weichen, in warmem Wasser und einem milden Reinigungsmittel getr\u00e4nkten Tuch reinigen. Mit einem weichen, trockenen Tuch trocknen.<\/li>\n<li>Verwenden Sie keine Scheuerlappen oder starke chemische Reinigungsmittel.<\/li>\n<\/ul>\n<p><strong>Abmessungen:<\/strong><\/p>\n<p>H43,7 x B9,4 x T9,2 cm (H17 x B3\u00be x T3\u00bd Zoll)<\/p>\n<p>&nbsp;<\/p>\n","protected":false},"excerpt":{"rendered":"<p>Die Sauberkeit der Toilette wurde gerade verbessert. Der dreifach wirkende B\u00fcrstenkopf der Flex\u2122 360 Luxe arbeitet in drei Richtungen gleichzeitig<\/p>\n","protected":false},"featured_media":500581,"template":"","meta":{"_acf_changed":false,"inline_featured_image":false},"product_cat":[6817,19010],"product_tag":[25027,21369],"acf":[],"yoast_head":"<!-- This site is optimized with the Yoast SEO Premium plugin v18.6 (Yoast SEO v19.13) - https:\/\/yoast.com\/wordpress\/plugins\/seo\/ -->\n<title>JOSEPH JOSEPH Flex 360 Luxe Toilettenb\u00fcrste Rostfreier Stahl<\/title>\n<meta name=\"description\" content=\"Entdecken Sie JOSEPH JOSEPH Flex 360 Luxe Toilettenb\u00fcrste Rostfreier Stahl bei ErresseShop. Qualit\u00e4t, Stil und Funktionalit\u00e4t \u2013 jetzt online bestellen!\" \/>\n<meta name=\"robots\" content=\"index, follow, max-snippet:-1, max-image-preview:large, max-video-preview:-1\" \/>\n<link rel=\"canonical\" href=\"https:\/\/www.erresse-shop.it\/de\/shop\/einrichtung-haus\/badezimmer\/joseph-joseph-flex-360-luxe-toilettenbuerste-rostfreier-stahl\/\" \/>\n<meta property=\"og:locale\" content=\"de_DE\" \/>\n<meta property=\"og:type\" content=\"article\" \/>\n<meta property=\"og:title\" content=\"JOSEPH JOSEPH Flex 360 Luxe Toilettenb\u00fcrste Rostfreier Stahl\" \/>\n<meta property=\"og:description\" content=\"Entdecken Sie JOSEPH JOSEPH Flex 360 Luxe Toilettenb\u00fcrste Rostfreier Stahl bei ErresseShop. Qualit\u00e4t, Stil und Funktionalit\u00e4t \u2013 jetzt online bestellen!\" \/>\n<meta property=\"og:url\" content=\"https:\/\/www.erresse-shop.it\/de\/shop\/einrichtung-haus\/badezimmer\/joseph-joseph-flex-360-luxe-toilettenbuerste-rostfreier-stahl\/\" \/>\n<meta property=\"og:site_name\" content=\"Erresse Shop\" \/>\n<meta property=\"article:modified_time\" content=\"2025-01-17T07:54:27+00:00\" \/>\n<meta property=\"og:image\" content=\"https:\/\/www.erresse-shop.it\/wp-content\/uploads\/2024\/10\/JOSEPH-JOSEPH-Flex\u2122-360-Luxe-Spazzola-per-WC-Acciaio-Inox.jpg\" \/>\n\t<meta property=\"og:image:width\" content=\"1200\" \/>\n\t<meta property=\"og:image:height\" content=\"1200\" \/>\n\t<meta property=\"og:image:type\" content=\"image\/jpeg\" \/>\n<meta name=\"twitter:card\" content=\"summary_large_image\" \/>\n<script type=\"application\/ld+json\" class=\"yoast-schema-graph\">{\"@context\":\"https:\/\/schema.org\",\"@graph\":[{\"@type\":\"WebPage\",\"@id\":\"https:\/\/www.erresse-shop.it\/de\/shop\/einrichtung-haus\/badezimmer\/joseph-joseph-flex-360-luxe-toilettenbuerste-rostfreier-stahl\/\",\"url\":\"https:\/\/www.erresse-shop.it\/de\/shop\/einrichtung-haus\/badezimmer\/joseph-joseph-flex-360-luxe-toilettenbuerste-rostfreier-stahl\/\",\"name\":\"JOSEPH JOSEPH Flex 360 Luxe Toilettenb\u00fcrste Rostfreier Stahl\",\"isPartOf\":{\"@id\":\"https:\/\/www.erresse-shop.it\/de\/#website\"},\"datePublished\":\"2024-10-04T07:37:14+00:00\",\"dateModified\":\"2025-01-17T07:54:27+00:00\",\"description\":\"Entdecken Sie JOSEPH JOSEPH Flex 360 Luxe Toilettenb\u00fcrste Rostfreier Stahl bei ErresseShop. Qualit\u00e4t, Stil und Funktionalit\u00e4t \u2013 jetzt online bestellen!\",\"breadcrumb\":{\"@id\":\"https:\/\/www.erresse-shop.it\/de\/shop\/einrichtung-haus\/badezimmer\/joseph-joseph-flex-360-luxe-toilettenbuerste-rostfreier-stahl\/#breadcrumb\"},\"inLanguage\":\"de-DE\",\"potentialAction\":[{\"@type\":\"ReadAction\",\"target\":[\"https:\/\/www.erresse-shop.it\/de\/shop\/einrichtung-haus\/badezimmer\/joseph-joseph-flex-360-luxe-toilettenbuerste-rostfreier-stahl\/\"]}]},{\"@type\":\"BreadcrumbList\",\"@id\":\"https:\/\/www.erresse-shop.it\/de\/shop\/einrichtung-haus\/badezimmer\/joseph-joseph-flex-360-luxe-toilettenbuerste-rostfreier-stahl\/#breadcrumb\",\"itemListElement\":[{\"@type\":\"ListItem\",\"position\":1,\"name\":\"Home\",\"item\":\"https:\/\/www.erresse-shop.it\/de\/\"},{\"@type\":\"ListItem\",\"position\":2,\"name\":\"Shop\",\"item\":\"https:\/\/www.erresse-shop.it\/de\/shop\/\"},{\"@type\":\"ListItem\",\"position\":3,\"name\":\"JOSEPH JOSEPH Flex 360 Luxe Toilettenb\u00fcrste Rostfreier Stahl\"}]},{\"@type\":\"WebSite\",\"@id\":\"https:\/\/www.erresse-shop.it\/de\/#website\",\"url\":\"https:\/\/www.erresse-shop.it\/de\/\",\"name\":\"Erresse Shop\",\"description\":\"Articoli di qualit\u00e0 per la casa\",\"potentialAction\":[{\"@type\":\"SearchAction\",\"target\":{\"@type\":\"EntryPoint\",\"urlTemplate\":\"https:\/\/www.erresse-shop.it\/de\/?s={search_term_string}\"},\"query-input\":\"required name=search_term_string\"}],\"inLanguage\":\"de-DE\"}]}<\/script>\n<!-- \/ Yoast SEO Premium plugin. -->","yoast_head_json":{"title":"JOSEPH JOSEPH Flex 360 Luxe Toilettenb\u00fcrste Rostfreier Stahl","description":"Entdecken Sie JOSEPH JOSEPH Flex 360 Luxe Toilettenb\u00fcrste Rostfreier Stahl bei ErresseShop. Qualit\u00e4t, Stil und Funktionalit\u00e4t \u2013 jetzt online bestellen!","robots":{"index":"index","follow":"follow","max-snippet":"max-snippet:-1","max-image-preview":"max-image-preview:large","max-video-preview":"max-video-preview:-1"},"canonical":"https:\/\/www.erresse-shop.it\/de\/shop\/einrichtung-haus\/badezimmer\/joseph-joseph-flex-360-luxe-toilettenbuerste-rostfreier-stahl\/","og_locale":"de_DE","og_type":"article","og_title":"JOSEPH JOSEPH Flex 360 Luxe Toilettenb\u00fcrste Rostfreier Stahl","og_description":"Entdecken Sie JOSEPH JOSEPH Flex 360 Luxe Toilettenb\u00fcrste Rostfreier Stahl bei ErresseShop. Qualit\u00e4t, Stil und Funktionalit\u00e4t \u2013 jetzt online bestellen!","og_url":"https:\/\/www.erresse-shop.it\/de\/shop\/einrichtung-haus\/badezimmer\/joseph-joseph-flex-360-luxe-toilettenbuerste-rostfreier-stahl\/","og_site_name":"Erresse Shop","article_modified_time":"2025-01-17T07:54:27+00:00","og_image":[{"width":1200,"height":1200,"url":"https:\/\/www.erresse-shop.it\/wp-content\/uploads\/2024\/10\/JOSEPH-JOSEPH-Flex\u2122-360-Luxe-Spazzola-per-WC-Acciaio-Inox.jpg","type":"image\/jpeg"}],"twitter_card":"summary_large_image","schema":{"@context":"https:\/\/schema.org","@graph":[{"@type":"WebPage","@id":"https:\/\/www.erresse-shop.it\/de\/shop\/einrichtung-haus\/badezimmer\/joseph-joseph-flex-360-luxe-toilettenbuerste-rostfreier-stahl\/","url":"https:\/\/www.erresse-shop.it\/de\/shop\/einrichtung-haus\/badezimmer\/joseph-joseph-flex-360-luxe-toilettenbuerste-rostfreier-stahl\/","name":"JOSEPH JOSEPH Flex 360 Luxe Toilettenb\u00fcrste Rostfreier Stahl","isPartOf":{"@id":"https:\/\/www.erresse-shop.it\/de\/#website"},"datePublished":"2024-10-04T07:37:14+00:00","dateModified":"2025-01-17T07:54:27+00:00","description":"Entdecken Sie JOSEPH JOSEPH Flex 360 Luxe Toilettenb\u00fcrste Rostfreier Stahl bei ErresseShop. Qualit\u00e4t, Stil und Funktionalit\u00e4t \u2013 jetzt online bestellen!","breadcrumb":{"@id":"https:\/\/www.erresse-shop.it\/de\/shop\/einrichtung-haus\/badezimmer\/joseph-joseph-flex-360-luxe-toilettenbuerste-rostfreier-stahl\/#breadcrumb"},"inLanguage":"de-DE","potentialAction":[{"@type":"ReadAction","target":["https:\/\/www.erresse-shop.it\/de\/shop\/einrichtung-haus\/badezimmer\/joseph-joseph-flex-360-luxe-toilettenbuerste-rostfreier-stahl\/"]}]},{"@type":"BreadcrumbList","@id":"https:\/\/www.erresse-shop.it\/de\/shop\/einrichtung-haus\/badezimmer\/joseph-joseph-flex-360-luxe-toilettenbuerste-rostfreier-stahl\/#breadcrumb","itemListElement":[{"@type":"ListItem","position":1,"name":"Home","item":"https:\/\/www.erresse-shop.it\/de\/"},{"@type":"ListItem","position":2,"name":"Shop","item":"https:\/\/www.erresse-shop.it\/de\/shop\/"},{"@type":"ListItem","position":3,"name":"JOSEPH JOSEPH Flex 360 Luxe Toilettenb\u00fcrste Rostfreier Stahl"}]},{"@type":"WebSite","@id":"https:\/\/www.erresse-shop.it\/de\/#website","url":"https:\/\/www.erresse-shop.it\/de\/","name":"Erresse Shop","description":"Articoli di qualit\u00e0 per la casa","potentialAction":[{"@type":"SearchAction","target":{"@type":"EntryPoint","urlTemplate":"https:\/\/www.erresse-shop.it\/de\/?s={search_term_string}"},"query-input":"required name=search_term_string"}],"inLanguage":"de-DE"}]}},"df_price":39,"df_sale_price":39,"df_regular_price":79.99,"df_image_link":"https:\/\/www.erresse-shop.it\/wp-content\/uploads\/2024\/10\/JOSEPH-JOSEPH-Spazzola-per-WC-Acciaio-Inox-300x300.jpg","_links":{"self":[{"href":"https:\/\/www.erresse-shop.it\/de\/wp-json\/wp\/v2\/product\/436010"}],"collection":[{"href":"https:\/\/www.erresse-shop.it\/de\/wp-json\/wp\/v2\/product"}],"about":[{"href":"https:\/\/www.erresse-shop.it\/de\/wp-json\/wp\/v2\/types\/product"}],"wp:featuredmedia":[{"embeddable":true,"href":"https:\/\/www.erresse-shop.it\/de\/wp-json\/wp\/v2\/media\/500581"}],"wp:attachment":[{"href":"https:\/\/www.erresse-shop.it\/de\/wp-json\/wp\/v2\/media?parent=436010"}],"wp:term":[{"taxonomy":"product_cat","embeddable":true,"href":"https:\/\/www.erresse-shop.it\/de\/wp-json\/wp\/v2\/product_cat?post=436010"},{"taxonomy":"product_tag","embeddable":true,"href":"https:\/\/www.erresse-shop.it\/de\/wp-json\/wp\/v2\/product_tag?post=436010"}],"curies":[{"name":"wp","href":"https:\/\/api.w.org\/{rel}","templated":true}]}}