{"id":435845,"date":"2024-10-03T14:19:27","date_gmt":"2024-10-03T14:19:28","guid":{"rendered":"https:\/\/www.erresse-shop.it\/?post_type=product&#038;p=435845"},"modified":"2025-01-17T07:54:24","modified_gmt":"2025-01-17T07:54:24","slug":"joseph-joseph-arc-easy-push-mattschwarzer-pedaleimer-10l","status":"publish","type":"product","link":"https:\/\/www.erresse-shop.it\/de\/shop\/einrichtung-haus\/muelltonnen\/joseph-joseph-arc-easy-push-mattschwarzer-pedaleimer-10l\/","title":{"rendered":"JOSEPH JOSEPH Arc Easy-Push Mattschwarzer Pedaleimer 10L"},"content":{"rendered":"<p>Dieser elegante runde Abfalleimer verf\u00fcgt \u00fcber ein gro\u00dfes Pedal, das sich perfekt in die Designfl\u00e4che einf\u00fcgt und wertvollen Platz auf dem Boden spart. Dar\u00fcber hinaus verf\u00fcgt es \u00fcber ein integriertes Staufach auf der R\u00fcckseite f\u00fcr Ihre Bez\u00fcge, sodass Sie bei Bedarf leicht darauf zugreifen k\u00f6nnen. Er besteht aus elegantem Carbon-Schwarz-Stahl und hat ein Fassungsverm\u00f6gen von 10 Litern (2,6 US-Gallonen).<\/p>\n<ul>\n<li>Gro\u00dfes, leicht zu dr\u00fcckendes Pedal, das perfekt in die Gr\u00f6\u00dfe des M\u00fclleimers passt.<\/li>\n<li>Toilettenpapierrollen k\u00f6nnen im leicht zug\u00e4nglichen Fach auf der R\u00fcckseite sicher aufbewahrt werden.<\/li>\n<li>Sanft schlie\u00dfender Deckel mit Anti-Fingerprint-Beschichtung.<\/li>\n<li>Abnehmbarer Eimer, leicht zu entleeren.<\/li>\n<li>Kompatibel mit Joseph Joseph IW9 Custom Linern.<\/li>\n<\/ul>\n<p><strong>Pflege und Verwendung:<\/strong><\/p>\n<ul>\n<li>Zur Verwendung mit Joseph Joseph IW9 Custom Linern. Kann auch mit Standardscheiden verwendet werden.<\/li>\n<li>Au\u00dfenfl\u00e4chen: Mit einem feuchten Tuch reinigen und mit einem weichen, trockenen Tuch trocknen. Verwenden Sie keine scheuernden T\u00fccher oder starke chemische Reinigungsmittel.<\/li>\n<li>Eimer: Aus dem Ger\u00e4t nehmen und mit warmem Seifenwasser reinigen. Um unangenehme Ger\u00fcche zu beseitigen, k\u00f6nnen Sie eine L\u00f6sung aus Backpulver und Wasser verwenden. Vor der Lagerung im Ger\u00e4t trocknen.<\/li>\n<\/ul>\n<p><strong>Abmessungen:<\/strong><\/p>\n<p>H44,7 x B26 x T26,7 cm (H17,6 x B10,2 x T10,5 Zoll)<\/p>\n<p><strong>Gewicht:<\/strong><\/p>\n<p>2,65 kg<\/p>\n<p>&nbsp;<\/p>\n","protected":false},"excerpt":{"rendered":"<p>Dieser elegante runde Abfalleimer verf\u00fcgt \u00fcber ein gro\u00dfes Pedal, das sich perfekt in die Designfl\u00e4che einf\u00fcgt und wertvollen Platz auf<\/p>\n","protected":false},"featured_media":435854,"template":"","meta":{"_acf_changed":false,"inline_featured_image":false},"product_cat":[6817,14032],"product_tag":[25027,21226,14040,13487,21227,21229],"acf":[],"yoast_head":"<!-- This site is optimized with the Yoast SEO Premium plugin v18.6 (Yoast SEO v19.13) - https:\/\/yoast.com\/wordpress\/plugins\/seo\/ -->\n<title>JOSEPH JOSEPH Arc Easy-Push Mattschwarzer Pedaleimer 10L<\/title>\n<meta name=\"description\" content=\"Entdecken Sie JOSEPH JOSEPH Arc Easy-Push Mattschwarzer Pedaleimer 10L bei ErresseShop. Qualit\u00e4t, Stil und Funktionalit\u00e4t \u2013 jetzt online bestellen!\" \/>\n<meta name=\"robots\" content=\"index, follow, max-snippet:-1, max-image-preview:large, max-video-preview:-1\" \/>\n<link rel=\"canonical\" href=\"https:\/\/www.erresse-shop.it\/de\/shop\/einrichtung-haus\/muelltonnen\/joseph-joseph-arc-easy-push-mattschwarzer-pedaleimer-10l\/\" \/>\n<meta property=\"og:locale\" content=\"de_DE\" \/>\n<meta property=\"og:type\" content=\"article\" \/>\n<meta property=\"og:title\" content=\"JOSEPH JOSEPH Arc Easy-Push Mattschwarzer Pedaleimer 10L\" \/>\n<meta property=\"og:description\" content=\"Entdecken Sie JOSEPH JOSEPH Arc Easy-Push Mattschwarzer Pedaleimer 10L bei ErresseShop. Qualit\u00e4t, Stil und Funktionalit\u00e4t \u2013 jetzt online bestellen!\" \/>\n<meta property=\"og:url\" content=\"https:\/\/www.erresse-shop.it\/de\/shop\/einrichtung-haus\/muelltonnen\/joseph-joseph-arc-easy-push-mattschwarzer-pedaleimer-10l\/\" \/>\n<meta property=\"og:site_name\" content=\"Erresse Shop\" \/>\n<meta property=\"article:modified_time\" content=\"2025-01-17T07:54:24+00:00\" \/>\n<meta property=\"og:image\" content=\"https:\/\/www.erresse-shop.it\/wp-content\/uploads\/2024\/10\/JOSEPH-JOSEPH-Arc-Easy-Push-Cestino-a-Pedale-Nero-Opaco-10L.jpg\" \/>\n\t<meta property=\"og:image:width\" content=\"1200\" \/>\n\t<meta property=\"og:image:height\" content=\"1200\" \/>\n\t<meta property=\"og:image:type\" content=\"image\/jpeg\" \/>\n<meta name=\"twitter:card\" content=\"summary_large_image\" \/>\n<script type=\"application\/ld+json\" class=\"yoast-schema-graph\">{\"@context\":\"https:\/\/schema.org\",\"@graph\":[{\"@type\":\"WebPage\",\"@id\":\"https:\/\/www.erresse-shop.it\/de\/shop\/einrichtung-haus\/muelltonnen\/joseph-joseph-arc-easy-push-mattschwarzer-pedaleimer-10l\/\",\"url\":\"https:\/\/www.erresse-shop.it\/de\/shop\/einrichtung-haus\/muelltonnen\/joseph-joseph-arc-easy-push-mattschwarzer-pedaleimer-10l\/\",\"name\":\"JOSEPH JOSEPH Arc Easy-Push Mattschwarzer Pedaleimer 10L\",\"isPartOf\":{\"@id\":\"https:\/\/www.erresse-shop.it\/de\/#website\"},\"datePublished\":\"2024-10-03T14:19:28+00:00\",\"dateModified\":\"2025-01-17T07:54:24+00:00\",\"description\":\"Entdecken Sie JOSEPH JOSEPH Arc Easy-Push Mattschwarzer Pedaleimer 10L bei ErresseShop. Qualit\u00e4t, Stil und Funktionalit\u00e4t \u2013 jetzt online bestellen!\",\"breadcrumb\":{\"@id\":\"https:\/\/www.erresse-shop.it\/de\/shop\/einrichtung-haus\/muelltonnen\/joseph-joseph-arc-easy-push-mattschwarzer-pedaleimer-10l\/#breadcrumb\"},\"inLanguage\":\"de-DE\",\"potentialAction\":[{\"@type\":\"ReadAction\",\"target\":[\"https:\/\/www.erresse-shop.it\/de\/shop\/einrichtung-haus\/muelltonnen\/joseph-joseph-arc-easy-push-mattschwarzer-pedaleimer-10l\/\"]}]},{\"@type\":\"BreadcrumbList\",\"@id\":\"https:\/\/www.erresse-shop.it\/de\/shop\/einrichtung-haus\/muelltonnen\/joseph-joseph-arc-easy-push-mattschwarzer-pedaleimer-10l\/#breadcrumb\",\"itemListElement\":[{\"@type\":\"ListItem\",\"position\":1,\"name\":\"Home\",\"item\":\"https:\/\/www.erresse-shop.it\/de\/\"},{\"@type\":\"ListItem\",\"position\":2,\"name\":\"Shop\",\"item\":\"https:\/\/www.erresse-shop.it\/de\/shop\/\"},{\"@type\":\"ListItem\",\"position\":3,\"name\":\"JOSEPH JOSEPH Arc Easy-Push Mattschwarzer Pedaleimer 10L\"}]},{\"@type\":\"WebSite\",\"@id\":\"https:\/\/www.erresse-shop.it\/de\/#website\",\"url\":\"https:\/\/www.erresse-shop.it\/de\/\",\"name\":\"Erresse Shop\",\"description\":\"Articoli di qualit\u00e0 per la casa\",\"potentialAction\":[{\"@type\":\"SearchAction\",\"target\":{\"@type\":\"EntryPoint\",\"urlTemplate\":\"https:\/\/www.erresse-shop.it\/de\/?s={search_term_string}\"},\"query-input\":\"required name=search_term_string\"}],\"inLanguage\":\"de-DE\"}]}<\/script>\n<!-- \/ Yoast SEO Premium plugin. -->","yoast_head_json":{"title":"JOSEPH JOSEPH Arc Easy-Push Mattschwarzer Pedaleimer 10L","description":"Entdecken Sie JOSEPH JOSEPH Arc Easy-Push Mattschwarzer Pedaleimer 10L bei ErresseShop. Qualit\u00e4t, Stil und Funktionalit\u00e4t \u2013 jetzt online bestellen!","robots":{"index":"index","follow":"follow","max-snippet":"max-snippet:-1","max-image-preview":"max-image-preview:large","max-video-preview":"max-video-preview:-1"},"canonical":"https:\/\/www.erresse-shop.it\/de\/shop\/einrichtung-haus\/muelltonnen\/joseph-joseph-arc-easy-push-mattschwarzer-pedaleimer-10l\/","og_locale":"de_DE","og_type":"article","og_title":"JOSEPH JOSEPH Arc Easy-Push Mattschwarzer Pedaleimer 10L","og_description":"Entdecken Sie JOSEPH JOSEPH Arc Easy-Push Mattschwarzer Pedaleimer 10L bei ErresseShop. Qualit\u00e4t, Stil und Funktionalit\u00e4t \u2013 jetzt online bestellen!","og_url":"https:\/\/www.erresse-shop.it\/de\/shop\/einrichtung-haus\/muelltonnen\/joseph-joseph-arc-easy-push-mattschwarzer-pedaleimer-10l\/","og_site_name":"Erresse Shop","article_modified_time":"2025-01-17T07:54:24+00:00","og_image":[{"width":1200,"height":1200,"url":"https:\/\/www.erresse-shop.it\/wp-content\/uploads\/2024\/10\/JOSEPH-JOSEPH-Arc-Easy-Push-Cestino-a-Pedale-Nero-Opaco-10L.jpg","type":"image\/jpeg"}],"twitter_card":"summary_large_image","schema":{"@context":"https:\/\/schema.org","@graph":[{"@type":"WebPage","@id":"https:\/\/www.erresse-shop.it\/de\/shop\/einrichtung-haus\/muelltonnen\/joseph-joseph-arc-easy-push-mattschwarzer-pedaleimer-10l\/","url":"https:\/\/www.erresse-shop.it\/de\/shop\/einrichtung-haus\/muelltonnen\/joseph-joseph-arc-easy-push-mattschwarzer-pedaleimer-10l\/","name":"JOSEPH JOSEPH Arc Easy-Push Mattschwarzer Pedaleimer 10L","isPartOf":{"@id":"https:\/\/www.erresse-shop.it\/de\/#website"},"datePublished":"2024-10-03T14:19:28+00:00","dateModified":"2025-01-17T07:54:24+00:00","description":"Entdecken Sie JOSEPH JOSEPH Arc Easy-Push Mattschwarzer Pedaleimer 10L bei ErresseShop. Qualit\u00e4t, Stil und Funktionalit\u00e4t \u2013 jetzt online bestellen!","breadcrumb":{"@id":"https:\/\/www.erresse-shop.it\/de\/shop\/einrichtung-haus\/muelltonnen\/joseph-joseph-arc-easy-push-mattschwarzer-pedaleimer-10l\/#breadcrumb"},"inLanguage":"de-DE","potentialAction":[{"@type":"ReadAction","target":["https:\/\/www.erresse-shop.it\/de\/shop\/einrichtung-haus\/muelltonnen\/joseph-joseph-arc-easy-push-mattschwarzer-pedaleimer-10l\/"]}]},{"@type":"BreadcrumbList","@id":"https:\/\/www.erresse-shop.it\/de\/shop\/einrichtung-haus\/muelltonnen\/joseph-joseph-arc-easy-push-mattschwarzer-pedaleimer-10l\/#breadcrumb","itemListElement":[{"@type":"ListItem","position":1,"name":"Home","item":"https:\/\/www.erresse-shop.it\/de\/"},{"@type":"ListItem","position":2,"name":"Shop","item":"https:\/\/www.erresse-shop.it\/de\/shop\/"},{"@type":"ListItem","position":3,"name":"JOSEPH JOSEPH Arc Easy-Push Mattschwarzer Pedaleimer 10L"}]},{"@type":"WebSite","@id":"https:\/\/www.erresse-shop.it\/de\/#website","url":"https:\/\/www.erresse-shop.it\/de\/","name":"Erresse Shop","description":"Articoli di qualit\u00e0 per la casa","potentialAction":[{"@type":"SearchAction","target":{"@type":"EntryPoint","urlTemplate":"https:\/\/www.erresse-shop.it\/de\/?s={search_term_string}"},"query-input":"required name=search_term_string"}],"inLanguage":"de-DE"}]}},"df_price":49,"df_sale_price":49,"df_regular_price":79.99,"df_image_link":"https:\/\/www.erresse-shop.it\/wp-content\/uploads\/2024\/10\/JOSEPH-JOSEPH-Arc-Easy-Push-Cestino-a-Pedale-Nero-Opaco-10L-300x300.jpg","_links":{"self":[{"href":"https:\/\/www.erresse-shop.it\/de\/wp-json\/wp\/v2\/product\/435845"}],"collection":[{"href":"https:\/\/www.erresse-shop.it\/de\/wp-json\/wp\/v2\/product"}],"about":[{"href":"https:\/\/www.erresse-shop.it\/de\/wp-json\/wp\/v2\/types\/product"}],"wp:featuredmedia":[{"embeddable":true,"href":"https:\/\/www.erresse-shop.it\/de\/wp-json\/wp\/v2\/media\/435854"}],"wp:attachment":[{"href":"https:\/\/www.erresse-shop.it\/de\/wp-json\/wp\/v2\/media?parent=435845"}],"wp:term":[{"taxonomy":"product_cat","embeddable":true,"href":"https:\/\/www.erresse-shop.it\/de\/wp-json\/wp\/v2\/product_cat?post=435845"},{"taxonomy":"product_tag","embeddable":true,"href":"https:\/\/www.erresse-shop.it\/de\/wp-json\/wp\/v2\/product_tag?post=435845"}],"curies":[{"name":"wp","href":"https:\/\/api.w.org\/{rel}","templated":true}]}}