{"id":435779,"date":"2024-10-03T12:59:29","date_gmt":"2024-10-03T12:59:30","guid":{"rendered":"https:\/\/www.erresse-shop.it\/?post_type=product&#038;p=435779"},"modified":"2025-01-17T07:54:23","modified_gmt":"2025-01-17T07:54:23","slug":"joseph-joseph-petal-quick-grip-trocknungsbuegel-32-stueck-ecru","status":"publish","type":"product","link":"https:\/\/www.erresse-shop.it\/de\/shop\/einrichtung-haus\/dekoartikel\/joseph-joseph-petal-quick-grip-trocknungsbuegel-32-stueck-ecru\/","title":{"rendered":"JOSEPH JOSEPH Petal Quick Grip Trocknungsb\u00fcgel 32 St\u00fcck Ecru"},"content":{"rendered":"<p>Petal\u2122 ist ein intelligenter Kleiderb\u00fcgel, mit dem sich kleine Teile wie Socken und Unterw\u00e4sche schnell und einfach aufh\u00e4ngen lassen. Schieben Sie einfach jedes Kleidungsst\u00fcck zwischen die Griffe, um es effizient zu laden und zu trocknen.<\/p>\n<ul>\n<li>Leicht zu beladenes Design mit Druckgriffen f\u00fcr sicheres Trocknen.<\/li>\n<li>Perfekt zum Trocknen von kleinen Gegenst\u00e4nden wie Socken und Unterw\u00e4sche.<\/li>\n<li>Zwei robuste Aluminiumhaken zum sicheren Aufh\u00e4ngen im Innen- oder Au\u00dfenbereich.<\/li>\n<li>L\u00e4sst sich f\u00fcr eine kompakte und platzsparende Aufbewahrung zusammenklappen.<\/li>\n<li>Fasst bis zu 32 einzelne W\u00e4schest\u00fccke.<\/li>\n<\/ul>\n<p><strong>Pflege und Gebrauch:<\/strong><\/p>\n<ul>\n<li style=\"text-align: left;\">Mit einem feuchten Tuch reinigen.<\/li>\n<li style=\"text-align: left;\">Achtung: Nicht \u00fcberladen.<\/li>\n<li style=\"text-align: left;\">Bei Nichtgebrauch an einem trockenen Ort aufbewahren.<\/li>\n<li style=\"text-align: left;\">Hergestellt aus mindestens 40 % recyceltem Kunststoff aus Nach-Gebrauchs-Abf\u00e4llen. Aufgrund von Unterschieden im recycelten Material kann die Farbe des Produkts variieren und es k\u00f6nnen kleine Flecken auf der Oberfl\u00e4che auftreten. Dies ist v\u00f6llig normal und hat keinen Einfluss auf die Haltbarkeit oder Leistung des Produkts.<\/li>\n<\/ul>\n<p>Abmessungen:<\/p>\n<p>H1,2 x B17,5 x T40,5 cm (H0,47 x B6,89 x T15,94 Zoll)<\/p>\n","protected":false},"excerpt":{"rendered":"<p>Petal\u2122 ist ein intelligenter Kleiderb\u00fcgel, mit dem sich kleine Teile wie Socken und Unterw\u00e4sche schnell und einfach aufh\u00e4ngen lassen. Schieben<\/p>\n","protected":false},"featured_media":435792,"template":"","meta":{"_acf_changed":false,"inline_featured_image":false},"product_cat":[6817,14442],"product_tag":[25027,12341,25022],"acf":[],"yoast_head":"<!-- This site is optimized with the Yoast SEO Premium plugin v18.6 (Yoast SEO v19.13) - https:\/\/yoast.com\/wordpress\/plugins\/seo\/ -->\n<title>JOSEPH JOSEPH Petal Quick Grip Trocknungsb\u00fcgel 32 St\u00fcck Ecru<\/title>\n<meta name=\"description\" content=\"Entdecken Sie JOSEPH JOSEPH Petal Quick Grip Trocknungsb\u00fcgel 32 St\u00fcck Ecru bei ErresseShop. Qualit\u00e4t, Stil und Funktionalit\u00e4t \u2013 jetzt online bestellen!\" \/>\n<meta name=\"robots\" content=\"index, follow, max-snippet:-1, max-image-preview:large, max-video-preview:-1\" \/>\n<link rel=\"canonical\" href=\"https:\/\/www.erresse-shop.it\/de\/shop\/einrichtung-haus\/dekoartikel\/joseph-joseph-petal-quick-grip-trocknungsbuegel-32-stueck-ecru\/\" \/>\n<meta property=\"og:locale\" content=\"de_DE\" \/>\n<meta property=\"og:type\" content=\"article\" \/>\n<meta property=\"og:title\" content=\"JOSEPH JOSEPH Petal Quick Grip Trocknungsb\u00fcgel 32 St\u00fcck Ecru\" \/>\n<meta property=\"og:description\" content=\"Entdecken Sie JOSEPH JOSEPH Petal Quick Grip Trocknungsb\u00fcgel 32 St\u00fcck Ecru bei ErresseShop. Qualit\u00e4t, Stil und Funktionalit\u00e4t \u2013 jetzt online bestellen!\" \/>\n<meta property=\"og:url\" content=\"https:\/\/www.erresse-shop.it\/de\/shop\/einrichtung-haus\/dekoartikel\/joseph-joseph-petal-quick-grip-trocknungsbuegel-32-stueck-ecru\/\" \/>\n<meta property=\"og:site_name\" content=\"Erresse Shop\" \/>\n<meta property=\"article:modified_time\" content=\"2025-01-17T07:54:23+00:00\" \/>\n<meta property=\"og:image\" content=\"https:\/\/www.erresse-shop.it\/wp-content\/uploads\/2024\/10\/JOSEPH-JOSEPH-Petal-Gancio-per-Asciugatura-a-Presa-Rapida-32-pezzi-Ecru.jpg\" \/>\n\t<meta property=\"og:image:width\" content=\"1200\" \/>\n\t<meta property=\"og:image:height\" content=\"1200\" \/>\n\t<meta property=\"og:image:type\" content=\"image\/jpeg\" \/>\n<meta name=\"twitter:card\" content=\"summary_large_image\" \/>\n<script type=\"application\/ld+json\" class=\"yoast-schema-graph\">{\"@context\":\"https:\/\/schema.org\",\"@graph\":[{\"@type\":\"WebPage\",\"@id\":\"https:\/\/www.erresse-shop.it\/de\/shop\/einrichtung-haus\/dekoartikel\/joseph-joseph-petal-quick-grip-trocknungsbuegel-32-stueck-ecru\/\",\"url\":\"https:\/\/www.erresse-shop.it\/de\/shop\/einrichtung-haus\/dekoartikel\/joseph-joseph-petal-quick-grip-trocknungsbuegel-32-stueck-ecru\/\",\"name\":\"JOSEPH JOSEPH Petal Quick Grip Trocknungsb\u00fcgel 32 St\u00fcck Ecru\",\"isPartOf\":{\"@id\":\"https:\/\/www.erresse-shop.it\/de\/#website\"},\"datePublished\":\"2024-10-03T12:59:30+00:00\",\"dateModified\":\"2025-01-17T07:54:23+00:00\",\"description\":\"Entdecken Sie JOSEPH JOSEPH Petal Quick Grip Trocknungsb\u00fcgel 32 St\u00fcck Ecru bei ErresseShop. Qualit\u00e4t, Stil und Funktionalit\u00e4t \u2013 jetzt online bestellen!\",\"breadcrumb\":{\"@id\":\"https:\/\/www.erresse-shop.it\/de\/shop\/einrichtung-haus\/dekoartikel\/joseph-joseph-petal-quick-grip-trocknungsbuegel-32-stueck-ecru\/#breadcrumb\"},\"inLanguage\":\"de-DE\",\"potentialAction\":[{\"@type\":\"ReadAction\",\"target\":[\"https:\/\/www.erresse-shop.it\/de\/shop\/einrichtung-haus\/dekoartikel\/joseph-joseph-petal-quick-grip-trocknungsbuegel-32-stueck-ecru\/\"]}]},{\"@type\":\"BreadcrumbList\",\"@id\":\"https:\/\/www.erresse-shop.it\/de\/shop\/einrichtung-haus\/dekoartikel\/joseph-joseph-petal-quick-grip-trocknungsbuegel-32-stueck-ecru\/#breadcrumb\",\"itemListElement\":[{\"@type\":\"ListItem\",\"position\":1,\"name\":\"Home\",\"item\":\"https:\/\/www.erresse-shop.it\/de\/\"},{\"@type\":\"ListItem\",\"position\":2,\"name\":\"Shop\",\"item\":\"https:\/\/www.erresse-shop.it\/de\/shop\/\"},{\"@type\":\"ListItem\",\"position\":3,\"name\":\"JOSEPH JOSEPH Petal Quick Grip Trocknungsb\u00fcgel 32 St\u00fcck Ecru\"}]},{\"@type\":\"WebSite\",\"@id\":\"https:\/\/www.erresse-shop.it\/de\/#website\",\"url\":\"https:\/\/www.erresse-shop.it\/de\/\",\"name\":\"Erresse Shop\",\"description\":\"Articoli di qualit\u00e0 per la casa\",\"potentialAction\":[{\"@type\":\"SearchAction\",\"target\":{\"@type\":\"EntryPoint\",\"urlTemplate\":\"https:\/\/www.erresse-shop.it\/de\/?s={search_term_string}\"},\"query-input\":\"required name=search_term_string\"}],\"inLanguage\":\"de-DE\"}]}<\/script>\n<!-- \/ Yoast SEO Premium plugin. -->","yoast_head_json":{"title":"JOSEPH JOSEPH Petal Quick Grip Trocknungsb\u00fcgel 32 St\u00fcck Ecru","description":"Entdecken Sie JOSEPH JOSEPH Petal Quick Grip Trocknungsb\u00fcgel 32 St\u00fcck Ecru bei ErresseShop. Qualit\u00e4t, Stil und Funktionalit\u00e4t \u2013 jetzt online bestellen!","robots":{"index":"index","follow":"follow","max-snippet":"max-snippet:-1","max-image-preview":"max-image-preview:large","max-video-preview":"max-video-preview:-1"},"canonical":"https:\/\/www.erresse-shop.it\/de\/shop\/einrichtung-haus\/dekoartikel\/joseph-joseph-petal-quick-grip-trocknungsbuegel-32-stueck-ecru\/","og_locale":"de_DE","og_type":"article","og_title":"JOSEPH JOSEPH Petal Quick Grip Trocknungsb\u00fcgel 32 St\u00fcck Ecru","og_description":"Entdecken Sie JOSEPH JOSEPH Petal Quick Grip Trocknungsb\u00fcgel 32 St\u00fcck Ecru bei ErresseShop. Qualit\u00e4t, Stil und Funktionalit\u00e4t \u2013 jetzt online bestellen!","og_url":"https:\/\/www.erresse-shop.it\/de\/shop\/einrichtung-haus\/dekoartikel\/joseph-joseph-petal-quick-grip-trocknungsbuegel-32-stueck-ecru\/","og_site_name":"Erresse Shop","article_modified_time":"2025-01-17T07:54:23+00:00","og_image":[{"width":1200,"height":1200,"url":"https:\/\/www.erresse-shop.it\/wp-content\/uploads\/2024\/10\/JOSEPH-JOSEPH-Petal-Gancio-per-Asciugatura-a-Presa-Rapida-32-pezzi-Ecru.jpg","type":"image\/jpeg"}],"twitter_card":"summary_large_image","schema":{"@context":"https:\/\/schema.org","@graph":[{"@type":"WebPage","@id":"https:\/\/www.erresse-shop.it\/de\/shop\/einrichtung-haus\/dekoartikel\/joseph-joseph-petal-quick-grip-trocknungsbuegel-32-stueck-ecru\/","url":"https:\/\/www.erresse-shop.it\/de\/shop\/einrichtung-haus\/dekoartikel\/joseph-joseph-petal-quick-grip-trocknungsbuegel-32-stueck-ecru\/","name":"JOSEPH JOSEPH Petal Quick Grip Trocknungsb\u00fcgel 32 St\u00fcck Ecru","isPartOf":{"@id":"https:\/\/www.erresse-shop.it\/de\/#website"},"datePublished":"2024-10-03T12:59:30+00:00","dateModified":"2025-01-17T07:54:23+00:00","description":"Entdecken Sie JOSEPH JOSEPH Petal Quick Grip Trocknungsb\u00fcgel 32 St\u00fcck Ecru bei ErresseShop. Qualit\u00e4t, Stil und Funktionalit\u00e4t \u2013 jetzt online bestellen!","breadcrumb":{"@id":"https:\/\/www.erresse-shop.it\/de\/shop\/einrichtung-haus\/dekoartikel\/joseph-joseph-petal-quick-grip-trocknungsbuegel-32-stueck-ecru\/#breadcrumb"},"inLanguage":"de-DE","potentialAction":[{"@type":"ReadAction","target":["https:\/\/www.erresse-shop.it\/de\/shop\/einrichtung-haus\/dekoartikel\/joseph-joseph-petal-quick-grip-trocknungsbuegel-32-stueck-ecru\/"]}]},{"@type":"BreadcrumbList","@id":"https:\/\/www.erresse-shop.it\/de\/shop\/einrichtung-haus\/dekoartikel\/joseph-joseph-petal-quick-grip-trocknungsbuegel-32-stueck-ecru\/#breadcrumb","itemListElement":[{"@type":"ListItem","position":1,"name":"Home","item":"https:\/\/www.erresse-shop.it\/de\/"},{"@type":"ListItem","position":2,"name":"Shop","item":"https:\/\/www.erresse-shop.it\/de\/shop\/"},{"@type":"ListItem","position":3,"name":"JOSEPH JOSEPH Petal Quick Grip Trocknungsb\u00fcgel 32 St\u00fcck Ecru"}]},{"@type":"WebSite","@id":"https:\/\/www.erresse-shop.it\/de\/#website","url":"https:\/\/www.erresse-shop.it\/de\/","name":"Erresse Shop","description":"Articoli di qualit\u00e0 per la casa","potentialAction":[{"@type":"SearchAction","target":{"@type":"EntryPoint","urlTemplate":"https:\/\/www.erresse-shop.it\/de\/?s={search_term_string}"},"query-input":"required name=search_term_string"}],"inLanguage":"de-DE"}]}},"df_price":14.95,"df_sale_price":14.95,"df_regular_price":17.99,"df_image_link":"https:\/\/www.erresse-shop.it\/wp-content\/uploads\/2024\/10\/JOSEPH-JOSEPH-Petal-Gancio-per-Asciugatura-a-Presa-Rapida-32-pezzi-Ecru-300x300.jpg","_links":{"self":[{"href":"https:\/\/www.erresse-shop.it\/de\/wp-json\/wp\/v2\/product\/435779"}],"collection":[{"href":"https:\/\/www.erresse-shop.it\/de\/wp-json\/wp\/v2\/product"}],"about":[{"href":"https:\/\/www.erresse-shop.it\/de\/wp-json\/wp\/v2\/types\/product"}],"wp:featuredmedia":[{"embeddable":true,"href":"https:\/\/www.erresse-shop.it\/de\/wp-json\/wp\/v2\/media\/435792"}],"wp:attachment":[{"href":"https:\/\/www.erresse-shop.it\/de\/wp-json\/wp\/v2\/media?parent=435779"}],"wp:term":[{"taxonomy":"product_cat","embeddable":true,"href":"https:\/\/www.erresse-shop.it\/de\/wp-json\/wp\/v2\/product_cat?post=435779"},{"taxonomy":"product_tag","embeddable":true,"href":"https:\/\/www.erresse-shop.it\/de\/wp-json\/wp\/v2\/product_tag?post=435779"}],"curies":[{"name":"wp","href":"https:\/\/api.w.org\/{rel}","templated":true}]}}