{"id":435441,"date":"2024-10-03T07:20:05","date_gmt":"2024-10-03T07:20:06","guid":{"rendered":"https:\/\/www.erresse-shop.it\/?post_type=product&#038;p=435441"},"modified":"2025-01-22T06:33:34","modified_gmt":"2025-01-22T06:33:34","slug":"villeroy-boch-set-6-dessertteller-toys-delight-24-cm-copia","status":"publish","type":"product","link":"https:\/\/www.erresse-shop.it\/de\/shop\/tisch\/teller-geschirr\/villeroy-boch-set-6-dessertteller-toys-delight-24-cm-copia\/","title":{"rendered":"VILLEROY &#038; BOCH Set 6 Untertassen f\u00fcr Caffelatte-Tassen Toy&#8217;s Delight Special 19 cm"},"content":{"rendered":"<p><strong>SP\u00dcLMASCHINENGEEIGNET<\/strong><br \/>\n<strong>Material<\/strong>: Hochwertiges Porzellan<br \/>\n<strong>Mikrowellengeeignet<\/strong>: Ja<\/p>\n<p><strong>Fr\u00f6hliche Latte Cup Untertasse mit Retro-Weihnachtsdekoration<\/strong><br \/>\nMit der Toy&#8217;s Delight-Kollektion bringen Sie nostalgische Weihnachtsstimmung in Ihr Zuhause. Das Porzellan ist mit h\u00fcbschen roten, gr\u00fcnen und wei\u00dfen Motiven verziert und weckt Kindheitserinnerungen. Die Untertasse f\u00fcr die Milchkaffeetasse verleiht mit ihrem detailreichen Dekor jeder Weihnachtstafel eine unvergessliche Note. Made in Germany: Dekorieren Sie Ihr Zuhause und Ihren Tisch stilvoll f\u00fcr die Feiertage f\u00fcr Jung und Alt.<\/p>\n","protected":false},"excerpt":{"rendered":"<p>SP\u00dcLMASCHINENGEEIGNET Material: Hochwertiges Porzellan Mikrowellengeeignet: Ja Fr\u00f6hliche Latte Cup Untertasse mit Retro-Weihnachtsdekoration Mit der Toy&#8217;s Delight-Kollektion bringen Sie nostalgische Weihnachtsstimmung<\/p>\n","protected":false},"featured_media":435472,"template":"","meta":{"_acf_changed":false,"inline_featured_image":false},"product_cat":[6793,6787],"product_tag":[23911,20502,21946,14281,20504,20503],"acf":[],"yoast_head":"<!-- This site is optimized with the Yoast SEO Premium plugin v18.6 (Yoast SEO v19.13) - https:\/\/yoast.com\/wordpress\/plugins\/seo\/ -->\n<title>VILLEROY &amp; BOCH Set 6 Untertassen f\u00fcr Caffelatte-Tassen Toy&#039;s Delight Special 19 cm<\/title>\n<meta name=\"description\" content=\"Entdecken Sie VILLEROY &amp; BOCH Set 6 Untertassen f\u00fcr Caffelatte-Tassen Toy&#039;s Delight Special 19 cm bei ErresseShop. Qualit\u00e4t, Stil und Funktionalit\u00e4t \u2013 jetzt online bestellen!\" \/>\n<meta name=\"robots\" content=\"index, follow, max-snippet:-1, max-image-preview:large, max-video-preview:-1\" \/>\n<link rel=\"canonical\" href=\"https:\/\/www.erresse-shop.it\/de\/shop\/tisch\/teller-geschirr\/villeroy-boch-set-6-dessertteller-toys-delight-24-cm-copia\/\" \/>\n<meta property=\"og:locale\" content=\"de_DE\" \/>\n<meta property=\"og:type\" content=\"article\" \/>\n<meta property=\"og:title\" content=\"VILLEROY &amp; BOCH Set 6 Untertassen f\u00fcr Caffelatte-Tassen Toy&#039;s Delight Special 19 cm\" \/>\n<meta property=\"og:description\" content=\"Entdecken Sie VILLEROY &amp; BOCH Set 6 Untertassen f\u00fcr Caffelatte-Tassen Toy&#039;s Delight Special 19 cm bei ErresseShop. Qualit\u00e4t, Stil und Funktionalit\u00e4t \u2013 jetzt online bestellen!\" \/>\n<meta property=\"og:url\" content=\"https:\/\/www.erresse-shop.it\/de\/shop\/tisch\/teller-geschirr\/villeroy-boch-set-6-dessertteller-toys-delight-24-cm-copia\/\" \/>\n<meta property=\"og:site_name\" content=\"Erresse Shop\" \/>\n<meta property=\"article:modified_time\" content=\"2025-01-22T06:33:34+00:00\" \/>\n<meta property=\"og:image\" content=\"https:\/\/www.erresse-shop.it\/wp-content\/uploads\/2024\/10\/VILLEROY-BOCH-Set-6-Piattini-Caffelatte-Toys-Delight-Special-19-cm-1.jpg\" \/>\n\t<meta property=\"og:image:width\" content=\"1200\" \/>\n\t<meta property=\"og:image:height\" content=\"1200\" \/>\n\t<meta property=\"og:image:type\" content=\"image\/jpeg\" \/>\n<meta name=\"twitter:card\" content=\"summary_large_image\" \/>\n<script type=\"application\/ld+json\" class=\"yoast-schema-graph\">{\"@context\":\"https:\/\/schema.org\",\"@graph\":[{\"@type\":\"WebPage\",\"@id\":\"https:\/\/www.erresse-shop.it\/de\/shop\/tisch\/teller-geschirr\/villeroy-boch-set-6-dessertteller-toys-delight-24-cm-copia\/\",\"url\":\"https:\/\/www.erresse-shop.it\/de\/shop\/tisch\/teller-geschirr\/villeroy-boch-set-6-dessertteller-toys-delight-24-cm-copia\/\",\"name\":\"VILLEROY & BOCH Set 6 Untertassen f\u00fcr Caffelatte-Tassen Toy's Delight Special 19 cm\",\"isPartOf\":{\"@id\":\"https:\/\/www.erresse-shop.it\/de\/#website\"},\"datePublished\":\"2024-10-03T07:20:06+00:00\",\"dateModified\":\"2025-01-22T06:33:34+00:00\",\"description\":\"Entdecken Sie VILLEROY & BOCH Set 6 Untertassen f\u00fcr Caffelatte-Tassen Toy's Delight Special 19 cm bei ErresseShop. Qualit\u00e4t, Stil und Funktionalit\u00e4t \u2013 jetzt online bestellen!\",\"breadcrumb\":{\"@id\":\"https:\/\/www.erresse-shop.it\/de\/shop\/tisch\/teller-geschirr\/villeroy-boch-set-6-dessertteller-toys-delight-24-cm-copia\/#breadcrumb\"},\"inLanguage\":\"de-DE\",\"potentialAction\":[{\"@type\":\"ReadAction\",\"target\":[\"https:\/\/www.erresse-shop.it\/de\/shop\/tisch\/teller-geschirr\/villeroy-boch-set-6-dessertteller-toys-delight-24-cm-copia\/\"]}]},{\"@type\":\"BreadcrumbList\",\"@id\":\"https:\/\/www.erresse-shop.it\/de\/shop\/tisch\/teller-geschirr\/villeroy-boch-set-6-dessertteller-toys-delight-24-cm-copia\/#breadcrumb\",\"itemListElement\":[{\"@type\":\"ListItem\",\"position\":1,\"name\":\"Home\",\"item\":\"https:\/\/www.erresse-shop.it\/de\/\"},{\"@type\":\"ListItem\",\"position\":2,\"name\":\"Shop\",\"item\":\"https:\/\/www.erresse-shop.it\/de\/shop\/\"},{\"@type\":\"ListItem\",\"position\":3,\"name\":\"VILLEROY &#038; BOCH Set 6 Untertassen f\u00fcr Caffelatte-Tassen Toy&#8217;s Delight Special 19 cm\"}]},{\"@type\":\"WebSite\",\"@id\":\"https:\/\/www.erresse-shop.it\/de\/#website\",\"url\":\"https:\/\/www.erresse-shop.it\/de\/\",\"name\":\"Erresse Shop\",\"description\":\"Articoli di qualit\u00e0 per la casa\",\"potentialAction\":[{\"@type\":\"SearchAction\",\"target\":{\"@type\":\"EntryPoint\",\"urlTemplate\":\"https:\/\/www.erresse-shop.it\/de\/?s={search_term_string}\"},\"query-input\":\"required name=search_term_string\"}],\"inLanguage\":\"de-DE\"}]}<\/script>\n<!-- \/ Yoast SEO Premium plugin. -->","yoast_head_json":{"title":"VILLEROY & BOCH Set 6 Untertassen f\u00fcr Caffelatte-Tassen Toy's Delight Special 19 cm","description":"Entdecken Sie VILLEROY & BOCH Set 6 Untertassen f\u00fcr Caffelatte-Tassen Toy's Delight Special 19 cm bei ErresseShop. Qualit\u00e4t, Stil und Funktionalit\u00e4t \u2013 jetzt online bestellen!","robots":{"index":"index","follow":"follow","max-snippet":"max-snippet:-1","max-image-preview":"max-image-preview:large","max-video-preview":"max-video-preview:-1"},"canonical":"https:\/\/www.erresse-shop.it\/de\/shop\/tisch\/teller-geschirr\/villeroy-boch-set-6-dessertteller-toys-delight-24-cm-copia\/","og_locale":"de_DE","og_type":"article","og_title":"VILLEROY & BOCH Set 6 Untertassen f\u00fcr Caffelatte-Tassen Toy's Delight Special 19 cm","og_description":"Entdecken Sie VILLEROY & BOCH Set 6 Untertassen f\u00fcr Caffelatte-Tassen Toy's Delight Special 19 cm bei ErresseShop. Qualit\u00e4t, Stil und Funktionalit\u00e4t \u2013 jetzt online bestellen!","og_url":"https:\/\/www.erresse-shop.it\/de\/shop\/tisch\/teller-geschirr\/villeroy-boch-set-6-dessertteller-toys-delight-24-cm-copia\/","og_site_name":"Erresse Shop","article_modified_time":"2025-01-22T06:33:34+00:00","og_image":[{"width":1200,"height":1200,"url":"https:\/\/www.erresse-shop.it\/wp-content\/uploads\/2024\/10\/VILLEROY-BOCH-Set-6-Piattini-Caffelatte-Toys-Delight-Special-19-cm-1.jpg","type":"image\/jpeg"}],"twitter_card":"summary_large_image","schema":{"@context":"https:\/\/schema.org","@graph":[{"@type":"WebPage","@id":"https:\/\/www.erresse-shop.it\/de\/shop\/tisch\/teller-geschirr\/villeroy-boch-set-6-dessertteller-toys-delight-24-cm-copia\/","url":"https:\/\/www.erresse-shop.it\/de\/shop\/tisch\/teller-geschirr\/villeroy-boch-set-6-dessertteller-toys-delight-24-cm-copia\/","name":"VILLEROY & BOCH Set 6 Untertassen f\u00fcr Caffelatte-Tassen Toy's Delight Special 19 cm","isPartOf":{"@id":"https:\/\/www.erresse-shop.it\/de\/#website"},"datePublished":"2024-10-03T07:20:06+00:00","dateModified":"2025-01-22T06:33:34+00:00","description":"Entdecken Sie VILLEROY & BOCH Set 6 Untertassen f\u00fcr Caffelatte-Tassen Toy's Delight Special 19 cm bei ErresseShop. Qualit\u00e4t, Stil und Funktionalit\u00e4t \u2013 jetzt online bestellen!","breadcrumb":{"@id":"https:\/\/www.erresse-shop.it\/de\/shop\/tisch\/teller-geschirr\/villeroy-boch-set-6-dessertteller-toys-delight-24-cm-copia\/#breadcrumb"},"inLanguage":"de-DE","potentialAction":[{"@type":"ReadAction","target":["https:\/\/www.erresse-shop.it\/de\/shop\/tisch\/teller-geschirr\/villeroy-boch-set-6-dessertteller-toys-delight-24-cm-copia\/"]}]},{"@type":"BreadcrumbList","@id":"https:\/\/www.erresse-shop.it\/de\/shop\/tisch\/teller-geschirr\/villeroy-boch-set-6-dessertteller-toys-delight-24-cm-copia\/#breadcrumb","itemListElement":[{"@type":"ListItem","position":1,"name":"Home","item":"https:\/\/www.erresse-shop.it\/de\/"},{"@type":"ListItem","position":2,"name":"Shop","item":"https:\/\/www.erresse-shop.it\/de\/shop\/"},{"@type":"ListItem","position":3,"name":"VILLEROY &#038; BOCH Set 6 Untertassen f\u00fcr Caffelatte-Tassen Toy&#8217;s Delight Special 19 cm"}]},{"@type":"WebSite","@id":"https:\/\/www.erresse-shop.it\/de\/#website","url":"https:\/\/www.erresse-shop.it\/de\/","name":"Erresse Shop","description":"Articoli di qualit\u00e0 per la casa","potentialAction":[{"@type":"SearchAction","target":{"@type":"EntryPoint","urlTemplate":"https:\/\/www.erresse-shop.it\/de\/?s={search_term_string}"},"query-input":"required name=search_term_string"}],"inLanguage":"de-DE"}]}},"df_price":49,"df_sale_price":49,"df_regular_price":108,"df_image_link":"https:\/\/www.erresse-shop.it\/wp-content\/uploads\/2024\/10\/VILLEROY-BOCH-Set-6-Piattini-Caffelatte-Toys-Delight-Special-19-cm-1-300x300.jpg","_links":{"self":[{"href":"https:\/\/www.erresse-shop.it\/de\/wp-json\/wp\/v2\/product\/435441"}],"collection":[{"href":"https:\/\/www.erresse-shop.it\/de\/wp-json\/wp\/v2\/product"}],"about":[{"href":"https:\/\/www.erresse-shop.it\/de\/wp-json\/wp\/v2\/types\/product"}],"wp:featuredmedia":[{"embeddable":true,"href":"https:\/\/www.erresse-shop.it\/de\/wp-json\/wp\/v2\/media\/435472"}],"wp:attachment":[{"href":"https:\/\/www.erresse-shop.it\/de\/wp-json\/wp\/v2\/media?parent=435441"}],"wp:term":[{"taxonomy":"product_cat","embeddable":true,"href":"https:\/\/www.erresse-shop.it\/de\/wp-json\/wp\/v2\/product_cat?post=435441"},{"taxonomy":"product_tag","embeddable":true,"href":"https:\/\/www.erresse-shop.it\/de\/wp-json\/wp\/v2\/product_tag?post=435441"}],"curies":[{"name":"wp","href":"https:\/\/api.w.org\/{rel}","templated":true}]}}