{"id":432035,"date":"2024-09-19T12:28:33","date_gmt":"2024-09-19T12:28:33","guid":{"rendered":"https:\/\/www.erresse-shop.it\/?post_type=product&#038;p=432035"},"modified":"2025-01-17T10:59:13","modified_gmt":"2025-01-17T10:59:13","slug":"les-jardins-de-la-comtesse-picknickkorb-4-personen-champs-elysees-gruen","status":"publish","type":"product","link":"https:\/\/www.erresse-shop.it\/de\/shop\/tisch\/picknickkoerbe\/les-jardins-de-la-comtesse-picknickkorb-4-personen-champs-elysees-gruen\/","title":{"rendered":"LES JARDINS DE LA COMTESSE Picknickkorb 4 Personen Champs-Elys\u00e9es Gr\u00fcn"},"content":{"rendered":"<p>Dieser Picknickkorb aus echtem Leder mit gen\u00e4hten Blumen, Porzellantellern und Stoff mit Monogramm ist die sch\u00f6nste unserer honigfarbenen und ledernen Picknickkoffer aus Korbgeflecht zum Verschenken oder um sich selbst ein ultraschickes Picknick zu g\u00f6nnen. Diese Truhe wurde f\u00fcr Liebhaber schicker Picknicks geschaffen, die gerne mit vielen Freunden oder der Familie zusammenkommen, um einen magischen und famili\u00e4ren Moment zu teilen. Die besondere Honigfarbe wurde durch eine zweifache Dampfbehandlung erhalten, ein Verfahren, das seit Jahrtausenden angewendet wird. Luxus, Tradition und Raffinesse vereinen sich zu einer wahren franz\u00f6sischen Lebenskunst &#8230; Dieser Koffer wurde aus Weidenholz handgefertigt. Geschlossen wird es mit 2 gro\u00dfen, gen\u00e4hten, ges\u00e4umten und metallenen Lederriemen. Ein gro\u00dfer, gen\u00e4hter Ledergriff erm\u00f6glicht ein einfaches Tragen des Koffers. Oben sind zwei Lederstreifen angen\u00e4ht, in die man die Picknickdecke einlegen kann. \u00d6ffnen Sie den Kofferraum und entdecken Sie den Innenraum, der mit einem dunkelgr\u00fcnen Baumwollstoff mit Monogramm bezogen ist. Die Teller bestehen aus echtem Porzellan. Die Gl\u00e4ser werden in ihrem Korbfach ordentlich aufbewahrt und die Weinflasche wird von zwei Lederriemen gehalten. Und das Besteck ist aus poliertem Edelstahl. Die isolierte Lebensmitteltasche ist lang genug, um eine Flasche aufzunehmen.<br \/>\nSeine Teller, Gl\u00e4ser, Besteck und Accessoires sind sp\u00fclmaschinenfest.<\/p>\n<ul>\n<li>4 Teller (20 cm) aus echtem Feinporzellan, monogrammiert mit dem Wappen von Les Jardins de la Comtesse. Die Platten werden durch beidseitig angen\u00e4hte Lederriemen an Ort und Stelle gehalten.<\/li>\n<li>4 gro\u00dfe Weingl\u00e4ser (18 cl), in einzelnen Korbf\u00e4chern angeordnet und von einem Lederband getragen.<\/li>\n<li>4 komplette Designer-Bestecksets aus Edelstahl 18\/0, bestehend aus 4 Messern, 4 Gabeln und 4 Teel\u00f6ffeln, getragen von gen\u00e4hten Lederriemen.<\/li>\n<li>\u00a0Salz- und Pfefferstreuer aus Metall in einer Ledertasche.<\/li>\n<li>Ein Korkenzieher, ein Reifen-Bouchon und ein Flaschen\u00f6ffner, aufbewahrt in einer Ledertasche.<\/li>\n<li>1 Holzschneidebrett mit passendem Messer, gehalten von Lederriemen.<\/li>\n<li>2 Lederriemen zum Halten einer Flasche<\/li>\n<li>1 gro\u00dfes isothermisches Fach (34 x 18 x 15 cm) zur Aufbewahrung von Lebensmitteln und einer Flasche Wein.<\/li>\n<li>4 dunkelgr\u00fcne Baumwollservietten mit Monogramm, 30 x 30 cm<\/li>\n<li>1 dunkelgr\u00fcne, wasserfest beschichtete Plane 140 x 140 cm<\/li>\n<li>1 kleine Tasche zur Aufbewahrung von schmutzigem Geschirr<\/li>\n<\/ul>\n<p>&#8211; L\u00e4nge: 60 cm<br \/>\n&#8211; Breite: 38 cm<br \/>\n&#8211; H\u00f6he: 23 cm<br \/>\n&#8211; Gewicht: 7,06 kg<\/p>\n","protected":false},"excerpt":{"rendered":"<p>Dieser Picknickkorb aus echtem Leder mit gen\u00e4hten Blumen, Porzellantellern und Stoff mit Monogramm ist die sch\u00f6nste unserer honigfarbenen und ledernen<\/p>\n","protected":false},"featured_media":436875,"template":"","meta":{"_acf_changed":false,"inline_featured_image":false},"product_cat":[6787,15508],"product_tag":[25038,13379,24398,24604,13487,15501,25022],"acf":[],"yoast_head":"<!-- This site is optimized with the Yoast SEO Premium plugin v18.6 (Yoast SEO v19.13) - https:\/\/yoast.com\/wordpress\/plugins\/seo\/ -->\n<title>LES JARDINS DE LA COMTESSE Picknickkorb 4 Personen Champs-Elys\u00e9es Gr\u00fcn<\/title>\n<meta name=\"description\" content=\"Entdecken Sie LES JARDINS DE LA COMTESSE Picknickkorb 4 Personen Champs-Elys\u00e9es Gr\u00fcn bei ErresseShop. Qualit\u00e4t, Stil und Funktionalit\u00e4t \u2013 jetzt online bestellen!\" \/>\n<meta name=\"robots\" content=\"index, follow, max-snippet:-1, max-image-preview:large, max-video-preview:-1\" \/>\n<link rel=\"canonical\" href=\"https:\/\/www.erresse-shop.it\/de\/shop\/tisch\/picknickkoerbe\/les-jardins-de-la-comtesse-picknickkorb-4-personen-champs-elysees-gruen\/\" \/>\n<meta property=\"og:locale\" content=\"de_DE\" \/>\n<meta property=\"og:type\" content=\"article\" \/>\n<meta property=\"og:title\" content=\"LES JARDINS DE LA COMTESSE Picknickkorb 4 Personen Champs-Elys\u00e9es Gr\u00fcn\" \/>\n<meta property=\"og:description\" content=\"Entdecken Sie LES JARDINS DE LA COMTESSE Picknickkorb 4 Personen Champs-Elys\u00e9es Gr\u00fcn bei ErresseShop. Qualit\u00e4t, Stil und Funktionalit\u00e4t \u2013 jetzt online bestellen!\" \/>\n<meta property=\"og:url\" content=\"https:\/\/www.erresse-shop.it\/de\/shop\/tisch\/picknickkoerbe\/les-jardins-de-la-comtesse-picknickkorb-4-personen-champs-elysees-gruen\/\" \/>\n<meta property=\"og:site_name\" content=\"Erresse Shop\" \/>\n<meta property=\"article:modified_time\" content=\"2025-01-17T10:59:13+00:00\" \/>\n<meta property=\"og:image\" content=\"https:\/\/www.erresse-shop.it\/wp-content\/uploads\/2024\/09\/LES-JARDINS-DE-LA-COMTESSE-Cestino-Picnic-4-Persone-Champs-Elysees-verde.jpg\" \/>\n\t<meta property=\"og:image:width\" content=\"1200\" \/>\n\t<meta property=\"og:image:height\" content=\"1200\" \/>\n\t<meta property=\"og:image:type\" content=\"image\/jpeg\" \/>\n<meta name=\"twitter:card\" content=\"summary_large_image\" \/>\n<script type=\"application\/ld+json\" class=\"yoast-schema-graph\">{\"@context\":\"https:\/\/schema.org\",\"@graph\":[{\"@type\":\"WebPage\",\"@id\":\"https:\/\/www.erresse-shop.it\/de\/shop\/tisch\/picknickkoerbe\/les-jardins-de-la-comtesse-picknickkorb-4-personen-champs-elysees-gruen\/\",\"url\":\"https:\/\/www.erresse-shop.it\/de\/shop\/tisch\/picknickkoerbe\/les-jardins-de-la-comtesse-picknickkorb-4-personen-champs-elysees-gruen\/\",\"name\":\"LES JARDINS DE LA COMTESSE Picknickkorb 4 Personen Champs-Elys\u00e9es Gr\u00fcn\",\"isPartOf\":{\"@id\":\"https:\/\/www.erresse-shop.it\/de\/#website\"},\"datePublished\":\"2024-09-19T12:28:33+00:00\",\"dateModified\":\"2025-01-17T10:59:13+00:00\",\"description\":\"Entdecken Sie LES JARDINS DE LA COMTESSE Picknickkorb 4 Personen Champs-Elys\u00e9es Gr\u00fcn bei ErresseShop. Qualit\u00e4t, Stil und Funktionalit\u00e4t \u2013 jetzt online bestellen!\",\"breadcrumb\":{\"@id\":\"https:\/\/www.erresse-shop.it\/de\/shop\/tisch\/picknickkoerbe\/les-jardins-de-la-comtesse-picknickkorb-4-personen-champs-elysees-gruen\/#breadcrumb\"},\"inLanguage\":\"de-DE\",\"potentialAction\":[{\"@type\":\"ReadAction\",\"target\":[\"https:\/\/www.erresse-shop.it\/de\/shop\/tisch\/picknickkoerbe\/les-jardins-de-la-comtesse-picknickkorb-4-personen-champs-elysees-gruen\/\"]}]},{\"@type\":\"BreadcrumbList\",\"@id\":\"https:\/\/www.erresse-shop.it\/de\/shop\/tisch\/picknickkoerbe\/les-jardins-de-la-comtesse-picknickkorb-4-personen-champs-elysees-gruen\/#breadcrumb\",\"itemListElement\":[{\"@type\":\"ListItem\",\"position\":1,\"name\":\"Home\",\"item\":\"https:\/\/www.erresse-shop.it\/de\/\"},{\"@type\":\"ListItem\",\"position\":2,\"name\":\"Shop\",\"item\":\"https:\/\/www.erresse-shop.it\/de\/shop\/\"},{\"@type\":\"ListItem\",\"position\":3,\"name\":\"LES JARDINS DE LA COMTESSE Picknickkorb 4 Personen Champs-Elys\u00e9es Gr\u00fcn\"}]},{\"@type\":\"WebSite\",\"@id\":\"https:\/\/www.erresse-shop.it\/de\/#website\",\"url\":\"https:\/\/www.erresse-shop.it\/de\/\",\"name\":\"Erresse Shop\",\"description\":\"Articoli di qualit\u00e0 per la casa\",\"potentialAction\":[{\"@type\":\"SearchAction\",\"target\":{\"@type\":\"EntryPoint\",\"urlTemplate\":\"https:\/\/www.erresse-shop.it\/de\/?s={search_term_string}\"},\"query-input\":\"required name=search_term_string\"}],\"inLanguage\":\"de-DE\"}]}<\/script>\n<!-- \/ Yoast SEO Premium plugin. -->","yoast_head_json":{"title":"LES JARDINS DE LA COMTESSE Picknickkorb 4 Personen Champs-Elys\u00e9es Gr\u00fcn","description":"Entdecken Sie LES JARDINS DE LA COMTESSE Picknickkorb 4 Personen Champs-Elys\u00e9es Gr\u00fcn bei ErresseShop. Qualit\u00e4t, Stil und Funktionalit\u00e4t \u2013 jetzt online bestellen!","robots":{"index":"index","follow":"follow","max-snippet":"max-snippet:-1","max-image-preview":"max-image-preview:large","max-video-preview":"max-video-preview:-1"},"canonical":"https:\/\/www.erresse-shop.it\/de\/shop\/tisch\/picknickkoerbe\/les-jardins-de-la-comtesse-picknickkorb-4-personen-champs-elysees-gruen\/","og_locale":"de_DE","og_type":"article","og_title":"LES JARDINS DE LA COMTESSE Picknickkorb 4 Personen Champs-Elys\u00e9es Gr\u00fcn","og_description":"Entdecken Sie LES JARDINS DE LA COMTESSE Picknickkorb 4 Personen Champs-Elys\u00e9es Gr\u00fcn bei ErresseShop. Qualit\u00e4t, Stil und Funktionalit\u00e4t \u2013 jetzt online bestellen!","og_url":"https:\/\/www.erresse-shop.it\/de\/shop\/tisch\/picknickkoerbe\/les-jardins-de-la-comtesse-picknickkorb-4-personen-champs-elysees-gruen\/","og_site_name":"Erresse Shop","article_modified_time":"2025-01-17T10:59:13+00:00","og_image":[{"width":1200,"height":1200,"url":"https:\/\/www.erresse-shop.it\/wp-content\/uploads\/2024\/09\/LES-JARDINS-DE-LA-COMTESSE-Cestino-Picnic-4-Persone-Champs-Elysees-verde.jpg","type":"image\/jpeg"}],"twitter_card":"summary_large_image","schema":{"@context":"https:\/\/schema.org","@graph":[{"@type":"WebPage","@id":"https:\/\/www.erresse-shop.it\/de\/shop\/tisch\/picknickkoerbe\/les-jardins-de-la-comtesse-picknickkorb-4-personen-champs-elysees-gruen\/","url":"https:\/\/www.erresse-shop.it\/de\/shop\/tisch\/picknickkoerbe\/les-jardins-de-la-comtesse-picknickkorb-4-personen-champs-elysees-gruen\/","name":"LES JARDINS DE LA COMTESSE Picknickkorb 4 Personen Champs-Elys\u00e9es Gr\u00fcn","isPartOf":{"@id":"https:\/\/www.erresse-shop.it\/de\/#website"},"datePublished":"2024-09-19T12:28:33+00:00","dateModified":"2025-01-17T10:59:13+00:00","description":"Entdecken Sie LES JARDINS DE LA COMTESSE Picknickkorb 4 Personen Champs-Elys\u00e9es Gr\u00fcn bei ErresseShop. Qualit\u00e4t, Stil und Funktionalit\u00e4t \u2013 jetzt online bestellen!","breadcrumb":{"@id":"https:\/\/www.erresse-shop.it\/de\/shop\/tisch\/picknickkoerbe\/les-jardins-de-la-comtesse-picknickkorb-4-personen-champs-elysees-gruen\/#breadcrumb"},"inLanguage":"de-DE","potentialAction":[{"@type":"ReadAction","target":["https:\/\/www.erresse-shop.it\/de\/shop\/tisch\/picknickkoerbe\/les-jardins-de-la-comtesse-picknickkorb-4-personen-champs-elysees-gruen\/"]}]},{"@type":"BreadcrumbList","@id":"https:\/\/www.erresse-shop.it\/de\/shop\/tisch\/picknickkoerbe\/les-jardins-de-la-comtesse-picknickkorb-4-personen-champs-elysees-gruen\/#breadcrumb","itemListElement":[{"@type":"ListItem","position":1,"name":"Home","item":"https:\/\/www.erresse-shop.it\/de\/"},{"@type":"ListItem","position":2,"name":"Shop","item":"https:\/\/www.erresse-shop.it\/de\/shop\/"},{"@type":"ListItem","position":3,"name":"LES JARDINS DE LA COMTESSE Picknickkorb 4 Personen Champs-Elys\u00e9es Gr\u00fcn"}]},{"@type":"WebSite","@id":"https:\/\/www.erresse-shop.it\/de\/#website","url":"https:\/\/www.erresse-shop.it\/de\/","name":"Erresse Shop","description":"Articoli di qualit\u00e0 per la casa","potentialAction":[{"@type":"SearchAction","target":{"@type":"EntryPoint","urlTemplate":"https:\/\/www.erresse-shop.it\/de\/?s={search_term_string}"},"query-input":"required name=search_term_string"}],"inLanguage":"de-DE"}]}},"df_price":156.20000000000002,"df_sale_price":156.20000000000002,"df_regular_price":284,"df_image_link":"https:\/\/www.erresse-shop.it\/wp-content\/uploads\/2024\/09\/LES-JARDINS-DE-LA-COMTESSE-Cestino-Picnic-4-Persone-Champs-Elysees-verde-300x300.jpg","_links":{"self":[{"href":"https:\/\/www.erresse-shop.it\/de\/wp-json\/wp\/v2\/product\/432035"}],"collection":[{"href":"https:\/\/www.erresse-shop.it\/de\/wp-json\/wp\/v2\/product"}],"about":[{"href":"https:\/\/www.erresse-shop.it\/de\/wp-json\/wp\/v2\/types\/product"}],"wp:featuredmedia":[{"embeddable":true,"href":"https:\/\/www.erresse-shop.it\/de\/wp-json\/wp\/v2\/media\/436875"}],"wp:attachment":[{"href":"https:\/\/www.erresse-shop.it\/de\/wp-json\/wp\/v2\/media?parent=432035"}],"wp:term":[{"taxonomy":"product_cat","embeddable":true,"href":"https:\/\/www.erresse-shop.it\/de\/wp-json\/wp\/v2\/product_cat?post=432035"},{"taxonomy":"product_tag","embeddable":true,"href":"https:\/\/www.erresse-shop.it\/de\/wp-json\/wp\/v2\/product_tag?post=432035"}],"curies":[{"name":"wp","href":"https:\/\/api.w.org\/{rel}","templated":true}]}}