{"id":431839,"date":"2024-09-19T07:39:14","date_gmt":"2024-09-19T07:39:15","guid":{"rendered":"https:\/\/www.erresse-shop.it\/?post_type=product&#038;p=431839"},"modified":"2025-01-16T09:00:32","modified_gmt":"2025-01-16T09:00:32","slug":"boska-elektrisches-fondue-set-pro-12-teilig","status":"publish","type":"product","link":"https:\/\/www.erresse-shop.it\/de\/shop\/kuche\/zubehor-fur-die-kuche\/boska-elektrisches-fondue-set-pro-12-teilig\/","title":{"rendered":"BOSKA Elektrisches Fondue-Set Pro 12-teilig"},"content":{"rendered":"<p>Mit diesem eleganten und langlebigen Fondue-Set (220 V) haben Sie das ideale Set f\u00fcr alle Arten von Fondue (Schokolade, K\u00e4se, Br\u00fche oder Bourguignonne). Au\u00dferdem brauchen Sie keinen Herd, der Topf heizt sich selbst auf. Der elektrische Fonduetopf aus Gusseisen mit Antihaft-Emaille-Beschichtung hat ein Fassungsverm\u00f6gen von 2,15 Litern. Dank des Rechauds mit praktischer Temperaturregelung finden Sie immer die ideale Temperatur f\u00fcr Ihren Fondueabend. Das Ger\u00e4t h\u00e4lt die gew\u00e4hlte Temperatur und garantiert stundenlanges, unbeschwertes Vergn\u00fcgen. Ebenfalls im Lieferumfang enthalten sind 8 Fonduegabeln aus Edelstahl mit Eichenholzgriffen, 1 Spritzschutz und eine Unterlage aus Eichenholz.<\/p>\n<p><strong>Technische Daten<\/strong><\/p>\n<p>Farbe: Schwarz<br \/>\nMaterial: Gusseisen, Eiche<br \/>\nAbmessungen des Produkts: \u00d840&#215;28,5 cm<\/p>\n","protected":false},"excerpt":{"rendered":"<p>Mit diesem eleganten und langlebigen Fondue-Set (220 V) haben Sie das ideale Set f\u00fcr alle Arten von Fondue (Schokolade, K\u00e4se,<\/p>\n","protected":false},"featured_media":436832,"template":"","meta":{"_acf_changed":false,"inline_featured_image":false},"product_cat":[6742,6745],"product_tag":[14105],"acf":[],"yoast_head":"<!-- This site is optimized with the Yoast SEO Premium plugin v18.6 (Yoast SEO v19.13) - https:\/\/yoast.com\/wordpress\/plugins\/seo\/ -->\n<title>BOSKA Elektrisches Fondue-Set Pro 12-teilig<\/title>\n<meta name=\"description\" content=\"Entdecken Sie BOSKA Elektrisches Fondue-Set Pro 12-teilig bei ErresseShop. Qualit\u00e4t, Stil und Funktionalit\u00e4t \u2013 jetzt online bestellen!\" \/>\n<meta name=\"robots\" content=\"index, follow, max-snippet:-1, max-image-preview:large, max-video-preview:-1\" \/>\n<link rel=\"canonical\" href=\"https:\/\/www.erresse-shop.it\/de\/shop\/kuche\/zubehor-fur-die-kuche\/boska-elektrisches-fondue-set-pro-12-teilig\/\" \/>\n<meta property=\"og:locale\" content=\"de_DE\" \/>\n<meta property=\"og:type\" content=\"article\" \/>\n<meta property=\"og:title\" content=\"BOSKA Elektrisches Fondue-Set Pro 12-teilig\" \/>\n<meta property=\"og:description\" content=\"Entdecken Sie BOSKA Elektrisches Fondue-Set Pro 12-teilig bei ErresseShop. Qualit\u00e4t, Stil und Funktionalit\u00e4t \u2013 jetzt online bestellen!\" \/>\n<meta property=\"og:url\" content=\"https:\/\/www.erresse-shop.it\/de\/shop\/kuche\/zubehor-fur-die-kuche\/boska-elektrisches-fondue-set-pro-12-teilig\/\" \/>\n<meta property=\"og:site_name\" content=\"Erresse Shop\" \/>\n<meta property=\"article:modified_time\" content=\"2025-01-16T09:00:32+00:00\" \/>\n<meta property=\"og:image\" content=\"https:\/\/www.erresse-shop.it\/wp-content\/uploads\/2024\/09\/BOSKA-Set-Fonduta-Elettrico-Pro-12-Pezzi.jpg\" \/>\n\t<meta property=\"og:image:width\" content=\"1200\" \/>\n\t<meta property=\"og:image:height\" content=\"1200\" \/>\n\t<meta property=\"og:image:type\" content=\"image\/jpeg\" \/>\n<meta name=\"twitter:card\" content=\"summary_large_image\" \/>\n<script type=\"application\/ld+json\" class=\"yoast-schema-graph\">{\"@context\":\"https:\/\/schema.org\",\"@graph\":[{\"@type\":\"WebPage\",\"@id\":\"https:\/\/www.erresse-shop.it\/de\/shop\/kuche\/zubehor-fur-die-kuche\/boska-elektrisches-fondue-set-pro-12-teilig\/\",\"url\":\"https:\/\/www.erresse-shop.it\/de\/shop\/kuche\/zubehor-fur-die-kuche\/boska-elektrisches-fondue-set-pro-12-teilig\/\",\"name\":\"BOSKA Elektrisches Fondue-Set Pro 12-teilig\",\"isPartOf\":{\"@id\":\"https:\/\/www.erresse-shop.it\/de\/#website\"},\"datePublished\":\"2024-09-19T07:39:15+00:00\",\"dateModified\":\"2025-01-16T09:00:32+00:00\",\"description\":\"Entdecken Sie BOSKA Elektrisches Fondue-Set Pro 12-teilig bei ErresseShop. Qualit\u00e4t, Stil und Funktionalit\u00e4t \u2013 jetzt online bestellen!\",\"breadcrumb\":{\"@id\":\"https:\/\/www.erresse-shop.it\/de\/shop\/kuche\/zubehor-fur-die-kuche\/boska-elektrisches-fondue-set-pro-12-teilig\/#breadcrumb\"},\"inLanguage\":\"de-DE\",\"potentialAction\":[{\"@type\":\"ReadAction\",\"target\":[\"https:\/\/www.erresse-shop.it\/de\/shop\/kuche\/zubehor-fur-die-kuche\/boska-elektrisches-fondue-set-pro-12-teilig\/\"]}]},{\"@type\":\"BreadcrumbList\",\"@id\":\"https:\/\/www.erresse-shop.it\/de\/shop\/kuche\/zubehor-fur-die-kuche\/boska-elektrisches-fondue-set-pro-12-teilig\/#breadcrumb\",\"itemListElement\":[{\"@type\":\"ListItem\",\"position\":1,\"name\":\"Home\",\"item\":\"https:\/\/www.erresse-shop.it\/de\/\"},{\"@type\":\"ListItem\",\"position\":2,\"name\":\"Shop\",\"item\":\"https:\/\/www.erresse-shop.it\/de\/shop\/\"},{\"@type\":\"ListItem\",\"position\":3,\"name\":\"BOSKA Elektrisches Fondue-Set Pro 12-teilig\"}]},{\"@type\":\"WebSite\",\"@id\":\"https:\/\/www.erresse-shop.it\/de\/#website\",\"url\":\"https:\/\/www.erresse-shop.it\/de\/\",\"name\":\"Erresse Shop\",\"description\":\"Articoli di qualit\u00e0 per la casa\",\"potentialAction\":[{\"@type\":\"SearchAction\",\"target\":{\"@type\":\"EntryPoint\",\"urlTemplate\":\"https:\/\/www.erresse-shop.it\/de\/?s={search_term_string}\"},\"query-input\":\"required name=search_term_string\"}],\"inLanguage\":\"de-DE\"}]}<\/script>\n<!-- \/ Yoast SEO Premium plugin. -->","yoast_head_json":{"title":"BOSKA Elektrisches Fondue-Set Pro 12-teilig","description":"Entdecken Sie BOSKA Elektrisches Fondue-Set Pro 12-teilig bei ErresseShop. Qualit\u00e4t, Stil und Funktionalit\u00e4t \u2013 jetzt online bestellen!","robots":{"index":"index","follow":"follow","max-snippet":"max-snippet:-1","max-image-preview":"max-image-preview:large","max-video-preview":"max-video-preview:-1"},"canonical":"https:\/\/www.erresse-shop.it\/de\/shop\/kuche\/zubehor-fur-die-kuche\/boska-elektrisches-fondue-set-pro-12-teilig\/","og_locale":"de_DE","og_type":"article","og_title":"BOSKA Elektrisches Fondue-Set Pro 12-teilig","og_description":"Entdecken Sie BOSKA Elektrisches Fondue-Set Pro 12-teilig bei ErresseShop. Qualit\u00e4t, Stil und Funktionalit\u00e4t \u2013 jetzt online bestellen!","og_url":"https:\/\/www.erresse-shop.it\/de\/shop\/kuche\/zubehor-fur-die-kuche\/boska-elektrisches-fondue-set-pro-12-teilig\/","og_site_name":"Erresse Shop","article_modified_time":"2025-01-16T09:00:32+00:00","og_image":[{"width":1200,"height":1200,"url":"https:\/\/www.erresse-shop.it\/wp-content\/uploads\/2024\/09\/BOSKA-Set-Fonduta-Elettrico-Pro-12-Pezzi.jpg","type":"image\/jpeg"}],"twitter_card":"summary_large_image","schema":{"@context":"https:\/\/schema.org","@graph":[{"@type":"WebPage","@id":"https:\/\/www.erresse-shop.it\/de\/shop\/kuche\/zubehor-fur-die-kuche\/boska-elektrisches-fondue-set-pro-12-teilig\/","url":"https:\/\/www.erresse-shop.it\/de\/shop\/kuche\/zubehor-fur-die-kuche\/boska-elektrisches-fondue-set-pro-12-teilig\/","name":"BOSKA Elektrisches Fondue-Set Pro 12-teilig","isPartOf":{"@id":"https:\/\/www.erresse-shop.it\/de\/#website"},"datePublished":"2024-09-19T07:39:15+00:00","dateModified":"2025-01-16T09:00:32+00:00","description":"Entdecken Sie BOSKA Elektrisches Fondue-Set Pro 12-teilig bei ErresseShop. Qualit\u00e4t, Stil und Funktionalit\u00e4t \u2013 jetzt online bestellen!","breadcrumb":{"@id":"https:\/\/www.erresse-shop.it\/de\/shop\/kuche\/zubehor-fur-die-kuche\/boska-elektrisches-fondue-set-pro-12-teilig\/#breadcrumb"},"inLanguage":"de-DE","potentialAction":[{"@type":"ReadAction","target":["https:\/\/www.erresse-shop.it\/de\/shop\/kuche\/zubehor-fur-die-kuche\/boska-elektrisches-fondue-set-pro-12-teilig\/"]}]},{"@type":"BreadcrumbList","@id":"https:\/\/www.erresse-shop.it\/de\/shop\/kuche\/zubehor-fur-die-kuche\/boska-elektrisches-fondue-set-pro-12-teilig\/#breadcrumb","itemListElement":[{"@type":"ListItem","position":1,"name":"Home","item":"https:\/\/www.erresse-shop.it\/de\/"},{"@type":"ListItem","position":2,"name":"Shop","item":"https:\/\/www.erresse-shop.it\/de\/shop\/"},{"@type":"ListItem","position":3,"name":"BOSKA Elektrisches Fondue-Set Pro 12-teilig"}]},{"@type":"WebSite","@id":"https:\/\/www.erresse-shop.it\/de\/#website","url":"https:\/\/www.erresse-shop.it\/de\/","name":"Erresse Shop","description":"Articoli di qualit\u00e0 per la casa","potentialAction":[{"@type":"SearchAction","target":{"@type":"EntryPoint","urlTemplate":"https:\/\/www.erresse-shop.it\/de\/?s={search_term_string}"},"query-input":"required name=search_term_string"}],"inLanguage":"de-DE"}]}},"df_price":179.95,"df_sale_price":179.95,"df_regular_price":219,"df_image_link":"https:\/\/www.erresse-shop.it\/wp-content\/uploads\/2024\/09\/BOSKA-Set-Fonduta-Elettrico-Pro-12-Pezzi-300x300.jpg","_links":{"self":[{"href":"https:\/\/www.erresse-shop.it\/de\/wp-json\/wp\/v2\/product\/431839"}],"collection":[{"href":"https:\/\/www.erresse-shop.it\/de\/wp-json\/wp\/v2\/product"}],"about":[{"href":"https:\/\/www.erresse-shop.it\/de\/wp-json\/wp\/v2\/types\/product"}],"wp:featuredmedia":[{"embeddable":true,"href":"https:\/\/www.erresse-shop.it\/de\/wp-json\/wp\/v2\/media\/436832"}],"wp:attachment":[{"href":"https:\/\/www.erresse-shop.it\/de\/wp-json\/wp\/v2\/media?parent=431839"}],"wp:term":[{"taxonomy":"product_cat","embeddable":true,"href":"https:\/\/www.erresse-shop.it\/de\/wp-json\/wp\/v2\/product_cat?post=431839"},{"taxonomy":"product_tag","embeddable":true,"href":"https:\/\/www.erresse-shop.it\/de\/wp-json\/wp\/v2\/product_tag?post=431839"}],"curies":[{"name":"wp","href":"https:\/\/api.w.org\/{rel}","templated":true}]}}