{"id":429954,"date":"2024-09-03T09:59:22","date_gmt":"2024-09-03T09:59:23","guid":{"rendered":"https:\/\/www.erresse-shop.it\/?post_type=product&#038;p=429954"},"modified":"2025-01-17T07:54:19","modified_gmt":"2025-01-17T07:54:19","slug":"joseph-joseph-space-antihaft-kasserolle-mit-klappbarem-griff-19-cm-blau","status":"publish","type":"product","link":"https:\/\/www.erresse-shop.it\/de\/shop\/toepfe-pfannen\/toepfe-und-kochtoepfen\/joseph-joseph-space-antihaft-kasserolle-mit-klappbarem-griff-19-cm-blau\/","title":{"rendered":"JOSEPH JOSEPH Space Antihaft-Kasserolle mit klappbarem Griff 19 cm Blau"},"content":{"rendered":"<p>Nicht alle Kocht\u00f6pfe sind gleich. Wir stellen Space vor, unsere revolution\u00e4re Serie von Kochgeschirr in Profiqualit\u00e4t in der Premiumfarbe Midnight Blue.<\/p>\n<ul>\n<li>Die klappbaren Griffe aus Edelstahl verf\u00fcgen \u00fcber die SwingLock\u2122-Technologie, die seit 20 Jahren getestet wird.<\/li>\n<li>Er spart bis zu 50 % mehr Platz als herk\u00f6mmliche Pfannen.<\/li>\n<li>Dickes Aluminiumgeh\u00e4use in Profi-Qualit\u00e4t, backofenfest bis zu 232\u00baC\/450\u00baF.<\/li>\n<li>Ungiftige Keramik-Antihaftbeschichtung, frei von PTFE, PFAS, PFOA, Blei und Cadmium.<\/li>\n<li>Geeignet f\u00fcr alle Herdarten, einschlie\u00dflich Induktion.<\/li>\n<li>Mit einem Deckel aus geh\u00e4rtetem Glas und einem Klappgriff aus Edelstahl.<\/li>\n<li>Die 19 cm gro\u00dfe Kasserolle ist ideal zum Schmoren, K\u00f6cheln und Zubereiten von So\u00dfen.<\/li>\n<\/ul>\n<p><strong>Pflege und Gebrauch:<\/strong><\/p>\n<ul>\n<li>Sp\u00fclmaschinenfest, aber Handw\u00e4sche wird empfohlen, um die Leistung zu verl\u00e4ngern.<\/li>\n<li>Der Topf kann im Backofen bis 232\u02daC (450\u02daF), Gas Mark 8 verwendet werden.<\/li>\n<li>Deckel geeignet f\u00fcr Backofen bis 200\u02daC (392\u02daF), Gas Mark 6<\/li>\n<\/ul>\n<p><strong>Abmessungen:<\/strong><\/p>\n<p>Vollst\u00e4ndig ausgeklappt (mit Deckel): H17,2 x B38 x T19,8 cm (H6,77 x B14,96 x T7,8 Zoll)<\/p>\n<p>Vollst\u00e4ndig zusammengeklappt (ohne Deckel): H13,2 x B22,1 x T19,8 cm (H5,2 x B8,7 x T7,8 Zoll)<\/p>\n","protected":false},"excerpt":{"rendered":"<p>Nicht alle Kocht\u00f6pfe sind gleich. Wir stellen Space vor, unsere revolution\u00e4re Serie von Kochgeschirr in Profiqualit\u00e4t in der Premiumfarbe Midnight<\/p>\n","protected":false},"featured_media":460830,"template":"","meta":{"_acf_changed":false,"inline_featured_image":false},"product_cat":[6709,14776],"product_tag":[25027,11387,25022],"acf":[],"yoast_head":"<!-- This site is optimized with the Yoast SEO Premium plugin v18.6 (Yoast SEO v19.13) - https:\/\/yoast.com\/wordpress\/plugins\/seo\/ -->\n<title>JOSEPH JOSEPH Space Antihaft-Kasserolle mit klappbarem Griff 19 cm Blau<\/title>\n<meta name=\"description\" content=\"Entdecken Sie JOSEPH JOSEPH Space Antihaft-Kasserolle mit klappbarem Griff 19 cm Blau bei ErresseShop. Qualit\u00e4t, Stil und Funktionalit\u00e4t \u2013 jetzt online bestellen!\" \/>\n<meta name=\"robots\" content=\"index, follow, max-snippet:-1, max-image-preview:large, max-video-preview:-1\" \/>\n<link rel=\"canonical\" href=\"https:\/\/www.erresse-shop.it\/de\/shop\/toepfe-pfannen\/toepfe-und-kochtoepfen\/joseph-joseph-space-antihaft-kasserolle-mit-klappbarem-griff-19-cm-blau\/\" \/>\n<meta property=\"og:locale\" content=\"de_DE\" \/>\n<meta property=\"og:type\" content=\"article\" \/>\n<meta property=\"og:title\" content=\"JOSEPH JOSEPH Space Antihaft-Kasserolle mit klappbarem Griff 19 cm Blau\" \/>\n<meta property=\"og:description\" content=\"Entdecken Sie JOSEPH JOSEPH Space Antihaft-Kasserolle mit klappbarem Griff 19 cm Blau bei ErresseShop. Qualit\u00e4t, Stil und Funktionalit\u00e4t \u2013 jetzt online bestellen!\" \/>\n<meta property=\"og:url\" content=\"https:\/\/www.erresse-shop.it\/de\/shop\/toepfe-pfannen\/toepfe-und-kochtoepfen\/joseph-joseph-space-antihaft-kasserolle-mit-klappbarem-griff-19-cm-blau\/\" \/>\n<meta property=\"og:site_name\" content=\"Erresse Shop\" \/>\n<meta property=\"article:modified_time\" content=\"2025-01-17T07:54:19+00:00\" \/>\n<meta property=\"og:image\" content=\"https:\/\/www.erresse-shop.it\/wp-content\/uploads\/2024\/09\/JOSEPH-JOSEPH-Space-Casseruola-Antiaderente-con-Manico-Pieghevole-19-cm-Blu.jpg\" \/>\n\t<meta property=\"og:image:width\" content=\"1200\" \/>\n\t<meta property=\"og:image:height\" content=\"1200\" \/>\n\t<meta property=\"og:image:type\" content=\"image\/jpeg\" \/>\n<meta name=\"twitter:card\" content=\"summary_large_image\" \/>\n<script type=\"application\/ld+json\" class=\"yoast-schema-graph\">{\"@context\":\"https:\/\/schema.org\",\"@graph\":[{\"@type\":\"WebPage\",\"@id\":\"https:\/\/www.erresse-shop.it\/de\/shop\/toepfe-pfannen\/toepfe-und-kochtoepfen\/joseph-joseph-space-antihaft-kasserolle-mit-klappbarem-griff-19-cm-blau\/\",\"url\":\"https:\/\/www.erresse-shop.it\/de\/shop\/toepfe-pfannen\/toepfe-und-kochtoepfen\/joseph-joseph-space-antihaft-kasserolle-mit-klappbarem-griff-19-cm-blau\/\",\"name\":\"JOSEPH JOSEPH Space Antihaft-Kasserolle mit klappbarem Griff 19 cm Blau\",\"isPartOf\":{\"@id\":\"https:\/\/www.erresse-shop.it\/de\/#website\"},\"datePublished\":\"2024-09-03T09:59:23+00:00\",\"dateModified\":\"2025-01-17T07:54:19+00:00\",\"description\":\"Entdecken Sie JOSEPH JOSEPH Space Antihaft-Kasserolle mit klappbarem Griff 19 cm Blau bei ErresseShop. Qualit\u00e4t, Stil und Funktionalit\u00e4t \u2013 jetzt online bestellen!\",\"breadcrumb\":{\"@id\":\"https:\/\/www.erresse-shop.it\/de\/shop\/toepfe-pfannen\/toepfe-und-kochtoepfen\/joseph-joseph-space-antihaft-kasserolle-mit-klappbarem-griff-19-cm-blau\/#breadcrumb\"},\"inLanguage\":\"de-DE\",\"potentialAction\":[{\"@type\":\"ReadAction\",\"target\":[\"https:\/\/www.erresse-shop.it\/de\/shop\/toepfe-pfannen\/toepfe-und-kochtoepfen\/joseph-joseph-space-antihaft-kasserolle-mit-klappbarem-griff-19-cm-blau\/\"]}]},{\"@type\":\"BreadcrumbList\",\"@id\":\"https:\/\/www.erresse-shop.it\/de\/shop\/toepfe-pfannen\/toepfe-und-kochtoepfen\/joseph-joseph-space-antihaft-kasserolle-mit-klappbarem-griff-19-cm-blau\/#breadcrumb\",\"itemListElement\":[{\"@type\":\"ListItem\",\"position\":1,\"name\":\"Home\",\"item\":\"https:\/\/www.erresse-shop.it\/de\/\"},{\"@type\":\"ListItem\",\"position\":2,\"name\":\"Shop\",\"item\":\"https:\/\/www.erresse-shop.it\/de\/shop\/\"},{\"@type\":\"ListItem\",\"position\":3,\"name\":\"JOSEPH JOSEPH Space Antihaft-Kasserolle mit klappbarem Griff 19 cm Blau\"}]},{\"@type\":\"WebSite\",\"@id\":\"https:\/\/www.erresse-shop.it\/de\/#website\",\"url\":\"https:\/\/www.erresse-shop.it\/de\/\",\"name\":\"Erresse Shop\",\"description\":\"Articoli di qualit\u00e0 per la casa\",\"potentialAction\":[{\"@type\":\"SearchAction\",\"target\":{\"@type\":\"EntryPoint\",\"urlTemplate\":\"https:\/\/www.erresse-shop.it\/de\/?s={search_term_string}\"},\"query-input\":\"required name=search_term_string\"}],\"inLanguage\":\"de-DE\"}]}<\/script>\n<!-- \/ Yoast SEO Premium plugin. -->","yoast_head_json":{"title":"JOSEPH JOSEPH Space Antihaft-Kasserolle mit klappbarem Griff 19 cm Blau","description":"Entdecken Sie JOSEPH JOSEPH Space Antihaft-Kasserolle mit klappbarem Griff 19 cm Blau bei ErresseShop. Qualit\u00e4t, Stil und Funktionalit\u00e4t \u2013 jetzt online bestellen!","robots":{"index":"index","follow":"follow","max-snippet":"max-snippet:-1","max-image-preview":"max-image-preview:large","max-video-preview":"max-video-preview:-1"},"canonical":"https:\/\/www.erresse-shop.it\/de\/shop\/toepfe-pfannen\/toepfe-und-kochtoepfen\/joseph-joseph-space-antihaft-kasserolle-mit-klappbarem-griff-19-cm-blau\/","og_locale":"de_DE","og_type":"article","og_title":"JOSEPH JOSEPH Space Antihaft-Kasserolle mit klappbarem Griff 19 cm Blau","og_description":"Entdecken Sie JOSEPH JOSEPH Space Antihaft-Kasserolle mit klappbarem Griff 19 cm Blau bei ErresseShop. Qualit\u00e4t, Stil und Funktionalit\u00e4t \u2013 jetzt online bestellen!","og_url":"https:\/\/www.erresse-shop.it\/de\/shop\/toepfe-pfannen\/toepfe-und-kochtoepfen\/joseph-joseph-space-antihaft-kasserolle-mit-klappbarem-griff-19-cm-blau\/","og_site_name":"Erresse Shop","article_modified_time":"2025-01-17T07:54:19+00:00","og_image":[{"width":1200,"height":1200,"url":"https:\/\/www.erresse-shop.it\/wp-content\/uploads\/2024\/09\/JOSEPH-JOSEPH-Space-Casseruola-Antiaderente-con-Manico-Pieghevole-19-cm-Blu.jpg","type":"image\/jpeg"}],"twitter_card":"summary_large_image","schema":{"@context":"https:\/\/schema.org","@graph":[{"@type":"WebPage","@id":"https:\/\/www.erresse-shop.it\/de\/shop\/toepfe-pfannen\/toepfe-und-kochtoepfen\/joseph-joseph-space-antihaft-kasserolle-mit-klappbarem-griff-19-cm-blau\/","url":"https:\/\/www.erresse-shop.it\/de\/shop\/toepfe-pfannen\/toepfe-und-kochtoepfen\/joseph-joseph-space-antihaft-kasserolle-mit-klappbarem-griff-19-cm-blau\/","name":"JOSEPH JOSEPH Space Antihaft-Kasserolle mit klappbarem Griff 19 cm Blau","isPartOf":{"@id":"https:\/\/www.erresse-shop.it\/de\/#website"},"datePublished":"2024-09-03T09:59:23+00:00","dateModified":"2025-01-17T07:54:19+00:00","description":"Entdecken Sie JOSEPH JOSEPH Space Antihaft-Kasserolle mit klappbarem Griff 19 cm Blau bei ErresseShop. Qualit\u00e4t, Stil und Funktionalit\u00e4t \u2013 jetzt online bestellen!","breadcrumb":{"@id":"https:\/\/www.erresse-shop.it\/de\/shop\/toepfe-pfannen\/toepfe-und-kochtoepfen\/joseph-joseph-space-antihaft-kasserolle-mit-klappbarem-griff-19-cm-blau\/#breadcrumb"},"inLanguage":"de-DE","potentialAction":[{"@type":"ReadAction","target":["https:\/\/www.erresse-shop.it\/de\/shop\/toepfe-pfannen\/toepfe-und-kochtoepfen\/joseph-joseph-space-antihaft-kasserolle-mit-klappbarem-griff-19-cm-blau\/"]}]},{"@type":"BreadcrumbList","@id":"https:\/\/www.erresse-shop.it\/de\/shop\/toepfe-pfannen\/toepfe-und-kochtoepfen\/joseph-joseph-space-antihaft-kasserolle-mit-klappbarem-griff-19-cm-blau\/#breadcrumb","itemListElement":[{"@type":"ListItem","position":1,"name":"Home","item":"https:\/\/www.erresse-shop.it\/de\/"},{"@type":"ListItem","position":2,"name":"Shop","item":"https:\/\/www.erresse-shop.it\/de\/shop\/"},{"@type":"ListItem","position":3,"name":"JOSEPH JOSEPH Space Antihaft-Kasserolle mit klappbarem Griff 19 cm Blau"}]},{"@type":"WebSite","@id":"https:\/\/www.erresse-shop.it\/de\/#website","url":"https:\/\/www.erresse-shop.it\/de\/","name":"Erresse Shop","description":"Articoli di qualit\u00e0 per la casa","potentialAction":[{"@type":"SearchAction","target":{"@type":"EntryPoint","urlTemplate":"https:\/\/www.erresse-shop.it\/de\/?s={search_term_string}"},"query-input":"required name=search_term_string"}],"inLanguage":"de-DE"}]}},"df_price":79.95,"df_sale_price":79.95,"df_regular_price":109.99,"df_image_link":"https:\/\/www.erresse-shop.it\/wp-content\/uploads\/2024\/09\/JOSEPH-JOSEPH-Space-Casseruola-Antiaderente-con-Manico-Pieghevole-19-cm-Blu-300x300.jpg","_links":{"self":[{"href":"https:\/\/www.erresse-shop.it\/de\/wp-json\/wp\/v2\/product\/429954"}],"collection":[{"href":"https:\/\/www.erresse-shop.it\/de\/wp-json\/wp\/v2\/product"}],"about":[{"href":"https:\/\/www.erresse-shop.it\/de\/wp-json\/wp\/v2\/types\/product"}],"wp:featuredmedia":[{"embeddable":true,"href":"https:\/\/www.erresse-shop.it\/de\/wp-json\/wp\/v2\/media\/460830"}],"wp:attachment":[{"href":"https:\/\/www.erresse-shop.it\/de\/wp-json\/wp\/v2\/media?parent=429954"}],"wp:term":[{"taxonomy":"product_cat","embeddable":true,"href":"https:\/\/www.erresse-shop.it\/de\/wp-json\/wp\/v2\/product_cat?post=429954"},{"taxonomy":"product_tag","embeddable":true,"href":"https:\/\/www.erresse-shop.it\/de\/wp-json\/wp\/v2\/product_tag?post=429954"}],"curies":[{"name":"wp","href":"https:\/\/api.w.org\/{rel}","templated":true}]}}