{"id":428311,"date":"2024-08-06T10:35:38","date_gmt":"2024-08-06T10:35:39","guid":{"rendered":"https:\/\/www.erresse-shop.it\/?post_type=product&#038;p=428311"},"modified":"2025-01-22T07:21:49","modified_gmt":"2025-01-22T07:21:49","slug":"zwilling-3-messerset-professional-s","status":"publish","type":"product","link":"https:\/\/www.erresse-shop.it\/de\/shop\/kuche\/messer\/zwilling-3-messerset-professional-s\/","title":{"rendered":"ZWILLING 3 Messerset Professional S"},"content":{"rendered":"<p>Profik\u00f6che auf der ganzen Welt sch\u00e4tzen die hohe Qualit\u00e4t und den Komfort des dreiteiligen Messersets von ZWILLING. Jetzt k\u00f6nnen auch Sie alle Vorteile der Messerserie PROFESSIONAL \u201eS\u201c nutzen. Dieses hochwertige Messerset kann zum Schneiden, W\u00fcrfeln oder Sch\u00e4len von Obst, Gem\u00fcse, Fleisch und anderen Zutaten verwendet werden und besteht aus einem kurzen, vielseitigen Sch\u00e4lmesser, einem d\u00fcnnen, robusten Fleischmesser und einem gro\u00dfen Kochmesser mit breiter Klinge. Mit den drei Mehrzweckmessern dieses hochwertigen Sets ist jede K\u00fcche, egal ob Profi oder Haushalt, f\u00fcr jede Situation ger\u00fcstet. Jedes Messer besteht aus einer speziellen Stahllegierung, die die Haltbarkeit der Klinge auch nach h\u00e4ufigem Gebrauch garantiert. Jede SIGMAFORGE\u00ae-Klinge wird aus einem einzigen St\u00fcck Stahl geschmiedet und einem innovativen kryogenen H\u00e4rtungsprozess unterzogen, der sie flexibel, korrosionsbest\u00e4ndig und schnitthaltig macht. Der Kunststoffgriff im klassischen Drei-Nieten-Design verf\u00fcgt \u00fcber einen Knoten, der ein Abrutschen der Finger auf der Klinge verhindert. Die Kontinuit\u00e4t zwischen Knoten und Griff erh\u00f6ht den Bedienkomfort und sorgt daf\u00fcr, dass das Messer immer angenehm in der Hand liegt, unabh\u00e4ngig von der verwendeten Schneidtechnik. Kreieren Sie mit diesem innovativen dreiteiligen Messerset von ZWILLING professionelles Kochen in Ihrem Zuhause. Das Set beinhaltet 1 Sch\u00e4lmesser (10 cm), 1 Fleischmesser (16 cm), 1 Kochmesser (20 cm).<\/p>\n<ul>\n<li>Mit FRIODUR\u00ae kryogener H\u00e4rtung behandelte Klinge f\u00fcr au\u00dfergew\u00f6hnliche Schnitthaltigkeit und Korrosionsbest\u00e4ndigkeit<\/li>\n<li>Edelstahl in der speziellen ZWILLING-Formel f\u00fcr robuste, korrosionsbest\u00e4ndige und flexible Messer<\/li>\n<li>SIGMAFORGE\u00ae Messer pr\u00e4zisionsgeschmiedet aus einem einzigen St\u00fcck Stahl<\/li>\n<li>Keine Verbindungen zwischen Griff und Klinge<\/li>\n<li>Ergonomischer Griff aus Kunststoff mit drei Nieten f\u00fcr eine sichere und komfortable Handhabung des Messers<\/li>\n<\/ul>\n","protected":false},"excerpt":{"rendered":"<p>Profik\u00f6che auf der ganzen Welt sch\u00e4tzen die hohe Qualit\u00e4t und den Komfort des dreiteiligen Messersets von ZWILLING. Jetzt k\u00f6nnen auch<\/p>\n","protected":false},"featured_media":469379,"template":"","meta":{"_acf_changed":false,"inline_featured_image":false},"product_cat":[6742,6706,14454],"product_tag":[25038,11395,11397,11529,20099,11405,11861,15405,25022,11473],"acf":[],"yoast_head":"<!-- This site is optimized with the Yoast SEO Premium plugin v18.6 (Yoast SEO v19.13) - https:\/\/yoast.com\/wordpress\/plugins\/seo\/ -->\n<title>ZWILLING 3 Messerset Professional S<\/title>\n<meta name=\"description\" content=\"Entdecken Sie ZWILLING 3 Messerset Professional S bei ErresseShop. Qualit\u00e4t, Stil und Funktionalit\u00e4t \u2013 jetzt online bestellen!\" \/>\n<meta name=\"robots\" content=\"index, follow, max-snippet:-1, max-image-preview:large, max-video-preview:-1\" \/>\n<link rel=\"canonical\" href=\"https:\/\/www.erresse-shop.it\/de\/shop\/kuche\/messer\/zwilling-3-messerset-professional-s\/\" \/>\n<meta property=\"og:locale\" content=\"de_DE\" \/>\n<meta property=\"og:type\" content=\"article\" \/>\n<meta property=\"og:title\" content=\"ZWILLING 3 Messerset Professional S\" \/>\n<meta property=\"og:description\" content=\"Entdecken Sie ZWILLING 3 Messerset Professional S bei ErresseShop. Qualit\u00e4t, Stil und Funktionalit\u00e4t \u2013 jetzt online bestellen!\" \/>\n<meta property=\"og:url\" content=\"https:\/\/www.erresse-shop.it\/de\/shop\/kuche\/messer\/zwilling-3-messerset-professional-s\/\" \/>\n<meta property=\"og:site_name\" content=\"Erresse Shop\" \/>\n<meta property=\"article:modified_time\" content=\"2025-01-22T07:21:49+00:00\" \/>\n<meta property=\"og:image\" content=\"https:\/\/www.erresse-shop.it\/wp-content\/uploads\/2024\/08\/ZWILLING-Set-3-Coltelli-Professional-S.png\" \/>\n\t<meta property=\"og:image:width\" content=\"800\" \/>\n\t<meta property=\"og:image:height\" content=\"800\" \/>\n\t<meta property=\"og:image:type\" content=\"image\/png\" \/>\n<meta name=\"twitter:card\" content=\"summary_large_image\" \/>\n<script type=\"application\/ld+json\" class=\"yoast-schema-graph\">{\"@context\":\"https:\/\/schema.org\",\"@graph\":[{\"@type\":\"WebPage\",\"@id\":\"https:\/\/www.erresse-shop.it\/de\/shop\/kuche\/messer\/zwilling-3-messerset-professional-s\/\",\"url\":\"https:\/\/www.erresse-shop.it\/de\/shop\/kuche\/messer\/zwilling-3-messerset-professional-s\/\",\"name\":\"ZWILLING 3 Messerset Professional S\",\"isPartOf\":{\"@id\":\"https:\/\/www.erresse-shop.it\/de\/#website\"},\"datePublished\":\"2024-08-06T10:35:39+00:00\",\"dateModified\":\"2025-01-22T07:21:49+00:00\",\"description\":\"Entdecken Sie ZWILLING 3 Messerset Professional S bei ErresseShop. Qualit\u00e4t, Stil und Funktionalit\u00e4t \u2013 jetzt online bestellen!\",\"breadcrumb\":{\"@id\":\"https:\/\/www.erresse-shop.it\/de\/shop\/kuche\/messer\/zwilling-3-messerset-professional-s\/#breadcrumb\"},\"inLanguage\":\"de-DE\",\"potentialAction\":[{\"@type\":\"ReadAction\",\"target\":[\"https:\/\/www.erresse-shop.it\/de\/shop\/kuche\/messer\/zwilling-3-messerset-professional-s\/\"]}]},{\"@type\":\"BreadcrumbList\",\"@id\":\"https:\/\/www.erresse-shop.it\/de\/shop\/kuche\/messer\/zwilling-3-messerset-professional-s\/#breadcrumb\",\"itemListElement\":[{\"@type\":\"ListItem\",\"position\":1,\"name\":\"Home\",\"item\":\"https:\/\/www.erresse-shop.it\/de\/\"},{\"@type\":\"ListItem\",\"position\":2,\"name\":\"Shop\",\"item\":\"https:\/\/www.erresse-shop.it\/de\/shop\/\"},{\"@type\":\"ListItem\",\"position\":3,\"name\":\"ZWILLING 3 Messerset Professional S\"}]},{\"@type\":\"WebSite\",\"@id\":\"https:\/\/www.erresse-shop.it\/de\/#website\",\"url\":\"https:\/\/www.erresse-shop.it\/de\/\",\"name\":\"Erresse Shop\",\"description\":\"Articoli di qualit\u00e0 per la casa\",\"potentialAction\":[{\"@type\":\"SearchAction\",\"target\":{\"@type\":\"EntryPoint\",\"urlTemplate\":\"https:\/\/www.erresse-shop.it\/de\/?s={search_term_string}\"},\"query-input\":\"required name=search_term_string\"}],\"inLanguage\":\"de-DE\"}]}<\/script>\n<!-- \/ Yoast SEO Premium plugin. -->","yoast_head_json":{"title":"ZWILLING 3 Messerset Professional S","description":"Entdecken Sie ZWILLING 3 Messerset Professional S bei ErresseShop. Qualit\u00e4t, Stil und Funktionalit\u00e4t \u2013 jetzt online bestellen!","robots":{"index":"index","follow":"follow","max-snippet":"max-snippet:-1","max-image-preview":"max-image-preview:large","max-video-preview":"max-video-preview:-1"},"canonical":"https:\/\/www.erresse-shop.it\/de\/shop\/kuche\/messer\/zwilling-3-messerset-professional-s\/","og_locale":"de_DE","og_type":"article","og_title":"ZWILLING 3 Messerset Professional S","og_description":"Entdecken Sie ZWILLING 3 Messerset Professional S bei ErresseShop. Qualit\u00e4t, Stil und Funktionalit\u00e4t \u2013 jetzt online bestellen!","og_url":"https:\/\/www.erresse-shop.it\/de\/shop\/kuche\/messer\/zwilling-3-messerset-professional-s\/","og_site_name":"Erresse Shop","article_modified_time":"2025-01-22T07:21:49+00:00","og_image":[{"width":800,"height":800,"url":"https:\/\/www.erresse-shop.it\/wp-content\/uploads\/2024\/08\/ZWILLING-Set-3-Coltelli-Professional-S.png","type":"image\/png"}],"twitter_card":"summary_large_image","schema":{"@context":"https:\/\/schema.org","@graph":[{"@type":"WebPage","@id":"https:\/\/www.erresse-shop.it\/de\/shop\/kuche\/messer\/zwilling-3-messerset-professional-s\/","url":"https:\/\/www.erresse-shop.it\/de\/shop\/kuche\/messer\/zwilling-3-messerset-professional-s\/","name":"ZWILLING 3 Messerset Professional S","isPartOf":{"@id":"https:\/\/www.erresse-shop.it\/de\/#website"},"datePublished":"2024-08-06T10:35:39+00:00","dateModified":"2025-01-22T07:21:49+00:00","description":"Entdecken Sie ZWILLING 3 Messerset Professional S bei ErresseShop. Qualit\u00e4t, Stil und Funktionalit\u00e4t \u2013 jetzt online bestellen!","breadcrumb":{"@id":"https:\/\/www.erresse-shop.it\/de\/shop\/kuche\/messer\/zwilling-3-messerset-professional-s\/#breadcrumb"},"inLanguage":"de-DE","potentialAction":[{"@type":"ReadAction","target":["https:\/\/www.erresse-shop.it\/de\/shop\/kuche\/messer\/zwilling-3-messerset-professional-s\/"]}]},{"@type":"BreadcrumbList","@id":"https:\/\/www.erresse-shop.it\/de\/shop\/kuche\/messer\/zwilling-3-messerset-professional-s\/#breadcrumb","itemListElement":[{"@type":"ListItem","position":1,"name":"Home","item":"https:\/\/www.erresse-shop.it\/de\/"},{"@type":"ListItem","position":2,"name":"Shop","item":"https:\/\/www.erresse-shop.it\/de\/shop\/"},{"@type":"ListItem","position":3,"name":"ZWILLING 3 Messerset Professional S"}]},{"@type":"WebSite","@id":"https:\/\/www.erresse-shop.it\/de\/#website","url":"https:\/\/www.erresse-shop.it\/de\/","name":"Erresse Shop","description":"Articoli di qualit\u00e0 per la casa","potentialAction":[{"@type":"SearchAction","target":{"@type":"EntryPoint","urlTemplate":"https:\/\/www.erresse-shop.it\/de\/?s={search_term_string}"},"query-input":"required name=search_term_string"}],"inLanguage":"de-DE"}]}},"df_price":109.95,"df_sale_price":109.95,"df_regular_price":199,"df_image_link":"https:\/\/www.erresse-shop.it\/wp-content\/uploads\/2024\/08\/Zwilling-Set-3-1-300x300.jpg","_links":{"self":[{"href":"https:\/\/www.erresse-shop.it\/de\/wp-json\/wp\/v2\/product\/428311"}],"collection":[{"href":"https:\/\/www.erresse-shop.it\/de\/wp-json\/wp\/v2\/product"}],"about":[{"href":"https:\/\/www.erresse-shop.it\/de\/wp-json\/wp\/v2\/types\/product"}],"wp:featuredmedia":[{"embeddable":true,"href":"https:\/\/www.erresse-shop.it\/de\/wp-json\/wp\/v2\/media\/469379"}],"wp:attachment":[{"href":"https:\/\/www.erresse-shop.it\/de\/wp-json\/wp\/v2\/media?parent=428311"}],"wp:term":[{"taxonomy":"product_cat","embeddable":true,"href":"https:\/\/www.erresse-shop.it\/de\/wp-json\/wp\/v2\/product_cat?post=428311"},{"taxonomy":"product_tag","embeddable":true,"href":"https:\/\/www.erresse-shop.it\/de\/wp-json\/wp\/v2\/product_tag?post=428311"}],"curies":[{"name":"wp","href":"https:\/\/api.w.org\/{rel}","templated":true}]}}