{"id":428268,"date":"2024-08-06T10:02:23","date_gmt":"2024-08-06T10:02:24","guid":{"rendered":"https:\/\/www.erresse-shop.it\/?post_type=product&#038;p=428268"},"modified":"2025-01-22T07:21:48","modified_gmt":"2025-01-22T07:21:48","slug":"zwilling-pro-zitronenschaeler","status":"publish","type":"product","link":"https:\/\/www.erresse-shop.it\/de\/shop\/kuche\/werkzeuge\/zwilling-pro-zitronenschaeler\/","title":{"rendered":"ZWILLING PRO Zitronensch\u00e4ler"},"content":{"rendered":"<p>Sehr d\u00fcnne Streifen, gro\u00dfer Effekt. Mit dem ZWILLING Pro Collection Zester lassen sich aus Zitrusfr\u00fcchten dekorative Streifen herstellen. Dieses elegante K\u00fcchenaccessoire verf\u00fcgt \u00fcber zwei getrennte Abschnitte, um unterschiedlich dicke Zesten mit nur einem Zester zu produzieren. Die dickeren Zesten eignen sich perfekt zur Dekoration von Desserts und Cocktails, w\u00e4hrend die d\u00fcnneren Zesten Speisen und Getr\u00e4nken eine besondere Note verleihen. Gleichzeitig k\u00f6nnen Sie sicher sein, dass der wei\u00dfe, bitterere Teil der Schale an der Frucht bleibt. Der Zestenrei\u00dfer ist einfach zu handhaben, denn die weltber\u00fchmten Designer Matteo Thun und Antonio Rodriguez haben bei der Entwicklung viel Wert auf die perfekte Funktionalit\u00e4t gelegt. Der ergonomisch geformte Griff ist nicht nur \u00e4u\u00dferst elegant, sondern liegt auch bei l\u00e4ngerem Gebrauch angenehm in der Handfl\u00e4che. Eine dekorative lasergeschnittene Linie unterstreicht den minimalistischen Look, der die gesamte Pro-Kollektion auszeichnet, und die Verwendung von Edelstahl erm\u00f6glicht die sp\u00fclmaschinenfeste Reinigung des Zerkleinerers.<\/p>\n<ul>\n<li>Minimalistisches Design von Matteo Thun und Antonio Rodriguez<\/li>\n<li>Hergestellt aus hochwertigem Edelstahl<\/li>\n<li>Ergonomisch geformte Griffe f\u00fcr m\u00fcheloses Arbeiten, mit kontinuierlichem<\/li>\n<li>\u00dcbergang zum Stiel f\u00fcr maximale Hygiene<\/li>\n<li>Sp\u00fclmaschinentauglich<\/li>\n<li>Zum Ausstechen der Schale von Zitronen, Limetten und Orangen<\/li>\n<\/ul>\n","protected":false},"excerpt":{"rendered":"<p>Sehr d\u00fcnne Streifen, gro\u00dfer Effekt. Mit dem ZWILLING Pro Collection Zester lassen sich aus Zitrusfr\u00fcchten dekorative Streifen herstellen. Dieses elegante<\/p>\n","protected":false},"featured_media":507204,"template":"","meta":{"_acf_changed":false,"inline_featured_image":false},"product_cat":[6742,25334],"product_tag":[25038,17114,15404,25022],"acf":[],"yoast_head":"<!-- This site is optimized with the Yoast SEO Premium plugin v18.6 (Yoast SEO v19.13) - https:\/\/yoast.com\/wordpress\/plugins\/seo\/ -->\n<title>ZWILLING PRO Zitronensch\u00e4ler<\/title>\n<meta name=\"description\" content=\"Entdecken Sie ZWILLING PRO Zitronensch\u00e4ler bei ErresseShop. Qualit\u00e4t, Stil und Funktionalit\u00e4t \u2013 jetzt online bestellen!\" \/>\n<meta name=\"robots\" content=\"index, follow, max-snippet:-1, max-image-preview:large, max-video-preview:-1\" \/>\n<link rel=\"canonical\" href=\"https:\/\/www.erresse-shop.it\/de\/shop\/kuche\/werkzeuge\/zwilling-pro-zitronenschaeler\/\" \/>\n<meta property=\"og:locale\" content=\"de_DE\" \/>\n<meta property=\"og:type\" content=\"article\" \/>\n<meta property=\"og:title\" content=\"ZWILLING PRO Zitronensch\u00e4ler\" \/>\n<meta property=\"og:description\" content=\"Entdecken Sie ZWILLING PRO Zitronensch\u00e4ler bei ErresseShop. Qualit\u00e4t, Stil und Funktionalit\u00e4t \u2013 jetzt online bestellen!\" \/>\n<meta property=\"og:url\" content=\"https:\/\/www.erresse-shop.it\/de\/shop\/kuche\/werkzeuge\/zwilling-pro-zitronenschaeler\/\" \/>\n<meta property=\"og:site_name\" content=\"Erresse Shop\" \/>\n<meta property=\"article:modified_time\" content=\"2025-01-22T07:21:48+00:00\" \/>\n<meta property=\"og:image\" content=\"https:\/\/www.erresse-shop.it\/wp-content\/uploads\/2024\/08\/ZWILLING-PRO-Pelalimoni.png\" \/>\n\t<meta property=\"og:image:width\" content=\"800\" \/>\n\t<meta property=\"og:image:height\" content=\"800\" \/>\n\t<meta property=\"og:image:type\" content=\"image\/png\" \/>\n<meta name=\"twitter:card\" content=\"summary_large_image\" \/>\n<script type=\"application\/ld+json\" class=\"yoast-schema-graph\">{\"@context\":\"https:\/\/schema.org\",\"@graph\":[{\"@type\":\"WebPage\",\"@id\":\"https:\/\/www.erresse-shop.it\/de\/shop\/kuche\/werkzeuge\/zwilling-pro-zitronenschaeler\/\",\"url\":\"https:\/\/www.erresse-shop.it\/de\/shop\/kuche\/werkzeuge\/zwilling-pro-zitronenschaeler\/\",\"name\":\"ZWILLING PRO Zitronensch\u00e4ler\",\"isPartOf\":{\"@id\":\"https:\/\/www.erresse-shop.it\/de\/#website\"},\"datePublished\":\"2024-08-06T10:02:24+00:00\",\"dateModified\":\"2025-01-22T07:21:48+00:00\",\"description\":\"Entdecken Sie ZWILLING PRO Zitronensch\u00e4ler bei ErresseShop. Qualit\u00e4t, Stil und Funktionalit\u00e4t \u2013 jetzt online bestellen!\",\"breadcrumb\":{\"@id\":\"https:\/\/www.erresse-shop.it\/de\/shop\/kuche\/werkzeuge\/zwilling-pro-zitronenschaeler\/#breadcrumb\"},\"inLanguage\":\"de-DE\",\"potentialAction\":[{\"@type\":\"ReadAction\",\"target\":[\"https:\/\/www.erresse-shop.it\/de\/shop\/kuche\/werkzeuge\/zwilling-pro-zitronenschaeler\/\"]}]},{\"@type\":\"BreadcrumbList\",\"@id\":\"https:\/\/www.erresse-shop.it\/de\/shop\/kuche\/werkzeuge\/zwilling-pro-zitronenschaeler\/#breadcrumb\",\"itemListElement\":[{\"@type\":\"ListItem\",\"position\":1,\"name\":\"Home\",\"item\":\"https:\/\/www.erresse-shop.it\/de\/\"},{\"@type\":\"ListItem\",\"position\":2,\"name\":\"Shop\",\"item\":\"https:\/\/www.erresse-shop.it\/de\/shop\/\"},{\"@type\":\"ListItem\",\"position\":3,\"name\":\"ZWILLING PRO Zitronensch\u00e4ler\"}]},{\"@type\":\"WebSite\",\"@id\":\"https:\/\/www.erresse-shop.it\/de\/#website\",\"url\":\"https:\/\/www.erresse-shop.it\/de\/\",\"name\":\"Erresse Shop\",\"description\":\"Articoli di qualit\u00e0 per la casa\",\"potentialAction\":[{\"@type\":\"SearchAction\",\"target\":{\"@type\":\"EntryPoint\",\"urlTemplate\":\"https:\/\/www.erresse-shop.it\/de\/?s={search_term_string}\"},\"query-input\":\"required name=search_term_string\"}],\"inLanguage\":\"de-DE\"}]}<\/script>\n<!-- \/ Yoast SEO Premium plugin. -->","yoast_head_json":{"title":"ZWILLING PRO Zitronensch\u00e4ler","description":"Entdecken Sie ZWILLING PRO Zitronensch\u00e4ler bei ErresseShop. Qualit\u00e4t, Stil und Funktionalit\u00e4t \u2013 jetzt online bestellen!","robots":{"index":"index","follow":"follow","max-snippet":"max-snippet:-1","max-image-preview":"max-image-preview:large","max-video-preview":"max-video-preview:-1"},"canonical":"https:\/\/www.erresse-shop.it\/de\/shop\/kuche\/werkzeuge\/zwilling-pro-zitronenschaeler\/","og_locale":"de_DE","og_type":"article","og_title":"ZWILLING PRO Zitronensch\u00e4ler","og_description":"Entdecken Sie ZWILLING PRO Zitronensch\u00e4ler bei ErresseShop. Qualit\u00e4t, Stil und Funktionalit\u00e4t \u2013 jetzt online bestellen!","og_url":"https:\/\/www.erresse-shop.it\/de\/shop\/kuche\/werkzeuge\/zwilling-pro-zitronenschaeler\/","og_site_name":"Erresse Shop","article_modified_time":"2025-01-22T07:21:48+00:00","og_image":[{"width":800,"height":800,"url":"https:\/\/www.erresse-shop.it\/wp-content\/uploads\/2024\/08\/ZWILLING-PRO-Pelalimoni.png","type":"image\/png"}],"twitter_card":"summary_large_image","schema":{"@context":"https:\/\/schema.org","@graph":[{"@type":"WebPage","@id":"https:\/\/www.erresse-shop.it\/de\/shop\/kuche\/werkzeuge\/zwilling-pro-zitronenschaeler\/","url":"https:\/\/www.erresse-shop.it\/de\/shop\/kuche\/werkzeuge\/zwilling-pro-zitronenschaeler\/","name":"ZWILLING PRO Zitronensch\u00e4ler","isPartOf":{"@id":"https:\/\/www.erresse-shop.it\/de\/#website"},"datePublished":"2024-08-06T10:02:24+00:00","dateModified":"2025-01-22T07:21:48+00:00","description":"Entdecken Sie ZWILLING PRO Zitronensch\u00e4ler bei ErresseShop. Qualit\u00e4t, Stil und Funktionalit\u00e4t \u2013 jetzt online bestellen!","breadcrumb":{"@id":"https:\/\/www.erresse-shop.it\/de\/shop\/kuche\/werkzeuge\/zwilling-pro-zitronenschaeler\/#breadcrumb"},"inLanguage":"de-DE","potentialAction":[{"@type":"ReadAction","target":["https:\/\/www.erresse-shop.it\/de\/shop\/kuche\/werkzeuge\/zwilling-pro-zitronenschaeler\/"]}]},{"@type":"BreadcrumbList","@id":"https:\/\/www.erresse-shop.it\/de\/shop\/kuche\/werkzeuge\/zwilling-pro-zitronenschaeler\/#breadcrumb","itemListElement":[{"@type":"ListItem","position":1,"name":"Home","item":"https:\/\/www.erresse-shop.it\/de\/"},{"@type":"ListItem","position":2,"name":"Shop","item":"https:\/\/www.erresse-shop.it\/de\/shop\/"},{"@type":"ListItem","position":3,"name":"ZWILLING PRO Zitronensch\u00e4ler"}]},{"@type":"WebSite","@id":"https:\/\/www.erresse-shop.it\/de\/#website","url":"https:\/\/www.erresse-shop.it\/de\/","name":"Erresse Shop","description":"Articoli di qualit\u00e0 per la casa","potentialAction":[{"@type":"SearchAction","target":{"@type":"EntryPoint","urlTemplate":"https:\/\/www.erresse-shop.it\/de\/?s={search_term_string}"},"query-input":"required name=search_term_string"}],"inLanguage":"de-DE"}]}},"df_price":8.475,"df_sale_price":8.475,"df_regular_price":16.95,"df_image_link":"https:\/\/www.erresse-shop.it\/wp-content\/uploads\/2024\/08\/ZWILLING-PRO-Pelalimoni-300x300.jpg","_links":{"self":[{"href":"https:\/\/www.erresse-shop.it\/de\/wp-json\/wp\/v2\/product\/428268"}],"collection":[{"href":"https:\/\/www.erresse-shop.it\/de\/wp-json\/wp\/v2\/product"}],"about":[{"href":"https:\/\/www.erresse-shop.it\/de\/wp-json\/wp\/v2\/types\/product"}],"wp:featuredmedia":[{"embeddable":true,"href":"https:\/\/www.erresse-shop.it\/de\/wp-json\/wp\/v2\/media\/507204"}],"wp:attachment":[{"href":"https:\/\/www.erresse-shop.it\/de\/wp-json\/wp\/v2\/media?parent=428268"}],"wp:term":[{"taxonomy":"product_cat","embeddable":true,"href":"https:\/\/www.erresse-shop.it\/de\/wp-json\/wp\/v2\/product_cat?post=428268"},{"taxonomy":"product_tag","embeddable":true,"href":"https:\/\/www.erresse-shop.it\/de\/wp-json\/wp\/v2\/product_tag?post=428268"}],"curies":[{"name":"wp","href":"https:\/\/api.w.org\/{rel}","templated":true}]}}