{"id":428256,"date":"2024-08-06T09:53:03","date_gmt":"2024-08-06T09:53:04","guid":{"rendered":"https:\/\/www.erresse-shop.it\/?post_type=product&#038;p=428256"},"modified":"2025-01-22T07:21:47","modified_gmt":"2025-01-22T07:21:47","slug":"zwilling-pro-reisloeffel-silber","status":"publish","type":"product","link":"https:\/\/www.erresse-shop.it\/de\/shop\/kuche\/werkzeuge\/zwilling-pro-reisloeffel-silber\/","title":{"rendered":"ZWILLING PRO Reisl\u00f6ffel Silber"},"content":{"rendered":"<p>Die asiatische K\u00fcche erfreut sich heute gro\u00dfer Beliebtheit. Und dazu geh\u00f6rt auch Reis. Mit dem Reisl\u00f6ffel aus der ZWILLING Pro Kollektion l\u00e4sst sich Reis stilvoll portionieren und servieren. Mit seinen kompakten Ma\u00dfen eignet er sich ideal zum Servieren selbst von klebrigem Reis, denn der ergonomisch geformte kurze Griff sorgt f\u00fcr eine optimale Kraft\u00fcbertragung. Nat\u00fcrlich ist dieses K\u00fcchenzubeh\u00f6r nicht nur f\u00fcr Reisgerichte geeignet. Der L\u00f6ffel kann auch f\u00fcr die Zubereitung und das Servieren von Couscous und P\u00fcree verwendet werden. Der wundersch\u00f6ne matte Griff und das L\u00f6ffelende mit seinem polierten Finish sind aus hochwertigem Edelstahl gefertigt, was ihm Robustheit verleiht und die Reinigung in der Sp\u00fclmaschine erm\u00f6glicht. Bei diesem K\u00fcchenartikel wurde jedoch nicht nur auf die hohe Qualit\u00e4t der Verarbeitung geachtet, sondern auch auf ein zeitloses Design. Die weltbekannten Designer Matteo Thun und Antonio Rodriguez haben eine Kollektion geschaffen, deren zeitlose Eleganz auch in vielen Jahren noch den h\u00f6chsten Anspr\u00fcchen gen\u00fcgen wird.<\/p>\n<ul>\n<li>Minimalistisches Design von Matteo Thun und Antonio Rodriguez<\/li>\n<li>Hergestellt aus hochwertigem Edelstahl<\/li>\n<li>Ergonomisch geformt mit einer durchgehenden Linie f\u00fcr maximale Hygiene und minimale Erm\u00fcdung beim Gebrauch<\/li>\n<li>Sp\u00fclmaschinentauglich<\/li>\n<li>Die breite W\u00f6lbung erm\u00f6glicht es, gro\u00dfe Mengen Reis mit einem einzigen L\u00f6ffel zu servieren<\/li>\n<\/ul>\n","protected":false},"excerpt":{"rendered":"<p>Die asiatische K\u00fcche erfreut sich heute gro\u00dfer Beliebtheit. Und dazu geh\u00f6rt auch Reis. Mit dem Reisl\u00f6ffel aus der ZWILLING Pro<\/p>\n","protected":false},"featured_media":509285,"template":"","meta":{"_acf_changed":false,"inline_featured_image":false},"product_cat":[6742,25334],"product_tag":[25038,17114,15404,25022],"acf":[],"yoast_head":"<!-- This site is optimized with the Yoast SEO Premium plugin v18.6 (Yoast SEO v19.13) - https:\/\/yoast.com\/wordpress\/plugins\/seo\/ -->\n<title>ZWILLING PRO Reisl\u00f6ffel Silber<\/title>\n<meta name=\"description\" content=\"Entdecken Sie ZWILLING PRO Reisl\u00f6ffel Silber bei ErresseShop. Qualit\u00e4t, Stil und Funktionalit\u00e4t \u2013 jetzt online bestellen!\" \/>\n<meta name=\"robots\" content=\"index, follow, max-snippet:-1, max-image-preview:large, max-video-preview:-1\" \/>\n<link rel=\"canonical\" href=\"https:\/\/www.erresse-shop.it\/de\/shop\/kuche\/werkzeuge\/zwilling-pro-reisloeffel-silber\/\" \/>\n<meta property=\"og:locale\" content=\"de_DE\" \/>\n<meta property=\"og:type\" content=\"article\" \/>\n<meta property=\"og:title\" content=\"ZWILLING PRO Reisl\u00f6ffel Silber\" \/>\n<meta property=\"og:description\" content=\"Entdecken Sie ZWILLING PRO Reisl\u00f6ffel Silber bei ErresseShop. Qualit\u00e4t, Stil und Funktionalit\u00e4t \u2013 jetzt online bestellen!\" \/>\n<meta property=\"og:url\" content=\"https:\/\/www.erresse-shop.it\/de\/shop\/kuche\/werkzeuge\/zwilling-pro-reisloeffel-silber\/\" \/>\n<meta property=\"og:site_name\" content=\"Erresse Shop\" \/>\n<meta property=\"article:modified_time\" content=\"2025-01-22T07:21:47+00:00\" \/>\n<meta property=\"og:image\" content=\"https:\/\/www.erresse-shop.it\/wp-content\/uploads\/2024\/08\/ZWILLING-PRO-Cucchiaio-per-Riso-Argento.png\" \/>\n\t<meta property=\"og:image:width\" content=\"800\" \/>\n\t<meta property=\"og:image:height\" content=\"800\" \/>\n\t<meta property=\"og:image:type\" content=\"image\/png\" \/>\n<meta name=\"twitter:card\" content=\"summary_large_image\" \/>\n<script type=\"application\/ld+json\" class=\"yoast-schema-graph\">{\"@context\":\"https:\/\/schema.org\",\"@graph\":[{\"@type\":\"WebPage\",\"@id\":\"https:\/\/www.erresse-shop.it\/de\/shop\/kuche\/werkzeuge\/zwilling-pro-reisloeffel-silber\/\",\"url\":\"https:\/\/www.erresse-shop.it\/de\/shop\/kuche\/werkzeuge\/zwilling-pro-reisloeffel-silber\/\",\"name\":\"ZWILLING PRO Reisl\u00f6ffel Silber\",\"isPartOf\":{\"@id\":\"https:\/\/www.erresse-shop.it\/de\/#website\"},\"datePublished\":\"2024-08-06T09:53:04+00:00\",\"dateModified\":\"2025-01-22T07:21:47+00:00\",\"description\":\"Entdecken Sie ZWILLING PRO Reisl\u00f6ffel Silber bei ErresseShop. Qualit\u00e4t, Stil und Funktionalit\u00e4t \u2013 jetzt online bestellen!\",\"breadcrumb\":{\"@id\":\"https:\/\/www.erresse-shop.it\/de\/shop\/kuche\/werkzeuge\/zwilling-pro-reisloeffel-silber\/#breadcrumb\"},\"inLanguage\":\"de-DE\",\"potentialAction\":[{\"@type\":\"ReadAction\",\"target\":[\"https:\/\/www.erresse-shop.it\/de\/shop\/kuche\/werkzeuge\/zwilling-pro-reisloeffel-silber\/\"]}]},{\"@type\":\"BreadcrumbList\",\"@id\":\"https:\/\/www.erresse-shop.it\/de\/shop\/kuche\/werkzeuge\/zwilling-pro-reisloeffel-silber\/#breadcrumb\",\"itemListElement\":[{\"@type\":\"ListItem\",\"position\":1,\"name\":\"Home\",\"item\":\"https:\/\/www.erresse-shop.it\/de\/\"},{\"@type\":\"ListItem\",\"position\":2,\"name\":\"Shop\",\"item\":\"https:\/\/www.erresse-shop.it\/de\/shop\/\"},{\"@type\":\"ListItem\",\"position\":3,\"name\":\"ZWILLING PRO Reisl\u00f6ffel Silber\"}]},{\"@type\":\"WebSite\",\"@id\":\"https:\/\/www.erresse-shop.it\/de\/#website\",\"url\":\"https:\/\/www.erresse-shop.it\/de\/\",\"name\":\"Erresse Shop\",\"description\":\"Articoli di qualit\u00e0 per la casa\",\"potentialAction\":[{\"@type\":\"SearchAction\",\"target\":{\"@type\":\"EntryPoint\",\"urlTemplate\":\"https:\/\/www.erresse-shop.it\/de\/?s={search_term_string}\"},\"query-input\":\"required name=search_term_string\"}],\"inLanguage\":\"de-DE\"}]}<\/script>\n<!-- \/ Yoast SEO Premium plugin. -->","yoast_head_json":{"title":"ZWILLING PRO Reisl\u00f6ffel Silber","description":"Entdecken Sie ZWILLING PRO Reisl\u00f6ffel Silber bei ErresseShop. Qualit\u00e4t, Stil und Funktionalit\u00e4t \u2013 jetzt online bestellen!","robots":{"index":"index","follow":"follow","max-snippet":"max-snippet:-1","max-image-preview":"max-image-preview:large","max-video-preview":"max-video-preview:-1"},"canonical":"https:\/\/www.erresse-shop.it\/de\/shop\/kuche\/werkzeuge\/zwilling-pro-reisloeffel-silber\/","og_locale":"de_DE","og_type":"article","og_title":"ZWILLING PRO Reisl\u00f6ffel Silber","og_description":"Entdecken Sie ZWILLING PRO Reisl\u00f6ffel Silber bei ErresseShop. Qualit\u00e4t, Stil und Funktionalit\u00e4t \u2013 jetzt online bestellen!","og_url":"https:\/\/www.erresse-shop.it\/de\/shop\/kuche\/werkzeuge\/zwilling-pro-reisloeffel-silber\/","og_site_name":"Erresse Shop","article_modified_time":"2025-01-22T07:21:47+00:00","og_image":[{"width":800,"height":800,"url":"https:\/\/www.erresse-shop.it\/wp-content\/uploads\/2024\/08\/ZWILLING-PRO-Cucchiaio-per-Riso-Argento.png","type":"image\/png"}],"twitter_card":"summary_large_image","schema":{"@context":"https:\/\/schema.org","@graph":[{"@type":"WebPage","@id":"https:\/\/www.erresse-shop.it\/de\/shop\/kuche\/werkzeuge\/zwilling-pro-reisloeffel-silber\/","url":"https:\/\/www.erresse-shop.it\/de\/shop\/kuche\/werkzeuge\/zwilling-pro-reisloeffel-silber\/","name":"ZWILLING PRO Reisl\u00f6ffel Silber","isPartOf":{"@id":"https:\/\/www.erresse-shop.it\/de\/#website"},"datePublished":"2024-08-06T09:53:04+00:00","dateModified":"2025-01-22T07:21:47+00:00","description":"Entdecken Sie ZWILLING PRO Reisl\u00f6ffel Silber bei ErresseShop. Qualit\u00e4t, Stil und Funktionalit\u00e4t \u2013 jetzt online bestellen!","breadcrumb":{"@id":"https:\/\/www.erresse-shop.it\/de\/shop\/kuche\/werkzeuge\/zwilling-pro-reisloeffel-silber\/#breadcrumb"},"inLanguage":"de-DE","potentialAction":[{"@type":"ReadAction","target":["https:\/\/www.erresse-shop.it\/de\/shop\/kuche\/werkzeuge\/zwilling-pro-reisloeffel-silber\/"]}]},{"@type":"BreadcrumbList","@id":"https:\/\/www.erresse-shop.it\/de\/shop\/kuche\/werkzeuge\/zwilling-pro-reisloeffel-silber\/#breadcrumb","itemListElement":[{"@type":"ListItem","position":1,"name":"Home","item":"https:\/\/www.erresse-shop.it\/de\/"},{"@type":"ListItem","position":2,"name":"Shop","item":"https:\/\/www.erresse-shop.it\/de\/shop\/"},{"@type":"ListItem","position":3,"name":"ZWILLING PRO Reisl\u00f6ffel Silber"}]},{"@type":"WebSite","@id":"https:\/\/www.erresse-shop.it\/de\/#website","url":"https:\/\/www.erresse-shop.it\/de\/","name":"Erresse Shop","description":"Articoli di qualit\u00e0 per la casa","potentialAction":[{"@type":"SearchAction","target":{"@type":"EntryPoint","urlTemplate":"https:\/\/www.erresse-shop.it\/de\/?s={search_term_string}"},"query-input":"required name=search_term_string"}],"inLanguage":"de-DE"}]}},"df_price":19.95,"df_sale_price":19.95,"df_regular_price":26.95,"df_image_link":"https:\/\/www.erresse-shop.it\/wp-content\/uploads\/2024\/08\/ZWILLING-PRO-Cucchiaio-per-Riso-Argento-300x300.jpg","_links":{"self":[{"href":"https:\/\/www.erresse-shop.it\/de\/wp-json\/wp\/v2\/product\/428256"}],"collection":[{"href":"https:\/\/www.erresse-shop.it\/de\/wp-json\/wp\/v2\/product"}],"about":[{"href":"https:\/\/www.erresse-shop.it\/de\/wp-json\/wp\/v2\/types\/product"}],"wp:featuredmedia":[{"embeddable":true,"href":"https:\/\/www.erresse-shop.it\/de\/wp-json\/wp\/v2\/media\/509285"}],"wp:attachment":[{"href":"https:\/\/www.erresse-shop.it\/de\/wp-json\/wp\/v2\/media?parent=428256"}],"wp:term":[{"taxonomy":"product_cat","embeddable":true,"href":"https:\/\/www.erresse-shop.it\/de\/wp-json\/wp\/v2\/product_cat?post=428256"},{"taxonomy":"product_tag","embeddable":true,"href":"https:\/\/www.erresse-shop.it\/de\/wp-json\/wp\/v2\/product_tag?post=428256"}],"curies":[{"name":"wp","href":"https:\/\/api.w.org\/{rel}","templated":true}]}}