{"id":428244,"date":"2024-08-06T09:41:47","date_gmt":"2024-08-06T09:41:48","guid":{"rendered":"https:\/\/www.erresse-shop.it\/?post_type=product&#038;p=428244"},"modified":"2025-01-22T07:21:47","modified_gmt":"2025-01-22T07:21:47","slug":"zwilling-pro-servierkelle-aus-silikon","status":"publish","type":"product","link":"https:\/\/www.erresse-shop.it\/de\/shop\/kuche\/werkzeuge\/zwilling-pro-servierkelle-aus-silikon\/","title":{"rendered":"ZWILLING PRO Servierkelle aus Silikon"},"content":{"rendered":"<p>Eine gelungene Dinnerparty beginnt mit elegantem Servieren. Mit dieser Silikon-Servierkelle aus der ZWILLING Pro Kollektion k\u00f6nnen Sie Speisen servieren und Salate stilvoll pr\u00e4sentieren. Dieses K\u00fcchenaccessoire hat ein zeitloses und au\u00dfergew\u00f6hnlich elegantes Design. Das Utensil ist aus hochwertigem Edelstahl und hitzebest\u00e4ndigem, lebensmittelechtem Silikon gefertigt. Das Ergebnis ist eine Sch\u00f6pfkelle, die in antihaftbeschichteten Kasserollen und Pfannen mit empfindlichster Oberfl\u00e4che verwendet werden kann. Ein Teil des Sch\u00f6pfl\u00f6ffels ist aus mattem Edelstahl, was ein wunderbares Zusammenspiel mit den hochgl\u00e4nzenden Teilen ergibt. Eine dekorative lasergeschnittene Linie auf dem ergonomischen Griff unterstreicht das minimalistische Design, das die gesamte ZWILLING Pro-Kollektion kennzeichnet. Das Design stammt aus der Feder von Matteo und Antonio Rodriguez, die f\u00fcr ihre praktischen und eleganten Kreationen bekannt sind. Die Sch\u00f6pfkelle ist korrosionsbest\u00e4ndig und besonders leicht zu reinigen, notfalls auch in der Sp\u00fclmaschine.<\/p>\n<ul>\n<li>Minimalistisches Design von Matteo Thun und Antonio Rodriguez<\/li>\n<li>Hergestellt aus hochwertigem Edelstahl<\/li>\n<li>Ergonomisch geformte Griffe f\u00fcr erm\u00fcdungsfreies Arbeiten, mit<\/li>\n<li>durchgehendem \u00dcbergang zum Stiel f\u00fcr maximale Hygiene<\/li>\n<li>Sp\u00fclmaschinentauglich<\/li>\n<li>Ideal zum Servieren und Mischen von Salaten und Dressings<\/li>\n<\/ul>\n","protected":false},"excerpt":{"rendered":"<p>Eine gelungene Dinnerparty beginnt mit elegantem Servieren. Mit dieser Silikon-Servierkelle aus der ZWILLING Pro Kollektion k\u00f6nnen Sie Speisen servieren und<\/p>\n","protected":false},"featured_media":512634,"template":"","meta":{"_acf_changed":false,"inline_featured_image":false},"product_cat":[6742,25334],"product_tag":[25038,17114,11453,15404,25022],"acf":[],"yoast_head":"<!-- This site is optimized with the Yoast SEO Premium plugin v18.6 (Yoast SEO v19.13) - https:\/\/yoast.com\/wordpress\/plugins\/seo\/ -->\n<title>ZWILLING PRO Servierkelle aus Silikon<\/title>\n<meta name=\"description\" content=\"Entdecken Sie ZWILLING PRO Servierkelle aus Silikon bei ErresseShop. Qualit\u00e4t, Stil und Funktionalit\u00e4t \u2013 jetzt online bestellen!\" \/>\n<meta name=\"robots\" content=\"index, follow, max-snippet:-1, max-image-preview:large, max-video-preview:-1\" \/>\n<link rel=\"canonical\" href=\"https:\/\/www.erresse-shop.it\/de\/shop\/kuche\/werkzeuge\/zwilling-pro-servierkelle-aus-silikon\/\" \/>\n<meta property=\"og:locale\" content=\"de_DE\" \/>\n<meta property=\"og:type\" content=\"article\" \/>\n<meta property=\"og:title\" content=\"ZWILLING PRO Servierkelle aus Silikon\" \/>\n<meta property=\"og:description\" content=\"Entdecken Sie ZWILLING PRO Servierkelle aus Silikon bei ErresseShop. Qualit\u00e4t, Stil und Funktionalit\u00e4t \u2013 jetzt online bestellen!\" \/>\n<meta property=\"og:url\" content=\"https:\/\/www.erresse-shop.it\/de\/shop\/kuche\/werkzeuge\/zwilling-pro-servierkelle-aus-silikon\/\" \/>\n<meta property=\"og:site_name\" content=\"Erresse Shop\" \/>\n<meta property=\"article:modified_time\" content=\"2025-01-22T07:21:47+00:00\" \/>\n<meta property=\"og:image\" content=\"https:\/\/www.erresse-shop.it\/wp-content\/uploads\/2024\/08\/ZWILLING-PRO-Mestolo-Servizio-Silicone.png\" \/>\n\t<meta property=\"og:image:width\" content=\"800\" \/>\n\t<meta property=\"og:image:height\" content=\"800\" \/>\n\t<meta property=\"og:image:type\" content=\"image\/png\" \/>\n<meta name=\"twitter:card\" content=\"summary_large_image\" \/>\n<script type=\"application\/ld+json\" class=\"yoast-schema-graph\">{\"@context\":\"https:\/\/schema.org\",\"@graph\":[{\"@type\":\"WebPage\",\"@id\":\"https:\/\/www.erresse-shop.it\/de\/shop\/kuche\/werkzeuge\/zwilling-pro-servierkelle-aus-silikon\/\",\"url\":\"https:\/\/www.erresse-shop.it\/de\/shop\/kuche\/werkzeuge\/zwilling-pro-servierkelle-aus-silikon\/\",\"name\":\"ZWILLING PRO Servierkelle aus Silikon\",\"isPartOf\":{\"@id\":\"https:\/\/www.erresse-shop.it\/de\/#website\"},\"datePublished\":\"2024-08-06T09:41:48+00:00\",\"dateModified\":\"2025-01-22T07:21:47+00:00\",\"description\":\"Entdecken Sie ZWILLING PRO Servierkelle aus Silikon bei ErresseShop. Qualit\u00e4t, Stil und Funktionalit\u00e4t \u2013 jetzt online bestellen!\",\"breadcrumb\":{\"@id\":\"https:\/\/www.erresse-shop.it\/de\/shop\/kuche\/werkzeuge\/zwilling-pro-servierkelle-aus-silikon\/#breadcrumb\"},\"inLanguage\":\"de-DE\",\"potentialAction\":[{\"@type\":\"ReadAction\",\"target\":[\"https:\/\/www.erresse-shop.it\/de\/shop\/kuche\/werkzeuge\/zwilling-pro-servierkelle-aus-silikon\/\"]}]},{\"@type\":\"BreadcrumbList\",\"@id\":\"https:\/\/www.erresse-shop.it\/de\/shop\/kuche\/werkzeuge\/zwilling-pro-servierkelle-aus-silikon\/#breadcrumb\",\"itemListElement\":[{\"@type\":\"ListItem\",\"position\":1,\"name\":\"Home\",\"item\":\"https:\/\/www.erresse-shop.it\/de\/\"},{\"@type\":\"ListItem\",\"position\":2,\"name\":\"Shop\",\"item\":\"https:\/\/www.erresse-shop.it\/de\/shop\/\"},{\"@type\":\"ListItem\",\"position\":3,\"name\":\"ZWILLING PRO Servierkelle aus Silikon\"}]},{\"@type\":\"WebSite\",\"@id\":\"https:\/\/www.erresse-shop.it\/de\/#website\",\"url\":\"https:\/\/www.erresse-shop.it\/de\/\",\"name\":\"Erresse Shop\",\"description\":\"Articoli di qualit\u00e0 per la casa\",\"potentialAction\":[{\"@type\":\"SearchAction\",\"target\":{\"@type\":\"EntryPoint\",\"urlTemplate\":\"https:\/\/www.erresse-shop.it\/de\/?s={search_term_string}\"},\"query-input\":\"required name=search_term_string\"}],\"inLanguage\":\"de-DE\"}]}<\/script>\n<!-- \/ Yoast SEO Premium plugin. -->","yoast_head_json":{"title":"ZWILLING PRO Servierkelle aus Silikon","description":"Entdecken Sie ZWILLING PRO Servierkelle aus Silikon bei ErresseShop. Qualit\u00e4t, Stil und Funktionalit\u00e4t \u2013 jetzt online bestellen!","robots":{"index":"index","follow":"follow","max-snippet":"max-snippet:-1","max-image-preview":"max-image-preview:large","max-video-preview":"max-video-preview:-1"},"canonical":"https:\/\/www.erresse-shop.it\/de\/shop\/kuche\/werkzeuge\/zwilling-pro-servierkelle-aus-silikon\/","og_locale":"de_DE","og_type":"article","og_title":"ZWILLING PRO Servierkelle aus Silikon","og_description":"Entdecken Sie ZWILLING PRO Servierkelle aus Silikon bei ErresseShop. Qualit\u00e4t, Stil und Funktionalit\u00e4t \u2013 jetzt online bestellen!","og_url":"https:\/\/www.erresse-shop.it\/de\/shop\/kuche\/werkzeuge\/zwilling-pro-servierkelle-aus-silikon\/","og_site_name":"Erresse Shop","article_modified_time":"2025-01-22T07:21:47+00:00","og_image":[{"width":800,"height":800,"url":"https:\/\/www.erresse-shop.it\/wp-content\/uploads\/2024\/08\/ZWILLING-PRO-Mestolo-Servizio-Silicone.png","type":"image\/png"}],"twitter_card":"summary_large_image","schema":{"@context":"https:\/\/schema.org","@graph":[{"@type":"WebPage","@id":"https:\/\/www.erresse-shop.it\/de\/shop\/kuche\/werkzeuge\/zwilling-pro-servierkelle-aus-silikon\/","url":"https:\/\/www.erresse-shop.it\/de\/shop\/kuche\/werkzeuge\/zwilling-pro-servierkelle-aus-silikon\/","name":"ZWILLING PRO Servierkelle aus Silikon","isPartOf":{"@id":"https:\/\/www.erresse-shop.it\/de\/#website"},"datePublished":"2024-08-06T09:41:48+00:00","dateModified":"2025-01-22T07:21:47+00:00","description":"Entdecken Sie ZWILLING PRO Servierkelle aus Silikon bei ErresseShop. Qualit\u00e4t, Stil und Funktionalit\u00e4t \u2013 jetzt online bestellen!","breadcrumb":{"@id":"https:\/\/www.erresse-shop.it\/de\/shop\/kuche\/werkzeuge\/zwilling-pro-servierkelle-aus-silikon\/#breadcrumb"},"inLanguage":"de-DE","potentialAction":[{"@type":"ReadAction","target":["https:\/\/www.erresse-shop.it\/de\/shop\/kuche\/werkzeuge\/zwilling-pro-servierkelle-aus-silikon\/"]}]},{"@type":"BreadcrumbList","@id":"https:\/\/www.erresse-shop.it\/de\/shop\/kuche\/werkzeuge\/zwilling-pro-servierkelle-aus-silikon\/#breadcrumb","itemListElement":[{"@type":"ListItem","position":1,"name":"Home","item":"https:\/\/www.erresse-shop.it\/de\/"},{"@type":"ListItem","position":2,"name":"Shop","item":"https:\/\/www.erresse-shop.it\/de\/shop\/"},{"@type":"ListItem","position":3,"name":"ZWILLING PRO Servierkelle aus Silikon"}]},{"@type":"WebSite","@id":"https:\/\/www.erresse-shop.it\/de\/#website","url":"https:\/\/www.erresse-shop.it\/de\/","name":"Erresse Shop","description":"Articoli di qualit\u00e0 per la casa","potentialAction":[{"@type":"SearchAction","target":{"@type":"EntryPoint","urlTemplate":"https:\/\/www.erresse-shop.it\/de\/?s={search_term_string}"},"query-input":"required name=search_term_string"}],"inLanguage":"de-DE"}]}},"df_price":14.975,"df_sale_price":14.975,"df_regular_price":29.95,"df_image_link":"https:\/\/www.erresse-shop.it\/wp-content\/uploads\/2024\/08\/ZWILLING-PRO-Mestolo-Servizio-Silicone-300x300.jpg","_links":{"self":[{"href":"https:\/\/www.erresse-shop.it\/de\/wp-json\/wp\/v2\/product\/428244"}],"collection":[{"href":"https:\/\/www.erresse-shop.it\/de\/wp-json\/wp\/v2\/product"}],"about":[{"href":"https:\/\/www.erresse-shop.it\/de\/wp-json\/wp\/v2\/types\/product"}],"wp:featuredmedia":[{"embeddable":true,"href":"https:\/\/www.erresse-shop.it\/de\/wp-json\/wp\/v2\/media\/512634"}],"wp:attachment":[{"href":"https:\/\/www.erresse-shop.it\/de\/wp-json\/wp\/v2\/media?parent=428244"}],"wp:term":[{"taxonomy":"product_cat","embeddable":true,"href":"https:\/\/www.erresse-shop.it\/de\/wp-json\/wp\/v2\/product_cat?post=428244"},{"taxonomy":"product_tag","embeddable":true,"href":"https:\/\/www.erresse-shop.it\/de\/wp-json\/wp\/v2\/product_tag?post=428244"}],"curies":[{"name":"wp","href":"https:\/\/api.w.org\/{rel}","templated":true}]}}