{"id":428212,"date":"2024-08-06T09:16:16","date_gmt":"2024-08-06T09:16:17","guid":{"rendered":"https:\/\/www.erresse-shop.it\/?post_type=product&#038;p=428212"},"modified":"2025-01-22T07:21:45","modified_gmt":"2025-01-22T07:21:45","slug":"zwilling-pro-dosenoeffner","status":"publish","type":"product","link":"https:\/\/www.erresse-shop.it\/de\/shop\/kuche\/werkzeuge\/zwilling-pro-dosenoeffner\/","title":{"rendered":"ZWILLING PRO Dosen\u00f6ffner"},"content":{"rendered":"<p>Viele Zutaten werden in Dosen aufbewahrt. Der Dosen\u00f6ffner aus der ZWILLING Pro Kollektion ist das ideale K\u00fcchenaccessoire, um diese einfach und sicher zu \u00f6ffnen. Der ergonomische Griff ist rutschfest, so dass er immer gut in der Hand liegt. Das \u00d6ffnen von Dosen ist dank der leichtg\u00e4ngigen Bewegung der gro\u00dfen Kurbel denkbar einfach und erfordert nur einen geringen Kraftaufwand. Das spezielle Design der Schneidseite verhindert, dass der Dosen\u00f6ffner mit dem Doseninhalt in Ber\u00fchrung kommt. Neben dem hygienischen Vorteil dieser L\u00f6sung ist auch die Sicherheitsgarantie nicht zu untersch\u00e4tzen. Der Dosen\u00f6ffner entfernt den Deckel mit einem pr\u00e4zisen Schnitt, der keine scharfen Kanten hinterl\u00e4sst. Modernes K\u00fcchenzubeh\u00f6r darf aber nicht nur funktional sein. Schlie\u00dflich ist die K\u00fcche nicht mehr nur ein Arbeitsraum. Die beiden Designer Matteo Thun und Antonio Rodriguez haben viel Zeit in die Entwicklung dieser Kollektion investiert, um ein Design zu entwerfen, das auff\u00e4llig und zeitgem\u00e4\u00df ist, aber auch dauerhaft bleibt. Das Ergebnis ist eine Kollektion mit einem minimalistischen Look, der die Standards f\u00fcr Funktionalit\u00e4t und formale Eleganz neu definiert.<\/p>\n<ul>\n<li>Minimalistisches Design von Matteo Thun und Antonio Rodriguez<\/li>\n<li>Hergestellt aus hochwertigem Edelstahl<\/li>\n<li>Ergonomisches Design mit durchgehenden Linien, um maximale Hygiene<\/li>\n<li>und minimale Erm\u00fcdung bei der Benutzung zu gew\u00e4hrleisten<\/li>\n<li>Sp\u00fclmaschinenfest<\/li>\n<li>Saubere und pr\u00e4zise Aussparung des Deckels entlang der Au\u00dfenkante<\/li>\n<\/ul>\n","protected":false},"excerpt":{"rendered":"<p>Viele Zutaten werden in Dosen aufbewahrt. Der Dosen\u00f6ffner aus der ZWILLING Pro Kollektion ist das ideale K\u00fcchenaccessoire, um diese einfach<\/p>\n","protected":false},"featured_media":492694,"template":"","meta":{"_acf_changed":false,"inline_featured_image":false},"product_cat":[6742,25334],"product_tag":[25038,14062,17114,15404],"acf":[],"yoast_head":"<!-- This site is optimized with the Yoast SEO Premium plugin v18.6 (Yoast SEO v19.13) - https:\/\/yoast.com\/wordpress\/plugins\/seo\/ -->\n<title>ZWILLING PRO Dosen\u00f6ffner<\/title>\n<meta name=\"description\" content=\"Entdecken Sie ZWILLING PRO Dosen\u00f6ffner bei ErresseShop. Qualit\u00e4t, Stil und Funktionalit\u00e4t \u2013 jetzt online bestellen!\" \/>\n<meta name=\"robots\" content=\"index, follow, max-snippet:-1, max-image-preview:large, max-video-preview:-1\" \/>\n<link rel=\"canonical\" href=\"https:\/\/www.erresse-shop.it\/de\/shop\/kuche\/werkzeuge\/zwilling-pro-dosenoeffner\/\" \/>\n<meta property=\"og:locale\" content=\"de_DE\" \/>\n<meta property=\"og:type\" content=\"article\" \/>\n<meta property=\"og:title\" content=\"ZWILLING PRO Dosen\u00f6ffner\" \/>\n<meta property=\"og:description\" content=\"Entdecken Sie ZWILLING PRO Dosen\u00f6ffner bei ErresseShop. Qualit\u00e4t, Stil und Funktionalit\u00e4t \u2013 jetzt online bestellen!\" \/>\n<meta property=\"og:url\" content=\"https:\/\/www.erresse-shop.it\/de\/shop\/kuche\/werkzeuge\/zwilling-pro-dosenoeffner\/\" \/>\n<meta property=\"og:site_name\" content=\"Erresse Shop\" \/>\n<meta property=\"article:modified_time\" content=\"2025-01-22T07:21:45+00:00\" \/>\n<meta property=\"og:image\" content=\"https:\/\/www.erresse-shop.it\/wp-content\/uploads\/2024\/08\/ZWILLING-PRO-Apriscatole.png\" \/>\n\t<meta property=\"og:image:width\" content=\"800\" \/>\n\t<meta property=\"og:image:height\" content=\"800\" \/>\n\t<meta property=\"og:image:type\" content=\"image\/png\" \/>\n<meta name=\"twitter:card\" content=\"summary_large_image\" \/>\n<script type=\"application\/ld+json\" class=\"yoast-schema-graph\">{\"@context\":\"https:\/\/schema.org\",\"@graph\":[{\"@type\":\"WebPage\",\"@id\":\"https:\/\/www.erresse-shop.it\/de\/shop\/kuche\/werkzeuge\/zwilling-pro-dosenoeffner\/\",\"url\":\"https:\/\/www.erresse-shop.it\/de\/shop\/kuche\/werkzeuge\/zwilling-pro-dosenoeffner\/\",\"name\":\"ZWILLING PRO Dosen\u00f6ffner\",\"isPartOf\":{\"@id\":\"https:\/\/www.erresse-shop.it\/de\/#website\"},\"datePublished\":\"2024-08-06T09:16:17+00:00\",\"dateModified\":\"2025-01-22T07:21:45+00:00\",\"description\":\"Entdecken Sie ZWILLING PRO Dosen\u00f6ffner bei ErresseShop. Qualit\u00e4t, Stil und Funktionalit\u00e4t \u2013 jetzt online bestellen!\",\"breadcrumb\":{\"@id\":\"https:\/\/www.erresse-shop.it\/de\/shop\/kuche\/werkzeuge\/zwilling-pro-dosenoeffner\/#breadcrumb\"},\"inLanguage\":\"de-DE\",\"potentialAction\":[{\"@type\":\"ReadAction\",\"target\":[\"https:\/\/www.erresse-shop.it\/de\/shop\/kuche\/werkzeuge\/zwilling-pro-dosenoeffner\/\"]}]},{\"@type\":\"BreadcrumbList\",\"@id\":\"https:\/\/www.erresse-shop.it\/de\/shop\/kuche\/werkzeuge\/zwilling-pro-dosenoeffner\/#breadcrumb\",\"itemListElement\":[{\"@type\":\"ListItem\",\"position\":1,\"name\":\"Home\",\"item\":\"https:\/\/www.erresse-shop.it\/de\/\"},{\"@type\":\"ListItem\",\"position\":2,\"name\":\"Shop\",\"item\":\"https:\/\/www.erresse-shop.it\/de\/shop\/\"},{\"@type\":\"ListItem\",\"position\":3,\"name\":\"ZWILLING PRO Dosen\u00f6ffner\"}]},{\"@type\":\"WebSite\",\"@id\":\"https:\/\/www.erresse-shop.it\/de\/#website\",\"url\":\"https:\/\/www.erresse-shop.it\/de\/\",\"name\":\"Erresse Shop\",\"description\":\"Articoli di qualit\u00e0 per la casa\",\"potentialAction\":[{\"@type\":\"SearchAction\",\"target\":{\"@type\":\"EntryPoint\",\"urlTemplate\":\"https:\/\/www.erresse-shop.it\/de\/?s={search_term_string}\"},\"query-input\":\"required name=search_term_string\"}],\"inLanguage\":\"de-DE\"}]}<\/script>\n<!-- \/ Yoast SEO Premium plugin. -->","yoast_head_json":{"title":"ZWILLING PRO Dosen\u00f6ffner","description":"Entdecken Sie ZWILLING PRO Dosen\u00f6ffner bei ErresseShop. Qualit\u00e4t, Stil und Funktionalit\u00e4t \u2013 jetzt online bestellen!","robots":{"index":"index","follow":"follow","max-snippet":"max-snippet:-1","max-image-preview":"max-image-preview:large","max-video-preview":"max-video-preview:-1"},"canonical":"https:\/\/www.erresse-shop.it\/de\/shop\/kuche\/werkzeuge\/zwilling-pro-dosenoeffner\/","og_locale":"de_DE","og_type":"article","og_title":"ZWILLING PRO Dosen\u00f6ffner","og_description":"Entdecken Sie ZWILLING PRO Dosen\u00f6ffner bei ErresseShop. Qualit\u00e4t, Stil und Funktionalit\u00e4t \u2013 jetzt online bestellen!","og_url":"https:\/\/www.erresse-shop.it\/de\/shop\/kuche\/werkzeuge\/zwilling-pro-dosenoeffner\/","og_site_name":"Erresse Shop","article_modified_time":"2025-01-22T07:21:45+00:00","og_image":[{"width":800,"height":800,"url":"https:\/\/www.erresse-shop.it\/wp-content\/uploads\/2024\/08\/ZWILLING-PRO-Apriscatole.png","type":"image\/png"}],"twitter_card":"summary_large_image","schema":{"@context":"https:\/\/schema.org","@graph":[{"@type":"WebPage","@id":"https:\/\/www.erresse-shop.it\/de\/shop\/kuche\/werkzeuge\/zwilling-pro-dosenoeffner\/","url":"https:\/\/www.erresse-shop.it\/de\/shop\/kuche\/werkzeuge\/zwilling-pro-dosenoeffner\/","name":"ZWILLING PRO Dosen\u00f6ffner","isPartOf":{"@id":"https:\/\/www.erresse-shop.it\/de\/#website"},"datePublished":"2024-08-06T09:16:17+00:00","dateModified":"2025-01-22T07:21:45+00:00","description":"Entdecken Sie ZWILLING PRO Dosen\u00f6ffner bei ErresseShop. Qualit\u00e4t, Stil und Funktionalit\u00e4t \u2013 jetzt online bestellen!","breadcrumb":{"@id":"https:\/\/www.erresse-shop.it\/de\/shop\/kuche\/werkzeuge\/zwilling-pro-dosenoeffner\/#breadcrumb"},"inLanguage":"de-DE","potentialAction":[{"@type":"ReadAction","target":["https:\/\/www.erresse-shop.it\/de\/shop\/kuche\/werkzeuge\/zwilling-pro-dosenoeffner\/"]}]},{"@type":"BreadcrumbList","@id":"https:\/\/www.erresse-shop.it\/de\/shop\/kuche\/werkzeuge\/zwilling-pro-dosenoeffner\/#breadcrumb","itemListElement":[{"@type":"ListItem","position":1,"name":"Home","item":"https:\/\/www.erresse-shop.it\/de\/"},{"@type":"ListItem","position":2,"name":"Shop","item":"https:\/\/www.erresse-shop.it\/de\/shop\/"},{"@type":"ListItem","position":3,"name":"ZWILLING PRO Dosen\u00f6ffner"}]},{"@type":"WebSite","@id":"https:\/\/www.erresse-shop.it\/de\/#website","url":"https:\/\/www.erresse-shop.it\/de\/","name":"Erresse Shop","description":"Articoli di qualit\u00e0 per la casa","potentialAction":[{"@type":"SearchAction","target":{"@type":"EntryPoint","urlTemplate":"https:\/\/www.erresse-shop.it\/de\/?s={search_term_string}"},"query-input":"required name=search_term_string"}],"inLanguage":"de-DE"}]}},"df_price":14.975,"df_sale_price":14.975,"df_regular_price":29.95,"df_image_link":"https:\/\/www.erresse-shop.it\/wp-content\/uploads\/2024\/08\/ZWILLING-PRO-Apriscatole-300x300.jpg","_links":{"self":[{"href":"https:\/\/www.erresse-shop.it\/de\/wp-json\/wp\/v2\/product\/428212"}],"collection":[{"href":"https:\/\/www.erresse-shop.it\/de\/wp-json\/wp\/v2\/product"}],"about":[{"href":"https:\/\/www.erresse-shop.it\/de\/wp-json\/wp\/v2\/types\/product"}],"wp:featuredmedia":[{"embeddable":true,"href":"https:\/\/www.erresse-shop.it\/de\/wp-json\/wp\/v2\/media\/492694"}],"wp:attachment":[{"href":"https:\/\/www.erresse-shop.it\/de\/wp-json\/wp\/v2\/media?parent=428212"}],"wp:term":[{"taxonomy":"product_cat","embeddable":true,"href":"https:\/\/www.erresse-shop.it\/de\/wp-json\/wp\/v2\/product_cat?post=428212"},{"taxonomy":"product_tag","embeddable":true,"href":"https:\/\/www.erresse-shop.it\/de\/wp-json\/wp\/v2\/product_tag?post=428212"}],"curies":[{"name":"wp","href":"https:\/\/api.w.org\/{rel}","templated":true}]}}