{"id":428169,"date":"2024-08-06T08:41:16","date_gmt":"2024-08-06T08:41:16","guid":{"rendered":"https:\/\/www.erresse-shop.it\/?post_type=product&#038;p=428169"},"modified":"2025-01-22T07:21:45","modified_gmt":"2025-01-22T07:21:45","slug":"zwilling-enfinigy-elektrischer-weinoeffner-schwarz","status":"publish","type":"product","link":"https:\/\/www.erresse-shop.it\/de\/shop\/tisch\/weinbar-korkenzieher-dekanter-eiskubel\/korkenzieher\/zwilling-enfinigy-elektrischer-weinoeffner-schwarz\/","title":{"rendered":"ZWILLING Enfinigy Elektrischer Wein\u00f6ffner Schwarz"},"content":{"rendered":"<p>Ein Muss f\u00fcr alle Weinliebhaber: Mit dem elektrischen Wein\u00f6ffner ENFINIGY von ZWILLING lassen sich Weinflaschen m\u00fchelos per Tastendruck \u00f6ffnen. Dank seiner One-Touch-Bedienung k\u00f6nnen Sie Kapsel und Korken von Flaschen Ihres Lieblingsweins im Handumdrehen entfernen! Der leistungsstarke Akku erm\u00f6glicht das \u00d6ffnen von bis zu 50 Flaschen, w\u00e4hrend der integrierte Folienschneider und die LED-Beleuchtung ihn zu einem kompletten und raffinierten Accessoire machen. Sein elegantes italienisches Design macht diesen elektrischen Flaschen\u00f6ffner zur perfekten Erg\u00e4nzung f\u00fcr jede K\u00fcche oder Bar. Erleben Sie maximalen Komfort beim Servieren und Trinken von Wein mit dem ZWILLING ENFINIGY &#8211; die perfekte Art, Ihr n\u00e4chstes Glas Wein zu genie\u00dfen!<\/p>\n<ul>\n<li>\u00d6ffnet Weinflaschen mit einem einfachen Klick<\/li>\n<li>Eine Akkuladung reicht f\u00fcr bis zu 50 Flaschen<\/li>\n<li>PTFE-freie Silikonbeschichtung<\/li>\n<li>Integrierter Folienschneider<\/li>\n<li>Eingebautes LED-Licht<\/li>\n<li>Entworfen von Matteo Thun und Antonio Rodriguez<\/li>\n<\/ul>\n<p>Farbe: schwarz<br \/>\nMaterial: Kunststoff<br \/>\nSpannung: 7,4 V<br \/>\nFrequenz: 50\/60 Hz<br \/>\nMotortyp: Gleichstrommotor<\/p>\n","protected":false},"excerpt":{"rendered":"<p>Ein Muss f\u00fcr alle Weinliebhaber: Mit dem elektrischen Wein\u00f6ffner ENFINIGY von ZWILLING lassen sich Weinflaschen m\u00fchelos per Tastendruck \u00f6ffnen. Dank<\/p>\n","protected":false},"featured_media":496112,"template":"","meta":{"_acf_changed":false,"inline_featured_image":false},"product_cat":[6787,6850,14462],"product_tag":[25038,11499,11501,11413,13723,25022,11969],"acf":[],"yoast_head":"<!-- This site is optimized with the Yoast SEO Premium plugin v18.6 (Yoast SEO v19.13) - https:\/\/yoast.com\/wordpress\/plugins\/seo\/ -->\n<title>ZWILLING Enfinigy Elektrischer Wein\u00f6ffner Schwarz<\/title>\n<meta name=\"description\" content=\"Entdecken Sie ZWILLING Enfinigy Elektrischer Wein\u00f6ffner Schwarz bei ErresseShop. Qualit\u00e4t, Stil und Funktionalit\u00e4t \u2013 jetzt online bestellen!\" \/>\n<meta name=\"robots\" content=\"index, follow, max-snippet:-1, max-image-preview:large, max-video-preview:-1\" \/>\n<link rel=\"canonical\" href=\"https:\/\/www.erresse-shop.it\/de\/shop\/tisch\/weinbar-korkenzieher-dekanter-eiskubel\/korkenzieher\/zwilling-enfinigy-elektrischer-weinoeffner-schwarz\/\" \/>\n<meta property=\"og:locale\" content=\"de_DE\" \/>\n<meta property=\"og:type\" content=\"article\" \/>\n<meta property=\"og:title\" content=\"ZWILLING Enfinigy Elektrischer Wein\u00f6ffner Schwarz\" \/>\n<meta property=\"og:description\" content=\"Entdecken Sie ZWILLING Enfinigy Elektrischer Wein\u00f6ffner Schwarz bei ErresseShop. Qualit\u00e4t, Stil und Funktionalit\u00e4t \u2013 jetzt online bestellen!\" \/>\n<meta property=\"og:url\" content=\"https:\/\/www.erresse-shop.it\/de\/shop\/tisch\/weinbar-korkenzieher-dekanter-eiskubel\/korkenzieher\/zwilling-enfinigy-elektrischer-weinoeffner-schwarz\/\" \/>\n<meta property=\"og:site_name\" content=\"Erresse Shop\" \/>\n<meta property=\"article:modified_time\" content=\"2025-01-22T07:21:45+00:00\" \/>\n<meta property=\"og:image\" content=\"https:\/\/www.erresse-shop.it\/wp-content\/uploads\/2024\/08\/ZWILLING-Enfinigy-Apribottiglie-Vino-Elettrico-Nero.png\" \/>\n\t<meta property=\"og:image:width\" content=\"800\" \/>\n\t<meta property=\"og:image:height\" content=\"800\" \/>\n\t<meta property=\"og:image:type\" content=\"image\/png\" \/>\n<meta name=\"twitter:card\" content=\"summary_large_image\" \/>\n<script type=\"application\/ld+json\" class=\"yoast-schema-graph\">{\"@context\":\"https:\/\/schema.org\",\"@graph\":[{\"@type\":\"WebPage\",\"@id\":\"https:\/\/www.erresse-shop.it\/de\/shop\/tisch\/weinbar-korkenzieher-dekanter-eiskubel\/korkenzieher\/zwilling-enfinigy-elektrischer-weinoeffner-schwarz\/\",\"url\":\"https:\/\/www.erresse-shop.it\/de\/shop\/tisch\/weinbar-korkenzieher-dekanter-eiskubel\/korkenzieher\/zwilling-enfinigy-elektrischer-weinoeffner-schwarz\/\",\"name\":\"ZWILLING Enfinigy Elektrischer Wein\u00f6ffner Schwarz\",\"isPartOf\":{\"@id\":\"https:\/\/www.erresse-shop.it\/de\/#website\"},\"datePublished\":\"2024-08-06T08:41:16+00:00\",\"dateModified\":\"2025-01-22T07:21:45+00:00\",\"description\":\"Entdecken Sie ZWILLING Enfinigy Elektrischer Wein\u00f6ffner Schwarz bei ErresseShop. Qualit\u00e4t, Stil und Funktionalit\u00e4t \u2013 jetzt online bestellen!\",\"breadcrumb\":{\"@id\":\"https:\/\/www.erresse-shop.it\/de\/shop\/tisch\/weinbar-korkenzieher-dekanter-eiskubel\/korkenzieher\/zwilling-enfinigy-elektrischer-weinoeffner-schwarz\/#breadcrumb\"},\"inLanguage\":\"de-DE\",\"potentialAction\":[{\"@type\":\"ReadAction\",\"target\":[\"https:\/\/www.erresse-shop.it\/de\/shop\/tisch\/weinbar-korkenzieher-dekanter-eiskubel\/korkenzieher\/zwilling-enfinigy-elektrischer-weinoeffner-schwarz\/\"]}]},{\"@type\":\"BreadcrumbList\",\"@id\":\"https:\/\/www.erresse-shop.it\/de\/shop\/tisch\/weinbar-korkenzieher-dekanter-eiskubel\/korkenzieher\/zwilling-enfinigy-elektrischer-weinoeffner-schwarz\/#breadcrumb\",\"itemListElement\":[{\"@type\":\"ListItem\",\"position\":1,\"name\":\"Home\",\"item\":\"https:\/\/www.erresse-shop.it\/de\/\"},{\"@type\":\"ListItem\",\"position\":2,\"name\":\"Shop\",\"item\":\"https:\/\/www.erresse-shop.it\/de\/shop\/\"},{\"@type\":\"ListItem\",\"position\":3,\"name\":\"ZWILLING Enfinigy Elektrischer Wein\u00f6ffner Schwarz\"}]},{\"@type\":\"WebSite\",\"@id\":\"https:\/\/www.erresse-shop.it\/de\/#website\",\"url\":\"https:\/\/www.erresse-shop.it\/de\/\",\"name\":\"Erresse Shop\",\"description\":\"Articoli di qualit\u00e0 per la casa\",\"potentialAction\":[{\"@type\":\"SearchAction\",\"target\":{\"@type\":\"EntryPoint\",\"urlTemplate\":\"https:\/\/www.erresse-shop.it\/de\/?s={search_term_string}\"},\"query-input\":\"required name=search_term_string\"}],\"inLanguage\":\"de-DE\"}]}<\/script>\n<!-- \/ Yoast SEO Premium plugin. -->","yoast_head_json":{"title":"ZWILLING Enfinigy Elektrischer Wein\u00f6ffner Schwarz","description":"Entdecken Sie ZWILLING Enfinigy Elektrischer Wein\u00f6ffner Schwarz bei ErresseShop. Qualit\u00e4t, Stil und Funktionalit\u00e4t \u2013 jetzt online bestellen!","robots":{"index":"index","follow":"follow","max-snippet":"max-snippet:-1","max-image-preview":"max-image-preview:large","max-video-preview":"max-video-preview:-1"},"canonical":"https:\/\/www.erresse-shop.it\/de\/shop\/tisch\/weinbar-korkenzieher-dekanter-eiskubel\/korkenzieher\/zwilling-enfinigy-elektrischer-weinoeffner-schwarz\/","og_locale":"de_DE","og_type":"article","og_title":"ZWILLING Enfinigy Elektrischer Wein\u00f6ffner Schwarz","og_description":"Entdecken Sie ZWILLING Enfinigy Elektrischer Wein\u00f6ffner Schwarz bei ErresseShop. Qualit\u00e4t, Stil und Funktionalit\u00e4t \u2013 jetzt online bestellen!","og_url":"https:\/\/www.erresse-shop.it\/de\/shop\/tisch\/weinbar-korkenzieher-dekanter-eiskubel\/korkenzieher\/zwilling-enfinigy-elektrischer-weinoeffner-schwarz\/","og_site_name":"Erresse Shop","article_modified_time":"2025-01-22T07:21:45+00:00","og_image":[{"width":800,"height":800,"url":"https:\/\/www.erresse-shop.it\/wp-content\/uploads\/2024\/08\/ZWILLING-Enfinigy-Apribottiglie-Vino-Elettrico-Nero.png","type":"image\/png"}],"twitter_card":"summary_large_image","schema":{"@context":"https:\/\/schema.org","@graph":[{"@type":"WebPage","@id":"https:\/\/www.erresse-shop.it\/de\/shop\/tisch\/weinbar-korkenzieher-dekanter-eiskubel\/korkenzieher\/zwilling-enfinigy-elektrischer-weinoeffner-schwarz\/","url":"https:\/\/www.erresse-shop.it\/de\/shop\/tisch\/weinbar-korkenzieher-dekanter-eiskubel\/korkenzieher\/zwilling-enfinigy-elektrischer-weinoeffner-schwarz\/","name":"ZWILLING Enfinigy Elektrischer Wein\u00f6ffner Schwarz","isPartOf":{"@id":"https:\/\/www.erresse-shop.it\/de\/#website"},"datePublished":"2024-08-06T08:41:16+00:00","dateModified":"2025-01-22T07:21:45+00:00","description":"Entdecken Sie ZWILLING Enfinigy Elektrischer Wein\u00f6ffner Schwarz bei ErresseShop. Qualit\u00e4t, Stil und Funktionalit\u00e4t \u2013 jetzt online bestellen!","breadcrumb":{"@id":"https:\/\/www.erresse-shop.it\/de\/shop\/tisch\/weinbar-korkenzieher-dekanter-eiskubel\/korkenzieher\/zwilling-enfinigy-elektrischer-weinoeffner-schwarz\/#breadcrumb"},"inLanguage":"de-DE","potentialAction":[{"@type":"ReadAction","target":["https:\/\/www.erresse-shop.it\/de\/shop\/tisch\/weinbar-korkenzieher-dekanter-eiskubel\/korkenzieher\/zwilling-enfinigy-elektrischer-weinoeffner-schwarz\/"]}]},{"@type":"BreadcrumbList","@id":"https:\/\/www.erresse-shop.it\/de\/shop\/tisch\/weinbar-korkenzieher-dekanter-eiskubel\/korkenzieher\/zwilling-enfinigy-elektrischer-weinoeffner-schwarz\/#breadcrumb","itemListElement":[{"@type":"ListItem","position":1,"name":"Home","item":"https:\/\/www.erresse-shop.it\/de\/"},{"@type":"ListItem","position":2,"name":"Shop","item":"https:\/\/www.erresse-shop.it\/de\/shop\/"},{"@type":"ListItem","position":3,"name":"ZWILLING Enfinigy Elektrischer Wein\u00f6ffner Schwarz"}]},{"@type":"WebSite","@id":"https:\/\/www.erresse-shop.it\/de\/#website","url":"https:\/\/www.erresse-shop.it\/de\/","name":"Erresse Shop","description":"Articoli di qualit\u00e0 per la casa","potentialAction":[{"@type":"SearchAction","target":{"@type":"EntryPoint","urlTemplate":"https:\/\/www.erresse-shop.it\/de\/?s={search_term_string}"},"query-input":"required name=search_term_string"}],"inLanguage":"de-DE"}]}},"df_price":24.975,"df_sale_price":24.975,"df_regular_price":49.95,"df_image_link":"https:\/\/www.erresse-shop.it\/wp-content\/uploads\/2024\/08\/ZWILLING-Enfinigy-Apribottiglie-Vino-Elettrico-Nero-300x300.jpg","_links":{"self":[{"href":"https:\/\/www.erresse-shop.it\/de\/wp-json\/wp\/v2\/product\/428169"}],"collection":[{"href":"https:\/\/www.erresse-shop.it\/de\/wp-json\/wp\/v2\/product"}],"about":[{"href":"https:\/\/www.erresse-shop.it\/de\/wp-json\/wp\/v2\/types\/product"}],"wp:featuredmedia":[{"embeddable":true,"href":"https:\/\/www.erresse-shop.it\/de\/wp-json\/wp\/v2\/media\/496112"}],"wp:attachment":[{"href":"https:\/\/www.erresse-shop.it\/de\/wp-json\/wp\/v2\/media?parent=428169"}],"wp:term":[{"taxonomy":"product_cat","embeddable":true,"href":"https:\/\/www.erresse-shop.it\/de\/wp-json\/wp\/v2\/product_cat?post=428169"},{"taxonomy":"product_tag","embeddable":true,"href":"https:\/\/www.erresse-shop.it\/de\/wp-json\/wp\/v2\/product_tag?post=428169"}],"curies":[{"name":"wp","href":"https:\/\/api.w.org\/{rel}","templated":true}]}}