{"id":428121,"date":"2024-08-06T08:02:18","date_gmt":"2024-08-06T08:02:19","guid":{"rendered":"https:\/\/www.erresse-shop.it\/?post_type=product&#038;p=428121"},"modified":"2025-01-22T07:21:43","modified_gmt":"2025-01-22T07:21:43","slug":"zwilling-2-messerset-professional-s","status":"publish","type":"product","link":"https:\/\/www.erresse-shop.it\/de\/shop\/kuche\/messer\/zwilling-2-messerset-professional-s\/","title":{"rendered":"ZWILLING 2 Messerset Professional S"},"content":{"rendered":"<p>Dieses 2er-Set ZWILLING-Messer aus der PROFESSIONAL \u201eS\u201c-Kollektion ist das ideale Paar in der K\u00fcche f\u00fcr praktisch jede Aufgabe. Das Set besteht aus einem Sch\u00e4lmesser mit 10 cm Klinge und einem Santokumesser mit der typisch extrem scharfen 18 cm breiten Klinge. Wenn Sie sich f\u00fcr diese Serie entscheiden, entscheiden Sie sich f\u00fcr einen echten Klassiker, der f\u00fcr die anspruchsvollsten K\u00f6che entwickelt wurde. Mit seiner d\u00fcnnen Klinge mit mittlerer Spitze eignet sich das kleine und leichte Gem\u00fcsemesser ideal zum Sch\u00e4len, Putzen und Schneiden von Obst und Gem\u00fcse, zum Zubereiten von Fleisch oder zum Dekorieren von Gerichten. Das Santokumesser hingegen hilft Ihnen bei der Zubereitung von Gem\u00fcse, Fleisch und Fisch und erm\u00f6glicht Ihnen das m\u00fchelose Schneiden, Hacken und Hacken. Beide Messer bestehen aus speziellem ZWILLING-Edelstahl und sind aus einem einzigen St\u00fcck Stahl pr\u00e4zisionsgeschmiedet. Mit einer speziellen kryogenen H\u00e4rtung versehen, behalten diese FRIODUR\u00ae-Klingen lange ihre Sch\u00e4rfe und sind besonders korrosionsbest\u00e4ndig. Die Full-Tang-Konstruktion und die kantenlose Verarbeitung sorgen f\u00fcr Ausgewogenheit und Funktionssicherheit. Der ergonomische Kunststoffgriff liegt angenehm in der Hand und das klassische Drei-Nieten-Design verleiht der Kollektion eine zeitlose Ausstrahlung. Dank des vielseitigen Sch\u00e4lmessers und Santokumessers haben Sie praktisch alles, was Sie in der K\u00fcche f\u00fcr jeden Schneidbedarf ben\u00f6tigen.<\/p>\n<ul>\n<li>Mit FRIODUR\u00ae kryogener H\u00e4rtung behandelte Klinge f\u00fcr au\u00dfergew\u00f6hnliche Schnitthaltigkeit und Korrosionsbest\u00e4ndigkeit<\/li>\n<li>Edelstahl in der speziellen ZWILLING-Formel f\u00fcr robuste, korrosionsbest\u00e4ndige und flexible Messer<\/li>\n<li>SIGMAFORGE\u00ae Messer pr\u00e4zisionsgeschmiedet aus einem einzigen St\u00fcck Stahl<\/li>\n<li>Keine Verbindungen zwischen Griff und Klinge<\/li>\n<li>Ergonomischer Griff aus Kunststoff mit drei Nieten f\u00fcr eine sichere und komfortable Handhabung des Messers<\/li>\n<\/ul>\n","protected":false},"excerpt":{"rendered":"<p>Dieses 2er-Set ZWILLING-Messer aus der PROFESSIONAL \u201eS\u201c-Kollektion ist das ideale Paar in der K\u00fcche f\u00fcr praktisch jede Aufgabe. Das Set<\/p>\n","protected":false},"featured_media":509248,"template":"","meta":{"_acf_changed":false,"inline_featured_image":false},"product_cat":[6742,6706,14454],"product_tag":[25038,11395,11397,11529,11405,11861,15405,11664,18704,25022,11473],"acf":[],"yoast_head":"<!-- This site is optimized with the Yoast SEO Premium plugin v18.6 (Yoast SEO v19.13) - https:\/\/yoast.com\/wordpress\/plugins\/seo\/ -->\n<title>ZWILLING 2 Messerset Professional S<\/title>\n<meta name=\"description\" content=\"Entdecken Sie ZWILLING 2 Messerset Professional S bei ErresseShop. Qualit\u00e4t, Stil und Funktionalit\u00e4t \u2013 jetzt online bestellen!\" \/>\n<meta name=\"robots\" content=\"index, follow, max-snippet:-1, max-image-preview:large, max-video-preview:-1\" \/>\n<link rel=\"canonical\" href=\"https:\/\/www.erresse-shop.it\/de\/shop\/kuche\/messer\/zwilling-2-messerset-professional-s\/\" \/>\n<meta property=\"og:locale\" content=\"de_DE\" \/>\n<meta property=\"og:type\" content=\"article\" \/>\n<meta property=\"og:title\" content=\"ZWILLING 2 Messerset Professional S\" \/>\n<meta property=\"og:description\" content=\"Entdecken Sie ZWILLING 2 Messerset Professional S bei ErresseShop. Qualit\u00e4t, Stil und Funktionalit\u00e4t \u2013 jetzt online bestellen!\" \/>\n<meta property=\"og:url\" content=\"https:\/\/www.erresse-shop.it\/de\/shop\/kuche\/messer\/zwilling-2-messerset-professional-s\/\" \/>\n<meta property=\"og:site_name\" content=\"Erresse Shop\" \/>\n<meta property=\"article:modified_time\" content=\"2025-01-22T07:21:43+00:00\" \/>\n<meta property=\"og:image\" content=\"https:\/\/www.erresse-shop.it\/wp-content\/uploads\/2024\/08\/ZWILLING-Set-2-Coltelli-Professional-S.png\" \/>\n\t<meta property=\"og:image:width\" content=\"800\" \/>\n\t<meta property=\"og:image:height\" content=\"800\" \/>\n\t<meta property=\"og:image:type\" content=\"image\/png\" \/>\n<meta name=\"twitter:card\" content=\"summary_large_image\" \/>\n<script type=\"application\/ld+json\" class=\"yoast-schema-graph\">{\"@context\":\"https:\/\/schema.org\",\"@graph\":[{\"@type\":\"WebPage\",\"@id\":\"https:\/\/www.erresse-shop.it\/de\/shop\/kuche\/messer\/zwilling-2-messerset-professional-s\/\",\"url\":\"https:\/\/www.erresse-shop.it\/de\/shop\/kuche\/messer\/zwilling-2-messerset-professional-s\/\",\"name\":\"ZWILLING 2 Messerset Professional S\",\"isPartOf\":{\"@id\":\"https:\/\/www.erresse-shop.it\/de\/#website\"},\"datePublished\":\"2024-08-06T08:02:19+00:00\",\"dateModified\":\"2025-01-22T07:21:43+00:00\",\"description\":\"Entdecken Sie ZWILLING 2 Messerset Professional S bei ErresseShop. Qualit\u00e4t, Stil und Funktionalit\u00e4t \u2013 jetzt online bestellen!\",\"breadcrumb\":{\"@id\":\"https:\/\/www.erresse-shop.it\/de\/shop\/kuche\/messer\/zwilling-2-messerset-professional-s\/#breadcrumb\"},\"inLanguage\":\"de-DE\",\"potentialAction\":[{\"@type\":\"ReadAction\",\"target\":[\"https:\/\/www.erresse-shop.it\/de\/shop\/kuche\/messer\/zwilling-2-messerset-professional-s\/\"]}]},{\"@type\":\"BreadcrumbList\",\"@id\":\"https:\/\/www.erresse-shop.it\/de\/shop\/kuche\/messer\/zwilling-2-messerset-professional-s\/#breadcrumb\",\"itemListElement\":[{\"@type\":\"ListItem\",\"position\":1,\"name\":\"Home\",\"item\":\"https:\/\/www.erresse-shop.it\/de\/\"},{\"@type\":\"ListItem\",\"position\":2,\"name\":\"Shop\",\"item\":\"https:\/\/www.erresse-shop.it\/de\/shop\/\"},{\"@type\":\"ListItem\",\"position\":3,\"name\":\"ZWILLING 2 Messerset Professional S\"}]},{\"@type\":\"WebSite\",\"@id\":\"https:\/\/www.erresse-shop.it\/de\/#website\",\"url\":\"https:\/\/www.erresse-shop.it\/de\/\",\"name\":\"Erresse Shop\",\"description\":\"Articoli di qualit\u00e0 per la casa\",\"potentialAction\":[{\"@type\":\"SearchAction\",\"target\":{\"@type\":\"EntryPoint\",\"urlTemplate\":\"https:\/\/www.erresse-shop.it\/de\/?s={search_term_string}\"},\"query-input\":\"required name=search_term_string\"}],\"inLanguage\":\"de-DE\"}]}<\/script>\n<!-- \/ Yoast SEO Premium plugin. -->","yoast_head_json":{"title":"ZWILLING 2 Messerset Professional S","description":"Entdecken Sie ZWILLING 2 Messerset Professional S bei ErresseShop. Qualit\u00e4t, Stil und Funktionalit\u00e4t \u2013 jetzt online bestellen!","robots":{"index":"index","follow":"follow","max-snippet":"max-snippet:-1","max-image-preview":"max-image-preview:large","max-video-preview":"max-video-preview:-1"},"canonical":"https:\/\/www.erresse-shop.it\/de\/shop\/kuche\/messer\/zwilling-2-messerset-professional-s\/","og_locale":"de_DE","og_type":"article","og_title":"ZWILLING 2 Messerset Professional S","og_description":"Entdecken Sie ZWILLING 2 Messerset Professional S bei ErresseShop. Qualit\u00e4t, Stil und Funktionalit\u00e4t \u2013 jetzt online bestellen!","og_url":"https:\/\/www.erresse-shop.it\/de\/shop\/kuche\/messer\/zwilling-2-messerset-professional-s\/","og_site_name":"Erresse Shop","article_modified_time":"2025-01-22T07:21:43+00:00","og_image":[{"width":800,"height":800,"url":"https:\/\/www.erresse-shop.it\/wp-content\/uploads\/2024\/08\/ZWILLING-Set-2-Coltelli-Professional-S.png","type":"image\/png"}],"twitter_card":"summary_large_image","schema":{"@context":"https:\/\/schema.org","@graph":[{"@type":"WebPage","@id":"https:\/\/www.erresse-shop.it\/de\/shop\/kuche\/messer\/zwilling-2-messerset-professional-s\/","url":"https:\/\/www.erresse-shop.it\/de\/shop\/kuche\/messer\/zwilling-2-messerset-professional-s\/","name":"ZWILLING 2 Messerset Professional S","isPartOf":{"@id":"https:\/\/www.erresse-shop.it\/de\/#website"},"datePublished":"2024-08-06T08:02:19+00:00","dateModified":"2025-01-22T07:21:43+00:00","description":"Entdecken Sie ZWILLING 2 Messerset Professional S bei ErresseShop. Qualit\u00e4t, Stil und Funktionalit\u00e4t \u2013 jetzt online bestellen!","breadcrumb":{"@id":"https:\/\/www.erresse-shop.it\/de\/shop\/kuche\/messer\/zwilling-2-messerset-professional-s\/#breadcrumb"},"inLanguage":"de-DE","potentialAction":[{"@type":"ReadAction","target":["https:\/\/www.erresse-shop.it\/de\/shop\/kuche\/messer\/zwilling-2-messerset-professional-s\/"]}]},{"@type":"BreadcrumbList","@id":"https:\/\/www.erresse-shop.it\/de\/shop\/kuche\/messer\/zwilling-2-messerset-professional-s\/#breadcrumb","itemListElement":[{"@type":"ListItem","position":1,"name":"Home","item":"https:\/\/www.erresse-shop.it\/de\/"},{"@type":"ListItem","position":2,"name":"Shop","item":"https:\/\/www.erresse-shop.it\/de\/shop\/"},{"@type":"ListItem","position":3,"name":"ZWILLING 2 Messerset Professional S"}]},{"@type":"WebSite","@id":"https:\/\/www.erresse-shop.it\/de\/#website","url":"https:\/\/www.erresse-shop.it\/de\/","name":"Erresse Shop","description":"Articoli di qualit\u00e0 per la casa","potentialAction":[{"@type":"SearchAction","target":{"@type":"EntryPoint","urlTemplate":"https:\/\/www.erresse-shop.it\/de\/?s={search_term_string}"},"query-input":"required name=search_term_string"}],"inLanguage":"de-DE"}]}},"df_price":111.75,"df_sale_price":111.75,"df_regular_price":149,"df_image_link":"https:\/\/www.erresse-shop.it\/wp-content\/uploads\/2024\/08\/ZWILLING-Set-2-Coltelli-Professional-S-300x300.jpg","_links":{"self":[{"href":"https:\/\/www.erresse-shop.it\/de\/wp-json\/wp\/v2\/product\/428121"}],"collection":[{"href":"https:\/\/www.erresse-shop.it\/de\/wp-json\/wp\/v2\/product"}],"about":[{"href":"https:\/\/www.erresse-shop.it\/de\/wp-json\/wp\/v2\/types\/product"}],"wp:featuredmedia":[{"embeddable":true,"href":"https:\/\/www.erresse-shop.it\/de\/wp-json\/wp\/v2\/media\/509248"}],"wp:attachment":[{"href":"https:\/\/www.erresse-shop.it\/de\/wp-json\/wp\/v2\/media?parent=428121"}],"wp:term":[{"taxonomy":"product_cat","embeddable":true,"href":"https:\/\/www.erresse-shop.it\/de\/wp-json\/wp\/v2\/product_cat?post=428121"},{"taxonomy":"product_tag","embeddable":true,"href":"https:\/\/www.erresse-shop.it\/de\/wp-json\/wp\/v2\/product_tag?post=428121"}],"curies":[{"name":"wp","href":"https:\/\/api.w.org\/{rel}","templated":true}]}}