{"id":424257,"date":"2024-07-25T14:12:38","date_gmt":"2024-07-25T14:12:39","guid":{"rendered":"https:\/\/www.erresse-shop.it\/?post_type=product&#038;p=424257"},"modified":"2025-01-22T06:41:24","modified_gmt":"2025-01-22T06:41:24","slug":"wusthof-classic-schaelmesser-7-cm","status":"publish","type":"product","link":"https:\/\/www.erresse-shop.it\/de\/shop\/kuche\/messer\/wusthof-classic-schaelmesser-7-cm\/","title":{"rendered":"WUSTHOF Classic Sch\u00e4lmesser 7 cm"},"content":{"rendered":"<p>Besonders n\u00fctzlich zum Sch\u00e4len und Putzen von rundem Obst und Gem\u00fcse: Das kleine, handliche Sch\u00e4lmesser &#8211; auch Sch\u00e4lmesser oder Tourne-Messer genannt &#8211; mit seiner kurzen, gebogenen, vogelschnabelf\u00f6rmigen Klinge erm\u00f6glicht das schnelle Sch\u00e4len von Produkten wie Kartoffeln oder \u00c4pfeln, wobei die wertvollen Vitamine direkt unter der Schale erhalten bleiben. Die glatte Kante des Tourne-Sch\u00e4lers\/Messers erm\u00f6glicht sehr pr\u00e4zise Schnitte und macht ihn zum idealen Helfer beim Aush\u00f6hlen und Dekorieren von Obst und Gem\u00fcse.<\/p>\n<p><strong>Einzelheiten zum Produkt:<\/strong><\/p>\n<ul>\n<li>Klinge aus rostfreiem Stahl<\/li>\n<li>Ausgezeichnete Ergonomie.<\/li>\n<li>Perfektes Gleichgewicht f\u00fcr m\u00fcheloses Schneiden.<\/li>\n<li>Kein Spalt zwischen Griff und Klinge f\u00fcr perfekte Hygiene.<\/li>\n<li>Schwarze Griffe aus Spezialkunststoff.<\/li>\n<li>Konstante Sch\u00e4rfe auf Dauer dank PEtec &#8211; der Precision Edge Technology von W\u00dcSTHOF.<\/li>\n<\/ul>\n","protected":false},"excerpt":{"rendered":"<p>Besonders n\u00fctzlich zum Sch\u00e4len und Putzen von rundem Obst und Gem\u00fcse: Das kleine, handliche Sch\u00e4lmesser &#8211; auch Sch\u00e4lmesser oder Tourne-Messer<\/p>\n","protected":false},"featured_media":509227,"template":"","meta":{"_acf_changed":false,"inline_featured_image":false},"product_cat":[6742,6706,14454],"product_tag":[11395,11397,11529,19100],"acf":[],"yoast_head":"<!-- This site is optimized with the Yoast SEO Premium plugin v18.6 (Yoast SEO v19.13) - https:\/\/yoast.com\/wordpress\/plugins\/seo\/ -->\n<title>WUSTHOF Classic Sch\u00e4lmesser 7 cm<\/title>\n<meta name=\"description\" content=\"Entdecken Sie WUSTHOF Classic Sch\u00e4lmesser 7 cm bei ErresseShop. Qualit\u00e4t, Stil und Funktionalit\u00e4t \u2013 jetzt online bestellen!\" \/>\n<meta name=\"robots\" content=\"index, follow, max-snippet:-1, max-image-preview:large, max-video-preview:-1\" \/>\n<link rel=\"canonical\" href=\"https:\/\/www.erresse-shop.it\/de\/shop\/kuche\/messer\/wusthof-classic-schaelmesser-7-cm\/\" \/>\n<meta property=\"og:locale\" content=\"de_DE\" \/>\n<meta property=\"og:type\" content=\"article\" \/>\n<meta property=\"og:title\" content=\"WUSTHOF Classic Sch\u00e4lmesser 7 cm\" \/>\n<meta property=\"og:description\" content=\"Entdecken Sie WUSTHOF Classic Sch\u00e4lmesser 7 cm bei ErresseShop. Qualit\u00e4t, Stil und Funktionalit\u00e4t \u2013 jetzt online bestellen!\" \/>\n<meta property=\"og:url\" content=\"https:\/\/www.erresse-shop.it\/de\/shop\/kuche\/messer\/wusthof-classic-schaelmesser-7-cm\/\" \/>\n<meta property=\"og:site_name\" content=\"Erresse Shop\" \/>\n<meta property=\"article:modified_time\" content=\"2025-01-22T06:41:24+00:00\" \/>\n<meta property=\"og:image\" content=\"https:\/\/www.erresse-shop.it\/wp-content\/uploads\/2024\/07\/WUSTHOF-Classic-Coltello-per-Sbucciare-7-cm.png\" \/>\n\t<meta property=\"og:image:width\" content=\"800\" \/>\n\t<meta property=\"og:image:height\" content=\"800\" \/>\n\t<meta property=\"og:image:type\" content=\"image\/png\" \/>\n<meta name=\"twitter:card\" content=\"summary_large_image\" \/>\n<script type=\"application\/ld+json\" class=\"yoast-schema-graph\">{\"@context\":\"https:\/\/schema.org\",\"@graph\":[{\"@type\":\"WebPage\",\"@id\":\"https:\/\/www.erresse-shop.it\/de\/shop\/kuche\/messer\/wusthof-classic-schaelmesser-7-cm\/\",\"url\":\"https:\/\/www.erresse-shop.it\/de\/shop\/kuche\/messer\/wusthof-classic-schaelmesser-7-cm\/\",\"name\":\"WUSTHOF Classic Sch\u00e4lmesser 7 cm\",\"isPartOf\":{\"@id\":\"https:\/\/www.erresse-shop.it\/de\/#website\"},\"datePublished\":\"2024-07-25T14:12:39+00:00\",\"dateModified\":\"2025-01-22T06:41:24+00:00\",\"description\":\"Entdecken Sie WUSTHOF Classic Sch\u00e4lmesser 7 cm bei ErresseShop. Qualit\u00e4t, Stil und Funktionalit\u00e4t \u2013 jetzt online bestellen!\",\"breadcrumb\":{\"@id\":\"https:\/\/www.erresse-shop.it\/de\/shop\/kuche\/messer\/wusthof-classic-schaelmesser-7-cm\/#breadcrumb\"},\"inLanguage\":\"de-DE\",\"potentialAction\":[{\"@type\":\"ReadAction\",\"target\":[\"https:\/\/www.erresse-shop.it\/de\/shop\/kuche\/messer\/wusthof-classic-schaelmesser-7-cm\/\"]}]},{\"@type\":\"BreadcrumbList\",\"@id\":\"https:\/\/www.erresse-shop.it\/de\/shop\/kuche\/messer\/wusthof-classic-schaelmesser-7-cm\/#breadcrumb\",\"itemListElement\":[{\"@type\":\"ListItem\",\"position\":1,\"name\":\"Home\",\"item\":\"https:\/\/www.erresse-shop.it\/de\/\"},{\"@type\":\"ListItem\",\"position\":2,\"name\":\"Shop\",\"item\":\"https:\/\/www.erresse-shop.it\/de\/shop\/\"},{\"@type\":\"ListItem\",\"position\":3,\"name\":\"WUSTHOF Classic Sch\u00e4lmesser 7 cm\"}]},{\"@type\":\"WebSite\",\"@id\":\"https:\/\/www.erresse-shop.it\/de\/#website\",\"url\":\"https:\/\/www.erresse-shop.it\/de\/\",\"name\":\"Erresse Shop\",\"description\":\"Articoli di qualit\u00e0 per la casa\",\"potentialAction\":[{\"@type\":\"SearchAction\",\"target\":{\"@type\":\"EntryPoint\",\"urlTemplate\":\"https:\/\/www.erresse-shop.it\/de\/?s={search_term_string}\"},\"query-input\":\"required name=search_term_string\"}],\"inLanguage\":\"de-DE\"}]}<\/script>\n<!-- \/ Yoast SEO Premium plugin. -->","yoast_head_json":{"title":"WUSTHOF Classic Sch\u00e4lmesser 7 cm","description":"Entdecken Sie WUSTHOF Classic Sch\u00e4lmesser 7 cm bei ErresseShop. Qualit\u00e4t, Stil und Funktionalit\u00e4t \u2013 jetzt online bestellen!","robots":{"index":"index","follow":"follow","max-snippet":"max-snippet:-1","max-image-preview":"max-image-preview:large","max-video-preview":"max-video-preview:-1"},"canonical":"https:\/\/www.erresse-shop.it\/de\/shop\/kuche\/messer\/wusthof-classic-schaelmesser-7-cm\/","og_locale":"de_DE","og_type":"article","og_title":"WUSTHOF Classic Sch\u00e4lmesser 7 cm","og_description":"Entdecken Sie WUSTHOF Classic Sch\u00e4lmesser 7 cm bei ErresseShop. Qualit\u00e4t, Stil und Funktionalit\u00e4t \u2013 jetzt online bestellen!","og_url":"https:\/\/www.erresse-shop.it\/de\/shop\/kuche\/messer\/wusthof-classic-schaelmesser-7-cm\/","og_site_name":"Erresse Shop","article_modified_time":"2025-01-22T06:41:24+00:00","og_image":[{"width":800,"height":800,"url":"https:\/\/www.erresse-shop.it\/wp-content\/uploads\/2024\/07\/WUSTHOF-Classic-Coltello-per-Sbucciare-7-cm.png","type":"image\/png"}],"twitter_card":"summary_large_image","schema":{"@context":"https:\/\/schema.org","@graph":[{"@type":"WebPage","@id":"https:\/\/www.erresse-shop.it\/de\/shop\/kuche\/messer\/wusthof-classic-schaelmesser-7-cm\/","url":"https:\/\/www.erresse-shop.it\/de\/shop\/kuche\/messer\/wusthof-classic-schaelmesser-7-cm\/","name":"WUSTHOF Classic Sch\u00e4lmesser 7 cm","isPartOf":{"@id":"https:\/\/www.erresse-shop.it\/de\/#website"},"datePublished":"2024-07-25T14:12:39+00:00","dateModified":"2025-01-22T06:41:24+00:00","description":"Entdecken Sie WUSTHOF Classic Sch\u00e4lmesser 7 cm bei ErresseShop. Qualit\u00e4t, Stil und Funktionalit\u00e4t \u2013 jetzt online bestellen!","breadcrumb":{"@id":"https:\/\/www.erresse-shop.it\/de\/shop\/kuche\/messer\/wusthof-classic-schaelmesser-7-cm\/#breadcrumb"},"inLanguage":"de-DE","potentialAction":[{"@type":"ReadAction","target":["https:\/\/www.erresse-shop.it\/de\/shop\/kuche\/messer\/wusthof-classic-schaelmesser-7-cm\/"]}]},{"@type":"BreadcrumbList","@id":"https:\/\/www.erresse-shop.it\/de\/shop\/kuche\/messer\/wusthof-classic-schaelmesser-7-cm\/#breadcrumb","itemListElement":[{"@type":"ListItem","position":1,"name":"Home","item":"https:\/\/www.erresse-shop.it\/de\/"},{"@type":"ListItem","position":2,"name":"Shop","item":"https:\/\/www.erresse-shop.it\/de\/shop\/"},{"@type":"ListItem","position":3,"name":"WUSTHOF Classic Sch\u00e4lmesser 7 cm"}]},{"@type":"WebSite","@id":"https:\/\/www.erresse-shop.it\/de\/#website","url":"https:\/\/www.erresse-shop.it\/de\/","name":"Erresse Shop","description":"Articoli di qualit\u00e0 per la casa","potentialAction":[{"@type":"SearchAction","target":{"@type":"EntryPoint","urlTemplate":"https:\/\/www.erresse-shop.it\/de\/?s={search_term_string}"},"query-input":"required name=search_term_string"}],"inLanguage":"de-DE"}]}},"df_price":55.2,"df_sale_price":55.2,"df_regular_price":69,"df_image_link":"https:\/\/www.erresse-shop.it\/wp-content\/uploads\/2024\/07\/WUSTHOF-Classic-Coltello-per-Sbucciare-7-cm-300x300.jpg","_links":{"self":[{"href":"https:\/\/www.erresse-shop.it\/de\/wp-json\/wp\/v2\/product\/424257"}],"collection":[{"href":"https:\/\/www.erresse-shop.it\/de\/wp-json\/wp\/v2\/product"}],"about":[{"href":"https:\/\/www.erresse-shop.it\/de\/wp-json\/wp\/v2\/types\/product"}],"wp:featuredmedia":[{"embeddable":true,"href":"https:\/\/www.erresse-shop.it\/de\/wp-json\/wp\/v2\/media\/509227"}],"wp:attachment":[{"href":"https:\/\/www.erresse-shop.it\/de\/wp-json\/wp\/v2\/media?parent=424257"}],"wp:term":[{"taxonomy":"product_cat","embeddable":true,"href":"https:\/\/www.erresse-shop.it\/de\/wp-json\/wp\/v2\/product_cat?post=424257"},{"taxonomy":"product_tag","embeddable":true,"href":"https:\/\/www.erresse-shop.it\/de\/wp-json\/wp\/v2\/product_tag?post=424257"}],"curies":[{"name":"wp","href":"https:\/\/api.w.org\/{rel}","templated":true}]}}