{"id":424220,"date":"2024-07-25T13:54:30","date_gmt":"2024-07-25T13:54:31","guid":{"rendered":"https:\/\/www.erresse-shop.it\/?post_type=product&#038;p=424220"},"modified":"2025-01-22T06:41:24","modified_gmt":"2025-01-22T06:41:24","slug":"wusthof-diamantanto-feiner-messerschaerfer-26-cm","status":"publish","type":"product","link":"https:\/\/www.erresse-shop.it\/de\/shop\/kuche\/messer\/wusthof-diamantanto-feiner-messerschaerfer-26-cm\/","title":{"rendered":"WUSTHOF Diamantanto Feiner Messersch\u00e4rfer 26 cm"},"content":{"rendered":"<p>Der diamantbeschichtete W\u00dcSTHOF 26 cm Messersch\u00e4rfer ist f\u00fcr stumpfe oder m\u00e4\u00dfig scharfe Messer zu verwenden. Die spezielle Form der Diamantk\u00f6rnung auf dem Wetzstab garantiert eine hervorragende Sch\u00e4rfung der Messerklinge. Das Ergebnis: eine glatte, scharfe Schneide. Dieser Wetzstab hat eine feine K\u00f6rnung. Da diese St\u00e4be nur wenig Metall vom Messer abtragen, empfehlen wir f\u00fcr die t\u00e4gliche oder w\u00f6chentliche Pflege einen anderen W\u00dcSTHOF-Wetzstab zu verwenden.<\/p>\n<p><strong>Produkt-Details:<\/strong><\/p>\n<ul>\n<li>Klinge aus rostfreiem Stahl<\/li>\n<li>Ausgezeichnete Ergonomie.<\/li>\n<li>Perfekte Balance f\u00fcr m\u00fcheloses Schneiden.<\/li>\n<li>Kein Spalt zwischen Griff und Klinge f\u00fcr perfekte Hygiene.<\/li>\n<li>Schwarze Griffe aus Spezialkunststoff.<\/li>\n<li>Konstante Sch\u00e4rfe auf Dauer dank PEtec &#8211; der Precision Edge Technology von W\u00dcSTHOF.<\/li>\n<\/ul>\n","protected":false},"excerpt":{"rendered":"<p>Der diamantbeschichtete W\u00dcSTHOF 26 cm Messersch\u00e4rfer ist f\u00fcr stumpfe oder m\u00e4\u00dfig scharfe Messer zu verwenden. Die spezielle Form der Diamantk\u00f6rnung<\/p>\n","protected":false},"featured_media":512724,"template":"","meta":{"_acf_changed":false,"inline_featured_image":false},"product_cat":[6742,6706,6718],"product_tag":[11395,11397,11529,22451,22450],"acf":[],"yoast_head":"<!-- This site is optimized with the Yoast SEO Premium plugin v18.6 (Yoast SEO v19.13) - https:\/\/yoast.com\/wordpress\/plugins\/seo\/ -->\n<title>WUSTHOF Diamantanto Feiner Messersch\u00e4rfer 26 cm<\/title>\n<meta name=\"description\" content=\"Entdecken Sie WUSTHOF Diamantanto Feiner Messersch\u00e4rfer 26 cm bei ErresseShop. Qualit\u00e4t, Stil und Funktionalit\u00e4t \u2013 jetzt online bestellen!\" \/>\n<meta name=\"robots\" content=\"index, follow, max-snippet:-1, max-image-preview:large, max-video-preview:-1\" \/>\n<link rel=\"canonical\" href=\"https:\/\/www.erresse-shop.it\/de\/shop\/kuche\/messer\/wusthof-diamantanto-feiner-messerschaerfer-26-cm\/\" \/>\n<meta property=\"og:locale\" content=\"de_DE\" \/>\n<meta property=\"og:type\" content=\"article\" \/>\n<meta property=\"og:title\" content=\"WUSTHOF Diamantanto Feiner Messersch\u00e4rfer 26 cm\" \/>\n<meta property=\"og:description\" content=\"Entdecken Sie WUSTHOF Diamantanto Feiner Messersch\u00e4rfer 26 cm bei ErresseShop. Qualit\u00e4t, Stil und Funktionalit\u00e4t \u2013 jetzt online bestellen!\" \/>\n<meta property=\"og:url\" content=\"https:\/\/www.erresse-shop.it\/de\/shop\/kuche\/messer\/wusthof-diamantanto-feiner-messerschaerfer-26-cm\/\" \/>\n<meta property=\"og:site_name\" content=\"Erresse Shop\" \/>\n<meta property=\"article:modified_time\" content=\"2025-01-22T06:41:24+00:00\" \/>\n<meta property=\"og:image\" content=\"https:\/\/www.erresse-shop.it\/wp-content\/uploads\/2024\/07\/WUSTHOF-Affilacoltelli-Diamantanto-Fine-26-cm.png\" \/>\n\t<meta property=\"og:image:width\" content=\"800\" \/>\n\t<meta property=\"og:image:height\" content=\"800\" \/>\n\t<meta property=\"og:image:type\" content=\"image\/png\" \/>\n<meta name=\"twitter:card\" content=\"summary_large_image\" \/>\n<script type=\"application\/ld+json\" class=\"yoast-schema-graph\">{\"@context\":\"https:\/\/schema.org\",\"@graph\":[{\"@type\":\"WebPage\",\"@id\":\"https:\/\/www.erresse-shop.it\/de\/shop\/kuche\/messer\/wusthof-diamantanto-feiner-messerschaerfer-26-cm\/\",\"url\":\"https:\/\/www.erresse-shop.it\/de\/shop\/kuche\/messer\/wusthof-diamantanto-feiner-messerschaerfer-26-cm\/\",\"name\":\"WUSTHOF Diamantanto Feiner Messersch\u00e4rfer 26 cm\",\"isPartOf\":{\"@id\":\"https:\/\/www.erresse-shop.it\/de\/#website\"},\"datePublished\":\"2024-07-25T13:54:31+00:00\",\"dateModified\":\"2025-01-22T06:41:24+00:00\",\"description\":\"Entdecken Sie WUSTHOF Diamantanto Feiner Messersch\u00e4rfer 26 cm bei ErresseShop. Qualit\u00e4t, Stil und Funktionalit\u00e4t \u2013 jetzt online bestellen!\",\"breadcrumb\":{\"@id\":\"https:\/\/www.erresse-shop.it\/de\/shop\/kuche\/messer\/wusthof-diamantanto-feiner-messerschaerfer-26-cm\/#breadcrumb\"},\"inLanguage\":\"de-DE\",\"potentialAction\":[{\"@type\":\"ReadAction\",\"target\":[\"https:\/\/www.erresse-shop.it\/de\/shop\/kuche\/messer\/wusthof-diamantanto-feiner-messerschaerfer-26-cm\/\"]}]},{\"@type\":\"BreadcrumbList\",\"@id\":\"https:\/\/www.erresse-shop.it\/de\/shop\/kuche\/messer\/wusthof-diamantanto-feiner-messerschaerfer-26-cm\/#breadcrumb\",\"itemListElement\":[{\"@type\":\"ListItem\",\"position\":1,\"name\":\"Home\",\"item\":\"https:\/\/www.erresse-shop.it\/de\/\"},{\"@type\":\"ListItem\",\"position\":2,\"name\":\"Shop\",\"item\":\"https:\/\/www.erresse-shop.it\/de\/shop\/\"},{\"@type\":\"ListItem\",\"position\":3,\"name\":\"WUSTHOF Diamantanto Feiner Messersch\u00e4rfer 26 cm\"}]},{\"@type\":\"WebSite\",\"@id\":\"https:\/\/www.erresse-shop.it\/de\/#website\",\"url\":\"https:\/\/www.erresse-shop.it\/de\/\",\"name\":\"Erresse Shop\",\"description\":\"Articoli di qualit\u00e0 per la casa\",\"potentialAction\":[{\"@type\":\"SearchAction\",\"target\":{\"@type\":\"EntryPoint\",\"urlTemplate\":\"https:\/\/www.erresse-shop.it\/de\/?s={search_term_string}\"},\"query-input\":\"required name=search_term_string\"}],\"inLanguage\":\"de-DE\"}]}<\/script>\n<!-- \/ Yoast SEO Premium plugin. -->","yoast_head_json":{"title":"WUSTHOF Diamantanto Feiner Messersch\u00e4rfer 26 cm","description":"Entdecken Sie WUSTHOF Diamantanto Feiner Messersch\u00e4rfer 26 cm bei ErresseShop. Qualit\u00e4t, Stil und Funktionalit\u00e4t \u2013 jetzt online bestellen!","robots":{"index":"index","follow":"follow","max-snippet":"max-snippet:-1","max-image-preview":"max-image-preview:large","max-video-preview":"max-video-preview:-1"},"canonical":"https:\/\/www.erresse-shop.it\/de\/shop\/kuche\/messer\/wusthof-diamantanto-feiner-messerschaerfer-26-cm\/","og_locale":"de_DE","og_type":"article","og_title":"WUSTHOF Diamantanto Feiner Messersch\u00e4rfer 26 cm","og_description":"Entdecken Sie WUSTHOF Diamantanto Feiner Messersch\u00e4rfer 26 cm bei ErresseShop. Qualit\u00e4t, Stil und Funktionalit\u00e4t \u2013 jetzt online bestellen!","og_url":"https:\/\/www.erresse-shop.it\/de\/shop\/kuche\/messer\/wusthof-diamantanto-feiner-messerschaerfer-26-cm\/","og_site_name":"Erresse Shop","article_modified_time":"2025-01-22T06:41:24+00:00","og_image":[{"width":800,"height":800,"url":"https:\/\/www.erresse-shop.it\/wp-content\/uploads\/2024\/07\/WUSTHOF-Affilacoltelli-Diamantanto-Fine-26-cm.png","type":"image\/png"}],"twitter_card":"summary_large_image","schema":{"@context":"https:\/\/schema.org","@graph":[{"@type":"WebPage","@id":"https:\/\/www.erresse-shop.it\/de\/shop\/kuche\/messer\/wusthof-diamantanto-feiner-messerschaerfer-26-cm\/","url":"https:\/\/www.erresse-shop.it\/de\/shop\/kuche\/messer\/wusthof-diamantanto-feiner-messerschaerfer-26-cm\/","name":"WUSTHOF Diamantanto Feiner Messersch\u00e4rfer 26 cm","isPartOf":{"@id":"https:\/\/www.erresse-shop.it\/de\/#website"},"datePublished":"2024-07-25T13:54:31+00:00","dateModified":"2025-01-22T06:41:24+00:00","description":"Entdecken Sie WUSTHOF Diamantanto Feiner Messersch\u00e4rfer 26 cm bei ErresseShop. Qualit\u00e4t, Stil und Funktionalit\u00e4t \u2013 jetzt online bestellen!","breadcrumb":{"@id":"https:\/\/www.erresse-shop.it\/de\/shop\/kuche\/messer\/wusthof-diamantanto-feiner-messerschaerfer-26-cm\/#breadcrumb"},"inLanguage":"de-DE","potentialAction":[{"@type":"ReadAction","target":["https:\/\/www.erresse-shop.it\/de\/shop\/kuche\/messer\/wusthof-diamantanto-feiner-messerschaerfer-26-cm\/"]}]},{"@type":"BreadcrumbList","@id":"https:\/\/www.erresse-shop.it\/de\/shop\/kuche\/messer\/wusthof-diamantanto-feiner-messerschaerfer-26-cm\/#breadcrumb","itemListElement":[{"@type":"ListItem","position":1,"name":"Home","item":"https:\/\/www.erresse-shop.it\/de\/"},{"@type":"ListItem","position":2,"name":"Shop","item":"https:\/\/www.erresse-shop.it\/de\/shop\/"},{"@type":"ListItem","position":3,"name":"WUSTHOF Diamantanto Feiner Messersch\u00e4rfer 26 cm"}]},{"@type":"WebSite","@id":"https:\/\/www.erresse-shop.it\/de\/#website","url":"https:\/\/www.erresse-shop.it\/de\/","name":"Erresse Shop","description":"Articoli di qualit\u00e0 per la casa","potentialAction":[{"@type":"SearchAction","target":{"@type":"EntryPoint","urlTemplate":"https:\/\/www.erresse-shop.it\/de\/?s={search_term_string}"},"query-input":"required name=search_term_string"}],"inLanguage":"de-DE"}]}},"df_price":63.2,"df_sale_price":63.2,"df_regular_price":79,"df_image_link":"https:\/\/www.erresse-shop.it\/wp-content\/uploads\/2024\/07\/WUSTHOF-Affilacoltelli-Diamantanto-Fine-26-cm-300x300.jpg","_links":{"self":[{"href":"https:\/\/www.erresse-shop.it\/de\/wp-json\/wp\/v2\/product\/424220"}],"collection":[{"href":"https:\/\/www.erresse-shop.it\/de\/wp-json\/wp\/v2\/product"}],"about":[{"href":"https:\/\/www.erresse-shop.it\/de\/wp-json\/wp\/v2\/types\/product"}],"wp:featuredmedia":[{"embeddable":true,"href":"https:\/\/www.erresse-shop.it\/de\/wp-json\/wp\/v2\/media\/512724"}],"wp:attachment":[{"href":"https:\/\/www.erresse-shop.it\/de\/wp-json\/wp\/v2\/media?parent=424220"}],"wp:term":[{"taxonomy":"product_cat","embeddable":true,"href":"https:\/\/www.erresse-shop.it\/de\/wp-json\/wp\/v2\/product_cat?post=424220"},{"taxonomy":"product_tag","embeddable":true,"href":"https:\/\/www.erresse-shop.it\/de\/wp-json\/wp\/v2\/product_tag?post=424220"}],"curies":[{"name":"wp","href":"https:\/\/api.w.org\/{rel}","templated":true}]}}