{"id":424141,"date":"2024-07-25T12:45:15","date_gmt":"2024-07-25T12:45:16","guid":{"rendered":"https:\/\/www.erresse-shop.it\/?post_type=product&#038;p=424141"},"modified":"2025-01-22T06:41:22","modified_gmt":"2025-01-22T06:41:22","slug":"wusthof-classic-ikon-wurstmesser-14-cm","status":"publish","type":"product","link":"https:\/\/www.erresse-shop.it\/de\/shop\/kuche\/messer\/wusthof-classic-ikon-wurstmesser-14-cm\/","title":{"rendered":"WUSTHOF Classic Ikon Wurstmesser 14 cm"},"content":{"rendered":"<p>Der perfekte Begleiter f\u00fcr Lunchpakete oder den Brunch: Dank seines d\u00fcnnen Wellenschliffs schneidet dieses Vielzweckmesser nicht nur sauber durch Sandwiches, ohne sie zu zerrei\u00dfen, sondern eignet sich auch f\u00fcr Gem\u00fcse (z. B. feste Tomaten), Obst oder Trockenwurst. Damit ist es ein unverzichtbarer Bestandteil der Sandwichzubereitung und des Brunch-Tisches, ideal in Kombination mit unserem K\u00e4semesser.<\/p>\n<p><strong>Produkt-Details:<\/strong><\/p>\n<ul>\n<li>Klinge aus rostfreiem Stahl<\/li>\n<li>Ausgezeichnete Ergonomie.<\/li>\n<li>Perfekte Balance f\u00fcr m\u00fcheloses Schneiden.<\/li>\n<li>Kein Spalt zwischen Griff und Klinge f\u00fcr perfekte Hygiene.<\/li>\n<li>Schwarze Griffe aus Spezialkunststoff.<\/li>\n<li>Konstante Sch\u00e4rfe auf Dauer dank PEtec &#8211; der Precision Edge Technology von W\u00dcSTHOF.<\/li>\n<\/ul>\n","protected":false},"excerpt":{"rendered":"<p>Der perfekte Begleiter f\u00fcr Lunchpakete oder den Brunch: Dank seines d\u00fcnnen Wellenschliffs schneidet dieses Vielzweckmesser nicht nur sauber durch Sandwiches,<\/p>\n","protected":false},"featured_media":509479,"template":"","meta":{"_acf_changed":false,"inline_featured_image":false},"product_cat":[6742,6706,14454],"product_tag":[11395,11397,11529,17289],"acf":[],"yoast_head":"<!-- This site is optimized with the Yoast SEO Premium plugin v18.6 (Yoast SEO v19.13) - https:\/\/yoast.com\/wordpress\/plugins\/seo\/ -->\n<title>WUSTHOF Classic Ikon Wurstmesser 14 cm<\/title>\n<meta name=\"description\" content=\"Entdecken Sie WUSTHOF Classic Ikon Wurstmesser 14 cm bei ErresseShop. Qualit\u00e4t, Stil und Funktionalit\u00e4t \u2013 jetzt online bestellen!\" \/>\n<meta name=\"robots\" content=\"index, follow, max-snippet:-1, max-image-preview:large, max-video-preview:-1\" \/>\n<link rel=\"canonical\" href=\"https:\/\/www.erresse-shop.it\/de\/shop\/kuche\/messer\/wusthof-classic-ikon-wurstmesser-14-cm\/\" \/>\n<meta property=\"og:locale\" content=\"de_DE\" \/>\n<meta property=\"og:type\" content=\"article\" \/>\n<meta property=\"og:title\" content=\"WUSTHOF Classic Ikon Wurstmesser 14 cm\" \/>\n<meta property=\"og:description\" content=\"Entdecken Sie WUSTHOF Classic Ikon Wurstmesser 14 cm bei ErresseShop. Qualit\u00e4t, Stil und Funktionalit\u00e4t \u2013 jetzt online bestellen!\" \/>\n<meta property=\"og:url\" content=\"https:\/\/www.erresse-shop.it\/de\/shop\/kuche\/messer\/wusthof-classic-ikon-wurstmesser-14-cm\/\" \/>\n<meta property=\"og:site_name\" content=\"Erresse Shop\" \/>\n<meta property=\"article:modified_time\" content=\"2025-01-22T06:41:22+00:00\" \/>\n<meta property=\"og:image\" content=\"https:\/\/www.erresse-shop.it\/wp-content\/uploads\/2024\/07\/WUSTHOF-Classic-Coltello-Multiuso-Seghettato-14-cm.png\" \/>\n\t<meta property=\"og:image:width\" content=\"800\" \/>\n\t<meta property=\"og:image:height\" content=\"800\" \/>\n\t<meta property=\"og:image:type\" content=\"image\/png\" \/>\n<meta name=\"twitter:card\" content=\"summary_large_image\" \/>\n<script type=\"application\/ld+json\" class=\"yoast-schema-graph\">{\"@context\":\"https:\/\/schema.org\",\"@graph\":[{\"@type\":\"WebPage\",\"@id\":\"https:\/\/www.erresse-shop.it\/de\/shop\/kuche\/messer\/wusthof-classic-ikon-wurstmesser-14-cm\/\",\"url\":\"https:\/\/www.erresse-shop.it\/de\/shop\/kuche\/messer\/wusthof-classic-ikon-wurstmesser-14-cm\/\",\"name\":\"WUSTHOF Classic Ikon Wurstmesser 14 cm\",\"isPartOf\":{\"@id\":\"https:\/\/www.erresse-shop.it\/de\/#website\"},\"datePublished\":\"2024-07-25T12:45:16+00:00\",\"dateModified\":\"2025-01-22T06:41:22+00:00\",\"description\":\"Entdecken Sie WUSTHOF Classic Ikon Wurstmesser 14 cm bei ErresseShop. Qualit\u00e4t, Stil und Funktionalit\u00e4t \u2013 jetzt online bestellen!\",\"breadcrumb\":{\"@id\":\"https:\/\/www.erresse-shop.it\/de\/shop\/kuche\/messer\/wusthof-classic-ikon-wurstmesser-14-cm\/#breadcrumb\"},\"inLanguage\":\"de-DE\",\"potentialAction\":[{\"@type\":\"ReadAction\",\"target\":[\"https:\/\/www.erresse-shop.it\/de\/shop\/kuche\/messer\/wusthof-classic-ikon-wurstmesser-14-cm\/\"]}]},{\"@type\":\"BreadcrumbList\",\"@id\":\"https:\/\/www.erresse-shop.it\/de\/shop\/kuche\/messer\/wusthof-classic-ikon-wurstmesser-14-cm\/#breadcrumb\",\"itemListElement\":[{\"@type\":\"ListItem\",\"position\":1,\"name\":\"Home\",\"item\":\"https:\/\/www.erresse-shop.it\/de\/\"},{\"@type\":\"ListItem\",\"position\":2,\"name\":\"Shop\",\"item\":\"https:\/\/www.erresse-shop.it\/de\/shop\/\"},{\"@type\":\"ListItem\",\"position\":3,\"name\":\"WUSTHOF Classic Ikon Wurstmesser 14 cm\"}]},{\"@type\":\"WebSite\",\"@id\":\"https:\/\/www.erresse-shop.it\/de\/#website\",\"url\":\"https:\/\/www.erresse-shop.it\/de\/\",\"name\":\"Erresse Shop\",\"description\":\"Articoli di qualit\u00e0 per la casa\",\"potentialAction\":[{\"@type\":\"SearchAction\",\"target\":{\"@type\":\"EntryPoint\",\"urlTemplate\":\"https:\/\/www.erresse-shop.it\/de\/?s={search_term_string}\"},\"query-input\":\"required name=search_term_string\"}],\"inLanguage\":\"de-DE\"}]}<\/script>\n<!-- \/ Yoast SEO Premium plugin. -->","yoast_head_json":{"title":"WUSTHOF Classic Ikon Wurstmesser 14 cm","description":"Entdecken Sie WUSTHOF Classic Ikon Wurstmesser 14 cm bei ErresseShop. Qualit\u00e4t, Stil und Funktionalit\u00e4t \u2013 jetzt online bestellen!","robots":{"index":"index","follow":"follow","max-snippet":"max-snippet:-1","max-image-preview":"max-image-preview:large","max-video-preview":"max-video-preview:-1"},"canonical":"https:\/\/www.erresse-shop.it\/de\/shop\/kuche\/messer\/wusthof-classic-ikon-wurstmesser-14-cm\/","og_locale":"de_DE","og_type":"article","og_title":"WUSTHOF Classic Ikon Wurstmesser 14 cm","og_description":"Entdecken Sie WUSTHOF Classic Ikon Wurstmesser 14 cm bei ErresseShop. Qualit\u00e4t, Stil und Funktionalit\u00e4t \u2013 jetzt online bestellen!","og_url":"https:\/\/www.erresse-shop.it\/de\/shop\/kuche\/messer\/wusthof-classic-ikon-wurstmesser-14-cm\/","og_site_name":"Erresse Shop","article_modified_time":"2025-01-22T06:41:22+00:00","og_image":[{"width":800,"height":800,"url":"https:\/\/www.erresse-shop.it\/wp-content\/uploads\/2024\/07\/WUSTHOF-Classic-Coltello-Multiuso-Seghettato-14-cm.png","type":"image\/png"}],"twitter_card":"summary_large_image","schema":{"@context":"https:\/\/schema.org","@graph":[{"@type":"WebPage","@id":"https:\/\/www.erresse-shop.it\/de\/shop\/kuche\/messer\/wusthof-classic-ikon-wurstmesser-14-cm\/","url":"https:\/\/www.erresse-shop.it\/de\/shop\/kuche\/messer\/wusthof-classic-ikon-wurstmesser-14-cm\/","name":"WUSTHOF Classic Ikon Wurstmesser 14 cm","isPartOf":{"@id":"https:\/\/www.erresse-shop.it\/de\/#website"},"datePublished":"2024-07-25T12:45:16+00:00","dateModified":"2025-01-22T06:41:22+00:00","description":"Entdecken Sie WUSTHOF Classic Ikon Wurstmesser 14 cm bei ErresseShop. Qualit\u00e4t, Stil und Funktionalit\u00e4t \u2013 jetzt online bestellen!","breadcrumb":{"@id":"https:\/\/www.erresse-shop.it\/de\/shop\/kuche\/messer\/wusthof-classic-ikon-wurstmesser-14-cm\/#breadcrumb"},"inLanguage":"de-DE","potentialAction":[{"@type":"ReadAction","target":["https:\/\/www.erresse-shop.it\/de\/shop\/kuche\/messer\/wusthof-classic-ikon-wurstmesser-14-cm\/"]}]},{"@type":"BreadcrumbList","@id":"https:\/\/www.erresse-shop.it\/de\/shop\/kuche\/messer\/wusthof-classic-ikon-wurstmesser-14-cm\/#breadcrumb","itemListElement":[{"@type":"ListItem","position":1,"name":"Home","item":"https:\/\/www.erresse-shop.it\/de\/"},{"@type":"ListItem","position":2,"name":"Shop","item":"https:\/\/www.erresse-shop.it\/de\/shop\/"},{"@type":"ListItem","position":3,"name":"WUSTHOF Classic Ikon Wurstmesser 14 cm"}]},{"@type":"WebSite","@id":"https:\/\/www.erresse-shop.it\/de\/#website","url":"https:\/\/www.erresse-shop.it\/de\/","name":"Erresse Shop","description":"Articoli di qualit\u00e0 per la casa","potentialAction":[{"@type":"SearchAction","target":{"@type":"EntryPoint","urlTemplate":"https:\/\/www.erresse-shop.it\/de\/?s={search_term_string}"},"query-input":"required name=search_term_string"}],"inLanguage":"de-DE"}]}},"df_price":95.2,"df_sale_price":95.2,"df_regular_price":119,"df_image_link":"https:\/\/www.erresse-shop.it\/wp-content\/uploads\/2024\/07\/WUSTHOF-Classic-Ikon-Coltello-Multiuso-Seghettato-14-cm-300x300.jpg","_links":{"self":[{"href":"https:\/\/www.erresse-shop.it\/de\/wp-json\/wp\/v2\/product\/424141"}],"collection":[{"href":"https:\/\/www.erresse-shop.it\/de\/wp-json\/wp\/v2\/product"}],"about":[{"href":"https:\/\/www.erresse-shop.it\/de\/wp-json\/wp\/v2\/types\/product"}],"wp:featuredmedia":[{"embeddable":true,"href":"https:\/\/www.erresse-shop.it\/de\/wp-json\/wp\/v2\/media\/509479"}],"wp:attachment":[{"href":"https:\/\/www.erresse-shop.it\/de\/wp-json\/wp\/v2\/media?parent=424141"}],"wp:term":[{"taxonomy":"product_cat","embeddable":true,"href":"https:\/\/www.erresse-shop.it\/de\/wp-json\/wp\/v2\/product_cat?post=424141"},{"taxonomy":"product_tag","embeddable":true,"href":"https:\/\/www.erresse-shop.it\/de\/wp-json\/wp\/v2\/product_tag?post=424141"}],"curies":[{"name":"wp","href":"https:\/\/api.w.org\/{rel}","templated":true}]}}