{"id":423635,"date":"2024-07-24T10:24:48","date_gmt":"2024-07-24T10:24:48","guid":{"rendered":"https:\/\/www.erresse-shop.it\/?post_type=product&#038;p=423635"},"modified":"2025-01-22T06:40:46","modified_gmt":"2025-01-22T06:40:46","slug":"wusthof-classic-universalmesser-16-cm","status":"publish","type":"product","link":"https:\/\/www.erresse-shop.it\/de\/shop\/kuche\/messer\/wusthof-classic-universalmesser-16-cm\/","title":{"rendered":"WUSTHOF Classic Universalmesser 16 cm"},"content":{"rendered":"<p>Das Universalmesser ist kleiner als ein Kochmesser, aber gr\u00f6\u00dfer als ein Gem\u00fcsemesser und eignet sich daher f\u00fcr eine Vielzahl von Aufgaben. Ein Mehrzweckmesser ist einem vielseitigen Gem\u00fcsemesser sehr \u00e4hnlich und eignet sich perfekt zum Hacken von Schalotten, Zwiebeln und Kr\u00e4utern sowie zum Schneiden von Gem\u00fcse oder kleinem Fleisch.<\/p>\n<p><strong>Produkt-Details:<\/strong><\/p>\n<ul>\n<li>Klinge aus rostfreiem Stahl<\/li>\n<li>Ausgezeichnete Ergonomie.<\/li>\n<li>Perfekte Balance f\u00fcr m\u00fcheloses Schneiden.<\/li>\n<li>Keine L\u00fccken zwischen Griff und Klinge f\u00fcr perfekte Hygiene.<\/li>\n<li>Schwarze Griffe aus Spezialkunststoff.<\/li>\n<li>Konstante Sch\u00e4rfe auf Dauer dank PEtec &#8211; der Precision Edge Technology von W\u00dcSTHOF.<\/li>\n<\/ul>\n","protected":false},"excerpt":{"rendered":"<p>Das Universalmesser ist kleiner als ein Kochmesser, aber gr\u00f6\u00dfer als ein Gem\u00fcsemesser und eignet sich daher f\u00fcr eine Vielzahl von<\/p>\n","protected":false},"featured_media":509329,"template":"","meta":{"_acf_changed":false,"inline_featured_image":false},"product_cat":[6742,6706,14454],"product_tag":[11395,11397,11529,21264],"acf":[],"yoast_head":"<!-- This site is optimized with the Yoast SEO Premium plugin v18.6 (Yoast SEO v19.13) - https:\/\/yoast.com\/wordpress\/plugins\/seo\/ -->\n<title>WUSTHOF Classic Universalmesser 16 cm<\/title>\n<meta name=\"description\" content=\"Entdecken Sie WUSTHOF Classic Universalmesser 16 cm bei ErresseShop. Qualit\u00e4t, Stil und Funktionalit\u00e4t \u2013 jetzt online bestellen!\" \/>\n<meta name=\"robots\" content=\"index, follow, max-snippet:-1, max-image-preview:large, max-video-preview:-1\" \/>\n<link rel=\"canonical\" href=\"https:\/\/www.erresse-shop.it\/de\/shop\/kuche\/messer\/wusthof-classic-universalmesser-16-cm\/\" \/>\n<meta property=\"og:locale\" content=\"de_DE\" \/>\n<meta property=\"og:type\" content=\"article\" \/>\n<meta property=\"og:title\" content=\"WUSTHOF Classic Universalmesser 16 cm\" \/>\n<meta property=\"og:description\" content=\"Entdecken Sie WUSTHOF Classic Universalmesser 16 cm bei ErresseShop. Qualit\u00e4t, Stil und Funktionalit\u00e4t \u2013 jetzt online bestellen!\" \/>\n<meta property=\"og:url\" content=\"https:\/\/www.erresse-shop.it\/de\/shop\/kuche\/messer\/wusthof-classic-universalmesser-16-cm\/\" \/>\n<meta property=\"og:site_name\" content=\"Erresse Shop\" \/>\n<meta property=\"article:modified_time\" content=\"2025-01-22T06:40:46+00:00\" \/>\n<meta property=\"og:image\" content=\"https:\/\/www.erresse-shop.it\/wp-content\/uploads\/2024\/07\/WUSTHOF-Classic-Coltello-Multiuso-16-cm.png\" \/>\n\t<meta property=\"og:image:width\" content=\"800\" \/>\n\t<meta property=\"og:image:height\" content=\"800\" \/>\n\t<meta property=\"og:image:type\" content=\"image\/png\" \/>\n<meta name=\"twitter:card\" content=\"summary_large_image\" \/>\n<script type=\"application\/ld+json\" class=\"yoast-schema-graph\">{\"@context\":\"https:\/\/schema.org\",\"@graph\":[{\"@type\":\"WebPage\",\"@id\":\"https:\/\/www.erresse-shop.it\/de\/shop\/kuche\/messer\/wusthof-classic-universalmesser-16-cm\/\",\"url\":\"https:\/\/www.erresse-shop.it\/de\/shop\/kuche\/messer\/wusthof-classic-universalmesser-16-cm\/\",\"name\":\"WUSTHOF Classic Universalmesser 16 cm\",\"isPartOf\":{\"@id\":\"https:\/\/www.erresse-shop.it\/de\/#website\"},\"datePublished\":\"2024-07-24T10:24:48+00:00\",\"dateModified\":\"2025-01-22T06:40:46+00:00\",\"description\":\"Entdecken Sie WUSTHOF Classic Universalmesser 16 cm bei ErresseShop. Qualit\u00e4t, Stil und Funktionalit\u00e4t \u2013 jetzt online bestellen!\",\"breadcrumb\":{\"@id\":\"https:\/\/www.erresse-shop.it\/de\/shop\/kuche\/messer\/wusthof-classic-universalmesser-16-cm\/#breadcrumb\"},\"inLanguage\":\"de-DE\",\"potentialAction\":[{\"@type\":\"ReadAction\",\"target\":[\"https:\/\/www.erresse-shop.it\/de\/shop\/kuche\/messer\/wusthof-classic-universalmesser-16-cm\/\"]}]},{\"@type\":\"BreadcrumbList\",\"@id\":\"https:\/\/www.erresse-shop.it\/de\/shop\/kuche\/messer\/wusthof-classic-universalmesser-16-cm\/#breadcrumb\",\"itemListElement\":[{\"@type\":\"ListItem\",\"position\":1,\"name\":\"Home\",\"item\":\"https:\/\/www.erresse-shop.it\/de\/\"},{\"@type\":\"ListItem\",\"position\":2,\"name\":\"Shop\",\"item\":\"https:\/\/www.erresse-shop.it\/de\/shop\/\"},{\"@type\":\"ListItem\",\"position\":3,\"name\":\"WUSTHOF Classic Universalmesser 16 cm\"}]},{\"@type\":\"WebSite\",\"@id\":\"https:\/\/www.erresse-shop.it\/de\/#website\",\"url\":\"https:\/\/www.erresse-shop.it\/de\/\",\"name\":\"Erresse Shop\",\"description\":\"Articoli di qualit\u00e0 per la casa\",\"potentialAction\":[{\"@type\":\"SearchAction\",\"target\":{\"@type\":\"EntryPoint\",\"urlTemplate\":\"https:\/\/www.erresse-shop.it\/de\/?s={search_term_string}\"},\"query-input\":\"required name=search_term_string\"}],\"inLanguage\":\"de-DE\"}]}<\/script>\n<!-- \/ Yoast SEO Premium plugin. -->","yoast_head_json":{"title":"WUSTHOF Classic Universalmesser 16 cm","description":"Entdecken Sie WUSTHOF Classic Universalmesser 16 cm bei ErresseShop. Qualit\u00e4t, Stil und Funktionalit\u00e4t \u2013 jetzt online bestellen!","robots":{"index":"index","follow":"follow","max-snippet":"max-snippet:-1","max-image-preview":"max-image-preview:large","max-video-preview":"max-video-preview:-1"},"canonical":"https:\/\/www.erresse-shop.it\/de\/shop\/kuche\/messer\/wusthof-classic-universalmesser-16-cm\/","og_locale":"de_DE","og_type":"article","og_title":"WUSTHOF Classic Universalmesser 16 cm","og_description":"Entdecken Sie WUSTHOF Classic Universalmesser 16 cm bei ErresseShop. Qualit\u00e4t, Stil und Funktionalit\u00e4t \u2013 jetzt online bestellen!","og_url":"https:\/\/www.erresse-shop.it\/de\/shop\/kuche\/messer\/wusthof-classic-universalmesser-16-cm\/","og_site_name":"Erresse Shop","article_modified_time":"2025-01-22T06:40:46+00:00","og_image":[{"width":800,"height":800,"url":"https:\/\/www.erresse-shop.it\/wp-content\/uploads\/2024\/07\/WUSTHOF-Classic-Coltello-Multiuso-16-cm.png","type":"image\/png"}],"twitter_card":"summary_large_image","schema":{"@context":"https:\/\/schema.org","@graph":[{"@type":"WebPage","@id":"https:\/\/www.erresse-shop.it\/de\/shop\/kuche\/messer\/wusthof-classic-universalmesser-16-cm\/","url":"https:\/\/www.erresse-shop.it\/de\/shop\/kuche\/messer\/wusthof-classic-universalmesser-16-cm\/","name":"WUSTHOF Classic Universalmesser 16 cm","isPartOf":{"@id":"https:\/\/www.erresse-shop.it\/de\/#website"},"datePublished":"2024-07-24T10:24:48+00:00","dateModified":"2025-01-22T06:40:46+00:00","description":"Entdecken Sie WUSTHOF Classic Universalmesser 16 cm bei ErresseShop. Qualit\u00e4t, Stil und Funktionalit\u00e4t \u2013 jetzt online bestellen!","breadcrumb":{"@id":"https:\/\/www.erresse-shop.it\/de\/shop\/kuche\/messer\/wusthof-classic-universalmesser-16-cm\/#breadcrumb"},"inLanguage":"de-DE","potentialAction":[{"@type":"ReadAction","target":["https:\/\/www.erresse-shop.it\/de\/shop\/kuche\/messer\/wusthof-classic-universalmesser-16-cm\/"]}]},{"@type":"BreadcrumbList","@id":"https:\/\/www.erresse-shop.it\/de\/shop\/kuche\/messer\/wusthof-classic-universalmesser-16-cm\/#breadcrumb","itemListElement":[{"@type":"ListItem","position":1,"name":"Home","item":"https:\/\/www.erresse-shop.it\/de\/"},{"@type":"ListItem","position":2,"name":"Shop","item":"https:\/\/www.erresse-shop.it\/de\/shop\/"},{"@type":"ListItem","position":3,"name":"WUSTHOF Classic Universalmesser 16 cm"}]},{"@type":"WebSite","@id":"https:\/\/www.erresse-shop.it\/de\/#website","url":"https:\/\/www.erresse-shop.it\/de\/","name":"Erresse Shop","description":"Articoli di qualit\u00e0 per la casa","potentialAction":[{"@type":"SearchAction","target":{"@type":"EntryPoint","urlTemplate":"https:\/\/www.erresse-shop.it\/de\/?s={search_term_string}"},"query-input":"required name=search_term_string"}],"inLanguage":"de-DE"}]}},"df_price":71.2,"df_sale_price":71.2,"df_regular_price":89,"df_image_link":"https:\/\/www.erresse-shop.it\/wp-content\/uploads\/2024\/07\/WUSTHOF-Classic-Coltello-Multiuso-16-cm-300x300.jpg","_links":{"self":[{"href":"https:\/\/www.erresse-shop.it\/de\/wp-json\/wp\/v2\/product\/423635"}],"collection":[{"href":"https:\/\/www.erresse-shop.it\/de\/wp-json\/wp\/v2\/product"}],"about":[{"href":"https:\/\/www.erresse-shop.it\/de\/wp-json\/wp\/v2\/types\/product"}],"wp:featuredmedia":[{"embeddable":true,"href":"https:\/\/www.erresse-shop.it\/de\/wp-json\/wp\/v2\/media\/509329"}],"wp:attachment":[{"href":"https:\/\/www.erresse-shop.it\/de\/wp-json\/wp\/v2\/media?parent=423635"}],"wp:term":[{"taxonomy":"product_cat","embeddable":true,"href":"https:\/\/www.erresse-shop.it\/de\/wp-json\/wp\/v2\/product_cat?post=423635"},{"taxonomy":"product_tag","embeddable":true,"href":"https:\/\/www.erresse-shop.it\/de\/wp-json\/wp\/v2\/product_tag?post=423635"}],"curies":[{"name":"wp","href":"https:\/\/api.w.org\/{rel}","templated":true}]}}